{"id":86334,"date":"2025-07-25T13:45:55","date_gmt":"2025-07-25T13:45:55","guid":{"rendered":"https:\/\/www.mirsa.es\/aparador-tylsa-porada\/"},"modified":"2025-07-25T13:57:31","modified_gmt":"2025-07-25T13:57:31","slug":"aparador-tylsa-porada","status":"publish","type":"page","link":"https:\/\/www.mirsa.es\/ca\/aparador-tylsa-porada\/","title":{"rendered":"Aparador Tylsa Porada"},"content":{"rendered":"<div class=\"wpb-content-wrapper\"><p>[vc_row][vc_column][vc_column_text]<\/p>\n<p><img decoding=\"async\" class=\"wp-image-1077 size-large aligncenter\" title=\"Aparador Tylsa Porada\" src=\"\/wp-content\/uploads\/2025\/07\/aparador_tylsa_porada.jpg\" alt=\"Aparador Tylsa Porada\" width=\"100%\" height=\"400\"\/><\/p>\n<p style=\"font-size: 16px; text-align: left;\"><strong>L\u2019aparador Tylsa de tres compartiments, dissenyat per Danilo Radice per a Porada, destaca per les seves formes suaus i arrodonides, que aporten equilibri i harmonia a l\u2019ambient.<\/strong><\/p>\n<p style=\"font-size: 16px; text-align: left;\">L\u2019estructura est\u00e0 disponible en noguera Canaletta o freixe tenyit en to wengu\u00e9, dos acabats que realcen la bellesa natural de la fusta amb una pres\u00e8ncia sobria i elegant.<\/p>\n<p style=\"font-size: 16px; text-align: left;\">La base met\u00e0l\u00b7lica amb acabat Bronzoro introdueix un contrast subtil i sofisticat, elevant visualment la pe\u00e7a i aportant-li lleugeresa. La tapa es pot seleccionar en fusta o marbre, amb diverses opcions d\u2019acabat que permeten una personalitzaci\u00f3 refinada.<\/p>\n<p style=\"font-size: 16px; text-align: left;\">Cada detall ha estat curosament pensat: els tiradors met\u00e0l\u00b7lics encastats, tamb\u00e9 en Bronzoro, s\u2019integren amb discreci\u00f3 a les portes, mentre que l\u2019interior s\u2019organitza amb prestatges de vidre transparent que reforcen la sensaci\u00f3 de lleugeresa i ordre.<\/p>\n<p style=\"font-size: 16px; text-align: left;\">Una proposta elegant i funcional, ideal per a espais que aposten per la qualitat dels materials i per una est\u00e8tica atemporal.<\/p>\n<p style=\"font-size: 16px; text-align: left;\">A MIRSA interiorisme &#038; mobiliari som distribu\u00efdors oficials de Porada. Per a m\u00e9s informaci\u00f3, visiti el nostre showroom o contacti amb nosaltres.<\/p>\n<p>[\/vc_column_text][vc_row_inner][vc_column_inner]<style type=\"text\/css\">#bklyn_btn_69e9040aecbe9 .bklyn-btn { color:#ffffff !important; background-color:black !important; }<\/style><div id=\"bklyn_btn_69e9040aecbe9\" class=\"bklyn-btn-holder  bklyn-btn-center bklyn-btn-tablet-center bklyn-btn-mobile-center\"><a title=\"Contacto\"   href=\"\/contacto\" target=\"_self\" class=\"bklyn-btn  bklyn-btn-icon-left bklyn-btn-normal\" ><i class=\"fa fa-envelope\"><\/i><span class=\"ut-btn-text\">M\u00e9s informaci\u00f3<\/span><\/a><\/div>[\/vc_column_inner][\/vc_row_inner][\/vc_column][\/vc_row]<\/p>\n<\/div>","protected":false},"excerpt":{"rendered":"<p>[vc_row][vc_column][vc_column_text] L\u2019aparador Tylsa de tres compartiments, dissenyat per Danilo Radice per a Porada, destaca per les seves formes suaus i arrodonides, que aporten equilibri i harmonia a l\u2019ambient. L\u2019estructura est\u00e0 disponible en noguera Canaletta o freixe tenyit en to wengu\u00e9, dos acabats que realcen la bellesa natural de la fusta amb una pres\u00e8ncia sobria i [&hellip;]<\/p>\n","protected":false},"author":1,"featured_media":0,"parent":0,"menu_order":0,"comment_status":"closed","ping_status":"closed","template":"","meta":{"footnotes":""},"class_list":["post-86334","page","type-page","status-publish","hentry"],"aioseo_notices":[],"_links":{"self":[{"href":"https:\/\/www.mirsa.es\/ca\/wp-json\/wp\/v2\/pages\/86334","targetHints":{"allow":["GET"]}}],"collection":[{"href":"https:\/\/www.mirsa.es\/ca\/wp-json\/wp\/v2\/pages"}],"about":[{"href":"https:\/\/www.mirsa.es\/ca\/wp-json\/wp\/v2\/types\/page"}],"author":[{"embeddable":true,"href":"https:\/\/www.mirsa.es\/ca\/wp-json\/wp\/v2\/users\/1"}],"replies":[{"embeddable":true,"href":"https:\/\/www.mirsa.es\/ca\/wp-json\/wp\/v2\/comments?post=86334"}],"version-history":[{"count":0,"href":"https:\/\/www.mirsa.es\/ca\/wp-json\/wp\/v2\/pages\/86334\/revisions"}],"wp:attachment":[{"href":"https:\/\/www.mirsa.es\/ca\/wp-json\/wp\/v2\/media?parent=86334"}],"curies":[{"name":"wp","href":"https:\/\/api.w.org\/{rel}","templated":true}]}}