{"id":85981,"date":"2025-07-11T15:48:44","date_gmt":"2025-07-11T15:48:44","guid":{"rendered":"https:\/\/www.mirsa.es\/cama-tara-bonaldo\/"},"modified":"2025-07-12T07:05:04","modified_gmt":"2025-07-12T07:05:04","slug":"cama-tara-bonaldo","status":"publish","type":"page","link":"https:\/\/www.mirsa.es\/ca\/cama-tara-bonaldo\/","title":{"rendered":"Llit Tara Bonaldo"},"content":{"rendered":"<div class=\"wpb-content-wrapper\"><p>[vc_row][vc_column][vc_column_text]<br \/>\n<img decoding=\"async\" class=\"wp-image-1077 size-large aligncenter\" title=\"Llit Tara Bonaldo\" src=\"\/wp-content\/uploads\/2025\/07\/cama_tara_bonaldo_preview.jpg\" title=\"Llit Tara Bonaldo\" width=\"100%\" height=\"400\"\/><\/p>\n<h2 style=\"font-size: 16px; text-align: left;\"><strong>Dissenyada pel prestigi\u00f3s Giuseppe Vigan\u00f2 per a la firma italiana Bonaldo, el llit Tara representa una s\u00edntesi perfecta entre disseny essencial i confort envolvent.<\/strong><\/h2>\n<p style=\"font-size: 16px; text-align: left;\">Concebuda des d\u2019un enfocament de l\u00ednies pures i proporcions equilibrades, aquesta pe\u00e7a respon a una est\u00e8tica minimalista en qu\u00e8 cada detall ha estat pensat amb precisi\u00f3. <\/p>\n<p style=\"font-size: 16px; text-align: left;\">La seva estructura lleugera actua com a base per destacar la veritable protagonista: una cap\u00e7alera formada per dos coixins generosos, entapissats en tela i suaument encoixinats, que aporten calidesa i confort visual a l\u2019espai.<\/p>\n<p style=\"font-size: 16px; text-align: left;\">La geometria sobria, inspirada en la forma del paralelep\u00edpede, es matisa gr\u00e0cies al contrast entre materials i volums. <\/p>\n<p style=\"font-size: 16px; text-align: left;\"> Un detall especialment valu\u00f3s \u00e9s el revestiment en cuir del marc de la cap\u00e7alera i de les potes, que afegeix textura i una sensaci\u00f3 de refinament artesanal. \u00c9s l\u2019elecci\u00f3 ideal per a qui busca un dormitori elegant, equilibrat i atemporal.<\/p>\n<p style=\"font-size: 16px; text-align: left;\">A MIRSA interiorisme &#038; mobiliari som distribu\u00efdors oficials Bonaldo. Per a m\u00e9s informaci\u00f3, visiti el nostre showroom o contacti amb nosaltres.<\/p>\n<p>[\/vc_column_text][vc_row_inner][vc_column_inner]<style type=\"text\/css\">#bklyn_btn_69d36a8802b9b .bklyn-btn { color:#ffffff !important; background-color:black !important; }<\/style><div id=\"bklyn_btn_69d36a8802b9b\" class=\"bklyn-btn-holder  bklyn-btn-center bklyn-btn-tablet-center bklyn-btn-mobile-center\"><a title=\"Contacto\"   href=\"\/contacto\" target=\"_self\" class=\"bklyn-btn  bklyn-btn-icon-left bklyn-btn-normal\" ><i class=\"fa fa-envelope\"><\/i><span class=\"ut-btn-text\">M\u00e9s informaci\u00f3<\/span><\/a><\/div>[\/vc_column_inner][\/vc_row_inner][vc_row_inner][vc_column_inner width=&#8221;1\/2&#8243;]<div  class=\"wpb_content_element   clearfix\"><style type=\"text\/css\">#ut_am_69d36a8802fa8 { opacity: 1; }#ut_am_wrap_69d36a8802fa9 { text-align: left; }@media (min-width: 768px) and (max-width: 1024px) { #ut_am_wrap_69d36a8802fa9 { text-align: left !important; } }@media (max-width: 767px) { #ut_am_wrap_69d36a8802fa9 { text-align: center !important; } }<\/style><div id=\"ut_am_wrap_69d36a8802fa9\" class=\"ut-image-gallery-image \"><div id=\"ut_reveal_69d36a8802faa\"  data-appear-top-offset=\"auto\" class=\"ut-animated-image-item ut-image-gallery-item ut-animation-done \"><a class=\"ut-deactivated-link\" href=\"#\"><div class=\"ut-animated-image-zoom\">\r\n        <div class=\"ut-element-glitch-wrap\">\r\n\r\n            \r\n        <style type=\"text\/css\">\r\n\r\n                        \r\n        @media (min-width: 1025px) {\r\n\r\n        #ut-element-glitch-69d36a8802fcb545273409-85977 .ut-glitch-single-element {\r\n                                            \r\n                }\r\n        }\r\n\r\n        @media (min-width: 768px) and (max-width: 1024px) {\r\n\r\n        #ut-element-glitch-69d36a8802fcb545273409-85977 .ut-glitch-single-element {\r\n                                                \r\n                    }\r\n        }\r\n\r\n        @media (max-width: 767px) {\r\n\r\n        #ut-element-glitch-69d36a8802fcb545273409-85977 .ut-glitch-single-element {\r\n                                                \r\n                    }\r\n        }\r\n\r\n        \r\n        <\/style>\r\n\r\n        \r\n            <div id=\"ut-element-glitch-69d36a8802fcb545273409-85977\" class=\" ut-element-glitch ut-glitch-none ut-element-glitch-permanent\">\r\n                <div class=\"ut-glitch-single-element ut-lozad skip-lazy\" data-background-image=\"https:\/\/www.mirsa.es\/wp-content\/uploads\/2025\/07\/cama_tara_bonaldo_05.jpg\"><\/div>\r\n                <div class=\"ut-glitch-single-element ut-lozad skip-lazy\" data-background-image=\"https:\/\/www.mirsa.es\/wp-content\/uploads\/2025\/07\/cama_tara_bonaldo_05.jpg\"><\/div>\r\n                <div class=\"ut-glitch-single-element ut-lozad skip-lazy\" data-background-image=\"https:\/\/www.mirsa.es\/wp-content\/uploads\/2025\/07\/cama_tara_bonaldo_05.jpg\"><\/div>\r\n                <div class=\"ut-glitch-single-element ut-lozad skip-lazy\" data-background-image=\"https:\/\/www.mirsa.es\/wp-content\/uploads\/2025\/07\/cama_tara_bonaldo_05.jpg\"><\/div>\r\n                <div class=\"ut-glitch-single-element ut-lozad skip-lazy\" data-background-image=\"https:\/\/www.mirsa.es\/wp-content\/uploads\/2025\/07\/cama_tara_bonaldo_05.jpg\"><\/div>\r\n            <\/div>\r\n\r\n        <\/div>\r\n\r\n        <img loading=\"lazy\" decoding=\"async\" class=\"ut-lazy skip-lazy ut-animated-image \"  id=\"ut_am_69d36a8802fa8\" src=\"data:image\/svg+xml;charset=utf-8,%3Csvg xmlns%3D'http%3A%2F%2Fwww.w3.org%2F2000%2Fsvg' viewBox%3D'0 0 600 324'%2F%3E\" data-src=\"https:\/\/www.mirsa.es\/wp-content\/uploads\/2025\/07\/cama_tara_bonaldo_05.jpg\" width=\"600\" height=\"324\" alt=\"\"\/><\/div><\/a><\/div><\/div><\/div>[\/vc_column_inner][vc_column_inner width=&#8221;1\/2&#8243;]<div  class=\"wpb_content_element   clearfix\"><style type=\"text\/css\">#ut_am_69d36a88032f8 { opacity: 1; }#ut_am_wrap_69d36a88032f9 { text-align: left; }@media (min-width: 768px) and (max-width: 1024px) { #ut_am_wrap_69d36a88032f9 { text-align: left !important; } }@media (max-width: 767px) { #ut_am_wrap_69d36a88032f9 { text-align: center !important; } }<\/style><div id=\"ut_am_wrap_69d36a88032f9\" class=\"ut-image-gallery-image \"><div id=\"ut_reveal_69d36a88032fa\"  data-appear-top-offset=\"auto\" class=\"ut-animated-image-item ut-image-gallery-item ut-animation-done \"><a class=\"ut-deactivated-link\" href=\"#\"><div class=\"ut-animated-image-zoom\">\r\n        <div class=\"ut-element-glitch-wrap\">\r\n\r\n            \r\n        <style type=\"text\/css\">\r\n\r\n                        \r\n        @media (min-width: 1025px) {\r\n\r\n        #ut-element-glitch-69d36a8803313962340498-85761 .ut-glitch-single-element {\r\n                                            \r\n                }\r\n        }\r\n\r\n        @media (min-width: 768px) and (max-width: 1024px) {\r\n\r\n        #ut-element-glitch-69d36a8803313962340498-85761 .ut-glitch-single-element {\r\n                                                \r\n                    }\r\n        }\r\n\r\n        @media (max-width: 767px) {\r\n\r\n        #ut-element-glitch-69d36a8803313962340498-85761 .ut-glitch-single-element {\r\n                                                \r\n                    }\r\n        }\r\n\r\n        \r\n        <\/style>\r\n\r\n        \r\n            <div id=\"ut-element-glitch-69d36a8803313962340498-85761\" class=\" ut-element-glitch ut-glitch-none ut-element-glitch-permanent\">\r\n                <div class=\"ut-glitch-single-element ut-lozad skip-lazy\" data-background-image=\"https:\/\/www.mirsa.es\/wp-content\/uploads\/2025\/07\/cama_james_bonaldo_03.jpg\"><\/div>\r\n                <div class=\"ut-glitch-single-element ut-lozad skip-lazy\" data-background-image=\"https:\/\/www.mirsa.es\/wp-content\/uploads\/2025\/07\/cama_james_bonaldo_03.jpg\"><\/div>\r\n                <div class=\"ut-glitch-single-element ut-lozad skip-lazy\" data-background-image=\"https:\/\/www.mirsa.es\/wp-content\/uploads\/2025\/07\/cama_james_bonaldo_03.jpg\"><\/div>\r\n                <div class=\"ut-glitch-single-element ut-lozad skip-lazy\" data-background-image=\"https:\/\/www.mirsa.es\/wp-content\/uploads\/2025\/07\/cama_james_bonaldo_03.jpg\"><\/div>\r\n                <div class=\"ut-glitch-single-element ut-lozad skip-lazy\" data-background-image=\"https:\/\/www.mirsa.es\/wp-content\/uploads\/2025\/07\/cama_james_bonaldo_03.jpg\"><\/div>\r\n            <\/div>\r\n\r\n        <\/div>\r\n\r\n        <img loading=\"lazy\" decoding=\"async\" class=\"ut-lazy skip-lazy ut-animated-image \"  id=\"ut_am_69d36a88032f8\" src=\"data:image\/svg+xml;charset=utf-8,%3Csvg xmlns%3D'http%3A%2F%2Fwww.w3.org%2F2000%2Fsvg' viewBox%3D'0 0 600 324'%2F%3E\" data-src=\"https:\/\/www.mirsa.es\/wp-content\/uploads\/2025\/07\/cama_james_bonaldo_03.jpg\" width=\"600\" height=\"324\" alt=\"\"\/><\/div><\/a><\/div><\/div><\/div>[\/vc_column_inner][\/vc_row_inner][\/vc_column][\/vc_row]<\/p>\n<\/div>","protected":false},"excerpt":{"rendered":"<p>[vc_row][vc_column][vc_column_text] Dissenyada pel prestigi\u00f3s Giuseppe Vigan\u00f2 per a la firma italiana Bonaldo, el llit Tara representa una s\u00edntesi perfecta entre disseny essencial i confort envolvent. Concebuda des d\u2019un enfocament de l\u00ednies pures i proporcions equilibrades, aquesta pe\u00e7a respon a una est\u00e8tica minimalista en qu\u00e8 cada detall ha estat pensat amb precisi\u00f3. La seva estructura lleugera [&hellip;]<\/p>\n","protected":false},"author":1,"featured_media":0,"parent":0,"menu_order":0,"comment_status":"closed","ping_status":"closed","template":"","meta":{"footnotes":""},"class_list":["post-85981","page","type-page","status-publish","hentry"],"aioseo_notices":[],"_links":{"self":[{"href":"https:\/\/www.mirsa.es\/ca\/wp-json\/wp\/v2\/pages\/85981","targetHints":{"allow":["GET"]}}],"collection":[{"href":"https:\/\/www.mirsa.es\/ca\/wp-json\/wp\/v2\/pages"}],"about":[{"href":"https:\/\/www.mirsa.es\/ca\/wp-json\/wp\/v2\/types\/page"}],"author":[{"embeddable":true,"href":"https:\/\/www.mirsa.es\/ca\/wp-json\/wp\/v2\/users\/1"}],"replies":[{"embeddable":true,"href":"https:\/\/www.mirsa.es\/ca\/wp-json\/wp\/v2\/comments?post=85981"}],"version-history":[{"count":0,"href":"https:\/\/www.mirsa.es\/ca\/wp-json\/wp\/v2\/pages\/85981\/revisions"}],"wp:attachment":[{"href":"https:\/\/www.mirsa.es\/ca\/wp-json\/wp\/v2\/media?parent=85981"}],"curies":[{"name":"wp","href":"https:\/\/api.w.org\/{rel}","templated":true}]}}