{"id":85075,"date":"2025-05-22T10:03:19","date_gmt":"2025-05-22T10:03:19","guid":{"rendered":"https:\/\/www.mirsa.es\/silla-teti-porada\/"},"modified":"2025-05-22T13:43:15","modified_gmt":"2025-05-22T13:43:15","slug":"silla-teti-porada","status":"publish","type":"page","link":"https:\/\/www.mirsa.es\/ca\/silla-teti-porada\/","title":{"rendered":"Cadira Teti Porada"},"content":{"rendered":"<div class=\"wpb-content-wrapper\"><p>[vc_row][vc_column][vc_column_text]<\/p>\n<p><img decoding=\"async\" class=\"wp-image-1077 size-large aligncenter\" title=\"Cadira Teti Porada\" src=\"\/wp-content\/uploads\/2025\/05\/silla_teti_porada_01.jpg\" alt=\"Silla Teti Porada\" width=\"100%\" height=\"400\"\/><\/p>\n<p style=\"font-size: 16px; text-align: left;\"><strong>La cadira Teti, de la firma italiana Porada i dissenyada per Gabriele &#038; Oscar Buratti, \u00e9s una reinterpretaci\u00f3 contempor\u00e0nea d\u2019un disseny cl\u00e0ssic, amb una silueta singular que destaca per les seves potes posteriors, que gaireb\u00e9 es fundeixen en una elegant forma en T.<\/strong><\/p>\n<p style=\"font-size: 16px; text-align: left;\">El punt de partida \u00e9s la exqusida artesania en fusta massissa que caracteriza a Porada. A partir d\u2019una secci\u00f3n el\u00b7l\u00edptica, l\u2019estructura de fusta es corba amb precisi\u00f3 per a donar forma al respatller i als reposabra\u00e7os, creant una pe\u00e7a escultural i fluida.<\/p>\n<p style=\"font-size: 16px; text-align: left;\">El confort \u00e9s un dels pilars de Teti. El seient, amb forma de pastilla de sab\u00f3 i una lleugera inclinaci\u00f3, es combina amb un coaix\u00ed de respatller suau que ofereix recolzament sense imposar-se visualment.<\/p>\n<p style=\"font-size: 16px; text-align: left;\">Un detall subtil per\u00f2 sofisticat aporta el cord\u00f3 de cuir encerat en un t\u00f3 marr\u00f3 fosc, que subjecta amb eleg\u00e0ncia la funda del respatller, completamente desenfundable.<\/p>\n<p style=\"font-size: 16px; text-align: left;\">A MIRSA interiorisme &#038; mobiliari som distribu\u00efdors oficials Porada. Per a m\u00e9s informaci\u00f3, visiti el nostre Showroom o contacti amb nosaltres.<\/p>\n<p>[\/vc_column_text][vc_row_inner][vc_column_inner]<style type=\"text\/css\">#bklyn_btn_69d146eee23cc .bklyn-btn { color:#ffffff !important; background-color:black !important; }<\/style><div id=\"bklyn_btn_69d146eee23cc\" class=\"bklyn-btn-holder  bklyn-btn-center bklyn-btn-tablet-center bklyn-btn-mobile-center\"><a title=\"Contacto\"   href=\"\/contacto\" target=\"_self\" class=\"bklyn-btn  bklyn-btn-icon-left bklyn-btn-normal\" ><i class=\"fa fa-envelope\"><\/i><span class=\"ut-btn-text\">M\u00e9s informaci\u00f3<\/span><\/a><\/div>[\/vc_column_inner][\/vc_row_inner][vc_row_inner][vc_column_inner width=&#8221;1\/2&#8243;]<div  class=\"wpb_content_element   clearfix\"><style type=\"text\/css\">#ut_am_69d146eee2743 { opacity: 1; }#ut_am_wrap_69d146eee2744 { text-align: left; }@media (min-width: 768px) and (max-width: 1024px) { #ut_am_wrap_69d146eee2744 { text-align: left !important; } }@media (max-width: 767px) { #ut_am_wrap_69d146eee2744 { text-align: center !important; } }<\/style><div id=\"ut_am_wrap_69d146eee2744\" class=\"ut-image-gallery-image \"><div id=\"ut_reveal_69d146eee2745\"  data-appear-top-offset=\"auto\" class=\"ut-animated-image-item ut-image-gallery-item ut-animation-done \"><a class=\"ut-deactivated-link\" href=\"#\"><div class=\"ut-animated-image-zoom\">\r\n        <div class=\"ut-element-glitch-wrap\">\r\n\r\n            \r\n        <style type=\"text\/css\">\r\n\r\n                        \r\n        @media (min-width: 1025px) {\r\n\r\n        #ut-element-glitch-69d146eee2764219202875-85071 .ut-glitch-single-element {\r\n                                            \r\n                }\r\n        }\r\n\r\n        @media (min-width: 768px) and (max-width: 1024px) {\r\n\r\n        #ut-element-glitch-69d146eee2764219202875-85071 .ut-glitch-single-element {\r\n                                                \r\n                    }\r\n        }\r\n\r\n        @media (max-width: 767px) {\r\n\r\n        #ut-element-glitch-69d146eee2764219202875-85071 .ut-glitch-single-element {\r\n                                                \r\n                    }\r\n        }\r\n\r\n        \r\n        <\/style>\r\n\r\n        \r\n            <div id=\"ut-element-glitch-69d146eee2764219202875-85071\" class=\" ut-element-glitch ut-glitch-none ut-element-glitch-permanent\">\r\n                <div class=\"ut-glitch-single-element ut-lozad skip-lazy\" data-background-image=\"https:\/\/www.mirsa.es\/wp-content\/uploads\/2025\/05\/silla_teti_porada_03.jpg\"><\/div>\r\n                <div class=\"ut-glitch-single-element ut-lozad skip-lazy\" data-background-image=\"https:\/\/www.mirsa.es\/wp-content\/uploads\/2025\/05\/silla_teti_porada_03.jpg\"><\/div>\r\n                <div class=\"ut-glitch-single-element ut-lozad skip-lazy\" data-background-image=\"https:\/\/www.mirsa.es\/wp-content\/uploads\/2025\/05\/silla_teti_porada_03.jpg\"><\/div>\r\n                <div class=\"ut-glitch-single-element ut-lozad skip-lazy\" data-background-image=\"https:\/\/www.mirsa.es\/wp-content\/uploads\/2025\/05\/silla_teti_porada_03.jpg\"><\/div>\r\n                <div class=\"ut-glitch-single-element ut-lozad skip-lazy\" data-background-image=\"https:\/\/www.mirsa.es\/wp-content\/uploads\/2025\/05\/silla_teti_porada_03.jpg\"><\/div>\r\n            <\/div>\r\n\r\n        <\/div>\r\n\r\n        <img loading=\"lazy\" decoding=\"async\" class=\"ut-lazy skip-lazy ut-animated-image \"  id=\"ut_am_69d146eee2743\" src=\"data:image\/svg+xml;charset=utf-8,%3Csvg xmlns%3D'http%3A%2F%2Fwww.w3.org%2F2000%2Fsvg' viewBox%3D'0 0 600 324'%2F%3E\" data-src=\"https:\/\/www.mirsa.es\/wp-content\/uploads\/2025\/05\/silla_teti_porada_03.jpg\" width=\"600\" height=\"324\" alt=\"\"\/><\/div><\/a><\/div><\/div><\/div>[\/vc_column_inner][vc_column_inner width=&#8221;1\/2&#8243;]<div  class=\"wpb_content_element   clearfix\"><style type=\"text\/css\">#ut_am_69d146eee2a95 { opacity: 1; }#ut_am_wrap_69d146eee2a96 { text-align: left; }@media (min-width: 768px) and (max-width: 1024px) { #ut_am_wrap_69d146eee2a96 { text-align: left !important; } }@media (max-width: 767px) { #ut_am_wrap_69d146eee2a96 { text-align: center !important; } }<\/style><div id=\"ut_am_wrap_69d146eee2a96\" class=\"ut-image-gallery-image \"><div id=\"ut_reveal_69d146eee2a97\"  data-appear-top-offset=\"auto\" class=\"ut-animated-image-item ut-image-gallery-item ut-animation-done \"><a class=\"ut-deactivated-link\" href=\"#\"><div class=\"ut-animated-image-zoom\">\r\n        <div class=\"ut-element-glitch-wrap\">\r\n\r\n            \r\n        <style type=\"text\/css\">\r\n\r\n                        \r\n        @media (min-width: 1025px) {\r\n\r\n        #ut-element-glitch-69d146eee2aab720932517-85068 .ut-glitch-single-element {\r\n                                            \r\n                }\r\n        }\r\n\r\n        @media (min-width: 768px) and (max-width: 1024px) {\r\n\r\n        #ut-element-glitch-69d146eee2aab720932517-85068 .ut-glitch-single-element {\r\n                                                \r\n                    }\r\n        }\r\n\r\n        @media (max-width: 767px) {\r\n\r\n        #ut-element-glitch-69d146eee2aab720932517-85068 .ut-glitch-single-element {\r\n                                                \r\n                    }\r\n        }\r\n\r\n        \r\n        <\/style>\r\n\r\n        \r\n            <div id=\"ut-element-glitch-69d146eee2aab720932517-85068\" class=\" ut-element-glitch ut-glitch-none ut-element-glitch-permanent\">\r\n                <div class=\"ut-glitch-single-element ut-lozad skip-lazy\" data-background-image=\"https:\/\/www.mirsa.es\/wp-content\/uploads\/2025\/05\/silla_teti_porada_02.jpg\"><\/div>\r\n                <div class=\"ut-glitch-single-element ut-lozad skip-lazy\" data-background-image=\"https:\/\/www.mirsa.es\/wp-content\/uploads\/2025\/05\/silla_teti_porada_02.jpg\"><\/div>\r\n                <div class=\"ut-glitch-single-element ut-lozad skip-lazy\" data-background-image=\"https:\/\/www.mirsa.es\/wp-content\/uploads\/2025\/05\/silla_teti_porada_02.jpg\"><\/div>\r\n                <div class=\"ut-glitch-single-element ut-lozad skip-lazy\" data-background-image=\"https:\/\/www.mirsa.es\/wp-content\/uploads\/2025\/05\/silla_teti_porada_02.jpg\"><\/div>\r\n                <div class=\"ut-glitch-single-element ut-lozad skip-lazy\" data-background-image=\"https:\/\/www.mirsa.es\/wp-content\/uploads\/2025\/05\/silla_teti_porada_02.jpg\"><\/div>\r\n            <\/div>\r\n\r\n        <\/div>\r\n\r\n        <img loading=\"lazy\" decoding=\"async\" class=\"ut-lazy skip-lazy ut-animated-image \"  id=\"ut_am_69d146eee2a95\" src=\"data:image\/svg+xml;charset=utf-8,%3Csvg xmlns%3D'http%3A%2F%2Fwww.w3.org%2F2000%2Fsvg' viewBox%3D'0 0 600 324'%2F%3E\" data-src=\"https:\/\/www.mirsa.es\/wp-content\/uploads\/2025\/05\/silla_teti_porada_02.jpg\" width=\"600\" height=\"324\" alt=\"\"\/><\/div><\/a><\/div><\/div><\/div>[\/vc_column_inner][\/vc_row_inner][\/vc_column][\/vc_row]<\/p>\n<\/div>","protected":false},"excerpt":{"rendered":"<p>[vc_row][vc_column][vc_column_text] La cadira Teti, de la firma italiana Porada i dissenyada per Gabriele &#038; Oscar Buratti, \u00e9s una reinterpretaci\u00f3 contempor\u00e0nea d\u2019un disseny cl\u00e0ssic, amb una silueta singular que destaca per les seves potes posteriors, que gaireb\u00e9 es fundeixen en una elegant forma en T. El punt de partida \u00e9s la exqusida artesania en fusta massissa [&hellip;]<\/p>\n","protected":false},"author":1,"featured_media":0,"parent":0,"menu_order":0,"comment_status":"closed","ping_status":"closed","template":"","meta":{"footnotes":""},"class_list":["post-85075","page","type-page","status-publish","hentry"],"aioseo_notices":[],"_links":{"self":[{"href":"https:\/\/www.mirsa.es\/ca\/wp-json\/wp\/v2\/pages\/85075","targetHints":{"allow":["GET"]}}],"collection":[{"href":"https:\/\/www.mirsa.es\/ca\/wp-json\/wp\/v2\/pages"}],"about":[{"href":"https:\/\/www.mirsa.es\/ca\/wp-json\/wp\/v2\/types\/page"}],"author":[{"embeddable":true,"href":"https:\/\/www.mirsa.es\/ca\/wp-json\/wp\/v2\/users\/1"}],"replies":[{"embeddable":true,"href":"https:\/\/www.mirsa.es\/ca\/wp-json\/wp\/v2\/comments?post=85075"}],"version-history":[{"count":0,"href":"https:\/\/www.mirsa.es\/ca\/wp-json\/wp\/v2\/pages\/85075\/revisions"}],"wp:attachment":[{"href":"https:\/\/www.mirsa.es\/ca\/wp-json\/wp\/v2\/media?parent=85075"}],"curies":[{"name":"wp","href":"https:\/\/api.w.org\/{rel}","templated":true}]}}