{"id":85061,"date":"2025-05-21T08:50:21","date_gmt":"2025-05-21T08:50:21","guid":{"rendered":"https:\/\/www.mirsa.es\/callisto-brillo-porada\/"},"modified":"2025-05-21T10:55:07","modified_gmt":"2025-05-21T10:55:07","slug":"callisto-brillo-porada","status":"publish","type":"page","link":"https:\/\/www.mirsa.es\/ca\/callisto-brillo-porada\/","title":{"rendered":"Callisto Brillo Porada"},"content":{"rendered":"<div class=\"wpb-content-wrapper\"><p>[vc_row][vc_column][vc_column_text]<\/p>\n<p><img decoding=\"async\" class=\"wp-image-1077 size-large aligncenter\" title=\"Callisto Brillo Porada\" src=\"\/wp-content\/uploads\/2025\/05\/mesa_callisto_brillo.jpg\" alt=\"Callisto Brillo Porada\" width=\"100%\" height=\"400\"\/><\/p>\n<p style=\"font-size: 16px; text-align: left;\"><strong>La col\u00b7lecci\u00f3 Callisto Brillo \u00e9s una proposta de la firma italiana Porada, dissenyada per Carlo Ballabio, que neix com una evoluci\u00f3 natural de les conegudes taules Callisto i Callisto Mix.<\/strong><\/p>\n<p style=\"font-size: 16px; text-align: left;\">Comparteix amb elles la seva estructura elegant i atemporal, per\u00f2 introdueix una novetat important: els seus acabats en lacat brillant, disponibles en tres tons curosament seleccionats \u2014marr\u00f3 profund, greige i rouge brun\u2014 que aporten un car\u00e0cter \u00fanic.<\/p>\n<p style=\"font-size: 16px; text-align: left;\">Amb les seves l\u00ednies pures i proporcions equilibrades, aquestes taules encaixen a la perfecci\u00f3 en ambients contemporanis que busquen eleg\u00e0ncia sense ostentaci\u00f3.<\/p>\n<p style=\"font-size: 16px; text-align: left;\">L\u2019acabat brillant afegeix un punt de sofisticaci\u00f3 que no passa desapercebut, elevant la pres\u00e8ncia de la pe\u00e7a en qualsevol espai.<\/p>\n<p style=\"font-size: 16px; text-align: left;\">Callisto Brillo no pret\u00e9n ser nom\u00e9s una taula de centre, sin\u00f3 una pe\u00e7a amb identitat pr\u00f2pia, capa\u00e7 de transformar l\u2019ambient gr\u00e0cies al seu disseny subtil per\u00f2 contundent. <\/p>\n<p style=\"font-size: 16px; text-align: left;\">\u00c9s una elecci\u00f3 perfecta per a qui valora el disseny itali\u00e0 d\u2019alta gamma i desitja incorporar un toc de distinci\u00f3 a la seva llar.<\/p>\n<p style=\"font-size: 16px; text-align: left;\">A MIRSA interiorisme &#038; mobiliari som distribu\u00efdors oficials de Porada. Per a m\u00e9s informaci\u00f3, visiti el nostre Showroom o contacti amb nosaltres.<\/p>\n<p>[\/vc_column_text][vc_row_inner][vc_column_inner]<style type=\"text\/css\">#bklyn_btn_69d2239d56e32 .bklyn-btn { color:#ffffff !important; background-color:black !important; }<\/style><div id=\"bklyn_btn_69d2239d56e32\" class=\"bklyn-btn-holder  bklyn-btn-center bklyn-btn-tablet-center bklyn-btn-mobile-center\"><a title=\"Contacto\"   href=\"\/contacto\" target=\"_self\" class=\"bklyn-btn  bklyn-btn-icon-left bklyn-btn-normal\" ><i class=\"fa fa-envelope\"><\/i><span class=\"ut-btn-text\">M\u00e9s informaci\u00f3<\/span><\/a><\/div>[\/vc_column_inner][\/vc_row_inner][\/vc_column][\/vc_row]<\/p>\n<\/div>","protected":false},"excerpt":{"rendered":"<p>[vc_row][vc_column][vc_column_text] La col\u00b7lecci\u00f3 Callisto Brillo \u00e9s una proposta de la firma italiana Porada, dissenyada per Carlo Ballabio, que neix com una evoluci\u00f3 natural de les conegudes taules Callisto i Callisto Mix. Comparteix amb elles la seva estructura elegant i atemporal, per\u00f2 introdueix una novetat important: els seus acabats en lacat brillant, disponibles en tres tons [&hellip;]<\/p>\n","protected":false},"author":1,"featured_media":0,"parent":0,"menu_order":0,"comment_status":"closed","ping_status":"closed","template":"","meta":{"footnotes":""},"class_list":["post-85061","page","type-page","status-publish","hentry"],"aioseo_notices":[],"_links":{"self":[{"href":"https:\/\/www.mirsa.es\/ca\/wp-json\/wp\/v2\/pages\/85061","targetHints":{"allow":["GET"]}}],"collection":[{"href":"https:\/\/www.mirsa.es\/ca\/wp-json\/wp\/v2\/pages"}],"about":[{"href":"https:\/\/www.mirsa.es\/ca\/wp-json\/wp\/v2\/types\/page"}],"author":[{"embeddable":true,"href":"https:\/\/www.mirsa.es\/ca\/wp-json\/wp\/v2\/users\/1"}],"replies":[{"embeddable":true,"href":"https:\/\/www.mirsa.es\/ca\/wp-json\/wp\/v2\/comments?post=85061"}],"version-history":[{"count":0,"href":"https:\/\/www.mirsa.es\/ca\/wp-json\/wp\/v2\/pages\/85061\/revisions"}],"wp:attachment":[{"href":"https:\/\/www.mirsa.es\/ca\/wp-json\/wp\/v2\/media?parent=85061"}],"curies":[{"name":"wp","href":"https:\/\/api.w.org\/{rel}","templated":true}]}}