{"id":84896,"date":"2025-05-13T10:35:21","date_gmt":"2025-05-13T10:35:21","guid":{"rendered":"https:\/\/www.mirsa.es\/sofa-koji-porada\/"},"modified":"2025-05-13T10:45:10","modified_gmt":"2025-05-13T10:45:10","slug":"sofa-koji-porada","status":"publish","type":"page","link":"https:\/\/www.mirsa.es\/ca\/sofa-koji-porada\/","title":{"rendered":"Sofa Koji Porada"},"content":{"rendered":"<div class=\"wpb-content-wrapper\"><p>[vc_row][vc_column][vc_column_text]<\/p>\n<p><img decoding=\"async\" class=\"wp-image-1077 size-large aligncenter\" title=\"Sofa Koji Porada\" src=\"\/wp-content\/uploads\/2025\/05\/sofa_koji_porada.jpg\" alt=\"Sofa Koji Porada\" width=\"100%\" height=\"400\"\/><\/p>\n<p style=\"font-size: 16px; text-align: left;\"><strong>Koji \u00e9s un sof\u00e0 modular de la prestigiosa firma italiana Porada, reconeguda per la seva mestria artesanal i pel seu enfocament en un disseny elegant i atemporal.<\/strong><\/p>\n<p style=\"font-size: 16px; text-align: left;\">Amb formes suaus, generoses i envoltants, Koji s\u2019adapta f\u00e0cilment a diferents espais gr\u00e0cies a la seva estructura modular, que permet m\u00faltiples configuracions segons les necessitats de cada ambient.<\/p>\n<p style=\"font-size: 16px; text-align: left;\">Un dels seus trets m\u00e9s distintius \u00e9s el perfil de fusta massissa que envolta la base de cada m\u00f2dul. Aquest detall, elaborat amb l\u2019excel\u00b7l\u00e8ncia t\u00e8cnica pr\u00f2pia de Porada, aporta calidesa i ressalta la suavitat del tapissat, creant un equilibri visual entre estructura i confort.<\/p>\n<p style=\"font-size: 16px; text-align: left;\">Koji es pot entapissar amb qualsevol dels teixits o pells de la col\u00b7lecci\u00f3 Porada i compta amb funda desenfundable, cosa que en facilita el manteniment.<\/p>\n<p style=\"font-size: 16px; text-align: left;\">Una pe\u00e7a que combina funcionalitat, comoditat i refinament est\u00e8tic, ideal per a qui valora la qualitat del disseny itali\u00e0 en la seva m\u00e0xima expressi\u00f3.<\/p>\n<p style=\"font-size: 16px; text-align: left;\">A MIRSA interiorisme &#038; mobiliari som distribu\u00efdors oficials Porada. Per a m\u00e9s informaci\u00f3, visiti el nostre showroom o contacti amb nosaltres.<\/p>\n<p>[\/vc_column_text][vc_row_inner][vc_column_inner]<style type=\"text\/css\">#bklyn_btn_69d36b42d2270 .bklyn-btn { color:#ffffff !important; background-color:black !important; }<\/style><div id=\"bklyn_btn_69d36b42d2270\" class=\"bklyn-btn-holder  bklyn-btn-center bklyn-btn-tablet-center bklyn-btn-mobile-center\"><a title=\"Contacto\"   href=\"\/contacto\" target=\"_self\" class=\"bklyn-btn  bklyn-btn-icon-left bklyn-btn-normal\" ><i class=\"fa fa-envelope\"><\/i><span class=\"ut-btn-text\">M\u00e9s informaci\u00f3<\/span><\/a><\/div>[\/vc_column_inner][\/vc_row_inner][vc_row_inner][vc_column_inner width=&#8221;1\/2&#8243;]<div  class=\"wpb_content_element   clearfix\"><style type=\"text\/css\">#ut_am_69d36b42d2da1 { opacity: 1; }#ut_am_wrap_69d36b42d2da2 { text-align: left; }@media (min-width: 768px) and (max-width: 1024px) { #ut_am_wrap_69d36b42d2da2 { text-align: left !important; } }@media (max-width: 767px) { #ut_am_wrap_69d36b42d2da2 { text-align: center !important; } }<\/style><div id=\"ut_am_wrap_69d36b42d2da2\" class=\"ut-image-gallery-image \"><div id=\"ut_reveal_69d36b42d2da3\"  data-appear-top-offset=\"auto\" class=\"ut-animated-image-item ut-image-gallery-item ut-animation-done \"><a class=\"ut-deactivated-link\" href=\"#\"><div class=\"ut-animated-image-zoom\">\r\n        <div class=\"ut-element-glitch-wrap\">\r\n\r\n            \r\n        <style type=\"text\/css\">\r\n\r\n                        \r\n        @media (min-width: 1025px) {\r\n\r\n        #ut-element-glitch-69d36b42d2dc3406226915-84889 .ut-glitch-single-element {\r\n                                            \r\n                }\r\n        }\r\n\r\n        @media (min-width: 768px) and (max-width: 1024px) {\r\n\r\n        #ut-element-glitch-69d36b42d2dc3406226915-84889 .ut-glitch-single-element {\r\n                                                \r\n                    }\r\n        }\r\n\r\n        @media (max-width: 767px) {\r\n\r\n        #ut-element-glitch-69d36b42d2dc3406226915-84889 .ut-glitch-single-element {\r\n                                                \r\n                    }\r\n        }\r\n\r\n        \r\n        <\/style>\r\n\r\n        \r\n            <div id=\"ut-element-glitch-69d36b42d2dc3406226915-84889\" class=\" ut-element-glitch ut-glitch-none ut-element-glitch-permanent\">\r\n                <div class=\"ut-glitch-single-element ut-lozad skip-lazy\" data-background-image=\"https:\/\/www.mirsa.es\/wp-content\/uploads\/2025\/05\/sofa_koji_porada_01.jpg\"><\/div>\r\n                <div class=\"ut-glitch-single-element ut-lozad skip-lazy\" data-background-image=\"https:\/\/www.mirsa.es\/wp-content\/uploads\/2025\/05\/sofa_koji_porada_01.jpg\"><\/div>\r\n                <div class=\"ut-glitch-single-element ut-lozad skip-lazy\" data-background-image=\"https:\/\/www.mirsa.es\/wp-content\/uploads\/2025\/05\/sofa_koji_porada_01.jpg\"><\/div>\r\n                <div class=\"ut-glitch-single-element ut-lozad skip-lazy\" data-background-image=\"https:\/\/www.mirsa.es\/wp-content\/uploads\/2025\/05\/sofa_koji_porada_01.jpg\"><\/div>\r\n                <div class=\"ut-glitch-single-element ut-lozad skip-lazy\" data-background-image=\"https:\/\/www.mirsa.es\/wp-content\/uploads\/2025\/05\/sofa_koji_porada_01.jpg\"><\/div>\r\n            <\/div>\r\n\r\n        <\/div>\r\n\r\n        <img loading=\"lazy\" decoding=\"async\" class=\"ut-lazy skip-lazy ut-animated-image \"  id=\"ut_am_69d36b42d2da1\" src=\"data:image\/svg+xml;charset=utf-8,%3Csvg xmlns%3D'http%3A%2F%2Fwww.w3.org%2F2000%2Fsvg' viewBox%3D'0 0 600 324'%2F%3E\" data-src=\"https:\/\/www.mirsa.es\/wp-content\/uploads\/2025\/05\/sofa_koji_porada_01.jpg\" width=\"600\" height=\"324\" alt=\"\"\/><\/div><\/a><\/div><\/div><\/div>[\/vc_column_inner][vc_column_inner width=&#8221;1\/2&#8243;]<div  class=\"wpb_content_element   clearfix\"><style type=\"text\/css\">#ut_am_69d36b42d3529 { opacity: 1; }#ut_am_wrap_69d36b42d352a { text-align: left; }@media (min-width: 768px) and (max-width: 1024px) { #ut_am_wrap_69d36b42d352a { text-align: left !important; } }@media (max-width: 767px) { #ut_am_wrap_69d36b42d352a { text-align: center !important; } }<\/style><div id=\"ut_am_wrap_69d36b42d352a\" class=\"ut-image-gallery-image \"><div id=\"ut_reveal_69d36b42d352b\"  data-appear-top-offset=\"auto\" class=\"ut-animated-image-item ut-image-gallery-item ut-animation-done \"><a class=\"ut-deactivated-link\" href=\"#\"><div class=\"ut-animated-image-zoom\">\r\n        <div class=\"ut-element-glitch-wrap\">\r\n\r\n            \r\n        <style type=\"text\/css\">\r\n\r\n                        \r\n        @media (min-width: 1025px) {\r\n\r\n        #ut-element-glitch-69d36b42d3542359129749-84892 .ut-glitch-single-element {\r\n                                            \r\n                }\r\n        }\r\n\r\n        @media (min-width: 768px) and (max-width: 1024px) {\r\n\r\n        #ut-element-glitch-69d36b42d3542359129749-84892 .ut-glitch-single-element {\r\n                                                \r\n                    }\r\n        }\r\n\r\n        @media (max-width: 767px) {\r\n\r\n        #ut-element-glitch-69d36b42d3542359129749-84892 .ut-glitch-single-element {\r\n                                                \r\n                    }\r\n        }\r\n\r\n        \r\n        <\/style>\r\n\r\n        \r\n            <div id=\"ut-element-glitch-69d36b42d3542359129749-84892\" class=\" ut-element-glitch ut-glitch-none ut-element-glitch-permanent\">\r\n                <div class=\"ut-glitch-single-element ut-lozad skip-lazy\" data-background-image=\"https:\/\/www.mirsa.es\/wp-content\/uploads\/2025\/05\/sofa_koji_porada_02.jpg\"><\/div>\r\n                <div class=\"ut-glitch-single-element ut-lozad skip-lazy\" data-background-image=\"https:\/\/www.mirsa.es\/wp-content\/uploads\/2025\/05\/sofa_koji_porada_02.jpg\"><\/div>\r\n                <div class=\"ut-glitch-single-element ut-lozad skip-lazy\" data-background-image=\"https:\/\/www.mirsa.es\/wp-content\/uploads\/2025\/05\/sofa_koji_porada_02.jpg\"><\/div>\r\n                <div class=\"ut-glitch-single-element ut-lozad skip-lazy\" data-background-image=\"https:\/\/www.mirsa.es\/wp-content\/uploads\/2025\/05\/sofa_koji_porada_02.jpg\"><\/div>\r\n                <div class=\"ut-glitch-single-element ut-lozad skip-lazy\" data-background-image=\"https:\/\/www.mirsa.es\/wp-content\/uploads\/2025\/05\/sofa_koji_porada_02.jpg\"><\/div>\r\n            <\/div>\r\n\r\n        <\/div>\r\n\r\n        <img loading=\"lazy\" decoding=\"async\" class=\"ut-lazy skip-lazy ut-animated-image \"  id=\"ut_am_69d36b42d3529\" src=\"data:image\/svg+xml;charset=utf-8,%3Csvg xmlns%3D'http%3A%2F%2Fwww.w3.org%2F2000%2Fsvg' viewBox%3D'0 0 600 324'%2F%3E\" data-src=\"https:\/\/www.mirsa.es\/wp-content\/uploads\/2025\/05\/sofa_koji_porada_02.jpg\" width=\"600\" height=\"324\" alt=\"\"\/><\/div><\/a><\/div><\/div><\/div>[\/vc_column_inner][\/vc_row_inner][\/vc_column][\/vc_row]<\/p>\n<\/div>","protected":false},"excerpt":{"rendered":"<p>[vc_row][vc_column][vc_column_text] Koji \u00e9s un sof\u00e0 modular de la prestigiosa firma italiana Porada, reconeguda per la seva mestria artesanal i pel seu enfocament en un disseny elegant i atemporal. Amb formes suaus, generoses i envoltants, Koji s\u2019adapta f\u00e0cilment a diferents espais gr\u00e0cies a la seva estructura modular, que permet m\u00faltiples configuracions segons les necessitats de cada [&hellip;]<\/p>\n","protected":false},"author":1,"featured_media":0,"parent":0,"menu_order":0,"comment_status":"closed","ping_status":"closed","template":"","meta":{"footnotes":""},"class_list":["post-84896","page","type-page","status-publish","hentry"],"aioseo_notices":[],"_links":{"self":[{"href":"https:\/\/www.mirsa.es\/ca\/wp-json\/wp\/v2\/pages\/84896","targetHints":{"allow":["GET"]}}],"collection":[{"href":"https:\/\/www.mirsa.es\/ca\/wp-json\/wp\/v2\/pages"}],"about":[{"href":"https:\/\/www.mirsa.es\/ca\/wp-json\/wp\/v2\/types\/page"}],"author":[{"embeddable":true,"href":"https:\/\/www.mirsa.es\/ca\/wp-json\/wp\/v2\/users\/1"}],"replies":[{"embeddable":true,"href":"https:\/\/www.mirsa.es\/ca\/wp-json\/wp\/v2\/comments?post=84896"}],"version-history":[{"count":0,"href":"https:\/\/www.mirsa.es\/ca\/wp-json\/wp\/v2\/pages\/84896\/revisions"}],"wp:attachment":[{"href":"https:\/\/www.mirsa.es\/ca\/wp-json\/wp\/v2\/media?parent=84896"}],"curies":[{"name":"wp","href":"https:\/\/api.w.org\/{rel}","templated":true}]}}