{"id":84422,"date":"2025-04-10T10:03:34","date_gmt":"2025-04-10T10:03:34","guid":{"rendered":"https:\/\/www.mirsa.es\/sofa-cocun-bb-italia\/"},"modified":"2025-04-10T10:46:26","modified_gmt":"2025-04-10T10:46:26","slug":"sofa-cocun-bb-italia","status":"publish","type":"page","link":"https:\/\/www.mirsa.es\/ca\/sofa-cocun-bb-italia\/","title":{"rendered":"Sofa Coc\u00f9n B&#038;B Italia"},"content":{"rendered":"<div class=\"wpb-content-wrapper\"><p>[vc_row][vc_column][vc_column_text]<\/p>\n<h5><img decoding=\"async\" class=\"wp-image-1077 size-large aligncenter\" title=\"Coc\u00f9n - B&#038;B Italia\" src=\"\/wp-content\/uploads\/2025\/04\/sofa_cocun_bb_italia.jpg\" alt=\"Coc\u00f9n - B&#038;B Italia\" width=\"100%\" height=\"400\" \/><\/h5>\n<p style=\"font-size: 16px; text-align: left;\"><strong>El sof\u00e0 Coc\u00f9n de la reconeguda firma B&#038;B Italia redefineix el concepte de seient modular, convertint-se en una eina de projecte vers\u00e0til i sofisticada, ideal per a qui valora tant el confort com l\u2019est\u00e8tica depurada.<\/strong><\/p>\n<p style=\"font-size: 16px; text-align: left;\">Dissenyat pel prestigi\u00f3s Antonio Citterio, aquest sistema ha estat concebut per abra\u00e7ar el cos i elevar l\u2019arquitectura de l\u2019espai.<\/p>\n<p style=\"font-size: 16px; text-align: left;\">Amb una estructura que descansa sobre un perfil d\u2019alumini \u2014disponible en acabat polit o crom negre\u2014, Coc\u00f9n despr\u00e8n una eleg\u00e0ncia serena i contempor\u00e0nia que s\u2019adapta amb naturalitat a entorns lluminosos i calmats.<\/p>\n<p style=\"font-size: 16px; text-align: left;\">La seva base a\u00e8ria contrasta amb la generositat dels coixins, que ofereixen una experi\u00e8ncia sensorial envoltant i profundament confortable.<\/p>\n<p style=\"font-size: 16px; text-align: left;\">El sistema est\u00e0 compost per cinc elements geom\u00e8trics \u2014m\u00f2duls rectangulars, chaise longue, dormeuse corba i elements de rac\u00f3\u2014 que permeten una infinitat de configuracions.<\/p>\n<p style=\"font-size: 16px; text-align: left;\">Aquesta flexibilitat converteix el sof\u00e0 Coc\u00f9n en una pe\u00e7a clau per articular zones d\u2019estar \u00e0mplies i obertes, afavorint la conversa, el descans o simplement la contemplaci\u00f3.<\/p>\n<p style=\"font-size: 16px; text-align: left;\">Pensat per a qui ent\u00e9n el disseny com una manera de viure, Coc\u00f9n permet crear composicions \u00faniques que s\u2019adapten a cada espai i a cada persona. <\/p>\n<p style=\"font-size: 16px; text-align: left;\">El seu disseny modular no nom\u00e9s aporta llibertat creativa, sin\u00f3 que transforma qualsevol sal\u00f3 en un indret acollidor, elegant i profundament hum\u00e0.<\/p>\n<p style=\"font-size: 16px; text-align: left;\">A MIRSA interiorisme &#038; mobiliari som distribu\u00efdors oficials de B&#038;B Italia. Per a m\u00e9s informaci\u00f3, visiti el nostre showroom o contacti amb nosaltres.<\/p>\n<p>[\/vc_column_text][vc_row_inner][vc_column_inner]<style type=\"text\/css\">#bklyn_btn_6a0605908204a .bklyn-btn { color:#ffffff !important; background-color:black !important; }<\/style><div id=\"bklyn_btn_6a0605908204a\" class=\"bklyn-btn-holder  bklyn-btn-center bklyn-btn-tablet-center bklyn-btn-mobile-center\"><a title=\"Contacto\"   href=\"\/contacto\" target=\"_self\" class=\"bklyn-btn  bklyn-btn-icon-left bklyn-btn-normal\" ><i class=\"fa fa-envelope\"><\/i><span class=\"ut-btn-text\">M\u00e9s informaci\u00f3<\/span><\/a><\/div>[\/vc_column_inner][\/vc_row_inner][\/vc_column][\/vc_row]<\/p>\n<\/div>","protected":false},"excerpt":{"rendered":"<p>[vc_row][vc_column][vc_column_text] El sof\u00e0 Coc\u00f9n de la reconeguda firma B&#038;B Italia redefineix el concepte de seient modular, convertint-se en una eina de projecte vers\u00e0til i sofisticada, ideal per a qui valora tant el confort com l\u2019est\u00e8tica depurada. Dissenyat pel prestigi\u00f3s Antonio Citterio, aquest sistema ha estat concebut per abra\u00e7ar el cos i elevar l\u2019arquitectura de l\u2019espai. [&hellip;]<\/p>\n","protected":false},"author":1,"featured_media":0,"parent":0,"menu_order":0,"comment_status":"closed","ping_status":"closed","template":"","meta":{"footnotes":""},"class_list":["post-84422","page","type-page","status-publish","hentry"],"aioseo_notices":[],"_links":{"self":[{"href":"https:\/\/www.mirsa.es\/ca\/wp-json\/wp\/v2\/pages\/84422","targetHints":{"allow":["GET"]}}],"collection":[{"href":"https:\/\/www.mirsa.es\/ca\/wp-json\/wp\/v2\/pages"}],"about":[{"href":"https:\/\/www.mirsa.es\/ca\/wp-json\/wp\/v2\/types\/page"}],"author":[{"embeddable":true,"href":"https:\/\/www.mirsa.es\/ca\/wp-json\/wp\/v2\/users\/1"}],"replies":[{"embeddable":true,"href":"https:\/\/www.mirsa.es\/ca\/wp-json\/wp\/v2\/comments?post=84422"}],"version-history":[{"count":0,"href":"https:\/\/www.mirsa.es\/ca\/wp-json\/wp\/v2\/pages\/84422\/revisions"}],"wp:attachment":[{"href":"https:\/\/www.mirsa.es\/ca\/wp-json\/wp\/v2\/media?parent=84422"}],"curies":[{"name":"wp","href":"https:\/\/api.w.org\/{rel}","templated":true}]}}