{"id":84231,"date":"2025-03-28T09:28:51","date_gmt":"2025-03-28T09:28:51","guid":{"rendered":"https:\/\/www.mirsa.es\/mito-sfera-occhio\/"},"modified":"2025-03-28T15:29:44","modified_gmt":"2025-03-28T15:29:44","slug":"mito-sfera-occhio","status":"publish","type":"page","link":"https:\/\/www.mirsa.es\/ca\/mito-sfera-occhio\/","title":{"rendered":"Mito Sfera Occhio"},"content":{"rendered":"<div class=\"wpb-content-wrapper\"><p>[vc_row][vc_column][vc_column_text]<br \/>\n<img decoding=\"async\" class=\"wp-image-1077 size-large aligncenter\" title=\"Mito Sfera Occhio\" src=\"\/wp-content\/uploads\/2025\/03\/mito_sfera_occhio.png\" width=\"100%\" height=\"400\" alt=\"Mito Sfera Occhio\"\/><\/p>\n<h2 style=\"font-size: 16px; text-align: left;\"><strong>Inspirat en els miralls cl\u00e0ssics de camerino, el model Mito Sfera d\u2019Occhio eleva aquesta idea a un nou nivell de sofisticaci\u00f3.<\/strong><\/h2>\n<p style=\"font-size: 16px; text-align: left;\">Amb un sistema de control gestual, permet encendre, atenuar i ajustar la temperatura de color de forma intu\u00eftiva, transformant un gest quotidi\u00e0 en una experi\u00e8ncia \u00fanica.<\/p>\n<p style=\"font-size: 16px; text-align: left;\">La seva llum, personalitzable i lliure de reflexos, s\u2019aproxima de manera excepcional a la llum natural, real\u00e7ant els tons de la pell i les textures amb una fidelitat sorprenent.<\/p>\n<p style=\"font-size: 16px; text-align: left;\">Disponible en versions de 40 i 60 cm de di\u00e0metre, \u00e9s una pe\u00e7a funcional i escultural que afegeix car\u00e0cter a vestidors, banys o zones de tocador contempor\u00e0nies.<\/p>\n<p style=\"font-size: 16px; text-align: left;\">La qualitat de la llum \u00e9s simplement excepcional: Mito Sfera reprodueix un espectre lum\u00ednic que s\u2019assembla al de la llum del dia, aportant profunditat i matisos aut\u00e8ntics als colors de la pell i els teixits, com si estiguessin banyats per la llum natural.<\/p>\n<p style=\"font-size: 16px; text-align: left;\">A MIRSA interiorisme &#038; mobiliari som distribu\u00efdors oficials de Occhio. Per a m\u00e9s informaci\u00f3, visiti el nostre Showroom o contacti amb nosaltres.<\/p>\n<p>[\/vc_column_text][vc_row_inner][vc_column_inner]<style type=\"text\/css\">#bklyn_btn_69d293b148db1 .bklyn-btn { color:#ffffff !important; background-color:black !important; }<\/style><div id=\"bklyn_btn_69d293b148db1\" class=\"bklyn-btn-holder  bklyn-btn-center bklyn-btn-tablet-center bklyn-btn-mobile-center\"><a title=\"Contacto\"   href=\"\/contacto\" target=\"_self\" class=\"bklyn-btn  bklyn-btn-icon-left bklyn-btn-normal\" ><i class=\"fa fa-envelope\"><\/i><span class=\"ut-btn-text\">M\u00e9s informaci\u00f3<\/span><\/a><\/div>[\/vc_column_inner][\/vc_row_inner][vc_row_inner][vc_column_inner width=&#8221;1\/2&#8243;]<div  class=\"wpb_content_element   clearfix\"><style type=\"text\/css\">#ut_am_69d293b14918c { opacity: 1; }#ut_am_wrap_69d293b14918d { text-align: left; }@media (min-width: 768px) and (max-width: 1024px) { #ut_am_wrap_69d293b14918d { text-align: left !important; } }@media (max-width: 767px) { #ut_am_wrap_69d293b14918d { text-align: center !important; } }<\/style><div id=\"ut_am_wrap_69d293b14918d\" class=\"ut-image-gallery-image \"><div id=\"ut_reveal_69d293b14918e\"  data-appear-top-offset=\"auto\" class=\"ut-animated-image-item ut-image-gallery-item ut-animation-done \"><a class=\"ut-deactivated-link\" href=\"#\"><div class=\"ut-animated-image-zoom\">\r\n        <div class=\"ut-element-glitch-wrap\">\r\n\r\n            \r\n        <style type=\"text\/css\">\r\n\r\n                        \r\n        @media (min-width: 1025px) {\r\n\r\n        #ut-element-glitch-69d293b1491ae514294356-84223 .ut-glitch-single-element {\r\n                                            \r\n                }\r\n        }\r\n\r\n        @media (min-width: 768px) and (max-width: 1024px) {\r\n\r\n        #ut-element-glitch-69d293b1491ae514294356-84223 .ut-glitch-single-element {\r\n                                                \r\n                    }\r\n        }\r\n\r\n        @media (max-width: 767px) {\r\n\r\n        #ut-element-glitch-69d293b1491ae514294356-84223 .ut-glitch-single-element {\r\n                                                \r\n                    }\r\n        }\r\n\r\n        \r\n        <\/style>\r\n\r\n        \r\n            <div id=\"ut-element-glitch-69d293b1491ae514294356-84223\" class=\" ut-element-glitch ut-glitch-none ut-element-glitch-permanent\">\r\n                <div class=\"ut-glitch-single-element ut-lozad skip-lazy\" data-background-image=\"https:\/\/www.mirsa.es\/wp-content\/uploads\/2025\/03\/mito_sfera_occhio_01.jpg\"><\/div>\r\n                <div class=\"ut-glitch-single-element ut-lozad skip-lazy\" data-background-image=\"https:\/\/www.mirsa.es\/wp-content\/uploads\/2025\/03\/mito_sfera_occhio_01.jpg\"><\/div>\r\n                <div class=\"ut-glitch-single-element ut-lozad skip-lazy\" data-background-image=\"https:\/\/www.mirsa.es\/wp-content\/uploads\/2025\/03\/mito_sfera_occhio_01.jpg\"><\/div>\r\n                <div class=\"ut-glitch-single-element ut-lozad skip-lazy\" data-background-image=\"https:\/\/www.mirsa.es\/wp-content\/uploads\/2025\/03\/mito_sfera_occhio_01.jpg\"><\/div>\r\n                <div class=\"ut-glitch-single-element ut-lozad skip-lazy\" data-background-image=\"https:\/\/www.mirsa.es\/wp-content\/uploads\/2025\/03\/mito_sfera_occhio_01.jpg\"><\/div>\r\n            <\/div>\r\n\r\n        <\/div>\r\n\r\n        <img loading=\"lazy\" decoding=\"async\" class=\"ut-lazy skip-lazy ut-animated-image \"  id=\"ut_am_69d293b14918c\" src=\"data:image\/svg+xml;charset=utf-8,%3Csvg xmlns%3D'http%3A%2F%2Fwww.w3.org%2F2000%2Fsvg' viewBox%3D'0 0 600 324'%2F%3E\" data-src=\"https:\/\/www.mirsa.es\/wp-content\/uploads\/2025\/03\/mito_sfera_occhio_01.jpg\" width=\"600\" height=\"324\" alt=\"\"\/><\/div><\/a><\/div><\/div><\/div>[\/vc_column_inner][vc_column_inner width=&#8221;1\/2&#8243;]<div  class=\"wpb_content_element   clearfix\"><style type=\"text\/css\">#ut_am_69d293b1494ea { opacity: 1; }#ut_am_wrap_69d293b1494eb { text-align: left; }@media (min-width: 768px) and (max-width: 1024px) { #ut_am_wrap_69d293b1494eb { text-align: left !important; } }@media (max-width: 767px) { #ut_am_wrap_69d293b1494eb { text-align: center !important; } }<\/style><div id=\"ut_am_wrap_69d293b1494eb\" class=\"ut-image-gallery-image \"><div id=\"ut_reveal_69d293b1494ec\"  data-appear-top-offset=\"auto\" class=\"ut-animated-image-item ut-image-gallery-item ut-animation-done \"><a class=\"ut-deactivated-link\" href=\"#\"><div class=\"ut-animated-image-zoom\">\r\n        <div class=\"ut-element-glitch-wrap\">\r\n\r\n            \r\n        <style type=\"text\/css\">\r\n\r\n                        \r\n        @media (min-width: 1025px) {\r\n\r\n        #ut-element-glitch-69d293b149504875080628-84226 .ut-glitch-single-element {\r\n                                            \r\n                }\r\n        }\r\n\r\n        @media (min-width: 768px) and (max-width: 1024px) {\r\n\r\n        #ut-element-glitch-69d293b149504875080628-84226 .ut-glitch-single-element {\r\n                                                \r\n                    }\r\n        }\r\n\r\n        @media (max-width: 767px) {\r\n\r\n        #ut-element-glitch-69d293b149504875080628-84226 .ut-glitch-single-element {\r\n                                                \r\n                    }\r\n        }\r\n\r\n        \r\n        <\/style>\r\n\r\n        \r\n            <div id=\"ut-element-glitch-69d293b149504875080628-84226\" class=\" ut-element-glitch ut-glitch-none ut-element-glitch-permanent\">\r\n                <div class=\"ut-glitch-single-element ut-lozad skip-lazy\" data-background-image=\"https:\/\/www.mirsa.es\/wp-content\/uploads\/2025\/03\/mito_sfera_occhio_02.jpg\"><\/div>\r\n                <div class=\"ut-glitch-single-element ut-lozad skip-lazy\" data-background-image=\"https:\/\/www.mirsa.es\/wp-content\/uploads\/2025\/03\/mito_sfera_occhio_02.jpg\"><\/div>\r\n                <div class=\"ut-glitch-single-element ut-lozad skip-lazy\" data-background-image=\"https:\/\/www.mirsa.es\/wp-content\/uploads\/2025\/03\/mito_sfera_occhio_02.jpg\"><\/div>\r\n                <div class=\"ut-glitch-single-element ut-lozad skip-lazy\" data-background-image=\"https:\/\/www.mirsa.es\/wp-content\/uploads\/2025\/03\/mito_sfera_occhio_02.jpg\"><\/div>\r\n                <div class=\"ut-glitch-single-element ut-lozad skip-lazy\" data-background-image=\"https:\/\/www.mirsa.es\/wp-content\/uploads\/2025\/03\/mito_sfera_occhio_02.jpg\"><\/div>\r\n            <\/div>\r\n\r\n        <\/div>\r\n\r\n        <img loading=\"lazy\" decoding=\"async\" class=\"ut-lazy skip-lazy ut-animated-image \"  id=\"ut_am_69d293b1494ea\" src=\"data:image\/svg+xml;charset=utf-8,%3Csvg xmlns%3D'http%3A%2F%2Fwww.w3.org%2F2000%2Fsvg' viewBox%3D'0 0 600 324'%2F%3E\" data-src=\"https:\/\/www.mirsa.es\/wp-content\/uploads\/2025\/03\/mito_sfera_occhio_02.jpg\" width=\"600\" height=\"324\" alt=\"\"\/><\/div><\/a><\/div><\/div><\/div>[\/vc_column_inner][\/vc_row_inner][\/vc_column][\/vc_row]<\/p>\n<\/div>","protected":false},"excerpt":{"rendered":"<p>[vc_row][vc_column][vc_column_text] Inspirat en els miralls cl\u00e0ssics de camerino, el model Mito Sfera d\u2019Occhio eleva aquesta idea a un nou nivell de sofisticaci\u00f3. Amb un sistema de control gestual, permet encendre, atenuar i ajustar la temperatura de color de forma intu\u00eftiva, transformant un gest quotidi\u00e0 en una experi\u00e8ncia \u00fanica. La seva llum, personalitzable i lliure de [&hellip;]<\/p>\n","protected":false},"author":1,"featured_media":0,"parent":0,"menu_order":0,"comment_status":"closed","ping_status":"closed","template":"","meta":{"footnotes":""},"class_list":["post-84231","page","type-page","status-publish","hentry"],"aioseo_notices":[],"_links":{"self":[{"href":"https:\/\/www.mirsa.es\/ca\/wp-json\/wp\/v2\/pages\/84231","targetHints":{"allow":["GET"]}}],"collection":[{"href":"https:\/\/www.mirsa.es\/ca\/wp-json\/wp\/v2\/pages"}],"about":[{"href":"https:\/\/www.mirsa.es\/ca\/wp-json\/wp\/v2\/types\/page"}],"author":[{"embeddable":true,"href":"https:\/\/www.mirsa.es\/ca\/wp-json\/wp\/v2\/users\/1"}],"replies":[{"embeddable":true,"href":"https:\/\/www.mirsa.es\/ca\/wp-json\/wp\/v2\/comments?post=84231"}],"version-history":[{"count":0,"href":"https:\/\/www.mirsa.es\/ca\/wp-json\/wp\/v2\/pages\/84231\/revisions"}],"wp:attachment":[{"href":"https:\/\/www.mirsa.es\/ca\/wp-json\/wp\/v2\/media?parent=84231"}],"curies":[{"name":"wp","href":"https:\/\/api.w.org\/{rel}","templated":true}]}}