{"id":82247,"date":"2024-11-20T09:23:29","date_gmt":"2024-11-20T09:23:29","guid":{"rendered":"https:\/\/www.mirsa.es\/mesa-kobo-flexform\/"},"modified":"2024-11-20T09:45:38","modified_gmt":"2024-11-20T09:45:38","slug":"mesa-kobo-flexform","status":"publish","type":"page","link":"https:\/\/www.mirsa.es\/ca\/mesa-kobo-flexform\/","title":{"rendered":"Taula Kobo Flexform"},"content":{"rendered":"<div class=\"wpb-content-wrapper\"><p>[vc_row][vc_column][vc_column_text]<br \/>\n<img decoding=\"async\" class=\"wp-image-1077 size-large aligncenter\" title=\"Taula Kobo Flexform\" src=\"\/wp-content\/uploads\/2024\/11\/mesa_kobo_flexform.jpg\" alt=\"Taula Kobo Flexform\" width=\"100%\" height=\"400\"\/><\/p>\n<h2 style=\"font-size: 16px; text-align: left;\"><strong>Kobo de la reconocida firma Italiana Flexform es una elegante y sofisticada mesa de estilo contempor\u00e1neo inspirada en la esencia de la artesan\u00eda africana.<\/strong><\/h2>\n<p style=\"font-size: 16px; text-align: left;\">Dissenyada pel reconegut arquitecte Patrick Norguet, la taula Kobo es caracteritza pel seu imponent tauler de gran gruix que descansa sobre potes tornejades de gener\u00f3s di\u00e0metre, aconseguint un equilibri perfecte entre robustesa i lleugeresa visual.<\/p>\n<p style=\"font-size: 16px; text-align: left;\">La m\u00e0gia del seu disseny radica en la seva elaboraci\u00f3 artesanal, on la noblesa de la fusta es transforma en poesia. Cada detall reflecteix una dedicaci\u00f3 refinada que real\u00e7a el seu car\u00e0cter atemporal.<\/p>\n<p style=\"font-size: 16px; text-align: left;\">Les seves l\u00ednies pures i essencials permeten que la taula Kobo s\u2019integri amb eleg\u00e0ncia en interiors d\u2019estils variats, des dels m\u00e9s cl\u00e0ssics fins als contemporanis.<\/p>\n<p style=\"font-size: 16px; text-align: left;\">Aquesta col\u00b7lecci\u00f3 s\u2019est\u00e9n tamb\u00e9 a taules de centre, mantenint la mateixa sofisticaci\u00f3 que defineix el seu disseny.<\/p>\n<p style=\"font-size: 16px; text-align: left;\">A MIRSA interiorisme &#038; mobiliari, som distribu\u00efdors oficials de Flexform. Per a m\u00e9s informaci\u00f3, visiti el nostre showroom o contacti amb nosaltres.<\/p>\n<p>[\/vc_column_text][vc_row_inner][vc_column_inner]<style type=\"text\/css\">#bklyn_btn_69e46b9fced62 .bklyn-btn { color:#ffffff !important; background-color:black !important; }<\/style><div id=\"bklyn_btn_69e46b9fced62\" class=\"bklyn-btn-holder  bklyn-btn-center bklyn-btn-tablet-center bklyn-btn-mobile-center\"><a title=\"Contacto\"   href=\"\/contacto\" target=\"_self\" class=\"bklyn-btn  bklyn-btn-icon-left bklyn-btn-normal\" ><i class=\"fa fa-envelope\"><\/i><span class=\"ut-btn-text\">M\u00e9s informaci\u00f3<\/span><\/a><\/div>[\/vc_column_inner][\/vc_row_inner][\/vc_column][\/vc_row]<\/p>\n<\/div>","protected":false},"excerpt":{"rendered":"<p>[vc_row][vc_column][vc_column_text] Kobo de la reconocida firma Italiana Flexform es una elegante y sofisticada mesa de estilo contempor\u00e1neo inspirada en la esencia de la artesan\u00eda africana. Dissenyada pel reconegut arquitecte Patrick Norguet, la taula Kobo es caracteritza pel seu imponent tauler de gran gruix que descansa sobre potes tornejades de gener\u00f3s di\u00e0metre, aconseguint un equilibri perfecte [&hellip;]<\/p>\n","protected":false},"author":1,"featured_media":0,"parent":0,"menu_order":0,"comment_status":"closed","ping_status":"closed","template":"","meta":{"footnotes":""},"class_list":["post-82247","page","type-page","status-publish","hentry"],"aioseo_notices":[],"_links":{"self":[{"href":"https:\/\/www.mirsa.es\/ca\/wp-json\/wp\/v2\/pages\/82247","targetHints":{"allow":["GET"]}}],"collection":[{"href":"https:\/\/www.mirsa.es\/ca\/wp-json\/wp\/v2\/pages"}],"about":[{"href":"https:\/\/www.mirsa.es\/ca\/wp-json\/wp\/v2\/types\/page"}],"author":[{"embeddable":true,"href":"https:\/\/www.mirsa.es\/ca\/wp-json\/wp\/v2\/users\/1"}],"replies":[{"embeddable":true,"href":"https:\/\/www.mirsa.es\/ca\/wp-json\/wp\/v2\/comments?post=82247"}],"version-history":[{"count":0,"href":"https:\/\/www.mirsa.es\/ca\/wp-json\/wp\/v2\/pages\/82247\/revisions"}],"wp:attachment":[{"href":"https:\/\/www.mirsa.es\/ca\/wp-json\/wp\/v2\/media?parent=82247"}],"curies":[{"name":"wp","href":"https:\/\/api.w.org\/{rel}","templated":true}]}}