{"id":81000,"date":"2024-08-14T10:55:11","date_gmt":"2024-08-14T10:55:11","guid":{"rendered":"https:\/\/www.mirsa.es\/sofa-adda-flexform\/"},"modified":"2024-08-14T11:03:12","modified_gmt":"2024-08-14T11:03:12","slug":"sofa-adda-flexform","status":"publish","type":"page","link":"https:\/\/www.mirsa.es\/ca\/sofa-adda-flexform\/","title":{"rendered":"Sofa Adda Flexform"},"content":{"rendered":"<div class=\"wpb-content-wrapper\"><p>[vc_row][vc_column][vc_column_text]<br \/>\n<img decoding=\"async\" class=\"wp-image-1077 size-large aligncenter\" title=\"Sofa Adda Flexform\" src=\"\/wp-content\/uploads\/2024\/08\/sofa_adda_flexform.jpg\" alt=\"Sofa Adda Flexform\" width=\"100%\" height=\"400\"\/><\/p>\n<h2 style=\"font-size: 16px; text-align: left;\"><strong>Adda, de la reconeguda firma italiana Flexform, \u00e9s un elegant i sofisticat sof\u00e0 d\u2019estil contemporani dissenyat pel prestigi\u00f3s Antonio Citterio.<\/strong><\/h2>\n<p style=\"font-size: 16px; text-align: left;\">La col\u00b7lecci\u00f3 es caracteritza per les seves l\u00ednies pures i equilibrades, que creen una estructura lleugera amb formes suaus i acollidores.<\/p>\n<p style=\"font-size: 16px; text-align: left;\">El sof\u00e0 Adda s\u2019eleva del terra mitjan\u00e7ant una innovadora base de metall, que es presenta entapissada en pell o en tela, mentre que les potes visibles en alumini fos revelen un estil equilibrat i contemporani.<\/p>\n<p style=\"font-size: 16px; text-align: left;\">Gr\u00e0cies al seu sistema modular, la col\u00b7lecci\u00f3 ofereix infinites opcions de configuraci\u00f3 i personalitzaci\u00f3, proporcionant solucions elegants i funcionals per a la zona de dia.<\/p>\n<p style=\"font-size: 16px; text-align: left;\">La costura longitudinal dels coixins, que produeix una lleugera ondulaci\u00f3 a la superf\u00edcie de l\u2019entapissat, confereix un tret distintiu al sof\u00e0, aportant exclusivitat i distinci\u00f3.<\/p>\n<p style=\"font-size: 16px; text-align: left;\">A MIRSA interiorisme &#038; mobiliari som distribu\u00efdors oficials de Flexform. Per a m\u00e9s informaci\u00f3, visiti el nostre showroom o contacti amb nosaltres.<\/p>\n<p>[\/vc_column_text][vc_row_inner][vc_column_inner]<style type=\"text\/css\">#bklyn_btn_69d294051aa03 .bklyn-btn { color:#ffffff !important; background-color:black !important; }<\/style><div id=\"bklyn_btn_69d294051aa03\" class=\"bklyn-btn-holder  bklyn-btn-center bklyn-btn-tablet-center bklyn-btn-mobile-center\"><a title=\"Contacto\"   href=\"\/contacto\" target=\"_self\" class=\"bklyn-btn  bklyn-btn-icon-left bklyn-btn-normal\" ><i class=\"fa fa-envelope\"><\/i><span class=\"ut-btn-text\">M\u00e9s informaci\u00f3<\/span><\/a><\/div>[\/vc_column_inner][\/vc_row_inner][\/vc_column][\/vc_row]<\/p>\n<\/div>","protected":false},"excerpt":{"rendered":"<p>[vc_row][vc_column][vc_column_text] Adda, de la reconeguda firma italiana Flexform, \u00e9s un elegant i sofisticat sof\u00e0 d\u2019estil contemporani dissenyat pel prestigi\u00f3s Antonio Citterio. La col\u00b7lecci\u00f3 es caracteritza per les seves l\u00ednies pures i equilibrades, que creen una estructura lleugera amb formes suaus i acollidores. El sof\u00e0 Adda s\u2019eleva del terra mitjan\u00e7ant una innovadora base de metall, que [&hellip;]<\/p>\n","protected":false},"author":1,"featured_media":0,"parent":0,"menu_order":0,"comment_status":"closed","ping_status":"closed","template":"","meta":{"footnotes":""},"class_list":["post-81000","page","type-page","status-publish","hentry"],"aioseo_notices":[],"_links":{"self":[{"href":"https:\/\/www.mirsa.es\/ca\/wp-json\/wp\/v2\/pages\/81000","targetHints":{"allow":["GET"]}}],"collection":[{"href":"https:\/\/www.mirsa.es\/ca\/wp-json\/wp\/v2\/pages"}],"about":[{"href":"https:\/\/www.mirsa.es\/ca\/wp-json\/wp\/v2\/types\/page"}],"author":[{"embeddable":true,"href":"https:\/\/www.mirsa.es\/ca\/wp-json\/wp\/v2\/users\/1"}],"replies":[{"embeddable":true,"href":"https:\/\/www.mirsa.es\/ca\/wp-json\/wp\/v2\/comments?post=81000"}],"version-history":[{"count":0,"href":"https:\/\/www.mirsa.es\/ca\/wp-json\/wp\/v2\/pages\/81000\/revisions"}],"wp:attachment":[{"href":"https:\/\/www.mirsa.es\/ca\/wp-json\/wp\/v2\/media?parent=81000"}],"curies":[{"name":"wp","href":"https:\/\/api.w.org\/{rel}","templated":true}]}}