{"id":80916,"date":"2024-08-06T15:52:59","date_gmt":"2024-08-06T15:52:59","guid":{"rendered":"https:\/\/www.mirsa.es\/sofa-romeo-flexform\/"},"modified":"2024-08-06T16:03:59","modified_gmt":"2024-08-06T16:03:59","slug":"sofa-romeo-flexform","status":"publish","type":"page","link":"https:\/\/www.mirsa.es\/ca\/sofa-romeo-flexform\/","title":{"rendered":"Sofa Romeo Flexform"},"content":{"rendered":"<div class=\"wpb-content-wrapper\"><p>[vc_row][vc_column][vc_column_text]<br \/>\n<img decoding=\"async\" class=\"wp-image-1077 size-large aligncenter\" title=\"Sofa Romeo Flexform\" src=\"\/wp-content\/uploads\/2024\/08\/sofa_romeo_flexform.jpg\" alt=\"Sofa Romeo Flexform\" width=\"100%\" height=\"400\" \/><\/p>\n<h2 style=\"font-size: 16px; text-align: left;\"><strong>Romeo de la prestigiosa firma italiana Flexform \u00e9s un elegant i exclusiu sof\u00e0 d&#8217;estil contemporani dissenyat pel reconegut Antonio Citterio.<\/strong><\/h2>\n<p style=\"font-size: 16px; text-align: left;\">Es tracta d&#8217;un sof\u00e0 esvelt i de l\u00ednies equilibrades, que s&#8217;eleva del terra gr\u00e0cies a unes lleugeres potes d&#8217;alumini fos a pressi\u00f3.<\/p>\n<p style=\"font-size: 16px; text-align: left;\">El sof\u00e0 Romeo es caracteritza pels seus volums proporcionats i per l&#8217;atenci\u00f3 al detall, ressaltant l&#8217;harmonia de les seves formes.<\/p>\n<p style=\"font-size: 16px; text-align: left;\">Gr\u00e0cies a la inclinaci\u00f3 del seient i al gener\u00f3s volum dels coixins, Romeo garanteix el m\u00e0xim confort sense renunciar a una est\u00e8tica elegant i sofisticada.<\/p>\n<p style=\"font-size: 16px; text-align: left;\">La col\u00b7lecci\u00f3 destaca per la seva versatilitat i polival\u00e8ncia, permetent m\u00faltiples opcions de configuraci\u00f3 i personalitzaci\u00f3, adaptant-se amb facilitat a qualsevol tipus d&#8217;espai.<\/p>\n<p style=\"font-size: 16px; text-align: left;\">A MIRSA interiorisme &#038; mobiliari som distribu\u00efdors oficials de Flexform. Per a m\u00e9s informaci\u00f3, visiti el nostre Showroom o contacti amb nosaltres.<\/p>\n<p>[\/vc_column_text][vc_row_inner][vc_column_inner]<style type=\"text\/css\">#bklyn_btn_69d1c88b6f017 .bklyn-btn { color:#ffffff !important; background-color:black !important; }<\/style><div id=\"bklyn_btn_69d1c88b6f017\" class=\"bklyn-btn-holder  bklyn-btn-center bklyn-btn-tablet-center bklyn-btn-mobile-center\"><a title=\"Contacto\"   href=\"\/contacto\" target=\"_self\" class=\"bklyn-btn  bklyn-btn-icon-left bklyn-btn-normal\" ><i class=\"fa fa-envelope\"><\/i><span class=\"ut-btn-text\">M\u00e9s informaci\u00f3<\/span><\/a><\/div>[\/vc_column_inner][\/vc_row_inner][\/vc_column][\/vc_row]<\/p>\n<\/div>","protected":false},"excerpt":{"rendered":"<p>[vc_row][vc_column][vc_column_text] Romeo de la prestigiosa firma italiana Flexform \u00e9s un elegant i exclusiu sof\u00e0 d&#8217;estil contemporani dissenyat pel reconegut Antonio Citterio. Es tracta d&#8217;un sof\u00e0 esvelt i de l\u00ednies equilibrades, que s&#8217;eleva del terra gr\u00e0cies a unes lleugeres potes d&#8217;alumini fos a pressi\u00f3. El sof\u00e0 Romeo es caracteritza pels seus volums proporcionats i per l&#8217;atenci\u00f3 [&hellip;]<\/p>\n","protected":false},"author":1,"featured_media":0,"parent":0,"menu_order":0,"comment_status":"closed","ping_status":"closed","template":"","meta":{"footnotes":""},"class_list":["post-80916","page","type-page","status-publish","hentry"],"aioseo_notices":[],"_links":{"self":[{"href":"https:\/\/www.mirsa.es\/ca\/wp-json\/wp\/v2\/pages\/80916","targetHints":{"allow":["GET"]}}],"collection":[{"href":"https:\/\/www.mirsa.es\/ca\/wp-json\/wp\/v2\/pages"}],"about":[{"href":"https:\/\/www.mirsa.es\/ca\/wp-json\/wp\/v2\/types\/page"}],"author":[{"embeddable":true,"href":"https:\/\/www.mirsa.es\/ca\/wp-json\/wp\/v2\/users\/1"}],"replies":[{"embeddable":true,"href":"https:\/\/www.mirsa.es\/ca\/wp-json\/wp\/v2\/comments?post=80916"}],"version-history":[{"count":0,"href":"https:\/\/www.mirsa.es\/ca\/wp-json\/wp\/v2\/pages\/80916\/revisions"}],"wp:attachment":[{"href":"https:\/\/www.mirsa.es\/ca\/wp-json\/wp\/v2\/media?parent=80916"}],"curies":[{"name":"wp","href":"https:\/\/api.w.org\/{rel}","templated":true}]}}