{"id":80872,"date":"2024-08-01T15:41:28","date_gmt":"2024-08-01T15:41:28","guid":{"rendered":"https:\/\/www.mirsa.es\/flexform-sofas-diseno\/"},"modified":"2024-08-02T14:10:45","modified_gmt":"2024-08-02T14:10:45","slug":"flexform-sofas-diseno","status":"publish","type":"page","link":"https:\/\/www.mirsa.es\/ca\/flexform-sofas-diseno\/","title":{"rendered":"Flexform Sofas de disseny"},"content":{"rendered":"<div class=\"wpb-content-wrapper\"><p>[vc_section el_id=&#8221;SofasFlexform&#8221;][vc_row][vc_column][vc_column_text]<\/p>\n<p style=\"font-size: 16px;\">Flexform \u00e9s una firma italiana reconeguda pels seus sof\u00e0s de disseny contemporani, destacant en eleg\u00e0ncia, comoditat i qualitat superior. Els sof\u00e0s Flexform combinen est\u00e8tica i funcionalitat, utilitzant materials d&#8217;alta gamma i una atenci\u00f3 meticulosa al detall. Cada pe\u00e7a reflecteix una simplicitat sofisticada, amb l\u00ednies netes i volums generosos, creant mobles atemporals i vers\u00e0tils per a qualsevol ambient.<\/p>\n<h2 style=\"font-size: 18px; text-align: left;\"><b>Els sof\u00e0s m\u00e9s exclusius<\/b><\/h2>\n<p style=\"font-size: 16px; text-align: left;\">Entre els models m\u00e9s emblem\u00e0tics de Flexform es troba el Groundpiece,<a href=\"https:\/\/www.mirsa.es\/ca\/sofa-groundpiece-flexform\/\">Groundpiece<\/a>,  dissenyat per <a href=\"\">Antonio Citterio<\/a>. Aquest sof\u00e0 es distingeix per les seves proporcions baixes i profundes, convidant a la relaxaci\u00f3 i permetent diverses composicions modulars. Els coixins de plomes i els amplis seients ofereixen una comoditat excepcional, mentre que els acabats en cuir i tela d&#8217;alta qualitat subratllen el luxe discret de la pe\u00e7a.<\/p>\n<p style=\"font-size: 16px; text-align: left;\">Un altre model destacat \u00e9s el <a href=\"\/sofa-lifesteel-flexform\/\">sofa Lifesteel<\/a>, tamb\u00e9 dissenyat per Antonio Citterio, que combina una estructura lleugera de metall amb coixins suaus i acollidors. Aquest disseny fusiona materials industrials amb elements de confort casol\u00e0, aconseguint un contrast visual atractiu i una pe\u00e7a robusta per\u00f2 elegant. El Lifesteel \u00e9s ideal per a aquells que busquen un disseny modern i funcional sense sacrificar la comoditat.<\/p>\n<h2 style=\"font-size: 18px; text-align: left;\"><b>Personalitzaci\u00f3 i disseny<\/b><\/h2>\n<p style=\"font-size: 16px; text-align: left;\">Flexform ofereix una \u00e0mplia personalitzaci\u00f3 per adaptar-se a les necessitats de cada client. Els sof\u00e0s es poden configurar en diferents mides i formes, disponibles en una gran varietat de teixits i colors. Aquesta flexibilitat permet crear mobles que s&#8217;ajustin perfectament a l&#8217;espai i estil personal del client. La qualitat en la fabricaci\u00f3 assegura durabilitat i longevitat, fent dels sof\u00e0s Flexform una inversi\u00f3 en estil i confort.<\/p>\n<p style=\"font-size: 16px; text-align: left;\">A MIRSA interiorisme &#038; mobiliari som distribu\u00efdors oficials Flexform. Per a m\u00e9s informaci\u00f3, visiti el nostre Showroom o contacti amb nosaltres.<\/p>\n<p>[\/vc_column_text][\/vc_column][\/vc_row][vc_row][vc_column][vc_row_inner][vc_column_inner width=&#8221;1\/2&#8243;]<div  class=\"wpb_content_element   clearfix\"><style type=\"text\/css\">#ut_am_6a0910bebc66c { opacity: 1; }#ut_am_wrap_6a0910bebc66d { text-align: left; }@media (min-width: 768px) and (max-width: 1024px) { #ut_am_wrap_6a0910bebc66d { text-align: left !important; } }@media (max-width: 767px) { #ut_am_wrap_6a0910bebc66d { text-align: center !important; } }<\/style><div id=\"ut_am_wrap_6a0910bebc66d\" class=\"ut-image-gallery-image \"><div id=\"ut_reveal_6a0910bebc66e\"  data-appear-top-offset=\"auto\" class=\"ut-animated-image-item ut-image-gallery-item ut-animation-done \"><a class=\"ut-deactivated-link\" href=\"#\"><div class=\"ut-animated-image-zoom\">\r\n        <div class=\"ut-element-glitch-wrap\">\r\n\r\n            \r\n        <style type=\"text\/css\">\r\n\r\n                        \r\n        @media (min-width: 1025px) {\r\n\r\n        #ut-element-glitch-6a0910bebc690982567949-80852 .ut-glitch-single-element {\r\n                                            \r\n                }\r\n        }\r\n\r\n        @media (min-width: 768px) and (max-width: 1024px) {\r\n\r\n        #ut-element-glitch-6a0910bebc690982567949-80852 .ut-glitch-single-element {\r\n                                                \r\n                    }\r\n        }\r\n\r\n        @media (max-width: 767px) {\r\n\r\n        #ut-element-glitch-6a0910bebc690982567949-80852 .ut-glitch-single-element {\r\n                                                \r\n                    }\r\n        }\r\n\r\n        \r\n        <\/style>\r\n\r\n        \r\n            <div id=\"ut-element-glitch-6a0910bebc690982567949-80852\" class=\" ut-element-glitch ut-glitch-none ut-element-glitch-permanent\">\r\n                <div class=\"ut-glitch-single-element ut-lozad skip-lazy\" data-background-image=\"https:\/\/www.mirsa.es\/wp-content\/uploads\/2024\/08\/sofa_flexform_001.jpg\"><\/div>\r\n                <div class=\"ut-glitch-single-element ut-lozad skip-lazy\" data-background-image=\"https:\/\/www.mirsa.es\/wp-content\/uploads\/2024\/08\/sofa_flexform_001.jpg\"><\/div>\r\n                <div class=\"ut-glitch-single-element ut-lozad skip-lazy\" data-background-image=\"https:\/\/www.mirsa.es\/wp-content\/uploads\/2024\/08\/sofa_flexform_001.jpg\"><\/div>\r\n                <div class=\"ut-glitch-single-element ut-lozad skip-lazy\" data-background-image=\"https:\/\/www.mirsa.es\/wp-content\/uploads\/2024\/08\/sofa_flexform_001.jpg\"><\/div>\r\n                <div class=\"ut-glitch-single-element ut-lozad skip-lazy\" data-background-image=\"https:\/\/www.mirsa.es\/wp-content\/uploads\/2024\/08\/sofa_flexform_001.jpg\"><\/div>\r\n            <\/div>\r\n\r\n        <\/div>\r\n\r\n        <img loading=\"lazy\" decoding=\"async\" class=\"ut-lazy skip-lazy ut-animated-image \"  id=\"ut_am_6a0910bebc66c\" src=\"data:image\/svg+xml;charset=utf-8,%3Csvg xmlns%3D'http%3A%2F%2Fwww.w3.org%2F2000%2Fsvg' viewBox%3D'0 0 800 500'%2F%3E\" data-src=\"https:\/\/www.mirsa.es\/wp-content\/uploads\/2024\/08\/sofa_flexform_001.jpg\" width=\"800\" height=\"500\" alt=\"\"\/><\/div><\/a><\/div><\/div><\/div>[\/vc_column_inner][vc_column_inner width=&#8221;1\/2&#8243;]<div  class=\"wpb_content_element   clearfix\"><style type=\"text\/css\">#ut_am_6a0910bebcc80 { opacity: 1; }#ut_am_wrap_6a0910bebcc81 { text-align: left; }@media (min-width: 768px) and (max-width: 1024px) { #ut_am_wrap_6a0910bebcc81 { text-align: left !important; } }@media (max-width: 767px) { #ut_am_wrap_6a0910bebcc81 { text-align: center !important; } }<\/style><div id=\"ut_am_wrap_6a0910bebcc81\" class=\"ut-image-gallery-image \"><div id=\"ut_reveal_6a0910bebcc82\"  data-appear-top-offset=\"auto\" class=\"ut-animated-image-item ut-image-gallery-item ut-animation-done \"><a class=\"ut-deactivated-link\" href=\"#\"><div class=\"ut-animated-image-zoom\">\r\n        <div class=\"ut-element-glitch-wrap\">\r\n\r\n            \r\n        <style type=\"text\/css\">\r\n\r\n                        \r\n        @media (min-width: 1025px) {\r\n\r\n        #ut-element-glitch-6a0910bebcc96534163173-80855 .ut-glitch-single-element {\r\n                                            \r\n                }\r\n        }\r\n\r\n        @media (min-width: 768px) and (max-width: 1024px) {\r\n\r\n        #ut-element-glitch-6a0910bebcc96534163173-80855 .ut-glitch-single-element {\r\n                                                \r\n                    }\r\n        }\r\n\r\n        @media (max-width: 767px) {\r\n\r\n        #ut-element-glitch-6a0910bebcc96534163173-80855 .ut-glitch-single-element {\r\n                                                \r\n                    }\r\n        }\r\n\r\n        \r\n        <\/style>\r\n\r\n        \r\n            <div id=\"ut-element-glitch-6a0910bebcc96534163173-80855\" class=\" ut-element-glitch ut-glitch-none ut-element-glitch-permanent\">\r\n                <div class=\"ut-glitch-single-element ut-lozad skip-lazy\" data-background-image=\"https:\/\/www.mirsa.es\/wp-content\/uploads\/2024\/08\/sofa_flexform_02.jpg\"><\/div>\r\n                <div class=\"ut-glitch-single-element ut-lozad skip-lazy\" data-background-image=\"https:\/\/www.mirsa.es\/wp-content\/uploads\/2024\/08\/sofa_flexform_02.jpg\"><\/div>\r\n                <div class=\"ut-glitch-single-element ut-lozad skip-lazy\" data-background-image=\"https:\/\/www.mirsa.es\/wp-content\/uploads\/2024\/08\/sofa_flexform_02.jpg\"><\/div>\r\n                <div class=\"ut-glitch-single-element ut-lozad skip-lazy\" data-background-image=\"https:\/\/www.mirsa.es\/wp-content\/uploads\/2024\/08\/sofa_flexform_02.jpg\"><\/div>\r\n                <div class=\"ut-glitch-single-element ut-lozad skip-lazy\" data-background-image=\"https:\/\/www.mirsa.es\/wp-content\/uploads\/2024\/08\/sofa_flexform_02.jpg\"><\/div>\r\n            <\/div>\r\n\r\n        <\/div>\r\n\r\n        <img loading=\"lazy\" decoding=\"async\" class=\"ut-lazy skip-lazy ut-animated-image \"  id=\"ut_am_6a0910bebcc80\" src=\"data:image\/svg+xml;charset=utf-8,%3Csvg xmlns%3D'http%3A%2F%2Fwww.w3.org%2F2000%2Fsvg' viewBox%3D'0 0 800 500'%2F%3E\" data-src=\"https:\/\/www.mirsa.es\/wp-content\/uploads\/2024\/08\/sofa_flexform_02.jpg\" width=\"800\" height=\"500\" alt=\"\"\/><\/div><\/a><\/div><\/div><\/div>[\/vc_column_inner][\/vc_row_inner][vc_row_inner][vc_column_inner width=&#8221;1\/2&#8243;]<div  class=\"wpb_content_element   clearfix\"><style type=\"text\/css\">#ut_am_6a0910bebd1df { opacity: 1; }#ut_am_wrap_6a0910bebd1e0 { text-align: left; }@media (min-width: 768px) and (max-width: 1024px) { #ut_am_wrap_6a0910bebd1e0 { text-align: left !important; } }@media (max-width: 767px) { #ut_am_wrap_6a0910bebd1e0 { text-align: center !important; } }<\/style><div id=\"ut_am_wrap_6a0910bebd1e0\" class=\"ut-image-gallery-image \"><div id=\"ut_reveal_6a0910bebd1e1\"  data-appear-top-offset=\"auto\" class=\"ut-animated-image-item ut-image-gallery-item ut-animation-done \"><a class=\"ut-deactivated-link\" href=\"#\"><div class=\"ut-animated-image-zoom\">\r\n        <div class=\"ut-element-glitch-wrap\">\r\n\r\n            \r\n        <style type=\"text\/css\">\r\n\r\n                        \r\n        @media (min-width: 1025px) {\r\n\r\n        #ut-element-glitch-6a0910bebd1f5350499328-80858 .ut-glitch-single-element {\r\n                                            \r\n                }\r\n        }\r\n\r\n        @media (min-width: 768px) and (max-width: 1024px) {\r\n\r\n        #ut-element-glitch-6a0910bebd1f5350499328-80858 .ut-glitch-single-element {\r\n                                                \r\n                    }\r\n        }\r\n\r\n        @media (max-width: 767px) {\r\n\r\n        #ut-element-glitch-6a0910bebd1f5350499328-80858 .ut-glitch-single-element {\r\n                                                \r\n                    }\r\n        }\r\n\r\n        \r\n        <\/style>\r\n\r\n        \r\n            <div id=\"ut-element-glitch-6a0910bebd1f5350499328-80858\" class=\" ut-element-glitch ut-glitch-none ut-element-glitch-permanent\">\r\n                <div class=\"ut-glitch-single-element ut-lozad skip-lazy\" data-background-image=\"https:\/\/www.mirsa.es\/wp-content\/uploads\/2024\/08\/sofa_flexform_03.jpg\"><\/div>\r\n                <div class=\"ut-glitch-single-element ut-lozad skip-lazy\" data-background-image=\"https:\/\/www.mirsa.es\/wp-content\/uploads\/2024\/08\/sofa_flexform_03.jpg\"><\/div>\r\n                <div class=\"ut-glitch-single-element ut-lozad skip-lazy\" data-background-image=\"https:\/\/www.mirsa.es\/wp-content\/uploads\/2024\/08\/sofa_flexform_03.jpg\"><\/div>\r\n                <div class=\"ut-glitch-single-element ut-lozad skip-lazy\" data-background-image=\"https:\/\/www.mirsa.es\/wp-content\/uploads\/2024\/08\/sofa_flexform_03.jpg\"><\/div>\r\n                <div class=\"ut-glitch-single-element ut-lozad skip-lazy\" data-background-image=\"https:\/\/www.mirsa.es\/wp-content\/uploads\/2024\/08\/sofa_flexform_03.jpg\"><\/div>\r\n            <\/div>\r\n\r\n        <\/div>\r\n\r\n        <img loading=\"lazy\" decoding=\"async\" class=\"ut-lazy skip-lazy ut-animated-image \"  id=\"ut_am_6a0910bebd1df\" src=\"data:image\/svg+xml;charset=utf-8,%3Csvg xmlns%3D'http%3A%2F%2Fwww.w3.org%2F2000%2Fsvg' viewBox%3D'0 0 800 500'%2F%3E\" data-src=\"https:\/\/www.mirsa.es\/wp-content\/uploads\/2024\/08\/sofa_flexform_03.jpg\" width=\"800\" height=\"500\" alt=\"\"\/><\/div><\/a><\/div><\/div><\/div>[\/vc_column_inner][vc_column_inner width=&#8221;1\/2&#8243;]<div  class=\"wpb_content_element   clearfix\"><style type=\"text\/css\">#ut_am_6a0910bebd8a8 { opacity: 1; }#ut_am_wrap_6a0910bebd8a9 { text-align: left; }@media (min-width: 768px) and (max-width: 1024px) { #ut_am_wrap_6a0910bebd8a9 { text-align: left !important; } }@media (max-width: 767px) { #ut_am_wrap_6a0910bebd8a9 { text-align: center !important; } }<\/style><div id=\"ut_am_wrap_6a0910bebd8a9\" class=\"ut-image-gallery-image \"><div id=\"ut_reveal_6a0910bebd8aa\"  data-appear-top-offset=\"auto\" class=\"ut-animated-image-item ut-image-gallery-item ut-animation-done \"><a class=\"ut-deactivated-link\" href=\"#\"><div class=\"ut-animated-image-zoom\">\r\n        <div class=\"ut-element-glitch-wrap\">\r\n\r\n            \r\n        <style type=\"text\/css\">\r\n\r\n                        \r\n        @media (min-width: 1025px) {\r\n\r\n        #ut-element-glitch-6a0910bebd8be905993378-80861 .ut-glitch-single-element {\r\n                                            \r\n                }\r\n        }\r\n\r\n        @media (min-width: 768px) and (max-width: 1024px) {\r\n\r\n        #ut-element-glitch-6a0910bebd8be905993378-80861 .ut-glitch-single-element {\r\n                                                \r\n                    }\r\n        }\r\n\r\n        @media (max-width: 767px) {\r\n\r\n        #ut-element-glitch-6a0910bebd8be905993378-80861 .ut-glitch-single-element {\r\n                                                \r\n                    }\r\n        }\r\n\r\n        \r\n        <\/style>\r\n\r\n        \r\n            <div id=\"ut-element-glitch-6a0910bebd8be905993378-80861\" class=\" ut-element-glitch ut-glitch-none ut-element-glitch-permanent\">\r\n                <div class=\"ut-glitch-single-element ut-lozad skip-lazy\" data-background-image=\"https:\/\/www.mirsa.es\/wp-content\/uploads\/2024\/08\/sofa_flexform_04.jpg\"><\/div>\r\n                <div class=\"ut-glitch-single-element ut-lozad skip-lazy\" data-background-image=\"https:\/\/www.mirsa.es\/wp-content\/uploads\/2024\/08\/sofa_flexform_04.jpg\"><\/div>\r\n                <div class=\"ut-glitch-single-element ut-lozad skip-lazy\" data-background-image=\"https:\/\/www.mirsa.es\/wp-content\/uploads\/2024\/08\/sofa_flexform_04.jpg\"><\/div>\r\n                <div class=\"ut-glitch-single-element ut-lozad skip-lazy\" data-background-image=\"https:\/\/www.mirsa.es\/wp-content\/uploads\/2024\/08\/sofa_flexform_04.jpg\"><\/div>\r\n                <div class=\"ut-glitch-single-element ut-lozad skip-lazy\" data-background-image=\"https:\/\/www.mirsa.es\/wp-content\/uploads\/2024\/08\/sofa_flexform_04.jpg\"><\/div>\r\n            <\/div>\r\n\r\n        <\/div>\r\n\r\n        <img loading=\"lazy\" decoding=\"async\" class=\"ut-lazy skip-lazy ut-animated-image \"  id=\"ut_am_6a0910bebd8a8\" src=\"data:image\/svg+xml;charset=utf-8,%3Csvg xmlns%3D'http%3A%2F%2Fwww.w3.org%2F2000%2Fsvg' viewBox%3D'0 0 800 500'%2F%3E\" data-src=\"https:\/\/www.mirsa.es\/wp-content\/uploads\/2024\/08\/sofa_flexform_04.jpg\" width=\"800\" height=\"500\" alt=\"\"\/><\/div><\/a><\/div><\/div><\/div>[\/vc_column_inner][\/vc_row_inner][vc_row_inner][vc_column_inner width=&#8221;1\/2&#8243;]<div  class=\"wpb_content_element   clearfix\"><style type=\"text\/css\">#ut_am_6a0910bebdeba { opacity: 1; }#ut_am_wrap_6a0910bebdebb { text-align: left; }@media (min-width: 768px) and (max-width: 1024px) { #ut_am_wrap_6a0910bebdebb { text-align: left !important; } }@media (max-width: 767px) { #ut_am_wrap_6a0910bebdebb { text-align: center !important; } }<\/style><div id=\"ut_am_wrap_6a0910bebdebb\" class=\"ut-image-gallery-image \"><div id=\"ut_reveal_6a0910bebdebc\"  data-appear-top-offset=\"auto\" class=\"ut-animated-image-item ut-image-gallery-item ut-animation-done \"><a class=\"ut-deactivated-link\" href=\"#\"><div class=\"ut-animated-image-zoom\">\r\n        <div class=\"ut-element-glitch-wrap\">\r\n\r\n            \r\n        <style type=\"text\/css\">\r\n\r\n                        \r\n        @media (min-width: 1025px) {\r\n\r\n        #ut-element-glitch-6a0910bebded0509541275-80864 .ut-glitch-single-element {\r\n                                            \r\n                }\r\n        }\r\n\r\n        @media (min-width: 768px) and (max-width: 1024px) {\r\n\r\n        #ut-element-glitch-6a0910bebded0509541275-80864 .ut-glitch-single-element {\r\n                                                \r\n                    }\r\n        }\r\n\r\n        @media (max-width: 767px) {\r\n\r\n        #ut-element-glitch-6a0910bebded0509541275-80864 .ut-glitch-single-element {\r\n                                                \r\n                    }\r\n        }\r\n\r\n        \r\n        <\/style>\r\n\r\n        \r\n            <div id=\"ut-element-glitch-6a0910bebded0509541275-80864\" class=\" ut-element-glitch ut-glitch-none ut-element-glitch-permanent\">\r\n                <div class=\"ut-glitch-single-element ut-lozad skip-lazy\" data-background-image=\"https:\/\/www.mirsa.es\/wp-content\/uploads\/2024\/08\/sofa_flexform_05.jpg\"><\/div>\r\n                <div class=\"ut-glitch-single-element ut-lozad skip-lazy\" data-background-image=\"https:\/\/www.mirsa.es\/wp-content\/uploads\/2024\/08\/sofa_flexform_05.jpg\"><\/div>\r\n                <div class=\"ut-glitch-single-element ut-lozad skip-lazy\" data-background-image=\"https:\/\/www.mirsa.es\/wp-content\/uploads\/2024\/08\/sofa_flexform_05.jpg\"><\/div>\r\n                <div class=\"ut-glitch-single-element ut-lozad skip-lazy\" data-background-image=\"https:\/\/www.mirsa.es\/wp-content\/uploads\/2024\/08\/sofa_flexform_05.jpg\"><\/div>\r\n                <div class=\"ut-glitch-single-element ut-lozad skip-lazy\" data-background-image=\"https:\/\/www.mirsa.es\/wp-content\/uploads\/2024\/08\/sofa_flexform_05.jpg\"><\/div>\r\n            <\/div>\r\n\r\n        <\/div>\r\n\r\n        <img loading=\"lazy\" decoding=\"async\" class=\"ut-lazy skip-lazy ut-animated-image \"  id=\"ut_am_6a0910bebdeba\" src=\"data:image\/svg+xml;charset=utf-8,%3Csvg xmlns%3D'http%3A%2F%2Fwww.w3.org%2F2000%2Fsvg' viewBox%3D'0 0 800 500'%2F%3E\" data-src=\"https:\/\/www.mirsa.es\/wp-content\/uploads\/2024\/08\/sofa_flexform_05.jpg\" width=\"800\" height=\"500\" alt=\"\"\/><\/div><\/a><\/div><\/div><\/div>[\/vc_column_inner][vc_column_inner width=&#8221;1\/2&#8243;]<div  class=\"wpb_content_element   clearfix\"><style type=\"text\/css\">#ut_am_6a0910bebe522 { opacity: 1; }#ut_am_wrap_6a0910bebe523 { text-align: left; }@media (min-width: 768px) and (max-width: 1024px) { #ut_am_wrap_6a0910bebe523 { text-align: left !important; } }@media (max-width: 767px) { #ut_am_wrap_6a0910bebe523 { text-align: center !important; } }<\/style><div id=\"ut_am_wrap_6a0910bebe523\" class=\"ut-image-gallery-image \"><div id=\"ut_reveal_6a0910bebe524\"  data-appear-top-offset=\"auto\" class=\"ut-animated-image-item ut-image-gallery-item ut-animation-done \"><a class=\"ut-deactivated-link\" href=\"#\"><div class=\"ut-animated-image-zoom\">\r\n        <div class=\"ut-element-glitch-wrap\">\r\n\r\n            \r\n        <style type=\"text\/css\">\r\n\r\n                        \r\n        @media (min-width: 1025px) {\r\n\r\n        #ut-element-glitch-6a0910bebe53e805703722-80867 .ut-glitch-single-element {\r\n                                            \r\n                }\r\n        }\r\n\r\n        @media (min-width: 768px) and (max-width: 1024px) {\r\n\r\n        #ut-element-glitch-6a0910bebe53e805703722-80867 .ut-glitch-single-element {\r\n                                                \r\n                    }\r\n        }\r\n\r\n        @media (max-width: 767px) {\r\n\r\n        #ut-element-glitch-6a0910bebe53e805703722-80867 .ut-glitch-single-element {\r\n                                                \r\n                    }\r\n        }\r\n\r\n        \r\n        <\/style>\r\n\r\n        \r\n            <div id=\"ut-element-glitch-6a0910bebe53e805703722-80867\" class=\" ut-element-glitch ut-glitch-none ut-element-glitch-permanent\">\r\n                <div class=\"ut-glitch-single-element ut-lozad skip-lazy\" data-background-image=\"https:\/\/www.mirsa.es\/wp-content\/uploads\/2024\/08\/sofa_flexform_06.jpg\"><\/div>\r\n                <div class=\"ut-glitch-single-element ut-lozad skip-lazy\" data-background-image=\"https:\/\/www.mirsa.es\/wp-content\/uploads\/2024\/08\/sofa_flexform_06.jpg\"><\/div>\r\n                <div class=\"ut-glitch-single-element ut-lozad skip-lazy\" data-background-image=\"https:\/\/www.mirsa.es\/wp-content\/uploads\/2024\/08\/sofa_flexform_06.jpg\"><\/div>\r\n                <div class=\"ut-glitch-single-element ut-lozad skip-lazy\" data-background-image=\"https:\/\/www.mirsa.es\/wp-content\/uploads\/2024\/08\/sofa_flexform_06.jpg\"><\/div>\r\n                <div class=\"ut-glitch-single-element ut-lozad skip-lazy\" data-background-image=\"https:\/\/www.mirsa.es\/wp-content\/uploads\/2024\/08\/sofa_flexform_06.jpg\"><\/div>\r\n            <\/div>\r\n\r\n        <\/div>\r\n\r\n        <img loading=\"lazy\" decoding=\"async\" class=\"ut-lazy skip-lazy ut-animated-image \"  id=\"ut_am_6a0910bebe522\" src=\"data:image\/svg+xml;charset=utf-8,%3Csvg xmlns%3D'http%3A%2F%2Fwww.w3.org%2F2000%2Fsvg' viewBox%3D'0 0 800 500'%2F%3E\" data-src=\"https:\/\/www.mirsa.es\/wp-content\/uploads\/2024\/08\/sofa_flexform_06.jpg\" width=\"800\" height=\"500\" alt=\"\"\/><\/div><\/a><\/div><\/div><\/div>[\/vc_column_inner][\/vc_row_inner][\/vc_column][\/vc_row][vc_row][vc_column][vc_row_inner][vc_column_inner]<style type=\"text\/css\">#bklyn_btn_6a0910bebe5b4 .bklyn-btn { color:#ffffff !important; border-color:#ffffff !important; border-width:1px !important; background-color:rgba(0, 0, 0, 0.93) !important; }#bklyn_btn_6a0910bebe5b4 a.bklyn-btn { font-weight:600 !important; }#bklyn_btn_6a0910bebe5b4.bklyn-btn-header a.bklyn-btn { font-weight:600 !important; }#bklyn_btn_6a0910bebe5b4.bklyn-btn-header a.bklyn-btn span { font-weight:600 !important; }#bklyn_btn_6a0910bebe5b4 a.bklyn-btn { font-family:inherit !important; }#bklyn_btn_6a0910bebe5b4 a i:before { font-size:12px; }#bklyn_btn_6a0910bebe5b4.bklyn-btn-holder a { margin-top:-px }<\/style><div id=\"bklyn_btn_6a0910bebe5b4\" class=\"bklyn-btn-holder  bklyn-btn-center bklyn-btn-tablet-center bklyn-btn-mobile-center\"><a title=\"Flexform\"   href=\"\/archiproducts\/#\/es\/productos\/brand_flexform\" target=\"_self\" class=\"bklyn-btn  bklyn-btn-outline bklyn-btn-icon-left bklyn-btn-small\" ><i class=\"\"><\/i><span class=\"ut-btn-text\">Veure Productes<\/span><\/a><\/div>[\/vc_column_inner][\/vc_row_inner][\/vc_column][\/vc_row][\/vc_section]<\/p>\n<\/div>","protected":false},"excerpt":{"rendered":"<p>[vc_section el_id=&#8221;SofasFlexform&#8221;][vc_row][vc_column][vc_column_text] Flexform \u00e9s una firma italiana reconeguda pels seus sof\u00e0s de disseny contemporani, destacant en eleg\u00e0ncia, comoditat i qualitat superior. Els sof\u00e0s Flexform combinen est\u00e8tica i funcionalitat, utilitzant materials d&#8217;alta gamma i una atenci\u00f3 meticulosa al detall. Cada pe\u00e7a reflecteix una simplicitat sofisticada, amb l\u00ednies netes i volums generosos, creant mobles atemporals i vers\u00e0tils [&hellip;]<\/p>\n","protected":false},"author":1,"featured_media":0,"parent":0,"menu_order":0,"comment_status":"closed","ping_status":"closed","template":"","meta":{"footnotes":""},"class_list":["post-80872","page","type-page","status-publish","hentry"],"aioseo_notices":[],"_links":{"self":[{"href":"https:\/\/www.mirsa.es\/ca\/wp-json\/wp\/v2\/pages\/80872","targetHints":{"allow":["GET"]}}],"collection":[{"href":"https:\/\/www.mirsa.es\/ca\/wp-json\/wp\/v2\/pages"}],"about":[{"href":"https:\/\/www.mirsa.es\/ca\/wp-json\/wp\/v2\/types\/page"}],"author":[{"embeddable":true,"href":"https:\/\/www.mirsa.es\/ca\/wp-json\/wp\/v2\/users\/1"}],"replies":[{"embeddable":true,"href":"https:\/\/www.mirsa.es\/ca\/wp-json\/wp\/v2\/comments?post=80872"}],"version-history":[{"count":0,"href":"https:\/\/www.mirsa.es\/ca\/wp-json\/wp\/v2\/pages\/80872\/revisions"}],"wp:attachment":[{"href":"https:\/\/www.mirsa.es\/ca\/wp-json\/wp\/v2\/media?parent=80872"}],"curies":[{"name":"wp","href":"https:\/\/api.w.org\/{rel}","templated":true}]}}