{"id":80760,"date":"2024-07-25T14:54:45","date_gmt":"2024-07-25T14:54:45","guid":{"rendered":"https:\/\/www.mirsa.es\/sofa-lifesteel-flexform\/"},"modified":"2024-07-25T15:18:37","modified_gmt":"2024-07-25T15:18:37","slug":"sofa-lifesteel-flexform","status":"publish","type":"page","link":"https:\/\/www.mirsa.es\/ca\/sofa-lifesteel-flexform\/","title":{"rendered":"Sofa Lifesteel Flexform"},"content":{"rendered":"<div class=\"wpb-content-wrapper\"><p>[vc_row][vc_column][vc_column_text]<br \/>\n<img decoding=\"async\" class=\"wp-image-1077 size-large aligncenter\" title=\"Sofa Lifesteel Flexform\" src=\"\/wp-content\/uploads\/2024\/07\/sofa_lifesteel_flexform.jpg\" alt=\"Sofa Lifesteel Flexform\" width=\"100%\" height=\"400\"\/><\/p>\n<h2 style=\"font-size: 16px; text-align: left;\"><strong>Lifesteel de la prestigiosa firma italiana Flexform \u00e9s un elegant i exclusiu sof\u00e0 d&#8217;estil contemporani patentat pel prestigi\u00f3s dissenyador itali\u00e0 Antonio Citterio.<\/strong><\/h2>\n<p style=\"font-size: 16px; text-align: left;\">Es tracta d&#8217;un espectacular sof\u00e0 modular que es caracteritza per la puresa de les seves l\u00ednies, que conformen una est\u00e8tica de proporcions harmonioses i equilibrades.<\/p>\n<p style=\"font-size: 16px; text-align: left;\">La col\u00b7lecci\u00f3 destaca pel seu innovador reposabra\u00e7os quadrat, que es diferencia completament de qualsevol altre model formant una peculiar estructura de grans dimensions.<\/p>\n<p style=\"font-size: 16px; text-align: left;\">El sof\u00e0 Lifesteel es distingeix pels seus detalls curosament confeccionats, com els perfils de grosgrain, que poden personalitzar-se per coincidir amb la tapisseria escollida o per oferir un contrast de color.<\/p>\n<p style=\"font-size: 16px; text-align: left;\">Aquesta atenci\u00f3 al detall i la possibilitat de personalitzaci\u00f3 permeten que el sof\u00e0 s&#8217;adapti perfectament a qualsevol ambient, afegint un toc de sofisticaci\u00f3 i eleg\u00e0ncia.<\/p>\n<p style=\"font-size: 16px; text-align: left;\">Gr\u00e0cies a les seves m\u00faltiples opcions de configuraci\u00f3 i personalitzaci\u00f3, el sof\u00e0 Lifesteel s&#8217;adapta a la perfecci\u00f3 a qualsevol tipus d&#8217;espai, oferint solucions elegants i funcionals.<\/p>\n<p style=\"font-size: 16px; text-align: left;\">A MIRSA interiorisme &#038; mobiliari som distribu\u00efdors oficials Flexform. Per a m\u00e9s informaci\u00f3, visiteu el nostre Showroom o contacteu amb nosaltres.<\/p>\n<p>[\/vc_column_text][vc_row_inner][vc_column_inner]<style type=\"text\/css\">#bklyn_btn_6a09211475f97 .bklyn-btn { color:#ffffff !important; background-color:black !important; }<\/style><div id=\"bklyn_btn_6a09211475f97\" class=\"bklyn-btn-holder  bklyn-btn-center bklyn-btn-tablet-center bklyn-btn-mobile-center\"><a title=\"Contacto\"   href=\"\/contacto\" target=\"_self\" class=\"bklyn-btn  bklyn-btn-icon-left bklyn-btn-normal\" ><i class=\"fa fa-envelope\"><\/i><span class=\"ut-btn-text\">M\u00e9s informaci\u00f3<\/span><\/a><\/div>[\/vc_column_inner][\/vc_row_inner][\/vc_column][\/vc_row]<\/p>\n<\/div>","protected":false},"excerpt":{"rendered":"<p>[vc_row][vc_column][vc_column_text] Lifesteel de la prestigiosa firma italiana Flexform \u00e9s un elegant i exclusiu sof\u00e0 d&#8217;estil contemporani patentat pel prestigi\u00f3s dissenyador itali\u00e0 Antonio Citterio. Es tracta d&#8217;un espectacular sof\u00e0 modular que es caracteritza per la puresa de les seves l\u00ednies, que conformen una est\u00e8tica de proporcions harmonioses i equilibrades. La col\u00b7lecci\u00f3 destaca pel seu innovador reposabra\u00e7os [&hellip;]<\/p>\n","protected":false},"author":1,"featured_media":0,"parent":0,"menu_order":0,"comment_status":"closed","ping_status":"closed","template":"","meta":{"footnotes":""},"class_list":["post-80760","page","type-page","status-publish","hentry"],"aioseo_notices":[],"_links":{"self":[{"href":"https:\/\/www.mirsa.es\/ca\/wp-json\/wp\/v2\/pages\/80760","targetHints":{"allow":["GET"]}}],"collection":[{"href":"https:\/\/www.mirsa.es\/ca\/wp-json\/wp\/v2\/pages"}],"about":[{"href":"https:\/\/www.mirsa.es\/ca\/wp-json\/wp\/v2\/types\/page"}],"author":[{"embeddable":true,"href":"https:\/\/www.mirsa.es\/ca\/wp-json\/wp\/v2\/users\/1"}],"replies":[{"embeddable":true,"href":"https:\/\/www.mirsa.es\/ca\/wp-json\/wp\/v2\/comments?post=80760"}],"version-history":[{"count":0,"href":"https:\/\/www.mirsa.es\/ca\/wp-json\/wp\/v2\/pages\/80760\/revisions"}],"wp:attachment":[{"href":"https:\/\/www.mirsa.es\/ca\/wp-json\/wp\/v2\/media?parent=80760"}],"curies":[{"name":"wp","href":"https:\/\/api.w.org\/{rel}","templated":true}]}}