{"id":80472,"date":"2024-07-11T13:34:24","date_gmt":"2024-07-11T13:34:24","guid":{"rendered":"https:\/\/www.mirsa.es\/sofa-groundpiece-flexform\/"},"modified":"2024-07-11T14:09:49","modified_gmt":"2024-07-11T14:09:49","slug":"sofa-groundpiece-flexform","status":"publish","type":"page","link":"https:\/\/www.mirsa.es\/ca\/sofa-groundpiece-flexform\/","title":{"rendered":"Sofa Groundpiece Flexform"},"content":{"rendered":"<div class=\"wpb-content-wrapper\"><p><img decoding=\"async\" class=\"wp-image-1077 size-large aligncenter\" title=\"Sofa Groundpiece Flexform\" src=\"\/wp-content\/uploads\/2024\/07\/sofa_groundpiece_flexform.jpg\" alt=\"Sofa Groundpiece Flexform\" width=\"100%\" height=\"400\" \/><\/p>\n<h2 style=\"font-size: 16px; text-align: left;\"><strong>Groundpiece, de la reconeguda firma italiana Flexform, \u00e9s un elegant i funcional sof\u00e0 d\u2019estil contemporani patentat pel prestigi\u00f3s dissenyador Antonio Citterio.<\/strong><\/h2>\n<p style=\"font-size: 16px; text-align: left;\">La col\u00b7lecci\u00f3, presentada el 2001, s\u2019ha convertit en el best-seller de la firma, revolucionant per complet el concepte de sof\u00e0 i creant un sistema de seients innovador i atemporal.<\/p>\n<p style=\"font-size: 16px; text-align: left;\">El sof\u00e0 Groundpiece es caracteritza per la seva al\u00e7ada baixa i la seva assentada profunda, especialment dissenyada per afavorir una posici\u00f3 confortable i informal.<\/p>\n<p style=\"font-size: 16px; text-align: left;\">Gr\u00e0cies al seu disseny modular i a les seves m\u00faltiples opcions de configuraci\u00f3 i personalitzaci\u00f3, el sof\u00e0 s\u2019adapta amb facilitat a qualsevol mena d\u2019espai, aportant solucions confortables i funcionals per a la zona de dia.<\/p>\n<p style=\"font-size: 16px; text-align: left;\">A MIRSA interiorisme &#038; mobiliari som distribu\u00efdors oficials de Flexform. Per a m\u00e9s informaci\u00f3, visiti el nostre showroom o contacti amb nosaltres. <\/p>\n<p>[\/vc_column_text][vc_row_inner][vc_column_inner]<style type=\"text\/css\">#bklyn_btn_6a0912beb6d8e .bklyn-btn { color:#ffffff !important; background-color:black !important; }<\/style><div id=\"bklyn_btn_6a0912beb6d8e\" class=\"bklyn-btn-holder  bklyn-btn-center bklyn-btn-tablet-center bklyn-btn-mobile-center\"><a title=\"Contacto\"   href=\"\/contacto\" target=\"_self\" class=\"bklyn-btn  bklyn-btn-icon-left bklyn-btn-normal\" ><i class=\"fa fa-envelope\"><\/i><span class=\"ut-btn-text\">M\u00e9s informaci\u00f3<\/span><\/a><\/div>[\/vc_column_inner][\/vc_row_inner][\/vc_column][\/vc_row]<\/p>\n<\/div>","protected":false},"excerpt":{"rendered":"<p>Groundpiece, de la reconeguda firma italiana Flexform, \u00e9s un elegant i funcional sof\u00e0 d\u2019estil contemporani patentat pel prestigi\u00f3s dissenyador Antonio Citterio. La col\u00b7lecci\u00f3, presentada el 2001, s\u2019ha convertit en el best-seller de la firma, revolucionant per complet el concepte de sof\u00e0 i creant un sistema de seients innovador i atemporal. El sof\u00e0 Groundpiece es caracteritza [&hellip;]<\/p>\n","protected":false},"author":1,"featured_media":0,"parent":0,"menu_order":0,"comment_status":"closed","ping_status":"closed","template":"","meta":{"footnotes":""},"class_list":["post-80472","page","type-page","status-publish","hentry"],"aioseo_notices":[],"_links":{"self":[{"href":"https:\/\/www.mirsa.es\/ca\/wp-json\/wp\/v2\/pages\/80472","targetHints":{"allow":["GET"]}}],"collection":[{"href":"https:\/\/www.mirsa.es\/ca\/wp-json\/wp\/v2\/pages"}],"about":[{"href":"https:\/\/www.mirsa.es\/ca\/wp-json\/wp\/v2\/types\/page"}],"author":[{"embeddable":true,"href":"https:\/\/www.mirsa.es\/ca\/wp-json\/wp\/v2\/users\/1"}],"replies":[{"embeddable":true,"href":"https:\/\/www.mirsa.es\/ca\/wp-json\/wp\/v2\/comments?post=80472"}],"version-history":[{"count":0,"href":"https:\/\/www.mirsa.es\/ca\/wp-json\/wp\/v2\/pages\/80472\/revisions"}],"wp:attachment":[{"href":"https:\/\/www.mirsa.es\/ca\/wp-json\/wp\/v2\/media?parent=80472"}],"curies":[{"name":"wp","href":"https:\/\/api.w.org\/{rel}","templated":true}]}}