{"id":79734,"date":"2024-06-04T14:09:21","date_gmt":"2024-06-04T14:09:21","guid":{"rendered":"https:\/\/www.mirsa.es\/scolaro-parasoles\/"},"modified":"2024-06-04T14:22:39","modified_gmt":"2024-06-04T14:22:39","slug":"scolaro-parasoles","status":"publish","type":"page","link":"https:\/\/www.mirsa.es\/ca\/scolaro-parasoles\/","title":{"rendered":"Scolaro parasols"},"content":{"rendered":"<div class=\"wpb-content-wrapper\"><p>[vc_row css=&#8221;.vc_custom_1583596731269{margin-left: -50px !important;}&#8221;][vc_column][vc_column_text]<a style=\"color:black;\" href=\"javascript:history.go(-1)\" onmouseover=\"self.status=document.referrer;return true\">Enrere<\/a>[\/vc_column_text][\/vc_column][\/vc_row][vc_row][vc_column][vc_column_text]<br \/>\n<img decoding=\"async\" class=\"wp-image-1077 size-large aligncenter\" title=\"Scolaro Parasols\" src=\"\/wp-content\/uploads\/2024\/06\/scolaro_parasol.jpg\" alt=\"Scolaro parasoles\" width=\"100%\" height=\"400\" \/><\/p>\n<h2 style=\"font-size: 16px; text-align: left;\"><strong>Scolaro \u00e9s una reconeguda firma italiana especialitzada en la fabricaci\u00f3 de para-sols i estructures d&#8217;ombra d&#8217;alta qualitat.<\/strong><\/h2>\n<p style=\"font-size: 16px; text-align: left;\">Fundada el 1973, l&#8217;empresa ha consolidat la seva reputaci\u00f3 en el mercat internacional gr\u00e0cies al seu comprom\u00eds amb la innovaci\u00f3, el disseny i la durabilitat. <\/p>\n<p style=\"font-size: 16px; text-align: left;\">Els para-sols de Scolaro destaquen per la seva eleg\u00e0ncia i funcionalitat, ideals tant per a \u00fas residencial com comercial.<\/p>\n<p style=\"font-size: 16px; text-align: left;\">La gamma de productes de Scolaro inclou para-sols amb diferents caracter\u00edstiques, com sistemes retr\u00e0ctils, ajustables i models espec\u00edfics per resistir condicions clim\u00e0tiques adverses. <\/p>\n<p style=\"font-size: 16px; text-align: left;\">Utilitzen materials de primera qualitat, com fusta, alumini i acer inoxidable, i teixits t\u00e8cnics avan\u00e7ats que ofereixen protecci\u00f3 contra els raigs UV i la pluja.<\/p>\n<p style=\"font-size: 16px; text-align: left;\">Un dels punts forts de Scolaro \u00e9s el seu enfocament en el disseny personalitzat, permetent als clients adaptar els para-sols a les seves necessitats espec\u00edfiques en termes de mida, color i funcionalitat.<\/p>\n<p style=\"font-size: 16px; text-align: left;\">La capacitat de Scolaro per combinar est\u00e8tica, tecnologia i sostenibilitat ha fet que els seus productes siguin molt valorats en sectors com l&#8217;hostaleria, la restauraci\u00f3 i l&#8217;\u00e0mbit residencial, consolidant-la com un referent en el mercat dels para-sols a nivell mundial.<\/p>\n<p style=\"font-size: 16px; text-align: left;\">A MIRSA interiorisme &#038; mobiliari som distribu\u00efdors oficials de Scolaro. Per a m\u00e9s informaci\u00f3, visiteu el nostre Showroom o contacteu amb nosaltres.<\/p>\n<p>[\/vc_column_text][\/vc_column][\/vc_row][vc_section][vc_row full_width=&#8221;stretch_row_content_no_spaces&#8221;][vc_column][vc_column_text]<iframe id=\"embedded-ads-iframe-website\" width=\"100%\" height=\"600\" data-originsrc=\"https:\/\/mirsa.daloom.com\/es\/productos\/productos\/sombrillas-de-jardin\/brand_scolaro-parasol\"><\/iframe><script defer src=\"https:\/\/mirsa.daloom.com\/js\/parent-embedded-script.min.js\"><\/script>[\/vc_column_text][\/vc_column][\/vc_row][\/vc_section]<\/p>\n<\/div>","protected":false},"excerpt":{"rendered":"<p>[vc_row css=&#8221;.vc_custom_1583596731269{margin-left: -50px !important;}&#8221;][vc_column][vc_column_text]Enrere[\/vc_column_text][\/vc_column][\/vc_row][vc_row][vc_column][vc_column_text] Scolaro \u00e9s una reconeguda firma italiana especialitzada en la fabricaci\u00f3 de para-sols i estructures d&#8217;ombra d&#8217;alta qualitat. Fundada el 1973, l&#8217;empresa ha consolidat la seva reputaci\u00f3 en el mercat internacional gr\u00e0cies al seu comprom\u00eds amb la innovaci\u00f3, el disseny i la durabilitat. Els para-sols de Scolaro destaquen per la seva eleg\u00e0ncia [&hellip;]<\/p>\n","protected":false},"author":1,"featured_media":0,"parent":0,"menu_order":0,"comment_status":"closed","ping_status":"closed","template":"","meta":{"footnotes":""},"class_list":["post-79734","page","type-page","status-publish","hentry"],"aioseo_notices":[],"_links":{"self":[{"href":"https:\/\/www.mirsa.es\/ca\/wp-json\/wp\/v2\/pages\/79734","targetHints":{"allow":["GET"]}}],"collection":[{"href":"https:\/\/www.mirsa.es\/ca\/wp-json\/wp\/v2\/pages"}],"about":[{"href":"https:\/\/www.mirsa.es\/ca\/wp-json\/wp\/v2\/types\/page"}],"author":[{"embeddable":true,"href":"https:\/\/www.mirsa.es\/ca\/wp-json\/wp\/v2\/users\/1"}],"replies":[{"embeddable":true,"href":"https:\/\/www.mirsa.es\/ca\/wp-json\/wp\/v2\/comments?post=79734"}],"version-history":[{"count":0,"href":"https:\/\/www.mirsa.es\/ca\/wp-json\/wp\/v2\/pages\/79734\/revisions"}],"wp:attachment":[{"href":"https:\/\/www.mirsa.es\/ca\/wp-json\/wp\/v2\/media?parent=79734"}],"curies":[{"name":"wp","href":"https:\/\/api.w.org\/{rel}","templated":true}]}}