{"id":78853,"date":"2024-05-16T08:18:28","date_gmt":"2024-05-16T08:18:28","guid":{"rendered":"https:\/\/www.mirsa.es\/arial-molteni-c\/"},"modified":"2024-05-16T08:32:42","modified_gmt":"2024-05-16T08:32:42","slug":"arial-molteni-c","status":"publish","type":"page","link":"https:\/\/www.mirsa.es\/ca\/arial-molteni-c\/","title":{"rendered":"Arial Molteni &#038; C"},"content":{"rendered":"<div class=\"wpb-content-wrapper\"><p>[vc_row][vc_column][vc_column_text]<\/p>\n<h5><img decoding=\"async\" class=\"wp-image-1077 size-large aligncenter\" title=\"Arial Molteni &#038; C\" src=\"\/wp-content\/uploads\/2024\/05\/arial_molteni_c_00.jpg\" width=\"100%\" height=\"400\" \/><\/h5>\n<p style=\"font-size: 16px; text-align: left;\"><strong>Arial de la reconeguda firma italiana Molteni &#038; C \u00e9s un conjunt d&#8217;elegants i sofisticades portes patentades pel prestigi\u00f3s estudi d&#8217;interiorisme Studio Klass.<\/strong><\/p>\n<p style=\"font-size: 16px; text-align: left;\">La col\u00b7lecci\u00f3 Arial es caracteritza per oferir un nou concepte de boiserie, que ofereix solucions a mida adaptades a qualsevol mena d&#8217;espai.<\/p>\n<p style=\"font-size: 16px; text-align: left;\">Des de les frontisses de la porta fins als detalls dels contorns, Arial ha estat dissenyada per adaptar-se als temps moderns, oferint solucions adaptab\u00f1es i prioritzant la senzillesa, el confort i la calma.<\/p>\n<p style=\"font-size: 16px; text-align: left;\">L&#8217;estructura d&#8217;Arial s&#8217;ha dissenyat amb perfils d&#8217;alumini que s\u00f3n tant lleugers com resistents, disponibles en acabats Iris i Peltre. A m\u00e9s, ofereix una varietat d&#8217;opcions de color per a l&#8217;estructura, incloent roble ess\u00e8ncia, roure amanecer, roure caf\u00e9 i roure negre, per a adaptar.se a diversos estils i prefer\u00e8ncies de disseny a qualsevol espai.<\/p>\n<p style=\"font-size: 16px; text-align: left;\">A MIRSA interiorisme &#038; mobiliari som distribu\u00efdors oficials Molteni &#038; C. Per a m\u00e9s informaci\u00f3, visiti el nostre Showroom o contacti amb nosaltres.<\/p>\n<p>[\/vc_column_text][vc_row_inner][vc_column_inner]<style type=\"text\/css\">#bklyn_btn_69f2ad6c1eba4 .bklyn-btn { color:#ffffff !important; background-color:black !important; }<\/style><div id=\"bklyn_btn_69f2ad6c1eba4\" class=\"bklyn-btn-holder  bklyn-btn-center bklyn-btn-tablet-center bklyn-btn-mobile-center\"><a title=\"Contacto\"   href=\"\/contacto\" target=\"_self\" class=\"bklyn-btn  bklyn-btn-icon-left bklyn-btn-normal\" ><i class=\"fa fa-envelope\"><\/i><span class=\"ut-btn-text\">M\u00e9s informaci\u00f3<\/span><\/a><\/div>[\/vc_column_inner][\/vc_row_inner][vc_row_inner][vc_column_inner width=&#8221;1\/2&#8243;]<div  class=\"wpb_content_element   clearfix\"><style type=\"text\/css\">#ut_am_69f2ad6c1f586 { opacity: 1; }#ut_am_wrap_69f2ad6c1f587 { text-align: left; }@media (min-width: 768px) and (max-width: 1024px) { #ut_am_wrap_69f2ad6c1f587 { text-align: left !important; } }@media (max-width: 767px) { #ut_am_wrap_69f2ad6c1f587 { text-align: center !important; } }<\/style><div id=\"ut_am_wrap_69f2ad6c1f587\" class=\"ut-image-gallery-image \"><div id=\"ut_reveal_69f2ad6c1f588\"  data-appear-top-offset=\"auto\" class=\"ut-animated-image-item ut-image-gallery-item ut-animation-done \"><a class=\"ut-deactivated-link\" href=\"#\"><div class=\"ut-animated-image-zoom\">\r\n        <div class=\"ut-element-glitch-wrap\">\r\n\r\n            \r\n        <style type=\"text\/css\">\r\n\r\n                        \r\n        @media (min-width: 1025px) {\r\n\r\n        #ut-element-glitch-69f2ad6c1f5aa911147785-78847 .ut-glitch-single-element {\r\n                                            \r\n                }\r\n        }\r\n\r\n        @media (min-width: 768px) and (max-width: 1024px) {\r\n\r\n        #ut-element-glitch-69f2ad6c1f5aa911147785-78847 .ut-glitch-single-element {\r\n                                                \r\n                    }\r\n        }\r\n\r\n        @media (max-width: 767px) {\r\n\r\n        #ut-element-glitch-69f2ad6c1f5aa911147785-78847 .ut-glitch-single-element {\r\n                                                \r\n                    }\r\n        }\r\n\r\n        \r\n        <\/style>\r\n\r\n        \r\n            <div id=\"ut-element-glitch-69f2ad6c1f5aa911147785-78847\" class=\" ut-element-glitch ut-glitch-none ut-element-glitch-permanent\">\r\n                <div class=\"ut-glitch-single-element ut-lozad skip-lazy\" data-background-image=\"https:\/\/www.mirsa.es\/wp-content\/uploads\/2024\/05\/arial_molteni_c_02.jpg\"><\/div>\r\n                <div class=\"ut-glitch-single-element ut-lozad skip-lazy\" data-background-image=\"https:\/\/www.mirsa.es\/wp-content\/uploads\/2024\/05\/arial_molteni_c_02.jpg\"><\/div>\r\n                <div class=\"ut-glitch-single-element ut-lozad skip-lazy\" data-background-image=\"https:\/\/www.mirsa.es\/wp-content\/uploads\/2024\/05\/arial_molteni_c_02.jpg\"><\/div>\r\n                <div class=\"ut-glitch-single-element ut-lozad skip-lazy\" data-background-image=\"https:\/\/www.mirsa.es\/wp-content\/uploads\/2024\/05\/arial_molteni_c_02.jpg\"><\/div>\r\n                <div class=\"ut-glitch-single-element ut-lozad skip-lazy\" data-background-image=\"https:\/\/www.mirsa.es\/wp-content\/uploads\/2024\/05\/arial_molteni_c_02.jpg\"><\/div>\r\n            <\/div>\r\n\r\n        <\/div>\r\n\r\n        <img loading=\"lazy\" decoding=\"async\" class=\"ut-lazy skip-lazy ut-animated-image \"  id=\"ut_am_69f2ad6c1f586\" src=\"data:image\/svg+xml;charset=utf-8,%3Csvg xmlns%3D'http%3A%2F%2Fwww.w3.org%2F2000%2Fsvg' viewBox%3D'0 0 700 500'%2F%3E\" data-src=\"https:\/\/www.mirsa.es\/wp-content\/uploads\/2024\/05\/arial_molteni_c_02.jpg\" width=\"700\" height=\"500\" alt=\"\"\/><\/div><\/a><\/div><\/div><\/div>[\/vc_column_inner][vc_column_inner width=&#8221;1\/2&#8243;]<div  class=\"wpb_content_element   clearfix\"><style type=\"text\/css\">#ut_am_69f2ad6c1f92d { opacity: 1; }#ut_am_wrap_69f2ad6c1f92e { text-align: left; }@media (min-width: 768px) and (max-width: 1024px) { #ut_am_wrap_69f2ad6c1f92e { text-align: left !important; } }@media (max-width: 767px) { #ut_am_wrap_69f2ad6c1f92e { text-align: center !important; } }<\/style><div id=\"ut_am_wrap_69f2ad6c1f92e\" class=\"ut-image-gallery-image \"><div id=\"ut_reveal_69f2ad6c1f92f\"  data-appear-top-offset=\"auto\" class=\"ut-animated-image-item ut-image-gallery-item ut-animation-done \"><a class=\"ut-deactivated-link\" href=\"#\"><div class=\"ut-animated-image-zoom\">\r\n        <div class=\"ut-element-glitch-wrap\">\r\n\r\n            \r\n        <style type=\"text\/css\">\r\n\r\n                        \r\n        @media (min-width: 1025px) {\r\n\r\n        #ut-element-glitch-69f2ad6c1f946495960052-78841 .ut-glitch-single-element {\r\n                                            \r\n                }\r\n        }\r\n\r\n        @media (min-width: 768px) and (max-width: 1024px) {\r\n\r\n        #ut-element-glitch-69f2ad6c1f946495960052-78841 .ut-glitch-single-element {\r\n                                                \r\n                    }\r\n        }\r\n\r\n        @media (max-width: 767px) {\r\n\r\n        #ut-element-glitch-69f2ad6c1f946495960052-78841 .ut-glitch-single-element {\r\n                                                \r\n                    }\r\n        }\r\n\r\n        \r\n        <\/style>\r\n\r\n        \r\n            <div id=\"ut-element-glitch-69f2ad6c1f946495960052-78841\" class=\" ut-element-glitch ut-glitch-none ut-element-glitch-permanent\">\r\n                <div class=\"ut-glitch-single-element ut-lozad skip-lazy\" data-background-image=\"https:\/\/www.mirsa.es\/wp-content\/uploads\/2024\/05\/arial_molteni_c.jpg\"><\/div>\r\n                <div class=\"ut-glitch-single-element ut-lozad skip-lazy\" data-background-image=\"https:\/\/www.mirsa.es\/wp-content\/uploads\/2024\/05\/arial_molteni_c.jpg\"><\/div>\r\n                <div class=\"ut-glitch-single-element ut-lozad skip-lazy\" data-background-image=\"https:\/\/www.mirsa.es\/wp-content\/uploads\/2024\/05\/arial_molteni_c.jpg\"><\/div>\r\n                <div class=\"ut-glitch-single-element ut-lozad skip-lazy\" data-background-image=\"https:\/\/www.mirsa.es\/wp-content\/uploads\/2024\/05\/arial_molteni_c.jpg\"><\/div>\r\n                <div class=\"ut-glitch-single-element ut-lozad skip-lazy\" data-background-image=\"https:\/\/www.mirsa.es\/wp-content\/uploads\/2024\/05\/arial_molteni_c.jpg\"><\/div>\r\n            <\/div>\r\n\r\n        <\/div>\r\n\r\n        <img loading=\"lazy\" decoding=\"async\" class=\"ut-lazy skip-lazy ut-animated-image \"  id=\"ut_am_69f2ad6c1f92d\" src=\"data:image\/svg+xml;charset=utf-8,%3Csvg xmlns%3D'http%3A%2F%2Fwww.w3.org%2F2000%2Fsvg' viewBox%3D'0 0 700 500'%2F%3E\" data-src=\"https:\/\/www.mirsa.es\/wp-content\/uploads\/2024\/05\/arial_molteni_c.jpg\" width=\"700\" height=\"500\" alt=\"\"\/><\/div><\/a><\/div><\/div><\/div>[\/vc_column_inner][\/vc_row_inner][\/vc_column][\/vc_row]<\/p>\n<\/div>","protected":false},"excerpt":{"rendered":"<p>[vc_row][vc_column][vc_column_text] Arial de la reconeguda firma italiana Molteni &#038; C \u00e9s un conjunt d&#8217;elegants i sofisticades portes patentades pel prestigi\u00f3s estudi d&#8217;interiorisme Studio Klass. La col\u00b7lecci\u00f3 Arial es caracteritza per oferir un nou concepte de boiserie, que ofereix solucions a mida adaptades a qualsevol mena d&#8217;espai. Des de les frontisses de la porta fins als [&hellip;]<\/p>\n","protected":false},"author":1,"featured_media":0,"parent":0,"menu_order":0,"comment_status":"closed","ping_status":"closed","template":"","meta":{"footnotes":""},"class_list":["post-78853","page","type-page","status-publish","hentry"],"aioseo_notices":[],"_links":{"self":[{"href":"https:\/\/www.mirsa.es\/ca\/wp-json\/wp\/v2\/pages\/78853","targetHints":{"allow":["GET"]}}],"collection":[{"href":"https:\/\/www.mirsa.es\/ca\/wp-json\/wp\/v2\/pages"}],"about":[{"href":"https:\/\/www.mirsa.es\/ca\/wp-json\/wp\/v2\/types\/page"}],"author":[{"embeddable":true,"href":"https:\/\/www.mirsa.es\/ca\/wp-json\/wp\/v2\/users\/1"}],"replies":[{"embeddable":true,"href":"https:\/\/www.mirsa.es\/ca\/wp-json\/wp\/v2\/comments?post=78853"}],"version-history":[{"count":0,"href":"https:\/\/www.mirsa.es\/ca\/wp-json\/wp\/v2\/pages\/78853\/revisions"}],"wp:attachment":[{"href":"https:\/\/www.mirsa.es\/ca\/wp-json\/wp\/v2\/media?parent=78853"}],"curies":[{"name":"wp","href":"https:\/\/api.w.org\/{rel}","templated":true}]}}