{"id":78002,"date":"2024-04-24T15:17:41","date_gmt":"2024-04-24T15:17:41","guid":{"rendered":"https:\/\/www.mirsa.es\/sofa-lucio-molteni-c\/"},"modified":"2024-04-24T17:01:37","modified_gmt":"2024-04-24T17:01:37","slug":"sofa-lucio-molteni-c","status":"publish","type":"page","link":"https:\/\/www.mirsa.es\/ca\/sofa-lucio-molteni-c\/","title":{"rendered":"Sofa Lucio Molteni &#038; C"},"content":{"rendered":"<div class=\"wpb-content-wrapper\"><p>[vc_row][vc_column][vc_column_text]<\/p>\n<h5><img decoding=\"async\" class=\"wp-image-1077 size-large aligncenter\" title=\"Sofa Lucio Molteni &#038; C\" src=\"\/wp-content\/uploads\/2024\/04\/lucio_sofa_molteni_c.jpg\" width=\"100%\" height=\"400\" \/><\/h5>\n<p style=\"font-size: 16px; text-align: left;\"><strong>Lucio de la reconeguda firma italiana Molteni &#038; C \u00e9s un sofisticat i exclusiu sof\u00e0 d&#8217;estil contemporani patentat pel prestigi\u00f3s dissenyador belga Vincent Van Duysen.<\/strong><\/p>\n<p style=\"font-size: 16px; text-align: left;\">Es tracta d&#8217;un elegant sof\u00e0 que combina de manera equilibrada funcionalitat i personalitat en un estil atractiu, destacant una visi\u00f3 art\u00edstica que realci qualsevol espai.<\/p>\n<p style=\"font-size: 16px; text-align: left;\">En paraules del mateix Van Duysen, la col\u00b7lecci\u00f3 es caracteritza per la flu\u00efdesa i la feminitat de les seves l\u00ednies que aporten eleg\u00e0ncia i distinci\u00f3 a la vegada que garanteixen el m\u00e0xim confort.<\/p>\n<p style=\"font-size: 16px; text-align: left;\">El sof\u00e0 Lucio destaca per les seves costures tonals que ressalten la seva silueta corba i elegant, mentre que les obertures estrat\u00e8gicament col\u00b7locades en el respatller aporten lleugeresa i flu\u00efdesa al disseny.<\/p>\n<p style=\"font-size: 16px; text-align: left;\">Gr\u00e0cies a les seves m\u00faltiples opcions de configuraci\u00f3 i personalitzaci\u00f3, el sof\u00e0 Lucio s&#8217;adapta a la perfecci\u00f3 a qualsevol mena d&#8217;espai, oferint solucions elegants i funcionals per a la zona de dia.<\/p>\n<p style=\"font-size: 16px; text-align: left;\">A MIRSA interiorisme &#038; mobiliari som distribu\u00efdors oficials Molteni &#038; C. Per a m\u00e9s informaci\u00f3, visiti el nostre Showroom o contacti amb nosaltres.<\/p>\n<p>[\/vc_column_text][vc_row_inner][vc_column_inner]<style type=\"text\/css\">#bklyn_btn_69d16f3de75c6 .bklyn-btn { color:#ffffff !important; background-color:black !important; }<\/style><div id=\"bklyn_btn_69d16f3de75c6\" class=\"bklyn-btn-holder  bklyn-btn-center bklyn-btn-tablet-center bklyn-btn-mobile-center\"><a title=\"Contacto\"   href=\"\/contacto\" target=\"_self\" class=\"bklyn-btn  bklyn-btn-icon-left bklyn-btn-normal\" ><i class=\"fa fa-envelope\"><\/i><span class=\"ut-btn-text\">M\u00e9s informaci\u00f3<\/span><\/a><\/div>[\/vc_column_inner][\/vc_row_inner][vc_row_inner][vc_column_inner width=&#8221;1\/2&#8243;]<div  class=\"wpb_content_element   clearfix\"><style type=\"text\/css\">#ut_am_69d16f3de8252 { opacity: 1; }#ut_am_wrap_69d16f3de8253 { text-align: left; }@media (min-width: 768px) and (max-width: 1024px) { #ut_am_wrap_69d16f3de8253 { text-align: left !important; } }@media (max-width: 767px) { #ut_am_wrap_69d16f3de8253 { text-align: center !important; } }<\/style><div id=\"ut_am_wrap_69d16f3de8253\" class=\"ut-image-gallery-image \"><div id=\"ut_reveal_69d16f3de8254\"  data-appear-top-offset=\"auto\" class=\"ut-animated-image-item ut-image-gallery-item ut-animation-done \"><a class=\"ut-deactivated-link\" href=\"#\"><div class=\"ut-animated-image-zoom\">\r\n        <div class=\"ut-element-glitch-wrap\">\r\n\r\n            \r\n        <style type=\"text\/css\">\r\n\r\n                        \r\n        @media (min-width: 1025px) {\r\n\r\n        #ut-element-glitch-69d16f3de8273183680244-77995 .ut-glitch-single-element {\r\n                                            \r\n                }\r\n        }\r\n\r\n        @media (min-width: 768px) and (max-width: 1024px) {\r\n\r\n        #ut-element-glitch-69d16f3de8273183680244-77995 .ut-glitch-single-element {\r\n                                                \r\n                    }\r\n        }\r\n\r\n        @media (max-width: 767px) {\r\n\r\n        #ut-element-glitch-69d16f3de8273183680244-77995 .ut-glitch-single-element {\r\n                                                \r\n                    }\r\n        }\r\n\r\n        \r\n        <\/style>\r\n\r\n        \r\n            <div id=\"ut-element-glitch-69d16f3de8273183680244-77995\" class=\" ut-element-glitch ut-glitch-none ut-element-glitch-permanent\">\r\n                <div class=\"ut-glitch-single-element ut-lozad skip-lazy\" data-background-image=\"https:\/\/www.mirsa.es\/wp-content\/uploads\/2024\/04\/sofa_lucio_molteni_c_01.jpg\"><\/div>\r\n                <div class=\"ut-glitch-single-element ut-lozad skip-lazy\" data-background-image=\"https:\/\/www.mirsa.es\/wp-content\/uploads\/2024\/04\/sofa_lucio_molteni_c_01.jpg\"><\/div>\r\n                <div class=\"ut-glitch-single-element ut-lozad skip-lazy\" data-background-image=\"https:\/\/www.mirsa.es\/wp-content\/uploads\/2024\/04\/sofa_lucio_molteni_c_01.jpg\"><\/div>\r\n                <div class=\"ut-glitch-single-element ut-lozad skip-lazy\" data-background-image=\"https:\/\/www.mirsa.es\/wp-content\/uploads\/2024\/04\/sofa_lucio_molteni_c_01.jpg\"><\/div>\r\n                <div class=\"ut-glitch-single-element ut-lozad skip-lazy\" data-background-image=\"https:\/\/www.mirsa.es\/wp-content\/uploads\/2024\/04\/sofa_lucio_molteni_c_01.jpg\"><\/div>\r\n            <\/div>\r\n\r\n        <\/div>\r\n\r\n        <img loading=\"lazy\" decoding=\"async\" class=\"ut-lazy skip-lazy ut-animated-image \"  id=\"ut_am_69d16f3de8252\" src=\"data:image\/svg+xml;charset=utf-8,%3Csvg xmlns%3D'http%3A%2F%2Fwww.w3.org%2F2000%2Fsvg' viewBox%3D'0 0 600 324'%2F%3E\" data-src=\"https:\/\/www.mirsa.es\/wp-content\/uploads\/2024\/04\/sofa_lucio_molteni_c_01.jpg\" width=\"600\" height=\"324\" alt=\"\"\/><\/div><\/a><\/div><\/div><\/div>[\/vc_column_inner][vc_column_inner width=&#8221;1\/2&#8243;]<div  class=\"wpb_content_element   clearfix\"><style type=\"text\/css\">#ut_am_69d16f3de8949 { opacity: 1; }#ut_am_wrap_69d16f3de894a { text-align: left; }@media (min-width: 768px) and (max-width: 1024px) { #ut_am_wrap_69d16f3de894a { text-align: left !important; } }@media (max-width: 767px) { #ut_am_wrap_69d16f3de894a { text-align: center !important; } }<\/style><div id=\"ut_am_wrap_69d16f3de894a\" class=\"ut-image-gallery-image \"><div id=\"ut_reveal_69d16f3de894b\"  data-appear-top-offset=\"auto\" class=\"ut-animated-image-item ut-image-gallery-item ut-animation-done \"><a class=\"ut-deactivated-link\" href=\"#\"><div class=\"ut-animated-image-zoom\">\r\n        <div class=\"ut-element-glitch-wrap\">\r\n\r\n            \r\n        <style type=\"text\/css\">\r\n\r\n                        \r\n        @media (min-width: 1025px) {\r\n\r\n        #ut-element-glitch-69d16f3de8960340722148-77998 .ut-glitch-single-element {\r\n                                            \r\n                }\r\n        }\r\n\r\n        @media (min-width: 768px) and (max-width: 1024px) {\r\n\r\n        #ut-element-glitch-69d16f3de8960340722148-77998 .ut-glitch-single-element {\r\n                                                \r\n                    }\r\n        }\r\n\r\n        @media (max-width: 767px) {\r\n\r\n        #ut-element-glitch-69d16f3de8960340722148-77998 .ut-glitch-single-element {\r\n                                                \r\n                    }\r\n        }\r\n\r\n        \r\n        <\/style>\r\n\r\n        \r\n            <div id=\"ut-element-glitch-69d16f3de8960340722148-77998\" class=\" ut-element-glitch ut-glitch-none ut-element-glitch-permanent\">\r\n                <div class=\"ut-glitch-single-element ut-lozad skip-lazy\" data-background-image=\"https:\/\/www.mirsa.es\/wp-content\/uploads\/2024\/04\/sofa_lucio_molteni_c_02.jpg\"><\/div>\r\n                <div class=\"ut-glitch-single-element ut-lozad skip-lazy\" data-background-image=\"https:\/\/www.mirsa.es\/wp-content\/uploads\/2024\/04\/sofa_lucio_molteni_c_02.jpg\"><\/div>\r\n                <div class=\"ut-glitch-single-element ut-lozad skip-lazy\" data-background-image=\"https:\/\/www.mirsa.es\/wp-content\/uploads\/2024\/04\/sofa_lucio_molteni_c_02.jpg\"><\/div>\r\n                <div class=\"ut-glitch-single-element ut-lozad skip-lazy\" data-background-image=\"https:\/\/www.mirsa.es\/wp-content\/uploads\/2024\/04\/sofa_lucio_molteni_c_02.jpg\"><\/div>\r\n                <div class=\"ut-glitch-single-element ut-lozad skip-lazy\" data-background-image=\"https:\/\/www.mirsa.es\/wp-content\/uploads\/2024\/04\/sofa_lucio_molteni_c_02.jpg\"><\/div>\r\n            <\/div>\r\n\r\n        <\/div>\r\n\r\n        <img loading=\"lazy\" decoding=\"async\" class=\"ut-lazy skip-lazy ut-animated-image \"  id=\"ut_am_69d16f3de8949\" src=\"data:image\/svg+xml;charset=utf-8,%3Csvg xmlns%3D'http%3A%2F%2Fwww.w3.org%2F2000%2Fsvg' viewBox%3D'0 0 600 324'%2F%3E\" data-src=\"https:\/\/www.mirsa.es\/wp-content\/uploads\/2024\/04\/sofa_lucio_molteni_c_02.jpg\" width=\"600\" height=\"324\" alt=\"\"\/><\/div><\/a><\/div><\/div><\/div>[\/vc_column_inner][\/vc_row_inner][\/vc_column][\/vc_row]<\/p>\n<\/div>","protected":false},"excerpt":{"rendered":"<p>[vc_row][vc_column][vc_column_text] Lucio de la reconeguda firma italiana Molteni &#038; C \u00e9s un sofisticat i exclusiu sof\u00e0 d&#8217;estil contemporani patentat pel prestigi\u00f3s dissenyador belga Vincent Van Duysen. Es tracta d&#8217;un elegant sof\u00e0 que combina de manera equilibrada funcionalitat i personalitat en un estil atractiu, destacant una visi\u00f3 art\u00edstica que realci qualsevol espai. En paraules del mateix [&hellip;]<\/p>\n","protected":false},"author":1,"featured_media":0,"parent":0,"menu_order":0,"comment_status":"closed","ping_status":"closed","template":"","meta":{"footnotes":""},"class_list":["post-78002","page","type-page","status-publish","hentry"],"aioseo_notices":[],"_links":{"self":[{"href":"https:\/\/www.mirsa.es\/ca\/wp-json\/wp\/v2\/pages\/78002","targetHints":{"allow":["GET"]}}],"collection":[{"href":"https:\/\/www.mirsa.es\/ca\/wp-json\/wp\/v2\/pages"}],"about":[{"href":"https:\/\/www.mirsa.es\/ca\/wp-json\/wp\/v2\/types\/page"}],"author":[{"embeddable":true,"href":"https:\/\/www.mirsa.es\/ca\/wp-json\/wp\/v2\/users\/1"}],"replies":[{"embeddable":true,"href":"https:\/\/www.mirsa.es\/ca\/wp-json\/wp\/v2\/comments?post=78002"}],"version-history":[{"count":0,"href":"https:\/\/www.mirsa.es\/ca\/wp-json\/wp\/v2\/pages\/78002\/revisions"}],"wp:attachment":[{"href":"https:\/\/www.mirsa.es\/ca\/wp-json\/wp\/v2\/media?parent=78002"}],"curies":[{"name":"wp","href":"https:\/\/api.w.org\/{rel}","templated":true}]}}