{"id":77936,"date":"2024-04-20T09:34:21","date_gmt":"2024-04-20T09:34:21","guid":{"rendered":"https:\/\/www.mirsa.es\/butaca-omoi-bb-italia\/"},"modified":"2024-04-20T09:47:16","modified_gmt":"2024-04-20T09:47:16","slug":"butaca-omoi-bb-italia","status":"publish","type":"page","link":"https:\/\/www.mirsa.es\/ca\/butaca-omoi-bb-italia\/","title":{"rendered":"Butaca Omoi B&#038;B Italia"},"content":{"rendered":"<div class=\"wpb-content-wrapper\"><p>[vc_row][vc_column][vc_column_text]<\/p>\n<h5><img decoding=\"async\" class=\"wp-image-1077 size-large aligncenter\" title=\"Butaca Omoi B&#038;B Italia\" src=\"\/wp-content\/uploads\/2024\/04\/butaca_omoi_bb_italia.jpg\" alt=\"Butaca Omoi B&#038;B Italia\" width=\"100%\" height=\"400\"\/><\/h5>\n<p style=\"font-size: 16px; text-align: left;\"><strong>Omoi de la reconeguda firma B&#038;B Italia \u00e9s una elegant i exclusiva butaca d\u2019estil contempor\u00e1nea patentada pel prestigi\u00f3s dissenyador japon\u00e9s Naoto Fukusawa.<br \/><\/strong><\/p>\n<p style=\"font-size: 16px; text-align: left;\">La col\u00b7lecci\u00f3 es concep com una obra mestre que fusiona formes sinuoses i envolvents, creant una experiencia visual i t\u00e1ctil \u00fanica.<\/p>\n<p style=\"font-size: 16px; text-align: left;\">Fukasawa s\u2019inspira en l\u2019ic\u00f2nic disseny escandinau dels anys 50, creant una combinaci\u00f3n perfecta entre eleg\u00e0ncia atemporal i innovaci\u00f3.<\/p>\n<p style=\"font-size: 16px; text-align: left;\">Es tracta d\u2019una butaca de l\u00edneas sobries i esculturals, el nom de la qual significa\u201dpensament\u201d en japon\u00e9s i es presenta com una invitaci\u00f3n al descans i a la reflexi\u00f3.<\/p>\n<p style=\"font-size: 16px; text-align: left;\">Gr\u00e0cies a les seves m\u00faltiples opcions de configuraci\u00f3 i personalitzaci\u00f3, Omoi s\u2019adapta a la perfecci\u00f3 a qualsevol mena d\u2019espai, oferint solucions elegants i funcionals.<\/p>\n<p style=\"font-size: 16px; text-align: left;\">A MIRSA interiorisme &#038; mobiliari som distribu\u00efdors oficials B&#038;B Italia. Per a m\u00e9s informaci\u00f3, visiti el nostre Showroom o contacti amb nosaltres.<\/p>\n<p>[\/vc_column_text][vc_row_inner][vc_column_inner]<style type=\"text\/css\">#bklyn_btn_69d2606940288 .bklyn-btn { color:#ffffff !important; background-color:black !important; }<\/style><div id=\"bklyn_btn_69d2606940288\" class=\"bklyn-btn-holder  bklyn-btn-center bklyn-btn-tablet-center bklyn-btn-mobile-center\"><a title=\"Contacto\"   href=\"\/contacto\" target=\"_self\" class=\"bklyn-btn  bklyn-btn-icon-left bklyn-btn-normal\" ><i class=\"fa fa-envelope\"><\/i><span class=\"ut-btn-text\">M\u00e9s informaci\u00f3<\/span><\/a><\/div>[\/vc_column_inner][\/vc_row_inner][\/vc_column][\/vc_row]<\/p>\n<\/div>","protected":false},"excerpt":{"rendered":"<p>[vc_row][vc_column][vc_column_text] Omoi de la reconeguda firma B&#038;B Italia \u00e9s una elegant i exclusiva butaca d\u2019estil contempor\u00e1nea patentada pel prestigi\u00f3s dissenyador japon\u00e9s Naoto Fukusawa. La col\u00b7lecci\u00f3 es concep com una obra mestre que fusiona formes sinuoses i envolvents, creant una experiencia visual i t\u00e1ctil \u00fanica. Fukasawa s\u2019inspira en l\u2019ic\u00f2nic disseny escandinau dels anys 50, creant una [&hellip;]<\/p>\n","protected":false},"author":1,"featured_media":0,"parent":0,"menu_order":0,"comment_status":"closed","ping_status":"closed","template":"","meta":{"footnotes":""},"class_list":["post-77936","page","type-page","status-publish","hentry"],"aioseo_notices":[],"_links":{"self":[{"href":"https:\/\/www.mirsa.es\/ca\/wp-json\/wp\/v2\/pages\/77936","targetHints":{"allow":["GET"]}}],"collection":[{"href":"https:\/\/www.mirsa.es\/ca\/wp-json\/wp\/v2\/pages"}],"about":[{"href":"https:\/\/www.mirsa.es\/ca\/wp-json\/wp\/v2\/types\/page"}],"author":[{"embeddable":true,"href":"https:\/\/www.mirsa.es\/ca\/wp-json\/wp\/v2\/users\/1"}],"replies":[{"embeddable":true,"href":"https:\/\/www.mirsa.es\/ca\/wp-json\/wp\/v2\/comments?post=77936"}],"version-history":[{"count":0,"href":"https:\/\/www.mirsa.es\/ca\/wp-json\/wp\/v2\/pages\/77936\/revisions"}],"wp:attachment":[{"href":"https:\/\/www.mirsa.es\/ca\/wp-json\/wp\/v2\/media?parent=77936"}],"curies":[{"name":"wp","href":"https:\/\/api.w.org\/{rel}","templated":true}]}}