{"id":77721,"date":"2024-04-05T07:06:52","date_gmt":"2024-04-05T07:06:52","guid":{"rendered":"https:\/\/www.mirsa.es\/tienda-de-muebles-en-esplugues-de-llobregat\/"},"modified":"2024-04-05T07:59:53","modified_gmt":"2024-04-05T07:59:53","slug":"tienda-de-muebles-en-esplugues-de-llobregat","status":"publish","type":"page","link":"https:\/\/www.mirsa.es\/ca\/tienda-de-muebles-en-esplugues-de-llobregat\/","title":{"rendered":"Botiga de mobles a Esplugues de Llobregat"},"content":{"rendered":"<div class=\"wpb-content-wrapper\"><p>[vc_section][vc_row][vc_column]<div  class=\"wpb_content_element   clearfix\"><style type=\"text\/css\">#ut_am_69d0c8f746353 { opacity: 1; }#ut_am_wrap_69d0c8f746354 { text-align: center; }@media (min-width: 768px) and (max-width: 1024px) { #ut_am_wrap_69d0c8f746354 { text-align: center !important; } }@media (max-width: 767px) { #ut_am_wrap_69d0c8f746354 { text-align: center !important; } }<\/style><div id=\"ut_am_wrap_69d0c8f746354\" class=\"ut-image-gallery-image \"><div id=\"ut_reveal_69d0c8f746355\"  data-appear-top-offset=\"auto\" class=\"ut-animated-image-item ut-image-gallery-item ut-animation-done \"><a class=\"ut-deactivated-link\" href=\"#\"><div class=\"ut-animated-image-zoom\">\r\n        <div class=\"ut-element-glitch-wrap\">\r\n\r\n            \r\n        <style type=\"text\/css\">\r\n\r\n                        \r\n        @media (min-width: 1025px) {\r\n\r\n        #ut-element-glitch-69d0c8f746392462442640-59323 .ut-glitch-single-element {\r\n                                            \r\n                }\r\n        }\r\n\r\n        @media (min-width: 768px) and (max-width: 1024px) {\r\n\r\n        #ut-element-glitch-69d0c8f746392462442640-59323 .ut-glitch-single-element {\r\n                                                \r\n                    }\r\n        }\r\n\r\n        @media (max-width: 767px) {\r\n\r\n        #ut-element-glitch-69d0c8f746392462442640-59323 .ut-glitch-single-element {\r\n                                                \r\n                    }\r\n        }\r\n\r\n        \r\n        <\/style>\r\n\r\n        \r\n            <div id=\"ut-element-glitch-69d0c8f746392462442640-59323\" class=\" ut-element-glitch ut-glitch-none ut-element-glitch-permanent\">\r\n                <div class=\"ut-glitch-single-element ut-lozad skip-lazy\" data-background-image=\"https:\/\/www.mirsa.es\/wp-content\/uploads\/2021\/09\/mirsa_showroom.jpg\"><\/div>\r\n                <div class=\"ut-glitch-single-element ut-lozad skip-lazy\" data-background-image=\"https:\/\/www.mirsa.es\/wp-content\/uploads\/2021\/09\/mirsa_showroom.jpg\"><\/div>\r\n                <div class=\"ut-glitch-single-element ut-lozad skip-lazy\" data-background-image=\"https:\/\/www.mirsa.es\/wp-content\/uploads\/2021\/09\/mirsa_showroom.jpg\"><\/div>\r\n                <div class=\"ut-glitch-single-element ut-lozad skip-lazy\" data-background-image=\"https:\/\/www.mirsa.es\/wp-content\/uploads\/2021\/09\/mirsa_showroom.jpg\"><\/div>\r\n                <div class=\"ut-glitch-single-element ut-lozad skip-lazy\" data-background-image=\"https:\/\/www.mirsa.es\/wp-content\/uploads\/2021\/09\/mirsa_showroom.jpg\"><\/div>\r\n            <\/div>\r\n\r\n        <\/div>\r\n\r\n        <img loading=\"lazy\" decoding=\"async\" class=\"ut-lazy skip-lazy ut-animated-image \"  id=\"ut_am_69d0c8f746353\" src=\"data:image\/svg+xml;charset=utf-8,%3Csvg xmlns%3D'http%3A%2F%2Fwww.w3.org%2F2000%2Fsvg' viewBox%3D'0 0 1047 600'%2F%3E\" data-src=\"https:\/\/www.mirsa.es\/wp-content\/uploads\/2021\/09\/mirsa_showroom.jpg\" width=\"1047\" height=\"600\" alt=\"\"\/><\/div><\/a><\/div><\/div><\/div>[vc_column_text]<\/p>\n<h2 style=\"font-size: 16px;\"><strong>El nostre espectacular Showroom, situat a menys d&#8217;una hora d&#8217;Esplugues de Llobregat, compta amb tres plantes i m\u00e9s de 3.000m2 dedicats a mostrar les col\u00b7leccions de mobiliari contemporani m\u00e9s prestigioses.<\/strong><\/h2>\n<p style=\"font-size: 16px; text-align: left;\">Treballem amb les millors firmes internacionals de mobiliari contemporani com B&#038;B Italia, Molteni &#038; C, Maxalto, Lago, Ligne Roset entre altres.<\/p>\n<p style=\"font-size: 16px; text-align: left;\">Disposem d&#8217;una \u00e0mplia experi\u00e8ncia en l&#8217;execuci\u00f3 de projectes de disseny interior, on creem ambients funcionals i acollidors, adaptats tant a llars com a entorns laborals.<\/p>\n<p style=\"font-size: 16px; text-align: left;\">La nostra reputaci\u00f3 est\u00e0 recolzada per una llarga traject\u00f2ria en la comercialitzaci\u00f3 de mobiliari i la realitzaci\u00f3 de nombrosos projectes a Esplugues de Llobregat.<\/p>\n<p style=\"font-size: 16px; text-align: left;\">Des de 1960, oferim als nostres clients les marques m\u00e9s prestigioses de mobiliari i projectes de disseny interior personalitzats. Per a m\u00e9s informaci\u00f3, visiteu el nostre Showroom o poseu-vos en contacte amb nosaltres.<\/p>\n<p>[\/vc_column_text][vc_row_inner][vc_column_inner]<style type=\"text\/css\">#bklyn_btn_69d0c8f746446 .bklyn-btn { color:#ffffff !important; border-color:#ffffff !important; border-width:1px !important; background-color:rgba(0, 0, 0, 0.93) !important; }#bklyn_btn_69d0c8f746446 a.bklyn-btn { font-weight:600 !important; }#bklyn_btn_69d0c8f746446.bklyn-btn-header a.bklyn-btn { font-weight:600 !important; }#bklyn_btn_69d0c8f746446.bklyn-btn-header a.bklyn-btn span { font-weight:600 !important; }#bklyn_btn_69d0c8f746446 a.bklyn-btn { font-family:inherit !important; }#bklyn_btn_69d0c8f746446 a i:before { font-size:12px; }#bklyn_btn_69d0c8f746446.bklyn-btn-holder a { margin-top:-px }<\/style><div id=\"bklyn_btn_69d0c8f746446\" class=\"bklyn-btn-holder  bklyn-btn-center bklyn-btn-tablet-center bklyn-btn-mobile-center\"><a title=\"C\u00f3mo llegar\"   href=\"https:\/\/g.page\/mirsa-mobles?share\" target=\"_blank\" class=\"bklyn-btn  bklyn-btn-outline bklyn-btn-icon-left bklyn-btn-small\" ><i class=\"fa fa-map-marker\"><\/i><span class=\"ut-btn-text\">Com arribar<\/span><\/a><\/div><style type=\"text\/css\">#bklyn_btn_69d0c8f7464a0 .bklyn-btn { color:#ffffff !important; border-color:#ffffff !important; border-width:1px !important; background-color:rgba(0, 0, 0, 0.93) !important; }#bklyn_btn_69d0c8f7464a0 a.bklyn-btn { font-weight:600 !important; }#bklyn_btn_69d0c8f7464a0.bklyn-btn-header a.bklyn-btn { font-weight:600 !important; }#bklyn_btn_69d0c8f7464a0.bklyn-btn-header a.bklyn-btn span { font-weight:600 !important; }#bklyn_btn_69d0c8f7464a0 a.bklyn-btn { font-family:inherit !important; }#bklyn_btn_69d0c8f7464a0 a i:before { font-size:12px; }#bklyn_btn_69d0c8f7464a0.bklyn-btn-holder a { margin-top:-px }<\/style><div id=\"bklyn_btn_69d0c8f7464a0\" class=\"bklyn-btn-holder  bklyn-btn-center bklyn-btn-tablet-center bklyn-btn-mobile-center\"><a title=\"Contacto\"   href=\"\/contacte-con-nosotros\/\" target=\"_self\" class=\"bklyn-btn  bklyn-btn-outline bklyn-btn-icon-left bklyn-btn-small\" ><i class=\"fa fa-envelope-o\"><\/i><span class=\"ut-btn-text\">M\u00e9s informaci\u00f3<\/span><\/a><\/div>[\/vc_column_inner][\/vc_row_inner][\/vc_column][\/vc_row][\/vc_section]<\/p>\n<\/div>","protected":false},"excerpt":{"rendered":"<p>[vc_section][vc_row][vc_column][vc_column_text] El nostre espectacular Showroom, situat a menys d&#8217;una hora d&#8217;Esplugues de Llobregat, compta amb tres plantes i m\u00e9s de 3.000m2 dedicats a mostrar les col\u00b7leccions de mobiliari contemporani m\u00e9s prestigioses. Treballem amb les millors firmes internacionals de mobiliari contemporani com B&#038;B Italia, Molteni &#038; C, Maxalto, Lago, Ligne Roset entre altres. Disposem d&#8217;una \u00e0mplia [&hellip;]<\/p>\n","protected":false},"author":1,"featured_media":0,"parent":0,"menu_order":0,"comment_status":"closed","ping_status":"closed","template":"","meta":{"footnotes":""},"class_list":["post-77721","page","type-page","status-publish","hentry"],"aioseo_notices":[],"_links":{"self":[{"href":"https:\/\/www.mirsa.es\/ca\/wp-json\/wp\/v2\/pages\/77721","targetHints":{"allow":["GET"]}}],"collection":[{"href":"https:\/\/www.mirsa.es\/ca\/wp-json\/wp\/v2\/pages"}],"about":[{"href":"https:\/\/www.mirsa.es\/ca\/wp-json\/wp\/v2\/types\/page"}],"author":[{"embeddable":true,"href":"https:\/\/www.mirsa.es\/ca\/wp-json\/wp\/v2\/users\/1"}],"replies":[{"embeddable":true,"href":"https:\/\/www.mirsa.es\/ca\/wp-json\/wp\/v2\/comments?post=77721"}],"version-history":[{"count":0,"href":"https:\/\/www.mirsa.es\/ca\/wp-json\/wp\/v2\/pages\/77721\/revisions"}],"wp:attachment":[{"href":"https:\/\/www.mirsa.es\/ca\/wp-json\/wp\/v2\/media?parent=77721"}],"curies":[{"name":"wp","href":"https:\/\/api.w.org\/{rel}","templated":true}]}}