{"id":77709,"date":"2024-04-03T13:52:43","date_gmt":"2024-04-03T13:52:43","guid":{"rendered":"https:\/\/www.mirsa.es\/sofa-panorama-new-bonaldo\/"},"modified":"2024-04-03T13:59:08","modified_gmt":"2024-04-03T13:59:08","slug":"sofa-panorama-new-bonaldo","status":"publish","type":"page","link":"https:\/\/www.mirsa.es\/ca\/sofa-panorama-new-bonaldo\/","title":{"rendered":"Panorama New Bonaldo"},"content":{"rendered":"<div class=\"wpb-content-wrapper\"><p>[vc_row][vc_column][vc_column_text]<br \/>\n<img decoding=\"async\" class=\"wp-image-1077 size-large aligncenter\" title=\"Panorama New Bonaldo\" src=\"\/wp-content\/uploads\/2024\/04\/sofa_panorama_new_bonaldo.jpg\" title=\"Panorama New Bonaldo\" width=\"100%\" height=\"400\"\/><\/p>\n<h2 style=\"font-size: 16px; text-align: left;\"><strong>Panorama New de la reconeguda firma Italiana Bonaldo \u00e9s un elegant i funcional sof\u00e0 modular d&#8217;estil contemporani patentat pel prestigi\u00f3s dissenyador franc\u00e8s Fabrice Berrux.<\/strong><\/h2>\n<p style=\"font-size: 16px; text-align: left;\">La seva peculiar geometria \u00e9s un est\u00edmul que combina diferents elements amb l&#8217;objectiu d&#8217;aportar calidesa i funcionalitat a la zona de dia, convertint-la en un refugi ideal per a la desconnexi\u00f3 i el descans.<\/p>\n<p style=\"font-size: 16px; text-align: left;\">La col\u00b7lecci\u00f3 es caracteritza per la seva innovadora estructura modular, on el puf en forma hexagonal fa d&#8217;element central que es combina amb altres seients per a obtenir m\u00faltiples configuracions.<\/p>\n<p style=\"font-size: 16px; text-align: left;\">Gr\u00e0cies a les seves infinites opcions de configuraci\u00f3 i personalitzaci\u00f3, Panorama New s&#8217;adapta a la perfecci\u00f3 a qualsevol espai de la zona de dia, aportant eleg\u00e0ncia i exclusivitat.<\/p>\n<p style=\"font-size: 16px; text-align: left;\">A MIRSA interiorisme &#038; mobiliari som distribu\u00efdors oficials Bonaldo. Per a m\u00e9s informaci\u00f3, visiti el nostre Showroom o contacti amb nosaltres.<\/p>\n<p>[\/vc_column_text][vc_row_inner][vc_column_inner]<style type=\"text\/css\">#bklyn_btn_69d19ffa4c88d .bklyn-btn { color:#ffffff !important; background-color:black !important; }<\/style><div id=\"bklyn_btn_69d19ffa4c88d\" class=\"bklyn-btn-holder  bklyn-btn-center bklyn-btn-tablet-center bklyn-btn-mobile-center\"><a title=\"Contacto\"   href=\"\/contacto\" target=\"_self\" class=\"bklyn-btn  bklyn-btn-icon-left bklyn-btn-normal\" ><i class=\"fa fa-envelope\"><\/i><span class=\"ut-btn-text\">M\u00e9s informaci\u00f3<\/span><\/a><\/div>[\/vc_column_inner][\/vc_row_inner][vc_row_inner][vc_column_inner width=&#8221;1\/2&#8243;]<div  class=\"wpb_content_element   clearfix\"><style type=\"text\/css\">#ut_am_69d19ffa4d697 { opacity: 1; }#ut_am_wrap_69d19ffa4d698 { text-align: center; }@media (min-width: 768px) and (max-width: 1024px) { #ut_am_wrap_69d19ffa4d698 { text-align: center !important; } }@media (max-width: 767px) { #ut_am_wrap_69d19ffa4d698 { text-align: center !important; } }<\/style><div id=\"ut_am_wrap_69d19ffa4d698\" class=\"ut-image-gallery-image \"><div id=\"ut_reveal_69d19ffa4d699\"  data-appear-top-offset=\"auto\" class=\"ut-animated-image-item ut-image-gallery-item ut-animation-done \"><a class=\"ut-deactivated-link\" href=\"#\"><div class=\"ut-animated-image-zoom\">\r\n        <div class=\"ut-element-glitch-wrap\">\r\n\r\n            \r\n        <style type=\"text\/css\">\r\n\r\n                        \r\n        @media (min-width: 1025px) {\r\n\r\n        #ut-element-glitch-69d19ffa4d6b9441655589-77701 .ut-glitch-single-element {\r\n                                            \r\n                }\r\n        }\r\n\r\n        @media (min-width: 768px) and (max-width: 1024px) {\r\n\r\n        #ut-element-glitch-69d19ffa4d6b9441655589-77701 .ut-glitch-single-element {\r\n                                                \r\n                    }\r\n        }\r\n\r\n        @media (max-width: 767px) {\r\n\r\n        #ut-element-glitch-69d19ffa4d6b9441655589-77701 .ut-glitch-single-element {\r\n                                                \r\n                    }\r\n        }\r\n\r\n        \r\n        <\/style>\r\n\r\n        \r\n            <div id=\"ut-element-glitch-69d19ffa4d6b9441655589-77701\" class=\" ut-element-glitch ut-glitch-none ut-element-glitch-permanent\">\r\n                <div class=\"ut-glitch-single-element ut-lozad skip-lazy\" data-background-image=\"https:\/\/www.mirsa.es\/wp-content\/uploads\/2024\/04\/panorama_new_sofa_bonaldo_01.jpg\"><\/div>\r\n                <div class=\"ut-glitch-single-element ut-lozad skip-lazy\" data-background-image=\"https:\/\/www.mirsa.es\/wp-content\/uploads\/2024\/04\/panorama_new_sofa_bonaldo_01.jpg\"><\/div>\r\n                <div class=\"ut-glitch-single-element ut-lozad skip-lazy\" data-background-image=\"https:\/\/www.mirsa.es\/wp-content\/uploads\/2024\/04\/panorama_new_sofa_bonaldo_01.jpg\"><\/div>\r\n                <div class=\"ut-glitch-single-element ut-lozad skip-lazy\" data-background-image=\"https:\/\/www.mirsa.es\/wp-content\/uploads\/2024\/04\/panorama_new_sofa_bonaldo_01.jpg\"><\/div>\r\n                <div class=\"ut-glitch-single-element ut-lozad skip-lazy\" data-background-image=\"https:\/\/www.mirsa.es\/wp-content\/uploads\/2024\/04\/panorama_new_sofa_bonaldo_01.jpg\"><\/div>\r\n            <\/div>\r\n\r\n        <\/div>\r\n\r\n        <img loading=\"lazy\" decoding=\"async\" class=\"ut-lazy skip-lazy ut-animated-image \"  id=\"ut_am_69d19ffa4d697\" src=\"data:image\/svg+xml;charset=utf-8,%3Csvg xmlns%3D'http%3A%2F%2Fwww.w3.org%2F2000%2Fsvg' viewBox%3D'0 0 600 324'%2F%3E\" data-src=\"https:\/\/www.mirsa.es\/wp-content\/uploads\/2024\/04\/panorama_new_sofa_bonaldo_01.jpg\" width=\"600\" height=\"324\" alt=\"\"\/><\/div><\/a><\/div><\/div><\/div>[\/vc_column_inner][vc_column_inner width=&#8221;1\/2&#8243;]<div  class=\"wpb_content_element   clearfix\"><style type=\"text\/css\">#ut_am_69d19ffa4dd34 { opacity: 1; }#ut_am_wrap_69d19ffa4dd35 { text-align: center; }@media (min-width: 768px) and (max-width: 1024px) { #ut_am_wrap_69d19ffa4dd35 { text-align: center !important; } }@media (max-width: 767px) { #ut_am_wrap_69d19ffa4dd35 { text-align: center !important; } }<\/style><div id=\"ut_am_wrap_69d19ffa4dd35\" class=\"ut-image-gallery-image \"><div id=\"ut_reveal_69d19ffa4dd36\"  data-appear-top-offset=\"auto\" class=\"ut-animated-image-item ut-image-gallery-item ut-animation-done \"><a class=\"ut-deactivated-link\" href=\"#\"><div class=\"ut-animated-image-zoom\">\r\n        <div class=\"ut-element-glitch-wrap\">\r\n\r\n            \r\n        <style type=\"text\/css\">\r\n\r\n                        \r\n        @media (min-width: 1025px) {\r\n\r\n        #ut-element-glitch-69d19ffa4dd4a996539539-77704 .ut-glitch-single-element {\r\n                                            \r\n                }\r\n        }\r\n\r\n        @media (min-width: 768px) and (max-width: 1024px) {\r\n\r\n        #ut-element-glitch-69d19ffa4dd4a996539539-77704 .ut-glitch-single-element {\r\n                                                \r\n                    }\r\n        }\r\n\r\n        @media (max-width: 767px) {\r\n\r\n        #ut-element-glitch-69d19ffa4dd4a996539539-77704 .ut-glitch-single-element {\r\n                                                \r\n                    }\r\n        }\r\n\r\n        \r\n        <\/style>\r\n\r\n        \r\n            <div id=\"ut-element-glitch-69d19ffa4dd4a996539539-77704\" class=\" ut-element-glitch ut-glitch-none ut-element-glitch-permanent\">\r\n                <div class=\"ut-glitch-single-element ut-lozad skip-lazy\" data-background-image=\"https:\/\/www.mirsa.es\/wp-content\/uploads\/2024\/04\/panorama_new_sofa_bonaldo_02.jpg\"><\/div>\r\n                <div class=\"ut-glitch-single-element ut-lozad skip-lazy\" data-background-image=\"https:\/\/www.mirsa.es\/wp-content\/uploads\/2024\/04\/panorama_new_sofa_bonaldo_02.jpg\"><\/div>\r\n                <div class=\"ut-glitch-single-element ut-lozad skip-lazy\" data-background-image=\"https:\/\/www.mirsa.es\/wp-content\/uploads\/2024\/04\/panorama_new_sofa_bonaldo_02.jpg\"><\/div>\r\n                <div class=\"ut-glitch-single-element ut-lozad skip-lazy\" data-background-image=\"https:\/\/www.mirsa.es\/wp-content\/uploads\/2024\/04\/panorama_new_sofa_bonaldo_02.jpg\"><\/div>\r\n                <div class=\"ut-glitch-single-element ut-lozad skip-lazy\" data-background-image=\"https:\/\/www.mirsa.es\/wp-content\/uploads\/2024\/04\/panorama_new_sofa_bonaldo_02.jpg\"><\/div>\r\n            <\/div>\r\n\r\n        <\/div>\r\n\r\n        <img loading=\"lazy\" decoding=\"async\" class=\"ut-lazy skip-lazy ut-animated-image \"  id=\"ut_am_69d19ffa4dd34\" src=\"data:image\/svg+xml;charset=utf-8,%3Csvg xmlns%3D'http%3A%2F%2Fwww.w3.org%2F2000%2Fsvg' viewBox%3D'0 0 600 324'%2F%3E\" data-src=\"https:\/\/www.mirsa.es\/wp-content\/uploads\/2024\/04\/panorama_new_sofa_bonaldo_02.jpg\" width=\"600\" height=\"324\" alt=\"\"\/><\/div><\/a><\/div><\/div><\/div>[\/vc_column_inner][\/vc_row_inner][\/vc_column][\/vc_row]<\/p>\n<\/div>","protected":false},"excerpt":{"rendered":"<p>[vc_row][vc_column][vc_column_text] Panorama New de la reconeguda firma Italiana Bonaldo \u00e9s un elegant i funcional sof\u00e0 modular d&#8217;estil contemporani patentat pel prestigi\u00f3s dissenyador franc\u00e8s Fabrice Berrux. La seva peculiar geometria \u00e9s un est\u00edmul que combina diferents elements amb l&#8217;objectiu d&#8217;aportar calidesa i funcionalitat a la zona de dia, convertint-la en un refugi ideal per a la [&hellip;]<\/p>\n","protected":false},"author":1,"featured_media":0,"parent":0,"menu_order":0,"comment_status":"closed","ping_status":"closed","template":"","meta":{"footnotes":""},"class_list":["post-77709","page","type-page","status-publish","hentry"],"aioseo_notices":[],"_links":{"self":[{"href":"https:\/\/www.mirsa.es\/ca\/wp-json\/wp\/v2\/pages\/77709","targetHints":{"allow":["GET"]}}],"collection":[{"href":"https:\/\/www.mirsa.es\/ca\/wp-json\/wp\/v2\/pages"}],"about":[{"href":"https:\/\/www.mirsa.es\/ca\/wp-json\/wp\/v2\/types\/page"}],"author":[{"embeddable":true,"href":"https:\/\/www.mirsa.es\/ca\/wp-json\/wp\/v2\/users\/1"}],"replies":[{"embeddable":true,"href":"https:\/\/www.mirsa.es\/ca\/wp-json\/wp\/v2\/comments?post=77709"}],"version-history":[{"count":0,"href":"https:\/\/www.mirsa.es\/ca\/wp-json\/wp\/v2\/pages\/77709\/revisions"}],"wp:attachment":[{"href":"https:\/\/www.mirsa.es\/ca\/wp-json\/wp\/v2\/media?parent=77709"}],"curies":[{"name":"wp","href":"https:\/\/api.w.org\/{rel}","templated":true}]}}