{"id":77637,"date":"2024-03-27T16:57:08","date_gmt":"2024-03-27T16:57:08","guid":{"rendered":"https:\/\/www.mirsa.es\/mobiliario-molteni-c\/"},"modified":"2024-03-27T17:33:08","modified_gmt":"2024-03-27T17:33:08","slug":"mobiliario-molteni-c","status":"publish","type":"page","link":"https:\/\/www.mirsa.es\/ca\/mobiliario-molteni-c\/","title":{"rendered":"Mobiliari Molteni &#038; C"},"content":{"rendered":"<div class=\"wpb-content-wrapper\"><p>[vc_row css=&#8221;.vc_custom_1583596731269{margin-left: -50px !important;}&#8221;][vc_column][vc_column_text]<a href=\"javascript:history.go(-1)\" onmouseover=\"self.status=document.referrer;return true\" style=\"color: black;\">Atr\u00e1s<\/a>[\/vc_column_text][\/vc_column][\/vc_row][vc_row][vc_column][vc_column_text]<br \/>\n<img decoding=\"async\" class=\"wp-image-1077 size-large aligncenter\" title=\"Mobiliari Molteni &#038; C\" src=\"\/wp-content\/uploads\/2024\/03\/mobiliario_molteni_c.jpg\" alt=\"Mobiliari Molteni &#038; C\" width=\"100%\" height=\"400\"\/><\/p>\n<h2 style=\"font-size: 16px; text-align: left;\"><strong>Molteni &#038; C \u00e9s una reconeguda firma italiana que es dedica a la producci\u00f3 i comercialitzaci\u00f3 de mobiliari contemporani d&#8217;alta gamma. Des de la seva fundaci\u00f3 al 1934, ha mantingut una s\u00f2lida tradici\u00f3 i reputaci\u00f3 a nivell mundial a l&#8217;\u00e0mbit del disseny i la fabricaci\u00f3 de mobles.<\/strong><\/h2>\n<p style=\"font-size: 16px; text-align: left;\">Gr\u00e0cies a la seva col\u00b7laboraci\u00f3 amb renombrats dissenyadors i arquitectes com Gio Ponti, Rodolfo Dordoni i Patricia Urquiola, Molteni &#038; C ha aconseguit un equilibri perfecte entre innovaci\u00f3 i tradici\u00f3 en tots els seus productes.<\/p>\n<p style=\"font-size: 16px; text-align: left;\">La relaci\u00f3 entre el seu actual art director, Vincent Van Duysen, i Molteni &#038; C s&#8217;ha tradu\u00eft en la creaci\u00f3 d&#8217;una s\u00e8rie de col\u00b7leccions de mobiliari amb identitat pr\u00f2pia, que combina l&#8217;est\u00e8tica distintiva de l&#8217;arquitecte belga amb la qualitat artesanal de Molteni &#038; C.<\/p>\n<p style=\"font-size: 16px; text-align: left;\">A MIRSA interiorisme &#038; mobiliari som distribu\u00efdors oficials Molteni &#038; C. Per a m\u00e9s informaci\u00f3, visiti el nostre Showroom o contacti amb nosaltres.<\/p>\n<p>[\/vc_column_text][vc_row_inner][vc_column_inner width=&#8221;1\/3&#8243;]<style type=\"text\/css\">#bklyn_btn_69d29faabfd95 .bklyn-btn { color:#ffffff !important; background-color:black !important; }<\/style><div id=\"bklyn_btn_69d29faabfd95\" class=\"bklyn-btn-holder  bklyn-btn-center bklyn-btn-tablet-center bklyn-btn-mobile-center\"><a title=\"Muebles Molteni &amp; C\"   href=\"\/catalogo-productos\/?shrPrm=es\/\/8201494\/products\/2\/3210002\/1?usage=&#038;productgroup=&#038;manufacturer=3100092&#038;designer=\" target=\"_self\" class=\"bklyn-btn  bklyn-btn-icon-left bklyn-btn-normal\" ><i class=\"BklynIcons-Search\"><\/i><span class=\"ut-btn-text\">Productos<\/span><\/a><\/div>[\/vc_column_inner][vc_column_inner width=&#8221;1\/3&#8243;]<style type=\"text\/css\">#bklyn_btn_69d29faabfe28 .bklyn-btn { color:#ffffff !important; background-color:black !important; }<\/style><div id=\"bklyn_btn_69d29faabfe28\" class=\"bklyn-btn-holder  bklyn-btn-center bklyn-btn-tablet-center bklyn-btn-mobile-center\"><a title=\"Cat\u00e1logos Molteni &amp; C\"   href=\"\/catalogo-productos\/?shrPrm=es\/8201494\/pdf\/3100092\" target=\"_self\" class=\"bklyn-btn  bklyn-btn-icon-left bklyn-btn-normal\" ><i class=\"BklynIcons-Download\"><\/i><span class=\"ut-btn-text\">Cat\u00e1logos<\/span><\/a><\/div>[\/vc_column_inner][vc_column_inner width=&#8221;1\/3&#8243;]<style type=\"text\/css\">#bklyn_btn_69d29faabfe93 .bklyn-btn { color:#ffffff !important; background-color:black !important; }<\/style><div id=\"bklyn_btn_69d29faabfe93\" class=\"bklyn-btn-holder  bklyn-btn-center bklyn-btn-tablet-center bklyn-btn-mobile-center\"><a title=\"Contacto\"   href=\"\/contacto\" target=\"_self\" class=\"bklyn-btn  bklyn-btn-icon-left bklyn-btn-normal\" ><i class=\"fa fa-envelope\"><\/i><span class=\"ut-btn-text\">M\u00e1s informaci\u00f3n<\/span><\/a><\/div>[\/vc_column_inner][\/vc_row_inner][\/vc_column][\/vc_row][vc_section][vc_row full_width=&#8221;stretch_row_content&#8221;][vc_column][vc_column_text]<iframe id=\"shrFrm\" style=\"width: 100%; margin: 0; border: none; overflow: hidden;\"><\/iframe><br \/>\n<script src=\"https:\/\/vsr.architonic.com\/assets\/js\/shared\/jquery.responsiveiframe_inhp.js\"><\/script><br \/>\n<script type='text\/javascript'>jQuery(document).ready(function(){ var regex=new RegExp('[?&]shrPrm=([^&#]*)'); var res=regex.exec(window.location.href); var shrPrm=(res!=null?decodeURIComponent(res[1]):''); if(''!=shrPrm) document.getElementById('shrFrm').src='https:\/\/vsr.architonic.com\/'+shrPrm; else document.getElementById('shrFrm').src='https:\/\/vsr.architonic.com\/es\/8201494\/collections\/3100092\/1'; });(function(e){e(function(){e('#shrFrm').responsiveIframe()})})(jQuery);<\/script>[\/vc_column_text][\/vc_column][\/vc_row][\/vc_section]<\/p>\n<\/div>","protected":false},"excerpt":{"rendered":"<p>[vc_row css=&#8221;.vc_custom_1583596731269{margin-left: -50px !important;}&#8221;][vc_column][vc_column_text]Atr\u00e1s[\/vc_column_text][\/vc_column][\/vc_row][vc_row][vc_column][vc_column_text] Molteni &#038; C \u00e9s una reconeguda firma italiana que es dedica a la producci\u00f3 i comercialitzaci\u00f3 de mobiliari contemporani d&#8217;alta gamma. Des de la seva fundaci\u00f3 al 1934, ha mantingut una s\u00f2lida tradici\u00f3 i reputaci\u00f3 a nivell mundial a l&#8217;\u00e0mbit del disseny i la fabricaci\u00f3 de mobles. Gr\u00e0cies a la seva [&hellip;]<\/p>\n","protected":false},"author":1,"featured_media":0,"parent":0,"menu_order":0,"comment_status":"closed","ping_status":"closed","template":"","meta":{"footnotes":""},"class_list":["post-77637","page","type-page","status-publish","hentry"],"aioseo_notices":[],"_links":{"self":[{"href":"https:\/\/www.mirsa.es\/ca\/wp-json\/wp\/v2\/pages\/77637","targetHints":{"allow":["GET"]}}],"collection":[{"href":"https:\/\/www.mirsa.es\/ca\/wp-json\/wp\/v2\/pages"}],"about":[{"href":"https:\/\/www.mirsa.es\/ca\/wp-json\/wp\/v2\/types\/page"}],"author":[{"embeddable":true,"href":"https:\/\/www.mirsa.es\/ca\/wp-json\/wp\/v2\/users\/1"}],"replies":[{"embeddable":true,"href":"https:\/\/www.mirsa.es\/ca\/wp-json\/wp\/v2\/comments?post=77637"}],"version-history":[{"count":0,"href":"https:\/\/www.mirsa.es\/ca\/wp-json\/wp\/v2\/pages\/77637\/revisions"}],"wp:attachment":[{"href":"https:\/\/www.mirsa.es\/ca\/wp-json\/wp\/v2\/media?parent=77637"}],"curies":[{"name":"wp","href":"https:\/\/api.w.org\/{rel}","templated":true}]}}