{"id":77593,"date":"2024-03-21T12:14:50","date_gmt":"2024-03-21T12:14:50","guid":{"rendered":"https:\/\/www.mirsa.es\/camaleonda-bb-italia\/"},"modified":"2024-09-25T11:24:39","modified_gmt":"2024-09-25T11:24:39","slug":"camaleonda-bb-italia","status":"publish","type":"page","link":"https:\/\/www.mirsa.es\/ca\/camaleonda-bb-italia\/","title":{"rendered":"Camaleonda B&#038;B Italia"},"content":{"rendered":"<div class=\"wpb-content-wrapper\"><p>[vc_row css=&#8221;.vc_custom_1583596731269{margin-left: -50px !important;}&#8221;][vc_column][vc_column_text]<a href=\"javascript:history.go(-1)\" onmouseover=\"self.status=document.referrer;return true\" style=\"color: black;\">Atr\u00e1s<\/a>[\/vc_column_text][\/vc_column][\/vc_row][vc_row][vc_column][vc_column_text]<br \/>\n<img decoding=\"async\" class=\"wp-image-1077 size-large aligncenter\" title=\"Sofa Camaleonda - B&#038;B Italia\" src=\"\/wp-content\/uploads\/2024\/03\/sofa_camaleonda_bb_italia.jpg\" alt=\"Sofa Camaleonda - B&#038;B Italia\" width=\"100%\" height=\"400\"\/><\/p>\n<h2 style=\"font-size: 16px; text-align: left;\"><strong>Camaleonda, de la reconeguda firma B&#038;B Italia, \u00e9s un sof\u00e0 elegant i exclusiu d&#8217;estil contemporani, creat pel prestigi\u00f3s dissenyador Mario Bellini.<\/strong><\/h2>\n<p style=\"font-size: 16px; text-align: left;\">Presentat inicialment el 1970, el Camaleonda ha estat dissenyat per adaptar-se als nous temps, utilitzant materials m\u00e9s sostenibles i respectuosos amb el medi ambient per a la seva fabricaci\u00f3.<\/p>\n<p style=\"font-size: 16px; text-align: left;\">Es tracta d&#8217;una pe\u00e7a ic\u00f2nica del disseny, que es caracteritza pel seu sistema modular i versatilitat, amb m\u00f2duls de grans dimensions que permeten m\u00faltiples opcions de configuraci\u00f3 i personalitzaci\u00f3.<\/p>\n<p style=\"font-size: 16px; text-align: left;\">El sof\u00e1 Camaleonda combina comoditat amb atemporalitat, convertint-se en una pe\u00e7a referent per a interioristes i dissenyadors d&#8217;arreu del m\u00f3n.<\/p>\n<p style=\"font-size: 16px; text-align: left;\">La seva duradora popularitat i la seva capacitat d&#8217;adaptaci\u00f3 a les tend\u00e8ncies canviant han establert la seva posici\u00f3 com a referent del disseny, admirat tant per amants del disseny com per particulars al llarg de m\u00e9s de cinc d\u00e8cades.<\/p>\n<p style=\"font-size: 16px; text-align: left;\">A MIRSA interiorisme i mobiliari som distribu\u00efdors oficials de B&#038;B Italia. Per a m\u00e9s informaci\u00f3, visiteu el nostre showroom o poseu-vos en contacte amb nosaltres.<\/p>\n<p>[\/vc_column_text][vc_row_inner][vc_column_inner]<style type=\"text\/css\">#bklyn_btn_69d29b226b25b .bklyn-btn { color:#ffffff !important; background-color:black !important; }<\/style><div id=\"bklyn_btn_69d29b226b25b\" class=\"bklyn-btn-holder  bklyn-btn-center bklyn-btn-tablet-center bklyn-btn-mobile-center\"><a title=\"Contacto\"   href=\"\/contacto\" target=\"_self\" class=\"bklyn-btn  bklyn-btn-icon-left bklyn-btn-normal\" ><i class=\"fa fa-envelope\"><\/i><span class=\"ut-btn-text\">M\u00e9s informaci\u00f3<\/span><\/a><\/div>[\/vc_column_inner][\/vc_row_inner][\/vc_column][\/vc_row][vc_section][vc_row][vc_column width=&#8221;1\/2&#8243;]<div  class=\"wpb_content_element   clearfix\"><style type=\"text\/css\">#ut_am_69d29b226bcaa { opacity: 1; }#ut_am_wrap_69d29b226bcab { text-align: left; }@media (min-width: 768px) and (max-width: 1024px) { #ut_am_wrap_69d29b226bcab { text-align: left !important; } }@media (max-width: 767px) { #ut_am_wrap_69d29b226bcab { text-align: center !important; } }<\/style><div id=\"ut_am_wrap_69d29b226bcab\" class=\"ut-image-gallery-image \"><div id=\"ut_reveal_69d29b226bcac\"  data-appear-top-offset=\"auto\" class=\"ut-animated-image-item ut-image-gallery-item ut-animation-done \"><a class=\"ut-deactivated-link\" href=\"#\"><div class=\"ut-animated-image-zoom\">\r\n        <div class=\"ut-element-glitch-wrap\">\r\n\r\n            \r\n        <style type=\"text\/css\">\r\n\r\n                        \r\n        @media (min-width: 1025px) {\r\n\r\n        #ut-element-glitch-69d29b226bccc733563977-77597 .ut-glitch-single-element {\r\n                                            \r\n                }\r\n        }\r\n\r\n        @media (min-width: 768px) and (max-width: 1024px) {\r\n\r\n        #ut-element-glitch-69d29b226bccc733563977-77597 .ut-glitch-single-element {\r\n                                                \r\n                    }\r\n        }\r\n\r\n        @media (max-width: 767px) {\r\n\r\n        #ut-element-glitch-69d29b226bccc733563977-77597 .ut-glitch-single-element {\r\n                                                \r\n                    }\r\n        }\r\n\r\n        \r\n        <\/style>\r\n\r\n        \r\n            <div id=\"ut-element-glitch-69d29b226bccc733563977-77597\" class=\" ut-element-glitch ut-glitch-none ut-element-glitch-permanent\">\r\n                <div class=\"ut-glitch-single-element ut-lozad skip-lazy\" data-background-image=\"https:\/\/www.mirsa.es\/wp-content\/uploads\/2024\/03\/camaleonda_sofa_02-1.jpg\"><\/div>\r\n                <div class=\"ut-glitch-single-element ut-lozad skip-lazy\" data-background-image=\"https:\/\/www.mirsa.es\/wp-content\/uploads\/2024\/03\/camaleonda_sofa_02-1.jpg\"><\/div>\r\n                <div class=\"ut-glitch-single-element ut-lozad skip-lazy\" data-background-image=\"https:\/\/www.mirsa.es\/wp-content\/uploads\/2024\/03\/camaleonda_sofa_02-1.jpg\"><\/div>\r\n                <div class=\"ut-glitch-single-element ut-lozad skip-lazy\" data-background-image=\"https:\/\/www.mirsa.es\/wp-content\/uploads\/2024\/03\/camaleonda_sofa_02-1.jpg\"><\/div>\r\n                <div class=\"ut-glitch-single-element ut-lozad skip-lazy\" data-background-image=\"https:\/\/www.mirsa.es\/wp-content\/uploads\/2024\/03\/camaleonda_sofa_02-1.jpg\"><\/div>\r\n            <\/div>\r\n\r\n        <\/div>\r\n\r\n        <img loading=\"lazy\" decoding=\"async\" class=\"ut-lazy skip-lazy ut-animated-image \"  id=\"ut_am_69d29b226bcaa\" src=\"data:image\/svg+xml;charset=utf-8,%3Csvg xmlns%3D'http%3A%2F%2Fwww.w3.org%2F2000%2Fsvg' viewBox%3D'0 0 600 324'%2F%3E\" data-src=\"https:\/\/www.mirsa.es\/wp-content\/uploads\/2024\/03\/camaleonda_sofa_02-1.jpg\" width=\"600\" height=\"324\" alt=\"\"\/><\/div><\/a><\/div><\/div><\/div>[\/vc_column][vc_column width=&#8221;1\/2&#8243;]<div  class=\"wpb_content_element   clearfix\"><style type=\"text\/css\">#ut_am_69d29b226c7d7 { opacity: 1; }#ut_am_wrap_69d29b226c7d8 { text-align: left; }@media (min-width: 768px) and (max-width: 1024px) { #ut_am_wrap_69d29b226c7d8 { text-align: left !important; } }@media (max-width: 767px) { #ut_am_wrap_69d29b226c7d8 { text-align: center !important; } }<\/style><div id=\"ut_am_wrap_69d29b226c7d8\" class=\"ut-image-gallery-image \"><div id=\"ut_reveal_69d29b226c7d9\"  data-appear-top-offset=\"auto\" class=\"ut-animated-image-item ut-image-gallery-item ut-animation-done \"><a class=\"ut-deactivated-link\" href=\"#\"><div class=\"ut-animated-image-zoom\">\r\n        <div class=\"ut-element-glitch-wrap\">\r\n\r\n            \r\n        <style type=\"text\/css\">\r\n\r\n                        \r\n        @media (min-width: 1025px) {\r\n\r\n        #ut-element-glitch-69d29b226c7f0569498620-81249 .ut-glitch-single-element {\r\n                                            \r\n                }\r\n        }\r\n\r\n        @media (min-width: 768px) and (max-width: 1024px) {\r\n\r\n        #ut-element-glitch-69d29b226c7f0569498620-81249 .ut-glitch-single-element {\r\n                                                \r\n                    }\r\n        }\r\n\r\n        @media (max-width: 767px) {\r\n\r\n        #ut-element-glitch-69d29b226c7f0569498620-81249 .ut-glitch-single-element {\r\n                                                \r\n                    }\r\n        }\r\n\r\n        \r\n        <\/style>\r\n\r\n        \r\n            <div id=\"ut-element-glitch-69d29b226c7f0569498620-81249\" class=\" ut-element-glitch ut-glitch-none ut-element-glitch-permanent\">\r\n                <div class=\"ut-glitch-single-element ut-lozad skip-lazy\" data-background-image=\"https:\/\/www.mirsa.es\/wp-content\/uploads\/2024\/09\/camaleonda_bb_italia.jpg\"><\/div>\r\n                <div class=\"ut-glitch-single-element ut-lozad skip-lazy\" data-background-image=\"https:\/\/www.mirsa.es\/wp-content\/uploads\/2024\/09\/camaleonda_bb_italia.jpg\"><\/div>\r\n                <div class=\"ut-glitch-single-element ut-lozad skip-lazy\" data-background-image=\"https:\/\/www.mirsa.es\/wp-content\/uploads\/2024\/09\/camaleonda_bb_italia.jpg\"><\/div>\r\n                <div class=\"ut-glitch-single-element ut-lozad skip-lazy\" data-background-image=\"https:\/\/www.mirsa.es\/wp-content\/uploads\/2024\/09\/camaleonda_bb_italia.jpg\"><\/div>\r\n                <div class=\"ut-glitch-single-element ut-lozad skip-lazy\" data-background-image=\"https:\/\/www.mirsa.es\/wp-content\/uploads\/2024\/09\/camaleonda_bb_italia.jpg\"><\/div>\r\n            <\/div>\r\n\r\n        <\/div>\r\n\r\n        <img loading=\"lazy\" decoding=\"async\" class=\"ut-lazy skip-lazy ut-animated-image \"  id=\"ut_am_69d29b226c7d7\" src=\"data:image\/svg+xml;charset=utf-8,%3Csvg xmlns%3D'http%3A%2F%2Fwww.w3.org%2F2000%2Fsvg' viewBox%3D'0 0 600 324'%2F%3E\" data-src=\"https:\/\/www.mirsa.es\/wp-content\/uploads\/2024\/09\/camaleonda_bb_italia.jpg\" width=\"600\" height=\"324\" alt=\"\"\/><\/div><\/a><\/div><\/div><\/div>[\/vc_column][\/vc_row][\/vc_section]<\/p>\n<\/div>","protected":false},"excerpt":{"rendered":"<p>[vc_row css=&#8221;.vc_custom_1583596731269{margin-left: -50px !important;}&#8221;][vc_column][vc_column_text]Atr\u00e1s[\/vc_column_text][\/vc_column][\/vc_row][vc_row][vc_column][vc_column_text] Camaleonda, de la reconeguda firma B&#038;B Italia, \u00e9s un sof\u00e0 elegant i exclusiu d&#8217;estil contemporani, creat pel prestigi\u00f3s dissenyador Mario Bellini. Presentat inicialment el 1970, el Camaleonda ha estat dissenyat per adaptar-se als nous temps, utilitzant materials m\u00e9s sostenibles i respectuosos amb el medi ambient per a la seva fabricaci\u00f3. Es [&hellip;]<\/p>\n","protected":false},"author":1,"featured_media":0,"parent":0,"menu_order":0,"comment_status":"closed","ping_status":"closed","template":"","meta":{"footnotes":""},"class_list":["post-77593","page","type-page","status-publish","hentry"],"aioseo_notices":[],"_links":{"self":[{"href":"https:\/\/www.mirsa.es\/ca\/wp-json\/wp\/v2\/pages\/77593","targetHints":{"allow":["GET"]}}],"collection":[{"href":"https:\/\/www.mirsa.es\/ca\/wp-json\/wp\/v2\/pages"}],"about":[{"href":"https:\/\/www.mirsa.es\/ca\/wp-json\/wp\/v2\/types\/page"}],"author":[{"embeddable":true,"href":"https:\/\/www.mirsa.es\/ca\/wp-json\/wp\/v2\/users\/1"}],"replies":[{"embeddable":true,"href":"https:\/\/www.mirsa.es\/ca\/wp-json\/wp\/v2\/comments?post=77593"}],"version-history":[{"count":0,"href":"https:\/\/www.mirsa.es\/ca\/wp-json\/wp\/v2\/pages\/77593\/revisions"}],"wp:attachment":[{"href":"https:\/\/www.mirsa.es\/ca\/wp-json\/wp\/v2\/media?parent=77593"}],"curies":[{"name":"wp","href":"https:\/\/api.w.org\/{rel}","templated":true}]}}