{"id":76753,"date":"2023-11-14T16:52:49","date_gmt":"2023-11-14T16:52:49","guid":{"rendered":"https:\/\/www.mirsa.es\/mesa-maxi-clay-desalto\/"},"modified":"2023-11-14T16:58:36","modified_gmt":"2023-11-14T16:58:36","slug":"mesa-maxi-clay-desalto","status":"publish","type":"page","link":"https:\/\/www.mirsa.es\/ca\/mesa-maxi-clay-desalto\/","title":{"rendered":"Maxi Clay Desalto"},"content":{"rendered":"<div class=\"wpb-content-wrapper\"><p>[vc_row][vc_column][vc_column_text]<\/p>\n<h5><img decoding=\"async\" class=\"wp-image-1077 size-large aligncenter\" title=\"Maxi Clay Desalto\" src=\"\/wp-content\/uploads\/2023\/11\/mesa_maxi_clay_desalto.jpg\" alt=\"Maxi Clay Desalto\" width=\"100%\" height=\"400\" \/><\/h5>\n<p style=\"font-size: 16px; text-align: left;\"><strong>La taula Maxi Clay de Desalto neix com una reinterpretaci\u00f3 de la m\u00edtica col\u00b7lecci\u00f3 Clay, una nova versi\u00f3 que destaca.<\/strong><\/p>\n<p style=\"font-size: 16px; text-align: left;\">Maxi Clay es caracteritza per la seva superf\u00edcie ovalada de 3,5 metres que presenta noves perspectives i amplia les possibilitats tant per a espais dom\u00e8stics com per a espais contract.<\/p>\n<p style=\"font-size: 16px; text-align: left;\">La taula consisteix en dos cons contraposats que desafien la for\u00e7a de la gravetat creant un equilibri aparentment inestable, per\u00f2 creant una perfecta harmonia.<\/p>\n<p style=\"font-size: 16px; text-align: left;\">La col\u00b7lecci\u00f3 es concep com una combinaci\u00f3 perfecta entre eleg\u00e0ncia i funcionalitat, i gr\u00e0cies a les seves m\u00faltiples opcions de configuraci\u00f3 i personalitzaci\u00f3, s&#8217;adapta amb facilitat a qualsevol mena d&#8217;espai.<\/p>\n<p style=\"font-size: 16px; text-align: left;\">A MIRSA interiorisme &#038; mobiliari som distribu\u00efdors oficials Desalto. Per a m\u00e9s informaci\u00f3, visiti el nostre Showroom o contacti amb nosaltres.<\/p>\n<p>[\/vc_column_text][vc_row_inner][vc_column_inner]<style type=\"text\/css\">#bklyn_btn_69d1d701ac79b .bklyn-btn { color:#ffffff !important; background-color:black !important; }<\/style><div id=\"bklyn_btn_69d1d701ac79b\" class=\"bklyn-btn-holder  bklyn-btn-center bklyn-btn-tablet-center bklyn-btn-mobile-center\"><a title=\"Contacto\"   href=\"\/contacto\" target=\"_self\" class=\"bklyn-btn  bklyn-btn-icon-left bklyn-btn-normal\" ><i class=\"fa fa-envelope\"><\/i><span class=\"ut-btn-text\">M\u00e9s informaci\u00f3<\/span><\/a><\/div>[\/vc_column_inner][\/vc_row_inner][vc_row_inner][vc_column_inner width=&#8221;1\/2&#8243;]<div  class=\"wpb_content_element   clearfix\"><style type=\"text\/css\">#ut_am_69d1d701ad850 { opacity: 1; }#ut_am_wrap_69d1d701ad851 { text-align: left; }@media (min-width: 768px) and (max-width: 1024px) { #ut_am_wrap_69d1d701ad851 { text-align: left !important; } }@media (max-width: 767px) { #ut_am_wrap_69d1d701ad851 { text-align: center !important; } }<\/style><div id=\"ut_am_wrap_69d1d701ad851\" class=\"ut-image-gallery-image \"><div id=\"ut_reveal_69d1d701ad852\"  data-appear-top-offset=\"auto\" class=\"ut-animated-image-item ut-image-gallery-item ut-animation-done \"><a class=\"ut-deactivated-link\" href=\"#\"><div class=\"ut-animated-image-zoom\">\r\n        <div class=\"ut-element-glitch-wrap\">\r\n\r\n            \r\n        <style type=\"text\/css\">\r\n\r\n                        \r\n        @media (min-width: 1025px) {\r\n\r\n        #ut-element-glitch-69d1d701ad874737678553-76745 .ut-glitch-single-element {\r\n                                            \r\n                }\r\n        }\r\n\r\n        @media (min-width: 768px) and (max-width: 1024px) {\r\n\r\n        #ut-element-glitch-69d1d701ad874737678553-76745 .ut-glitch-single-element {\r\n                                                \r\n                    }\r\n        }\r\n\r\n        @media (max-width: 767px) {\r\n\r\n        #ut-element-glitch-69d1d701ad874737678553-76745 .ut-glitch-single-element {\r\n                                                \r\n                    }\r\n        }\r\n\r\n        \r\n        <\/style>\r\n\r\n        \r\n            <div id=\"ut-element-glitch-69d1d701ad874737678553-76745\" class=\" ut-element-glitch ut-glitch-none ut-element-glitch-permanent\">\r\n                <div class=\"ut-glitch-single-element ut-lozad skip-lazy\" data-background-image=\"https:\/\/www.mirsa.es\/wp-content\/uploads\/2023\/11\/mesa_maxi_clay_desalto_02.jpg\"><\/div>\r\n                <div class=\"ut-glitch-single-element ut-lozad skip-lazy\" data-background-image=\"https:\/\/www.mirsa.es\/wp-content\/uploads\/2023\/11\/mesa_maxi_clay_desalto_02.jpg\"><\/div>\r\n                <div class=\"ut-glitch-single-element ut-lozad skip-lazy\" data-background-image=\"https:\/\/www.mirsa.es\/wp-content\/uploads\/2023\/11\/mesa_maxi_clay_desalto_02.jpg\"><\/div>\r\n                <div class=\"ut-glitch-single-element ut-lozad skip-lazy\" data-background-image=\"https:\/\/www.mirsa.es\/wp-content\/uploads\/2023\/11\/mesa_maxi_clay_desalto_02.jpg\"><\/div>\r\n                <div class=\"ut-glitch-single-element ut-lozad skip-lazy\" data-background-image=\"https:\/\/www.mirsa.es\/wp-content\/uploads\/2023\/11\/mesa_maxi_clay_desalto_02.jpg\"><\/div>\r\n            <\/div>\r\n\r\n        <\/div>\r\n\r\n        <img loading=\"lazy\" decoding=\"async\" class=\"ut-lazy skip-lazy ut-animated-image \"  id=\"ut_am_69d1d701ad850\" src=\"data:image\/svg+xml;charset=utf-8,%3Csvg xmlns%3D'http%3A%2F%2Fwww.w3.org%2F2000%2Fsvg' viewBox%3D'0 0 600 324'%2F%3E\" data-src=\"https:\/\/www.mirsa.es\/wp-content\/uploads\/2023\/11\/mesa_maxi_clay_desalto_02.jpg\" width=\"600\" height=\"324\" alt=\"\"\/><\/div><\/a><\/div><\/div><\/div>[\/vc_column_inner][vc_column_inner width=&#8221;1\/2&#8243;]<div  class=\"wpb_content_element   clearfix\"><style type=\"text\/css\">#ut_am_69d1d701ae006 { opacity: 1; }#ut_am_wrap_69d1d701ae007 { text-align: left; }@media (min-width: 768px) and (max-width: 1024px) { #ut_am_wrap_69d1d701ae007 { text-align: left !important; } }@media (max-width: 767px) { #ut_am_wrap_69d1d701ae007 { text-align: center !important; } }<\/style><div id=\"ut_am_wrap_69d1d701ae007\" class=\"ut-image-gallery-image \"><div id=\"ut_reveal_69d1d701ae008\"  data-appear-top-offset=\"auto\" class=\"ut-animated-image-item ut-image-gallery-item ut-animation-done \"><a class=\"ut-deactivated-link\" href=\"#\"><div class=\"ut-animated-image-zoom\">\r\n        <div class=\"ut-element-glitch-wrap\">\r\n\r\n            \r\n        <style type=\"text\/css\">\r\n\r\n                        \r\n        @media (min-width: 1025px) {\r\n\r\n        #ut-element-glitch-69d1d701ae020323527817-76748 .ut-glitch-single-element {\r\n                                            \r\n                }\r\n        }\r\n\r\n        @media (min-width: 768px) and (max-width: 1024px) {\r\n\r\n        #ut-element-glitch-69d1d701ae020323527817-76748 .ut-glitch-single-element {\r\n                                                \r\n                    }\r\n        }\r\n\r\n        @media (max-width: 767px) {\r\n\r\n        #ut-element-glitch-69d1d701ae020323527817-76748 .ut-glitch-single-element {\r\n                                                \r\n                    }\r\n        }\r\n\r\n        \r\n        <\/style>\r\n\r\n        \r\n            <div id=\"ut-element-glitch-69d1d701ae020323527817-76748\" class=\" ut-element-glitch ut-glitch-none ut-element-glitch-permanent\">\r\n                <div class=\"ut-glitch-single-element ut-lozad skip-lazy\" data-background-image=\"https:\/\/www.mirsa.es\/wp-content\/uploads\/2023\/11\/mesa_maxi_clay_desalto_03.jpg\"><\/div>\r\n                <div class=\"ut-glitch-single-element ut-lozad skip-lazy\" data-background-image=\"https:\/\/www.mirsa.es\/wp-content\/uploads\/2023\/11\/mesa_maxi_clay_desalto_03.jpg\"><\/div>\r\n                <div class=\"ut-glitch-single-element ut-lozad skip-lazy\" data-background-image=\"https:\/\/www.mirsa.es\/wp-content\/uploads\/2023\/11\/mesa_maxi_clay_desalto_03.jpg\"><\/div>\r\n                <div class=\"ut-glitch-single-element ut-lozad skip-lazy\" data-background-image=\"https:\/\/www.mirsa.es\/wp-content\/uploads\/2023\/11\/mesa_maxi_clay_desalto_03.jpg\"><\/div>\r\n                <div class=\"ut-glitch-single-element ut-lozad skip-lazy\" data-background-image=\"https:\/\/www.mirsa.es\/wp-content\/uploads\/2023\/11\/mesa_maxi_clay_desalto_03.jpg\"><\/div>\r\n            <\/div>\r\n\r\n        <\/div>\r\n\r\n        <img loading=\"lazy\" decoding=\"async\" class=\"ut-lazy skip-lazy ut-animated-image \"  id=\"ut_am_69d1d701ae006\" src=\"data:image\/svg+xml;charset=utf-8,%3Csvg xmlns%3D'http%3A%2F%2Fwww.w3.org%2F2000%2Fsvg' viewBox%3D'0 0 600 324'%2F%3E\" data-src=\"https:\/\/www.mirsa.es\/wp-content\/uploads\/2023\/11\/mesa_maxi_clay_desalto_03.jpg\" width=\"600\" height=\"324\" alt=\"\"\/><\/div><\/a><\/div><\/div><\/div>[\/vc_column_inner][\/vc_row_inner][\/vc_column][\/vc_row]<\/p>\n<\/div>","protected":false},"excerpt":{"rendered":"<p>[vc_row][vc_column][vc_column_text] La taula Maxi Clay de Desalto neix com una reinterpretaci\u00f3 de la m\u00edtica col\u00b7lecci\u00f3 Clay, una nova versi\u00f3 que destaca. Maxi Clay es caracteritza per la seva superf\u00edcie ovalada de 3,5 metres que presenta noves perspectives i amplia les possibilitats tant per a espais dom\u00e8stics com per a espais contract. La taula consisteix en [&hellip;]<\/p>\n","protected":false},"author":1,"featured_media":0,"parent":0,"menu_order":0,"comment_status":"closed","ping_status":"closed","template":"","meta":{"footnotes":""},"class_list":["post-76753","page","type-page","status-publish","hentry"],"aioseo_notices":[],"_links":{"self":[{"href":"https:\/\/www.mirsa.es\/ca\/wp-json\/wp\/v2\/pages\/76753","targetHints":{"allow":["GET"]}}],"collection":[{"href":"https:\/\/www.mirsa.es\/ca\/wp-json\/wp\/v2\/pages"}],"about":[{"href":"https:\/\/www.mirsa.es\/ca\/wp-json\/wp\/v2\/types\/page"}],"author":[{"embeddable":true,"href":"https:\/\/www.mirsa.es\/ca\/wp-json\/wp\/v2\/users\/1"}],"replies":[{"embeddable":true,"href":"https:\/\/www.mirsa.es\/ca\/wp-json\/wp\/v2\/comments?post=76753"}],"version-history":[{"count":0,"href":"https:\/\/www.mirsa.es\/ca\/wp-json\/wp\/v2\/pages\/76753\/revisions"}],"wp:attachment":[{"href":"https:\/\/www.mirsa.es\/ca\/wp-json\/wp\/v2\/media?parent=76753"}],"curies":[{"name":"wp","href":"https:\/\/api.w.org\/{rel}","templated":true}]}}