{"id":76117,"date":"2023-09-22T17:06:47","date_gmt":"2023-09-22T17:06:47","guid":{"rendered":"https:\/\/www.mirsa.es\/mesa-ares-maxalto\/"},"modified":"2023-09-22T17:12:10","modified_gmt":"2023-09-22T17:12:10","slug":"mesa-ares-maxalto","status":"publish","type":"page","link":"https:\/\/www.mirsa.es\/ca\/mesa-ares-maxalto\/","title":{"rendered":"Taula Ares Maxalto"},"content":{"rendered":"<div class=\"wpb-content-wrapper\"><p>[vc_row][vc_column][vc_column_text]<\/p>\n<h5><img decoding=\"async\" class=\"wp-image-1077 size-large aligncenter\" title=\"Taula Ares Maxalto\" src=\"\/wp-content\/uploads\/2023\/09\/mesa_ares_maxalto.jpg\" alt=\"Taula Ares Maxalto\" width=\"100%\" height=\"400\"\/><\/h5>\n<p style=\"font-size: 16px; text-align: left;\"><strong>Ares de la reconeguda firma italiana Maxalto \u00e9s una exclusiva i elegant taula d&#8217;estil contemporani patentada pel prestigi\u00f3s dissenyador itali\u00e0 Antonio Citterio.<\/strong><\/p>\n<p style=\"font-size: 16px; text-align: left;\">La taula destaca per la seva espectacular base en fusta massissa en forma de X. El taulell es caracteritza per la seva rigidesa i per la seva forma rectangular, i est\u00e0 disponible en diversos tipus de fusta.<\/p>\n<p style=\"font-size: 16px; text-align: left;\">Gr\u00e0cies a les seves m\u00faltiples opcions de configuraci\u00f3 i personalitzaci\u00f3, la taula Ares s&#8217;adapta a la perfecci\u00f3 a qualsevol mena d&#8217;espai, aportant solucions elegants i funcionals per a la zona de dia.<\/p>\n<p style=\"font-size: 16px; text-align: left;\">A MIRSA interiorisme &#038; mobiliari som distribu\u00efdors oficials Maxalto. Per a m\u00e9s informaci\u00f3, visiti el nostre Showroom o contacti amb nosaltres.<\/p>\n<p>[\/vc_column_text][vc_row_inner][vc_column_inner]<style type=\"text\/css\">#bklyn_btn_69d197c76116c .bklyn-btn { color:#ffffff !important; background-color:black !important; }<\/style><div id=\"bklyn_btn_69d197c76116c\" class=\"bklyn-btn-holder  bklyn-btn-center bklyn-btn-tablet-center bklyn-btn-mobile-center\"><a title=\"Contacto\"   href=\"\/contacto\" target=\"_self\" class=\"bklyn-btn  bklyn-btn-icon-left bklyn-btn-normal\" ><i class=\"fa fa-envelope\"><\/i><span class=\"ut-btn-text\">M\u00e9s informaci\u00f3<\/span><\/a><\/div>[\/vc_column_inner][\/vc_row_inner][\/vc_column][\/vc_row][vc_section][vc_row][vc_column width=&#8221;1\/2&#8243;]<div  class=\"wpb_content_element   clearfix\"><style type=\"text\/css\">#ut_am_69d197c762072 { opacity: 1; }#ut_am_wrap_69d197c762073 { text-align: left; }@media (min-width: 768px) and (max-width: 1024px) { #ut_am_wrap_69d197c762073 { text-align: left !important; } }@media (max-width: 767px) { #ut_am_wrap_69d197c762073 { text-align: center !important; } }<\/style><div id=\"ut_am_wrap_69d197c762073\" class=\"ut-image-gallery-image \"><div id=\"ut_reveal_69d197c762074\"  data-appear-top-offset=\"auto\" class=\"ut-animated-image-item ut-image-gallery-item ut-animation-done \"><a class=\"ut-deactivated-link\" href=\"#\"><div class=\"ut-animated-image-zoom\">\r\n        <div class=\"ut-element-glitch-wrap\">\r\n\r\n            \r\n        <style type=\"text\/css\">\r\n\r\n                        \r\n        @media (min-width: 1025px) {\r\n\r\n        #ut-element-glitch-69d197c762093589455449-76109 .ut-glitch-single-element {\r\n                                            \r\n                }\r\n        }\r\n\r\n        @media (min-width: 768px) and (max-width: 1024px) {\r\n\r\n        #ut-element-glitch-69d197c762093589455449-76109 .ut-glitch-single-element {\r\n                                                \r\n                    }\r\n        }\r\n\r\n        @media (max-width: 767px) {\r\n\r\n        #ut-element-glitch-69d197c762093589455449-76109 .ut-glitch-single-element {\r\n                                                \r\n                    }\r\n        }\r\n\r\n        \r\n        <\/style>\r\n\r\n        \r\n            <div id=\"ut-element-glitch-69d197c762093589455449-76109\" class=\" ut-element-glitch ut-glitch-none ut-element-glitch-permanent\">\r\n                <div class=\"ut-glitch-single-element ut-lozad skip-lazy\" data-background-image=\"https:\/\/www.mirsa.es\/wp-content\/uploads\/2023\/09\/mesa_ares_maxalto_01.jpg\"><\/div>\r\n                <div class=\"ut-glitch-single-element ut-lozad skip-lazy\" data-background-image=\"https:\/\/www.mirsa.es\/wp-content\/uploads\/2023\/09\/mesa_ares_maxalto_01.jpg\"><\/div>\r\n                <div class=\"ut-glitch-single-element ut-lozad skip-lazy\" data-background-image=\"https:\/\/www.mirsa.es\/wp-content\/uploads\/2023\/09\/mesa_ares_maxalto_01.jpg\"><\/div>\r\n                <div class=\"ut-glitch-single-element ut-lozad skip-lazy\" data-background-image=\"https:\/\/www.mirsa.es\/wp-content\/uploads\/2023\/09\/mesa_ares_maxalto_01.jpg\"><\/div>\r\n                <div class=\"ut-glitch-single-element ut-lozad skip-lazy\" data-background-image=\"https:\/\/www.mirsa.es\/wp-content\/uploads\/2023\/09\/mesa_ares_maxalto_01.jpg\"><\/div>\r\n            <\/div>\r\n\r\n        <\/div>\r\n\r\n        <img loading=\"lazy\" decoding=\"async\" class=\"ut-lazy skip-lazy ut-animated-image \"  id=\"ut_am_69d197c762072\" src=\"data:image\/svg+xml;charset=utf-8,%3Csvg xmlns%3D'http%3A%2F%2Fwww.w3.org%2F2000%2Fsvg' viewBox%3D'0 0 592 692'%2F%3E\" data-src=\"https:\/\/www.mirsa.es\/wp-content\/uploads\/2023\/09\/mesa_ares_maxalto_01.jpg\" width=\"592\" height=\"692\" alt=\"\"\/><\/div><\/a><\/div><\/div><\/div>[\/vc_column][vc_column width=&#8221;1\/2&#8243;]<div  class=\"wpb_content_element   clearfix\"><style type=\"text\/css\">#ut_am_69d197c762711 { opacity: 1; }#ut_am_wrap_69d197c762712 { text-align: left; }@media (min-width: 768px) and (max-width: 1024px) { #ut_am_wrap_69d197c762712 { text-align: left !important; } }@media (max-width: 767px) { #ut_am_wrap_69d197c762712 { text-align: center !important; } }<\/style><div id=\"ut_am_wrap_69d197c762712\" class=\"ut-image-gallery-image \"><div id=\"ut_reveal_69d197c762713\"  data-appear-top-offset=\"auto\" class=\"ut-animated-image-item ut-image-gallery-item ut-animation-done \"><a class=\"ut-deactivated-link\" href=\"#\"><div class=\"ut-animated-image-zoom\">\r\n        <div class=\"ut-element-glitch-wrap\">\r\n\r\n            \r\n        <style type=\"text\/css\">\r\n\r\n                        \r\n        @media (min-width: 1025px) {\r\n\r\n        #ut-element-glitch-69d197c762727474191894-76112 .ut-glitch-single-element {\r\n                                            \r\n                }\r\n        }\r\n\r\n        @media (min-width: 768px) and (max-width: 1024px) {\r\n\r\n        #ut-element-glitch-69d197c762727474191894-76112 .ut-glitch-single-element {\r\n                                                \r\n                    }\r\n        }\r\n\r\n        @media (max-width: 767px) {\r\n\r\n        #ut-element-glitch-69d197c762727474191894-76112 .ut-glitch-single-element {\r\n                                                \r\n                    }\r\n        }\r\n\r\n        \r\n        <\/style>\r\n\r\n        \r\n            <div id=\"ut-element-glitch-69d197c762727474191894-76112\" class=\" ut-element-glitch ut-glitch-none ut-element-glitch-permanent\">\r\n                <div class=\"ut-glitch-single-element ut-lozad skip-lazy\" data-background-image=\"https:\/\/www.mirsa.es\/wp-content\/uploads\/2023\/09\/mesa_ares_maxalto_02.jpg\"><\/div>\r\n                <div class=\"ut-glitch-single-element ut-lozad skip-lazy\" data-background-image=\"https:\/\/www.mirsa.es\/wp-content\/uploads\/2023\/09\/mesa_ares_maxalto_02.jpg\"><\/div>\r\n                <div class=\"ut-glitch-single-element ut-lozad skip-lazy\" data-background-image=\"https:\/\/www.mirsa.es\/wp-content\/uploads\/2023\/09\/mesa_ares_maxalto_02.jpg\"><\/div>\r\n                <div class=\"ut-glitch-single-element ut-lozad skip-lazy\" data-background-image=\"https:\/\/www.mirsa.es\/wp-content\/uploads\/2023\/09\/mesa_ares_maxalto_02.jpg\"><\/div>\r\n                <div class=\"ut-glitch-single-element ut-lozad skip-lazy\" data-background-image=\"https:\/\/www.mirsa.es\/wp-content\/uploads\/2023\/09\/mesa_ares_maxalto_02.jpg\"><\/div>\r\n            <\/div>\r\n\r\n        <\/div>\r\n\r\n        <img loading=\"lazy\" decoding=\"async\" class=\"ut-lazy skip-lazy ut-animated-image \"  id=\"ut_am_69d197c762711\" src=\"data:image\/svg+xml;charset=utf-8,%3Csvg xmlns%3D'http%3A%2F%2Fwww.w3.org%2F2000%2Fsvg' viewBox%3D'0 0 592 692'%2F%3E\" data-src=\"https:\/\/www.mirsa.es\/wp-content\/uploads\/2023\/09\/mesa_ares_maxalto_02.jpg\" width=\"592\" height=\"692\" alt=\"\"\/><\/div><\/a><\/div><\/div><\/div>[\/vc_column][\/vc_row][\/vc_section]<\/p>\n<\/div>","protected":false},"excerpt":{"rendered":"<p>[vc_row][vc_column][vc_column_text] Ares de la reconeguda firma italiana Maxalto \u00e9s una exclusiva i elegant taula d&#8217;estil contemporani patentada pel prestigi\u00f3s dissenyador itali\u00e0 Antonio Citterio. La taula destaca per la seva espectacular base en fusta massissa en forma de X. El taulell es caracteritza per la seva rigidesa i per la seva forma rectangular, i est\u00e0 disponible [&hellip;]<\/p>\n","protected":false},"author":1,"featured_media":0,"parent":0,"menu_order":0,"comment_status":"closed","ping_status":"closed","template":"","meta":{"footnotes":""},"class_list":["post-76117","page","type-page","status-publish","hentry"],"aioseo_notices":[],"_links":{"self":[{"href":"https:\/\/www.mirsa.es\/ca\/wp-json\/wp\/v2\/pages\/76117","targetHints":{"allow":["GET"]}}],"collection":[{"href":"https:\/\/www.mirsa.es\/ca\/wp-json\/wp\/v2\/pages"}],"about":[{"href":"https:\/\/www.mirsa.es\/ca\/wp-json\/wp\/v2\/types\/page"}],"author":[{"embeddable":true,"href":"https:\/\/www.mirsa.es\/ca\/wp-json\/wp\/v2\/users\/1"}],"replies":[{"embeddable":true,"href":"https:\/\/www.mirsa.es\/ca\/wp-json\/wp\/v2\/comments?post=76117"}],"version-history":[{"count":0,"href":"https:\/\/www.mirsa.es\/ca\/wp-json\/wp\/v2\/pages\/76117\/revisions"}],"wp:attachment":[{"href":"https:\/\/www.mirsa.es\/ca\/wp-json\/wp\/v2\/media?parent=76117"}],"curies":[{"name":"wp","href":"https:\/\/api.w.org\/{rel}","templated":true}]}}