{"id":74058,"date":"2023-05-16T16:21:20","date_gmt":"2023-05-16T16:21:20","guid":{"rendered":"https:\/\/www.mirsa.es\/sofa-klem-porada\/"},"modified":"2023-05-16T17:06:43","modified_gmt":"2023-05-16T17:06:43","slug":"sofa-klem-porada","status":"publish","type":"page","link":"https:\/\/www.mirsa.es\/ca\/sofa-klem-porada\/","title":{"rendered":"Sofa Klem Porada"},"content":{"rendered":"<div class=\"wpb-content-wrapper\"><p>[vc_row][vc_column][vc_column_text]<\/p>\n<h5><img decoding=\"async\" class=\"wp-image-1077 size-large aligncenter\" title=\"Sofa Klem Porada\" src=\"\/wp-content\/uploads\/2023\/05\/sofa_klem_porada.jpg\" alt=\"Sofa Klem Porada\" width=\"100%\" height=\"400\"\/><\/h5>\n<p style=\"font-size: 16px; text-align: left;\"><strong>El sof\u00e0 Klem de la reconeguda firma italiana Porada \u00e9s un elegant i sofisticat seient d\u2019estil contemporani que es caracteriza per la seva espectacular estructura en fusta de noguera canaletta.<\/strong><\/p>\n<p style=\"font-size: 16px; text-align: left;\">Patentat pel prestigi\u00f3s dissenyador itali\u00e0 G. Vigan\u00f2, es tracta d\u2019un sof\u00e0 dissenyat especialmente per a garanitr la m\u00e1xima comoditat, gr\u00e0cies al seu farcit d\u2019escuma en poliuret\u00e0 de diferents densitats.<\/p>\n<p style=\"font-size: 16px; text-align: left;\">Els coixins del respatller es presenten en ploma estirilitzada amb injert d\u2019escuma de poliuret\u00e0. Vigan\u00f2 concep el sof\u00e0 Klem com una combinaci\u00f3n perfecta entre disseny i confort, un espai exclusiu i acollidor que afavoreix els moments de descans i relaxaci\u00f3.<\/p>\n<p style=\"font-size: 16px; text-align: left;\">Gr\u00e0cies a la seva estructura modular i als seus m\u00faltiples acabats, la col\u00b7lecci\u00f3 Klem s\u2019adapta amb facilitat a qualsevol mena d\u2019espais, oferint solucions elegants i funcionals per a la zona de dia.<\/p>\n<p style=\"font-size: 16px; text-align: left;\">A MIRSA interiorisme &#038; mobiliari som distribu\u00efdors ofcials Porada. Per a m\u00e9s informaci\u00f3, visiti el nostre Showroom o contacti amb nosaltres.<\/p>\n<p>[\/vc_column_text][vc_row_inner][vc_column_inner]<style type=\"text\/css\">#bklyn_btn_69d28431f2c28 .bklyn-btn { color:#ffffff !important; background-color:black !important; }<\/style><div id=\"bklyn_btn_69d28431f2c28\" class=\"bklyn-btn-holder  bklyn-btn-center bklyn-btn-tablet-center bklyn-btn-mobile-center\"><a title=\"Contacto\"   href=\"\/contacto\" target=\"_self\" class=\"bklyn-btn  bklyn-btn-icon-left bklyn-btn-normal\" ><i class=\"fa fa-envelope\"><\/i><span class=\"ut-btn-text\">M\u00e9s informaci\u00f3<\/span><\/a><\/div>[\/vc_column_inner][\/vc_row_inner][vc_row_inner][vc_column_inner width=&#8221;1\/2&#8243;]<div  class=\"wpb_content_element   clearfix\"><style type=\"text\/css\">#ut_am_69d28431f3218 { opacity: 1; }#ut_am_wrap_69d28431f3219 { text-align: left; }@media (min-width: 768px) and (max-width: 1024px) { #ut_am_wrap_69d28431f3219 { text-align: left !important; } }@media (max-width: 767px) { #ut_am_wrap_69d28431f3219 { text-align: center !important; } }<\/style><div id=\"ut_am_wrap_69d28431f3219\" class=\"ut-image-gallery-image \"><div id=\"ut_reveal_69d28431f321a\"  data-appear-top-offset=\"auto\" class=\"ut-animated-image-item ut-image-gallery-item ut-animation-done \"><a class=\"ut-deactivated-link\" href=\"#\"><div class=\"ut-animated-image-zoom\">\r\n        <div class=\"ut-element-glitch-wrap\">\r\n\r\n            \r\n        <style type=\"text\/css\">\r\n\r\n                        \r\n        @media (min-width: 1025px) {\r\n\r\n        #ut-element-glitch-69d28431f323d761313388-74040 .ut-glitch-single-element {\r\n                                            \r\n                }\r\n        }\r\n\r\n        @media (min-width: 768px) and (max-width: 1024px) {\r\n\r\n        #ut-element-glitch-69d28431f323d761313388-74040 .ut-glitch-single-element {\r\n                                                \r\n                    }\r\n        }\r\n\r\n        @media (max-width: 767px) {\r\n\r\n        #ut-element-glitch-69d28431f323d761313388-74040 .ut-glitch-single-element {\r\n                                                \r\n                    }\r\n        }\r\n\r\n        \r\n        <\/style>\r\n\r\n        \r\n            <div id=\"ut-element-glitch-69d28431f323d761313388-74040\" class=\" ut-element-glitch ut-glitch-none ut-element-glitch-permanent\">\r\n                <div class=\"ut-glitch-single-element ut-lozad skip-lazy\" data-background-image=\"https:\/\/www.mirsa.es\/wp-content\/uploads\/2023\/05\/sofa_klem_porada_01.jpg\"><\/div>\r\n                <div class=\"ut-glitch-single-element ut-lozad skip-lazy\" data-background-image=\"https:\/\/www.mirsa.es\/wp-content\/uploads\/2023\/05\/sofa_klem_porada_01.jpg\"><\/div>\r\n                <div class=\"ut-glitch-single-element ut-lozad skip-lazy\" data-background-image=\"https:\/\/www.mirsa.es\/wp-content\/uploads\/2023\/05\/sofa_klem_porada_01.jpg\"><\/div>\r\n                <div class=\"ut-glitch-single-element ut-lozad skip-lazy\" data-background-image=\"https:\/\/www.mirsa.es\/wp-content\/uploads\/2023\/05\/sofa_klem_porada_01.jpg\"><\/div>\r\n                <div class=\"ut-glitch-single-element ut-lozad skip-lazy\" data-background-image=\"https:\/\/www.mirsa.es\/wp-content\/uploads\/2023\/05\/sofa_klem_porada_01.jpg\"><\/div>\r\n            <\/div>\r\n\r\n        <\/div>\r\n\r\n        <img loading=\"lazy\" decoding=\"async\" class=\"ut-lazy skip-lazy ut-animated-image \"  id=\"ut_am_69d28431f3218\" src=\"data:image\/svg+xml;charset=utf-8,%3Csvg xmlns%3D'http%3A%2F%2Fwww.w3.org%2F2000%2Fsvg' viewBox%3D'0 0 600 324'%2F%3E\" data-src=\"https:\/\/www.mirsa.es\/wp-content\/uploads\/2023\/05\/sofa_klem_porada_01.jpg\" width=\"600\" height=\"324\" alt=\"\"\/><\/div><\/a><\/div><\/div><\/div>[\/vc_column_inner][vc_column_inner width=&#8221;1\/2&#8243;]<div  class=\"wpb_content_element   clearfix\"><style type=\"text\/css\">#ut_am_69d28431f37ea { opacity: 1; }#ut_am_wrap_69d28431f37ec { text-align: left; }@media (min-width: 768px) and (max-width: 1024px) { #ut_am_wrap_69d28431f37ec { text-align: left !important; } }@media (max-width: 767px) { #ut_am_wrap_69d28431f37ec { text-align: center !important; } }<\/style><div id=\"ut_am_wrap_69d28431f37ec\" class=\"ut-image-gallery-image \"><div id=\"ut_reveal_69d28431f37ed\"  data-appear-top-offset=\"auto\" class=\"ut-animated-image-item ut-image-gallery-item ut-animation-done \"><a class=\"ut-deactivated-link\" href=\"#\"><div class=\"ut-animated-image-zoom\">\r\n        <div class=\"ut-element-glitch-wrap\">\r\n\r\n            \r\n        <style type=\"text\/css\">\r\n\r\n                        \r\n        @media (min-width: 1025px) {\r\n\r\n        #ut-element-glitch-69d28431f3816978573916-74049 .ut-glitch-single-element {\r\n                                            \r\n                }\r\n        }\r\n\r\n        @media (min-width: 768px) and (max-width: 1024px) {\r\n\r\n        #ut-element-glitch-69d28431f3816978573916-74049 .ut-glitch-single-element {\r\n                                                \r\n                    }\r\n        }\r\n\r\n        @media (max-width: 767px) {\r\n\r\n        #ut-element-glitch-69d28431f3816978573916-74049 .ut-glitch-single-element {\r\n                                                \r\n                    }\r\n        }\r\n\r\n        \r\n        <\/style>\r\n\r\n        \r\n            <div id=\"ut-element-glitch-69d28431f3816978573916-74049\" class=\" ut-element-glitch ut-glitch-none ut-element-glitch-permanent\">\r\n                <div class=\"ut-glitch-single-element ut-lozad skip-lazy\" data-background-image=\"https:\/\/www.mirsa.es\/wp-content\/uploads\/2023\/05\/sofa_klem_porada_03.jpg\"><\/div>\r\n                <div class=\"ut-glitch-single-element ut-lozad skip-lazy\" data-background-image=\"https:\/\/www.mirsa.es\/wp-content\/uploads\/2023\/05\/sofa_klem_porada_03.jpg\"><\/div>\r\n                <div class=\"ut-glitch-single-element ut-lozad skip-lazy\" data-background-image=\"https:\/\/www.mirsa.es\/wp-content\/uploads\/2023\/05\/sofa_klem_porada_03.jpg\"><\/div>\r\n                <div class=\"ut-glitch-single-element ut-lozad skip-lazy\" data-background-image=\"https:\/\/www.mirsa.es\/wp-content\/uploads\/2023\/05\/sofa_klem_porada_03.jpg\"><\/div>\r\n                <div class=\"ut-glitch-single-element ut-lozad skip-lazy\" data-background-image=\"https:\/\/www.mirsa.es\/wp-content\/uploads\/2023\/05\/sofa_klem_porada_03.jpg\"><\/div>\r\n            <\/div>\r\n\r\n        <\/div>\r\n\r\n        <img loading=\"lazy\" decoding=\"async\" class=\"ut-lazy skip-lazy ut-animated-image \"  id=\"ut_am_69d28431f37ea\" src=\"data:image\/svg+xml;charset=utf-8,%3Csvg xmlns%3D'http%3A%2F%2Fwww.w3.org%2F2000%2Fsvg' viewBox%3D'0 0 600 324'%2F%3E\" data-src=\"https:\/\/www.mirsa.es\/wp-content\/uploads\/2023\/05\/sofa_klem_porada_03.jpg\" width=\"600\" height=\"324\" alt=\"\"\/><\/div><\/a><\/div><\/div><\/div>[\/vc_column_inner][\/vc_row_inner][\/vc_column][\/vc_row]<\/p>\n<\/div>","protected":false},"excerpt":{"rendered":"<p>[vc_row][vc_column][vc_column_text] El sof\u00e0 Klem de la reconeguda firma italiana Porada \u00e9s un elegant i sofisticat seient d\u2019estil contemporani que es caracteriza per la seva espectacular estructura en fusta de noguera canaletta. Patentat pel prestigi\u00f3s dissenyador itali\u00e0 G. Vigan\u00f2, es tracta d\u2019un sof\u00e0 dissenyat especialmente per a garanitr la m\u00e1xima comoditat, gr\u00e0cies al seu farcit d\u2019escuma [&hellip;]<\/p>\n","protected":false},"author":1,"featured_media":0,"parent":0,"menu_order":0,"comment_status":"closed","ping_status":"closed","template":"","meta":{"footnotes":""},"class_list":["post-74058","page","type-page","status-publish","hentry"],"aioseo_notices":[],"_links":{"self":[{"href":"https:\/\/www.mirsa.es\/ca\/wp-json\/wp\/v2\/pages\/74058","targetHints":{"allow":["GET"]}}],"collection":[{"href":"https:\/\/www.mirsa.es\/ca\/wp-json\/wp\/v2\/pages"}],"about":[{"href":"https:\/\/www.mirsa.es\/ca\/wp-json\/wp\/v2\/types\/page"}],"author":[{"embeddable":true,"href":"https:\/\/www.mirsa.es\/ca\/wp-json\/wp\/v2\/users\/1"}],"replies":[{"embeddable":true,"href":"https:\/\/www.mirsa.es\/ca\/wp-json\/wp\/v2\/comments?post=74058"}],"version-history":[{"count":0,"href":"https:\/\/www.mirsa.es\/ca\/wp-json\/wp\/v2\/pages\/74058\/revisions"}],"wp:attachment":[{"href":"https:\/\/www.mirsa.es\/ca\/wp-json\/wp\/v2\/media?parent=74058"}],"curies":[{"name":"wp","href":"https:\/\/api.w.org\/{rel}","templated":true}]}}