{"id":73582,"date":"2023-04-19T13:49:28","date_gmt":"2023-04-19T13:49:28","guid":{"rendered":"https:\/\/www.mirsa.es\/sofa-dambo-bb-italia\/"},"modified":"2023-04-19T13:53:11","modified_gmt":"2023-04-19T13:53:11","slug":"sofa-dambo-bb-italia","status":"publish","type":"page","link":"https:\/\/www.mirsa.es\/ca\/sofa-dambo-bb-italia\/","title":{"rendered":"Sofa Dambo B&#038;B Italia"},"content":{"rendered":"<div class=\"wpb-content-wrapper\"><p>[vc_row][vc_column][vc_column_text]<\/p>\n<h5><img decoding=\"async\" class=\"wp-image-1077 size-large aligncenter\" title=\"Sofa Dambo B&#038;B Italia\" src=\"\/wp-content\/uploads\/2023\/04\/sofa_dambo_bb_italia.jpg\" alt=\"Sofa Dambo B&#038;B Italia\" width=\"100%\" height=\"400\"\/><\/h5>\n<p style=\"font-size: 16px; text-align: left;\"><strong>Dambo de la prestigiosa firma de mobiliari contemporani B&#038;B Italia \u00e9s un exclusiu i funcional sof\u00e0 modular patentat pel reconegut dissenyador Piero Lissoni.<\/strong><\/p>\n<p style=\"font-size: 16px; text-align: left;\">Es tracta d&#8217;un sof\u00e0 vers\u00e0til i polivalent, que es caracteritza per les grans illes que el conformen. El dissenyador itali\u00e0 concep aquesta nova col\u00b7lecci\u00f3 com un oasi de tranquil\u00b7litat en mig del caos del dia a dia, que convida a la meditaci\u00f3 i a la relaxaci\u00f3.<\/p>\n<p style=\"font-size: 16px; text-align: left;\">Gr\u00e0cies a la seva configuraci\u00f3 modular, Dambo est\u00e0 disponible en una \u00e0mplia gamma d&#8217;opcions de personalitzaci\u00f3 i configuraci\u00f3, adaptant-se amb facilitat a qualsevol mena d&#8217;espai.<\/p>\n<p style=\"font-size: 16px; text-align: left;\">A MIRSA interiorisme &#038; mobiliari som distribu\u00efdors oficials B&#038;B Italia. Per a m\u00e9s informaci\u00f3, visiti el nostre Showroom o contacti amb nosaltres.<\/p>\n<p>[\/vc_column_text][vc_row_inner][vc_column_inner]<style type=\"text\/css\">#bklyn_btn_6a00c4d3bafa1 .bklyn-btn { color:#ffffff !important; background-color:black !important; }<\/style><div id=\"bklyn_btn_6a00c4d3bafa1\" class=\"bklyn-btn-holder  bklyn-btn-center bklyn-btn-tablet-center bklyn-btn-mobile-center\"><a title=\"Contacto\"   href=\"\/contacto\" target=\"_self\" class=\"bklyn-btn  bklyn-btn-icon-left bklyn-btn-normal\" ><i class=\"fa fa-envelope\"><\/i><span class=\"ut-btn-text\">M\u00e1s informaci\u00f3n<\/span><\/a><\/div>[\/vc_column_inner][\/vc_row_inner][\/vc_column][\/vc_row]<\/p>\n<\/div>","protected":false},"excerpt":{"rendered":"<p>[vc_row][vc_column][vc_column_text] Dambo de la prestigiosa firma de mobiliari contemporani B&#038;B Italia \u00e9s un exclusiu i funcional sof\u00e0 modular patentat pel reconegut dissenyador Piero Lissoni. Es tracta d&#8217;un sof\u00e0 vers\u00e0til i polivalent, que es caracteritza per les grans illes que el conformen. El dissenyador itali\u00e0 concep aquesta nova col\u00b7lecci\u00f3 com un oasi de tranquil\u00b7litat en mig [&hellip;]<\/p>\n","protected":false},"author":1,"featured_media":0,"parent":0,"menu_order":0,"comment_status":"closed","ping_status":"closed","template":"","meta":{"footnotes":""},"class_list":["post-73582","page","type-page","status-publish","hentry"],"aioseo_notices":[],"_links":{"self":[{"href":"https:\/\/www.mirsa.es\/ca\/wp-json\/wp\/v2\/pages\/73582","targetHints":{"allow":["GET"]}}],"collection":[{"href":"https:\/\/www.mirsa.es\/ca\/wp-json\/wp\/v2\/pages"}],"about":[{"href":"https:\/\/www.mirsa.es\/ca\/wp-json\/wp\/v2\/types\/page"}],"author":[{"embeddable":true,"href":"https:\/\/www.mirsa.es\/ca\/wp-json\/wp\/v2\/users\/1"}],"replies":[{"embeddable":true,"href":"https:\/\/www.mirsa.es\/ca\/wp-json\/wp\/v2\/comments?post=73582"}],"version-history":[{"count":0,"href":"https:\/\/www.mirsa.es\/ca\/wp-json\/wp\/v2\/pages\/73582\/revisions"}],"wp:attachment":[{"href":"https:\/\/www.mirsa.es\/ca\/wp-json\/wp\/v2\/media?parent=73582"}],"curies":[{"name":"wp","href":"https:\/\/api.w.org\/{rel}","templated":true}]}}