{"id":73066,"date":"2023-03-18T12:37:48","date_gmt":"2023-03-18T12:37:48","guid":{"rendered":"https:\/\/www.mirsa.es\/sofa-hero-lago\/"},"modified":"2023-03-18T12:50:06","modified_gmt":"2023-03-18T12:50:06","slug":"sofa-hero-lago","status":"publish","type":"page","link":"https:\/\/www.mirsa.es\/ca\/sofa-hero-lago\/","title":{"rendered":"Sofa Hero LAGO"},"content":{"rendered":"<div class=\"wpb-content-wrapper\"><p>[vc_row][vc_column][vc_column_text]<\/p>\n<p><img decoding=\"async\" class=\"wp-image-1077 size-large aligncenter\" title=\"Sofa Hero LAGO\" src=\"\/wp-content\/uploads\/2023\/03\/sofa_hero_lago.jpg\" alt=\"Sofa Hero LAGO\" width=\"100%\" height=\"400\" \/><\/p>\n<h2 style=\"font-size: 16px; text-align: left;\"><strong>El sof\u00e0 Hero de la reconeguda firma italiana LAGO \u00e9s un elegant i exclusiu sof\u00e0 d&#8217;estil contemporani patentat pel prestigi\u00f3s dissenyador Mauro Lipparini.<\/strong><\/h2>\n<p style=\"font-size: 16px; text-align: left;\">Es tracta d&#8217;un sof\u00e0 de disseny modular inspirat en els seients cl\u00e0ssics dels anys 70, que es caracteritza per la seva estructura de l\u00ednies pures i acollidores.<\/p>\n<p style=\"font-size: 16px; text-align: left;\">Mauro Lipparini concep aquesta nova col\u00b7lecci\u00f3 com una combinaci\u00f3 perfecta entre tradici\u00f3 i innovaci\u00f3, utilitzant les \u00faltimes tecnologies per a garantir la m\u00e0xima comoditat i, al mateix temps, mantenint l&#8217;ess\u00e8ncia del sof\u00e0 cl\u00e0ssic.<\/p>\n<p style=\"font-size: 16px; text-align: left;\">Gr\u00e0cies a la seva estructura modular, el sof\u00e1 Hero est\u00e0 disponible en una \u00e0mplia gamma d&#8217;opcions de configuraci\u00f3 i personalitzaci\u00f3, oferint soluciones elegants i funcionals per a qualsevol mena d&#8217;espai.<\/p>\n<p style=\"font-size: 16px; text-align: left;\">A MIRSA interiorisme &#038; mobiliari som distribu\u00efdors oficials LAGO. Per a m\u00e9s informaci\u00f3, visiti el nostre Showroom o contacti amb nosaltres.<\/p>\n<p>[\/vc_column_text][vc_row_inner][vc_column_inner]<style type=\"text\/css\">#bklyn_btn_69d1a661aad84 .bklyn-btn { color:#ffffff !important; background-color:black !important; }<\/style><div id=\"bklyn_btn_69d1a661aad84\" class=\"bklyn-btn-holder  bklyn-btn-center bklyn-btn-tablet-center bklyn-btn-mobile-center\"><a title=\"Contacto\"   href=\"\/contacto\" target=\"_self\" class=\"bklyn-btn  bklyn-btn-icon-left bklyn-btn-normal\" ><i class=\"fa fa-envelope\"><\/i><span class=\"ut-btn-text\">M\u00e9s informaci\u00f3<\/span><\/a><\/div>[\/vc_column_inner][\/vc_row_inner][\/vc_column][\/vc_row]<\/p>\n<\/div>","protected":false},"excerpt":{"rendered":"<p>[vc_row][vc_column][vc_column_text] El sof\u00e0 Hero de la reconeguda firma italiana LAGO \u00e9s un elegant i exclusiu sof\u00e0 d&#8217;estil contemporani patentat pel prestigi\u00f3s dissenyador Mauro Lipparini. Es tracta d&#8217;un sof\u00e0 de disseny modular inspirat en els seients cl\u00e0ssics dels anys 70, que es caracteritza per la seva estructura de l\u00ednies pures i acollidores. Mauro Lipparini concep aquesta [&hellip;]<\/p>\n","protected":false},"author":1,"featured_media":0,"parent":0,"menu_order":0,"comment_status":"closed","ping_status":"closed","template":"","meta":{"footnotes":""},"class_list":["post-73066","page","type-page","status-publish","hentry"],"aioseo_notices":[],"_links":{"self":[{"href":"https:\/\/www.mirsa.es\/ca\/wp-json\/wp\/v2\/pages\/73066","targetHints":{"allow":["GET"]}}],"collection":[{"href":"https:\/\/www.mirsa.es\/ca\/wp-json\/wp\/v2\/pages"}],"about":[{"href":"https:\/\/www.mirsa.es\/ca\/wp-json\/wp\/v2\/types\/page"}],"author":[{"embeddable":true,"href":"https:\/\/www.mirsa.es\/ca\/wp-json\/wp\/v2\/users\/1"}],"replies":[{"embeddable":true,"href":"https:\/\/www.mirsa.es\/ca\/wp-json\/wp\/v2\/comments?post=73066"}],"version-history":[{"count":0,"href":"https:\/\/www.mirsa.es\/ca\/wp-json\/wp\/v2\/pages\/73066\/revisions"}],"wp:attachment":[{"href":"https:\/\/www.mirsa.es\/ca\/wp-json\/wp\/v2\/media?parent=73066"}],"curies":[{"name":"wp","href":"https:\/\/api.w.org\/{rel}","templated":true}]}}