{"id":72667,"date":"2023-02-24T11:42:11","date_gmt":"2023-02-24T11:42:11","guid":{"rendered":"https:\/\/www.mirsa.es\/muebles-molteni-c-outdoor\/"},"modified":"2024-05-28T15:44:04","modified_gmt":"2024-05-28T15:44:04","slug":"muebles-molteni-c-outdoor","status":"publish","type":"page","link":"https:\/\/www.mirsa.es\/ca\/muebles-molteni-c-outdoor\/","title":{"rendered":"Mobles Molteni &#038; C Outdoor"},"content":{"rendered":"<div class=\"wpb-content-wrapper\"><p>[vc_row css=&#8221;.vc_custom_1583596731269{margin-left: -50px !important;}&#8221;][vc_column][vc_column_text]<a style=\"color:black;\" href=\"javascript:history.go(-1)\" onmouseover=\"self.status=document.referrer;return true\">Enrere<\/a>[\/vc_column_text][\/vc_column][\/vc_row][vc_row][vc_column][vc_column_text]<img decoding=\"async\" class=\"wp-image-1077 size-large aligncenter\" title=\"Molteni &amp; C Outdoor\" src=\"\/wp-content\/uploads\/2023\/02\/timeout_molteni_c.jpg\" alt=\"Molteni &amp; C Outdoor\" width=\"100%\" height=\"400\" \/><\/p>\n<h2 style=\"font-size: 16px; text-align: left;\"><strong>Molteni &amp; C Outdoor representa una combinaci\u00f3 perfecta entre arquitectura, disseny i natura, una manera exclusiva i elegant de fomentar i gaudir de la vida plena a l&#8217;exterior.<\/strong><\/h2>\n<p style=\"font-size: 16px; text-align: left;\">El prestigi\u00f3s dissenyador belga Vincent Van Duysen \u00e9s l&#8217;encarregat de coordinar \u00edntegrament la col\u00b7lecci\u00f3, on natura i confort es mimetitzen a trav\u00e9s de mobiliari dissenyat especialment per a crear espais exclusius i acollidors.<\/p>\n<p style=\"font-size: 16px; text-align: left;\">La nova col\u00b7lecci\u00f3 de la firma italiana neix com a resposta a una demanda creixent, la de poder gaudir dels beneficis de la vida a l&#8217;exterior i compartir moments \u00fanics amb amics i familiars. Una necessitat que indubtablement es relaciona amb el respecte al medi ambient i amb el desenvolupament sostenible.<\/p>\n<p style=\"font-size: 16px; text-align: left;\">Les col\u00b7leccions de Molteni &amp; C Outdoor han estat desenvolupades i interpretades per alguns dels dissenyadors contemporanis m\u00e9s importants, des de Foster &amp; Partners, Nicola Gallizia o el mateix Vincent Van Duysen i inspirant-se en referents del disseny itali\u00e0 com Gio ponti o Luca Meda.<\/p>\n<p style=\"font-size: 16px; text-align: left;\">Entre els productes m\u00e9s destacats de la col\u00b7lecci\u00f3 es troben:<\/p>\n<ul>\n<li><a style=\"color: black;\" href=\"https:\/\/www.mirsa.es\/ca\/sofa-phoenix-molteni-c\/\">Sof\u00e1 Phoenix<\/a><\/li>\n<li><a style=\"color: black;\" href=\"https:\/\/www.mirsa.es\/ca\/mesa-golden-gate-molteni-c\/\">Taula Golden Gate<\/a><\/li>\n<li><a style=\"color: black;\" href=\"https:\/\/www.mirsa.es\/ca\/silla-green-point-molteni-c\/\">Cadira Green Point<\/a><\/li>\n<li><a style=\"color: black;\" href=\"https:\/\/www.mirsa.es\/ca\/tumbona-guell-molteni-c\/\">Tumbona Guell<\/a><\/li>\n<li><a style=\"color: black;\" href=\"https:\/\/www.mirsa.es\/ca\/mesas-regent-molteni-c\/\">Taula Regent<\/a><\/li>\n<\/ul>\n<p style=\"font-size: 16px; text-align: left;\">A MIRSA interiorisme &amp; mobiliari som distribu\u00efdors oficials Molteni &amp; C. Per a m\u00e9s informaci\u00f3, visiti el nostre Showroom o contacti amb nosaltres.<\/p>\n<p>[\/vc_column_text][\/vc_column][\/vc_row][vc_section][vc_row][vc_column width=&#8221;1\/2&#8243;]<div  class=\"wpb_content_element   clearfix\"><style type=\"text\/css\">#ut_am_6a0936ff9bb4f { opacity: 1; }#ut_am_wrap_6a0936ff9bb50 { text-align: left; }@media (min-width: 768px) and (max-width: 1024px) { #ut_am_wrap_6a0936ff9bb50 { text-align: left !important; } }@media (max-width: 767px) { #ut_am_wrap_6a0936ff9bb50 { text-align: center !important; } }<\/style><div id=\"ut_am_wrap_6a0936ff9bb50\" class=\"ut-image-gallery-image \"><div id=\"ut_reveal_6a0936ff9bb51\"  data-appear-top-offset=\"auto\" class=\"ut-animated-image-item ut-image-gallery-item ut-animation-done \"><a class=\"ut-deactivated-link\" href=\"#\"><div class=\"ut-animated-image-zoom\">\r\n        <div class=\"ut-element-glitch-wrap\">\r\n\r\n            \r\n        <style type=\"text\/css\">\r\n\r\n                        \r\n        @media (min-width: 1025px) {\r\n\r\n        #ut-element-glitch-6a0936ff9bb74018486611-72587 .ut-glitch-single-element {\r\n                                            \r\n                }\r\n        }\r\n\r\n        @media (min-width: 768px) and (max-width: 1024px) {\r\n\r\n        #ut-element-glitch-6a0936ff9bb74018486611-72587 .ut-glitch-single-element {\r\n                                                \r\n                    }\r\n        }\r\n\r\n        @media (max-width: 767px) {\r\n\r\n        #ut-element-glitch-6a0936ff9bb74018486611-72587 .ut-glitch-single-element {\r\n                                                \r\n                    }\r\n        }\r\n\r\n        \r\n        <\/style>\r\n\r\n        \r\n            <div id=\"ut-element-glitch-6a0936ff9bb74018486611-72587\" class=\" ut-element-glitch ut-glitch-none ut-element-glitch-permanent\">\r\n                <div class=\"ut-glitch-single-element ut-lozad skip-lazy\" data-background-image=\"https:\/\/www.mirsa.es\/wp-content\/uploads\/2023\/02\/timeout_molteni_c_02.jpg\"><\/div>\r\n                <div class=\"ut-glitch-single-element ut-lozad skip-lazy\" data-background-image=\"https:\/\/www.mirsa.es\/wp-content\/uploads\/2023\/02\/timeout_molteni_c_02.jpg\"><\/div>\r\n                <div class=\"ut-glitch-single-element ut-lozad skip-lazy\" data-background-image=\"https:\/\/www.mirsa.es\/wp-content\/uploads\/2023\/02\/timeout_molteni_c_02.jpg\"><\/div>\r\n                <div class=\"ut-glitch-single-element ut-lozad skip-lazy\" data-background-image=\"https:\/\/www.mirsa.es\/wp-content\/uploads\/2023\/02\/timeout_molteni_c_02.jpg\"><\/div>\r\n                <div class=\"ut-glitch-single-element ut-lozad skip-lazy\" data-background-image=\"https:\/\/www.mirsa.es\/wp-content\/uploads\/2023\/02\/timeout_molteni_c_02.jpg\"><\/div>\r\n            <\/div>\r\n\r\n        <\/div>\r\n\r\n        <img loading=\"lazy\" decoding=\"async\" class=\"ut-lazy skip-lazy ut-animated-image \"  id=\"ut_am_6a0936ff9bb4f\" src=\"data:image\/svg+xml;charset=utf-8,%3Csvg xmlns%3D'http%3A%2F%2Fwww.w3.org%2F2000%2Fsvg' viewBox%3D'0 0 600 324'%2F%3E\" data-src=\"https:\/\/www.mirsa.es\/wp-content\/uploads\/2023\/02\/timeout_molteni_c_02.jpg\" width=\"600\" height=\"324\" alt=\"\"\/><\/div><\/a><\/div><\/div><\/div>[\/vc_column][vc_column width=&#8221;1\/2&#8243;]<div  class=\"wpb_content_element   clearfix\"><style type=\"text\/css\">#ut_am_6a0936ff9c221 { opacity: 1; }#ut_am_wrap_6a0936ff9c222 { text-align: left; }@media (min-width: 768px) and (max-width: 1024px) { #ut_am_wrap_6a0936ff9c222 { text-align: left !important; } }@media (max-width: 767px) { #ut_am_wrap_6a0936ff9c222 { text-align: center !important; } }<\/style><div id=\"ut_am_wrap_6a0936ff9c222\" class=\"ut-image-gallery-image \"><div id=\"ut_reveal_6a0936ff9c223\"  data-appear-top-offset=\"auto\" class=\"ut-animated-image-item ut-image-gallery-item ut-animation-done \"><a class=\"ut-deactivated-link\" href=\"#\"><div class=\"ut-animated-image-zoom\">\r\n        <div class=\"ut-element-glitch-wrap\">\r\n\r\n            \r\n        <style type=\"text\/css\">\r\n\r\n                        \r\n        @media (min-width: 1025px) {\r\n\r\n        #ut-element-glitch-6a0936ff9c239905322286-72584 .ut-glitch-single-element {\r\n                                            \r\n                }\r\n        }\r\n\r\n        @media (min-width: 768px) and (max-width: 1024px) {\r\n\r\n        #ut-element-glitch-6a0936ff9c239905322286-72584 .ut-glitch-single-element {\r\n                                                \r\n                    }\r\n        }\r\n\r\n        @media (max-width: 767px) {\r\n\r\n        #ut-element-glitch-6a0936ff9c239905322286-72584 .ut-glitch-single-element {\r\n                                                \r\n                    }\r\n        }\r\n\r\n        \r\n        <\/style>\r\n\r\n        \r\n            <div id=\"ut-element-glitch-6a0936ff9c239905322286-72584\" class=\" ut-element-glitch ut-glitch-none ut-element-glitch-permanent\">\r\n                <div class=\"ut-glitch-single-element ut-lozad skip-lazy\" data-background-image=\"https:\/\/www.mirsa.es\/wp-content\/uploads\/2023\/02\/timeout_molteni_c_01.jpg\"><\/div>\r\n                <div class=\"ut-glitch-single-element ut-lozad skip-lazy\" data-background-image=\"https:\/\/www.mirsa.es\/wp-content\/uploads\/2023\/02\/timeout_molteni_c_01.jpg\"><\/div>\r\n                <div class=\"ut-glitch-single-element ut-lozad skip-lazy\" data-background-image=\"https:\/\/www.mirsa.es\/wp-content\/uploads\/2023\/02\/timeout_molteni_c_01.jpg\"><\/div>\r\n                <div class=\"ut-glitch-single-element ut-lozad skip-lazy\" data-background-image=\"https:\/\/www.mirsa.es\/wp-content\/uploads\/2023\/02\/timeout_molteni_c_01.jpg\"><\/div>\r\n                <div class=\"ut-glitch-single-element ut-lozad skip-lazy\" data-background-image=\"https:\/\/www.mirsa.es\/wp-content\/uploads\/2023\/02\/timeout_molteni_c_01.jpg\"><\/div>\r\n            <\/div>\r\n\r\n        <\/div>\r\n\r\n        <img loading=\"lazy\" decoding=\"async\" class=\"ut-lazy skip-lazy ut-animated-image \"  id=\"ut_am_6a0936ff9c221\" src=\"data:image\/svg+xml;charset=utf-8,%3Csvg xmlns%3D'http%3A%2F%2Fwww.w3.org%2F2000%2Fsvg' viewBox%3D'0 0 600 324'%2F%3E\" data-src=\"https:\/\/www.mirsa.es\/wp-content\/uploads\/2023\/02\/timeout_molteni_c_01.jpg\" width=\"600\" height=\"324\" alt=\"\"\/><\/div><\/a><\/div><\/div><\/div>[\/vc_column][\/vc_row][vc_row][vc_column width=&#8221;1\/2&#8243;]<div  class=\"wpb_content_element   clearfix\"><style type=\"text\/css\">#ut_am_6a0936ff9c720 { opacity: 1; }#ut_am_wrap_6a0936ff9c722 { text-align: left; }@media (min-width: 768px) and (max-width: 1024px) { #ut_am_wrap_6a0936ff9c722 { text-align: left !important; } }@media (max-width: 767px) { #ut_am_wrap_6a0936ff9c722 { text-align: center !important; } }<\/style><div id=\"ut_am_wrap_6a0936ff9c722\" class=\"ut-image-gallery-image \"><div id=\"ut_reveal_6a0936ff9c723\"  data-appear-top-offset=\"auto\" class=\"ut-animated-image-item ut-image-gallery-item ut-animation-done \"><a class=\"ut-deactivated-link\" href=\"#\"><div class=\"ut-animated-image-zoom\">\r\n        <div class=\"ut-element-glitch-wrap\">\r\n\r\n            \r\n        <style type=\"text\/css\">\r\n\r\n                        \r\n        @media (min-width: 1025px) {\r\n\r\n        #ut-element-glitch-6a0936ff9c739767502021-72443 .ut-glitch-single-element {\r\n                                            \r\n                }\r\n        }\r\n\r\n        @media (min-width: 768px) and (max-width: 1024px) {\r\n\r\n        #ut-element-glitch-6a0936ff9c739767502021-72443 .ut-glitch-single-element {\r\n                                                \r\n                    }\r\n        }\r\n\r\n        @media (max-width: 767px) {\r\n\r\n        #ut-element-glitch-6a0936ff9c739767502021-72443 .ut-glitch-single-element {\r\n                                                \r\n                    }\r\n        }\r\n\r\n        \r\n        <\/style>\r\n\r\n        \r\n            <div id=\"ut-element-glitch-6a0936ff9c739767502021-72443\" class=\" ut-element-glitch ut-glitch-none ut-element-glitch-permanent\">\r\n                <div class=\"ut-glitch-single-element ut-lozad skip-lazy\" data-background-image=\"https:\/\/www.mirsa.es\/wp-content\/uploads\/2023\/02\/mesa_golden_gate_molteni_c_02.jpg\"><\/div>\r\n                <div class=\"ut-glitch-single-element ut-lozad skip-lazy\" data-background-image=\"https:\/\/www.mirsa.es\/wp-content\/uploads\/2023\/02\/mesa_golden_gate_molteni_c_02.jpg\"><\/div>\r\n                <div class=\"ut-glitch-single-element ut-lozad skip-lazy\" data-background-image=\"https:\/\/www.mirsa.es\/wp-content\/uploads\/2023\/02\/mesa_golden_gate_molteni_c_02.jpg\"><\/div>\r\n                <div class=\"ut-glitch-single-element ut-lozad skip-lazy\" data-background-image=\"https:\/\/www.mirsa.es\/wp-content\/uploads\/2023\/02\/mesa_golden_gate_molteni_c_02.jpg\"><\/div>\r\n                <div class=\"ut-glitch-single-element ut-lozad skip-lazy\" data-background-image=\"https:\/\/www.mirsa.es\/wp-content\/uploads\/2023\/02\/mesa_golden_gate_molteni_c_02.jpg\"><\/div>\r\n            <\/div>\r\n\r\n        <\/div>\r\n\r\n        <img loading=\"lazy\" decoding=\"async\" class=\"ut-lazy skip-lazy ut-animated-image \"  id=\"ut_am_6a0936ff9c720\" src=\"data:image\/svg+xml;charset=utf-8,%3Csvg xmlns%3D'http%3A%2F%2Fwww.w3.org%2F2000%2Fsvg' viewBox%3D'0 0 600 324'%2F%3E\" data-src=\"https:\/\/www.mirsa.es\/wp-content\/uploads\/2023\/02\/mesa_golden_gate_molteni_c_02.jpg\" width=\"600\" height=\"324\" alt=\"\"\/><\/div><\/a><\/div><\/div><\/div>[\/vc_column][vc_column width=&#8221;1\/2&#8243;]<div  class=\"wpb_content_element   clearfix\"><style type=\"text\/css\">#ut_am_6a0936ff9ca3e { opacity: 1; }#ut_am_wrap_6a0936ff9ca3f { text-align: left; }@media (min-width: 768px) and (max-width: 1024px) { #ut_am_wrap_6a0936ff9ca3f { text-align: left !important; } }@media (max-width: 767px) { #ut_am_wrap_6a0936ff9ca3f { text-align: center !important; } }<\/style><div id=\"ut_am_wrap_6a0936ff9ca3f\" class=\"ut-image-gallery-image \"><div id=\"ut_reveal_6a0936ff9ca40\"  data-appear-top-offset=\"auto\" class=\"ut-animated-image-item ut-image-gallery-item ut-animation-done \"><a class=\"ut-deactivated-link\" href=\"#\"><div class=\"ut-animated-image-zoom\">\r\n        <div class=\"ut-element-glitch-wrap\">\r\n\r\n            \r\n        <style type=\"text\/css\">\r\n\r\n                        \r\n        @media (min-width: 1025px) {\r\n\r\n        #ut-element-glitch-6a0936ff9ca54962076519-72440 .ut-glitch-single-element {\r\n                                            \r\n                }\r\n        }\r\n\r\n        @media (min-width: 768px) and (max-width: 1024px) {\r\n\r\n        #ut-element-glitch-6a0936ff9ca54962076519-72440 .ut-glitch-single-element {\r\n                                                \r\n                    }\r\n        }\r\n\r\n        @media (max-width: 767px) {\r\n\r\n        #ut-element-glitch-6a0936ff9ca54962076519-72440 .ut-glitch-single-element {\r\n                                                \r\n                    }\r\n        }\r\n\r\n        \r\n        <\/style>\r\n\r\n        \r\n            <div id=\"ut-element-glitch-6a0936ff9ca54962076519-72440\" class=\" ut-element-glitch ut-glitch-none ut-element-glitch-permanent\">\r\n                <div class=\"ut-glitch-single-element ut-lozad skip-lazy\" data-background-image=\"https:\/\/www.mirsa.es\/wp-content\/uploads\/2023\/02\/mesa_golden_gate_molteni_c_01.jpg\"><\/div>\r\n                <div class=\"ut-glitch-single-element ut-lozad skip-lazy\" data-background-image=\"https:\/\/www.mirsa.es\/wp-content\/uploads\/2023\/02\/mesa_golden_gate_molteni_c_01.jpg\"><\/div>\r\n                <div class=\"ut-glitch-single-element ut-lozad skip-lazy\" data-background-image=\"https:\/\/www.mirsa.es\/wp-content\/uploads\/2023\/02\/mesa_golden_gate_molteni_c_01.jpg\"><\/div>\r\n                <div class=\"ut-glitch-single-element ut-lozad skip-lazy\" data-background-image=\"https:\/\/www.mirsa.es\/wp-content\/uploads\/2023\/02\/mesa_golden_gate_molteni_c_01.jpg\"><\/div>\r\n                <div class=\"ut-glitch-single-element ut-lozad skip-lazy\" data-background-image=\"https:\/\/www.mirsa.es\/wp-content\/uploads\/2023\/02\/mesa_golden_gate_molteni_c_01.jpg\"><\/div>\r\n            <\/div>\r\n\r\n        <\/div>\r\n\r\n        <img loading=\"lazy\" decoding=\"async\" class=\"ut-lazy skip-lazy ut-animated-image \"  id=\"ut_am_6a0936ff9ca3e\" src=\"data:image\/svg+xml;charset=utf-8,%3Csvg xmlns%3D'http%3A%2F%2Fwww.w3.org%2F2000%2Fsvg' viewBox%3D'0 0 600 324'%2F%3E\" data-src=\"https:\/\/www.mirsa.es\/wp-content\/uploads\/2023\/02\/mesa_golden_gate_molteni_c_01.jpg\" width=\"600\" height=\"324\" alt=\"\"\/><\/div><\/a><\/div><\/div><\/div>[\/vc_column][\/vc_row][vc_row full_width=&#8221;stretch_row_content_no_spaces&#8221;][vc_column][vc_column_text css=&#8221;&#8221;][\/vc_column_text][vc_column_text css=&#8221;&#8221;]<iframe id=\"embedded-ads-iframe-website\" width=\"100%\" height=\"600\" data-originsrc=\"https:\/\/mirsa.daloom.com\/es\/productos\/jardin\/brand_molteni-c\"><\/iframe><br \/>\n<script defer src=\"https:\/\/mirsa.daloom.com\/js\/parent-embedded-script.min.js\"><\/script>[\/vc_column_text][\/vc_column][\/vc_row][\/vc_section]<\/p>\n<\/div>","protected":false},"excerpt":{"rendered":"<p>[vc_row css=&#8221;.vc_custom_1583596731269{margin-left: -50px !important;}&#8221;][vc_column][vc_column_text]Enrere[\/vc_column_text][\/vc_column][\/vc_row][vc_row][vc_column][vc_column_text] Molteni &amp; C Outdoor representa una combinaci\u00f3 perfecta entre arquitectura, disseny i natura, una manera exclusiva i elegant de fomentar i gaudir de la vida plena a l&#8217;exterior. El prestigi\u00f3s dissenyador belga Vincent Van Duysen \u00e9s l&#8217;encarregat de coordinar \u00edntegrament la col\u00b7lecci\u00f3, on natura i confort es mimetitzen a trav\u00e9s de [&hellip;]<\/p>\n","protected":false},"author":1,"featured_media":0,"parent":0,"menu_order":0,"comment_status":"closed","ping_status":"closed","template":"","meta":{"footnotes":""},"class_list":["post-72667","page","type-page","status-publish","hentry"],"aioseo_notices":[],"_links":{"self":[{"href":"https:\/\/www.mirsa.es\/ca\/wp-json\/wp\/v2\/pages\/72667","targetHints":{"allow":["GET"]}}],"collection":[{"href":"https:\/\/www.mirsa.es\/ca\/wp-json\/wp\/v2\/pages"}],"about":[{"href":"https:\/\/www.mirsa.es\/ca\/wp-json\/wp\/v2\/types\/page"}],"author":[{"embeddable":true,"href":"https:\/\/www.mirsa.es\/ca\/wp-json\/wp\/v2\/users\/1"}],"replies":[{"embeddable":true,"href":"https:\/\/www.mirsa.es\/ca\/wp-json\/wp\/v2\/comments?post=72667"}],"version-history":[{"count":0,"href":"https:\/\/www.mirsa.es\/ca\/wp-json\/wp\/v2\/pages\/72667\/revisions"}],"wp:attachment":[{"href":"https:\/\/www.mirsa.es\/ca\/wp-json\/wp\/v2\/media?parent=72667"}],"curies":[{"name":"wp","href":"https:\/\/api.w.org\/{rel}","templated":true}]}}