{"id":72480,"date":"2023-02-17T12:12:14","date_gmt":"2023-02-17T12:12:14","guid":{"rendered":"https:\/\/www.mirsa.es\/tumbona-guell-molteni-c\/"},"modified":"2023-02-17T14:25:19","modified_gmt":"2023-02-17T14:25:19","slug":"tumbona-guell-molteni-c","status":"publish","type":"page","link":"https:\/\/www.mirsa.es\/ca\/tumbona-guell-molteni-c\/","title":{"rendered":"Tumbona Guell Molteni &#038; C"},"content":{"rendered":"<div class=\"wpb-content-wrapper\"><p>[vc_row][vc_column][vc_column_text]<br \/>\n<img decoding=\"async\" class=\"wp-image-1077 size-large aligncenter\" title=\"Tumbona Guell Molteni &#038; C\" alt=\"Tumbona Guell Molteni &#038; C\" src=\"\/wp-content\/uploads\/2023\/02\/tumbona_guell_molteni_c_preview.jpg\" width=\"100%\" height=\"400\"\/><\/p>\n<h2 style=\"font-size: 16px; text-align: left;\"><strong>Guell de la reconeguda firma italiana Molteni &#038; C \u00e9s una elegant i exclusiva tumbona d&#8217;estil contemporani patentada pel reconegut dissenyador belga Vincent Van Duysen.<\/strong><\/h2>\n<p style=\"font-size: 16px; text-align: left;\">Seguint el mateix fil conductor que la resta de peces de la col\u00b7lecci\u00f3 TImeout, la seva estructura es caracteritza per la banda d&#8217;alumini pintat, que recorre tot el perfil, complementant la caracter\u00edstica trama de la corda en polipropil\u00e8 que defineix a la col\u00b7lecci\u00f3.<\/p>\n<p style=\"font-size: 16px; text-align: left;\">Es tracta d&#8217;una tumbona refinada i confortable, una combinaci\u00f3 perfecta entre disseny i funcionalitat, que pot fabricar-se completament en teca, i que est\u00e0 disponible en tres colors diferents.<\/p>\n<p style=\"font-size: 16px; text-align: left;\">Gr\u00e0cies a les seves m\u00faltiples opcions de configuraci\u00f3 i personalitzaci\u00f3, Guell s&#8217;adapta amb facilitat a qualsevol mena d&#8217;espai exterior.<\/p>\n<p style=\"font-size: 16px; text-align: left;\">A MIRSA interiorisme &#038; mobiliari som distribu\u00efdors oficials Molteni &#038; C. Per a m\u00e9s informaci\u00f3, visiti el nostre Showroom o contacti amb nosaltres. <\/p>\n<p>[\/vc_column_text][vc_row_inner][vc_column_inner]<style type=\"text\/css\">#bklyn_btn_6a0949ed32214 .bklyn-btn { color:#ffffff !important; background-color:black !important; }<\/style><div id=\"bklyn_btn_6a0949ed32214\" class=\"bklyn-btn-holder  bklyn-btn-center bklyn-btn-tablet-center bklyn-btn-mobile-center\"><a title=\"Contacto\"   href=\"\/contacto\" target=\"_self\" class=\"bklyn-btn  bklyn-btn-icon-left bklyn-btn-normal\" ><i class=\"fa fa-envelope\"><\/i><span class=\"ut-btn-text\">M\u00e9s informaci\u00f3<\/span><\/a><\/div>[\/vc_column_inner][\/vc_row_inner][vc_row_inner][vc_column_inner width=&#8221;1\/2&#8243;]<div  class=\"wpb_content_element   clearfix\"><style type=\"text\/css\">#ut_am_6a0949ed32b3c { opacity: 1; }#ut_am_wrap_6a0949ed32b3d { text-align: left; }@media (min-width: 768px) and (max-width: 1024px) { #ut_am_wrap_6a0949ed32b3d { text-align: left !important; } }@media (max-width: 767px) { #ut_am_wrap_6a0949ed32b3d { text-align: center !important; } }<\/style><div id=\"ut_am_wrap_6a0949ed32b3d\" class=\"ut-image-gallery-image \"><div id=\"ut_reveal_6a0949ed32b3e\"  data-appear-top-offset=\"auto\" class=\"ut-animated-image-item ut-image-gallery-item ut-animation-done \"><a class=\"ut-deactivated-link\" href=\"#\"><div class=\"ut-animated-image-zoom\">\r\n        <div class=\"ut-element-glitch-wrap\">\r\n\r\n            \r\n        <style type=\"text\/css\">\r\n\r\n                        \r\n        @media (min-width: 1025px) {\r\n\r\n        #ut-element-glitch-6a0949ed32b60887562360-72470 .ut-glitch-single-element {\r\n                                            \r\n                }\r\n        }\r\n\r\n        @media (min-width: 768px) and (max-width: 1024px) {\r\n\r\n        #ut-element-glitch-6a0949ed32b60887562360-72470 .ut-glitch-single-element {\r\n                                                \r\n                    }\r\n        }\r\n\r\n        @media (max-width: 767px) {\r\n\r\n        #ut-element-glitch-6a0949ed32b60887562360-72470 .ut-glitch-single-element {\r\n                                                \r\n                    }\r\n        }\r\n\r\n        \r\n        <\/style>\r\n\r\n        \r\n            <div id=\"ut-element-glitch-6a0949ed32b60887562360-72470\" class=\" ut-element-glitch ut-glitch-none ut-element-glitch-permanent\">\r\n                <div class=\"ut-glitch-single-element ut-lozad skip-lazy\" data-background-image=\"https:\/\/www.mirsa.es\/wp-content\/uploads\/2023\/02\/tumbona_guell_molteni_c_01.jpg\"><\/div>\r\n                <div class=\"ut-glitch-single-element ut-lozad skip-lazy\" data-background-image=\"https:\/\/www.mirsa.es\/wp-content\/uploads\/2023\/02\/tumbona_guell_molteni_c_01.jpg\"><\/div>\r\n                <div class=\"ut-glitch-single-element ut-lozad skip-lazy\" data-background-image=\"https:\/\/www.mirsa.es\/wp-content\/uploads\/2023\/02\/tumbona_guell_molteni_c_01.jpg\"><\/div>\r\n                <div class=\"ut-glitch-single-element ut-lozad skip-lazy\" data-background-image=\"https:\/\/www.mirsa.es\/wp-content\/uploads\/2023\/02\/tumbona_guell_molteni_c_01.jpg\"><\/div>\r\n                <div class=\"ut-glitch-single-element ut-lozad skip-lazy\" data-background-image=\"https:\/\/www.mirsa.es\/wp-content\/uploads\/2023\/02\/tumbona_guell_molteni_c_01.jpg\"><\/div>\r\n            <\/div>\r\n\r\n        <\/div>\r\n\r\n        <img loading=\"lazy\" decoding=\"async\" class=\"ut-lazy skip-lazy ut-animated-image \"  id=\"ut_am_6a0949ed32b3c\" src=\"data:image\/svg+xml;charset=utf-8,%3Csvg xmlns%3D'http%3A%2F%2Fwww.w3.org%2F2000%2Fsvg' viewBox%3D'0 0 600 324'%2F%3E\" data-src=\"https:\/\/www.mirsa.es\/wp-content\/uploads\/2023\/02\/tumbona_guell_molteni_c_01.jpg\" width=\"600\" height=\"324\" alt=\"\"\/><\/div><\/a><\/div><\/div><\/div>[\/vc_column_inner][vc_column_inner width=&#8221;1\/2&#8243;]<div  class=\"wpb_content_element   clearfix\"><style type=\"text\/css\">#ut_am_6a0949ed32eb6 { opacity: 1; }#ut_am_wrap_6a0949ed32eb7 { text-align: left; }@media (min-width: 768px) and (max-width: 1024px) { #ut_am_wrap_6a0949ed32eb7 { text-align: left !important; } }@media (max-width: 767px) { #ut_am_wrap_6a0949ed32eb7 { text-align: center !important; } }<\/style><div id=\"ut_am_wrap_6a0949ed32eb7\" class=\"ut-image-gallery-image \"><div id=\"ut_reveal_6a0949ed32eb8\"  data-appear-top-offset=\"auto\" class=\"ut-animated-image-item ut-image-gallery-item ut-animation-done \"><a class=\"ut-deactivated-link\" href=\"#\"><div class=\"ut-animated-image-zoom\">\r\n        <div class=\"ut-element-glitch-wrap\">\r\n\r\n            \r\n        <style type=\"text\/css\">\r\n\r\n                        \r\n        @media (min-width: 1025px) {\r\n\r\n        #ut-element-glitch-6a0949ed32ecd992276059-72473 .ut-glitch-single-element {\r\n                                            \r\n                }\r\n        }\r\n\r\n        @media (min-width: 768px) and (max-width: 1024px) {\r\n\r\n        #ut-element-glitch-6a0949ed32ecd992276059-72473 .ut-glitch-single-element {\r\n                                                \r\n                    }\r\n        }\r\n\r\n        @media (max-width: 767px) {\r\n\r\n        #ut-element-glitch-6a0949ed32ecd992276059-72473 .ut-glitch-single-element {\r\n                                                \r\n                    }\r\n        }\r\n\r\n        \r\n        <\/style>\r\n\r\n        \r\n            <div id=\"ut-element-glitch-6a0949ed32ecd992276059-72473\" class=\" ut-element-glitch ut-glitch-none ut-element-glitch-permanent\">\r\n                <div class=\"ut-glitch-single-element ut-lozad skip-lazy\" data-background-image=\"https:\/\/www.mirsa.es\/wp-content\/uploads\/2023\/02\/tumbona_guell_molteni_c_02.jpg\"><\/div>\r\n                <div class=\"ut-glitch-single-element ut-lozad skip-lazy\" data-background-image=\"https:\/\/www.mirsa.es\/wp-content\/uploads\/2023\/02\/tumbona_guell_molteni_c_02.jpg\"><\/div>\r\n                <div class=\"ut-glitch-single-element ut-lozad skip-lazy\" data-background-image=\"https:\/\/www.mirsa.es\/wp-content\/uploads\/2023\/02\/tumbona_guell_molteni_c_02.jpg\"><\/div>\r\n                <div class=\"ut-glitch-single-element ut-lozad skip-lazy\" data-background-image=\"https:\/\/www.mirsa.es\/wp-content\/uploads\/2023\/02\/tumbona_guell_molteni_c_02.jpg\"><\/div>\r\n                <div class=\"ut-glitch-single-element ut-lozad skip-lazy\" data-background-image=\"https:\/\/www.mirsa.es\/wp-content\/uploads\/2023\/02\/tumbona_guell_molteni_c_02.jpg\"><\/div>\r\n            <\/div>\r\n\r\n        <\/div>\r\n\r\n        <img loading=\"lazy\" decoding=\"async\" class=\"ut-lazy skip-lazy ut-animated-image \"  id=\"ut_am_6a0949ed32eb6\" src=\"data:image\/svg+xml;charset=utf-8,%3Csvg xmlns%3D'http%3A%2F%2Fwww.w3.org%2F2000%2Fsvg' viewBox%3D'0 0 600 324'%2F%3E\" data-src=\"https:\/\/www.mirsa.es\/wp-content\/uploads\/2023\/02\/tumbona_guell_molteni_c_02.jpg\" width=\"600\" height=\"324\" alt=\"\"\/><\/div><\/a><\/div><\/div><\/div>[\/vc_column_inner][\/vc_row_inner][\/vc_column][\/vc_row]<\/p>\n<\/div>","protected":false},"excerpt":{"rendered":"<p>[vc_row][vc_column][vc_column_text] Guell de la reconeguda firma italiana Molteni &#038; C \u00e9s una elegant i exclusiva tumbona d&#8217;estil contemporani patentada pel reconegut dissenyador belga Vincent Van Duysen. Seguint el mateix fil conductor que la resta de peces de la col\u00b7lecci\u00f3 TImeout, la seva estructura es caracteritza per la banda d&#8217;alumini pintat, que recorre tot el perfil, [&hellip;]<\/p>\n","protected":false},"author":1,"featured_media":0,"parent":0,"menu_order":0,"comment_status":"closed","ping_status":"closed","template":"","meta":{"footnotes":""},"class_list":["post-72480","page","type-page","status-publish","hentry"],"aioseo_notices":[],"_links":{"self":[{"href":"https:\/\/www.mirsa.es\/ca\/wp-json\/wp\/v2\/pages\/72480","targetHints":{"allow":["GET"]}}],"collection":[{"href":"https:\/\/www.mirsa.es\/ca\/wp-json\/wp\/v2\/pages"}],"about":[{"href":"https:\/\/www.mirsa.es\/ca\/wp-json\/wp\/v2\/types\/page"}],"author":[{"embeddable":true,"href":"https:\/\/www.mirsa.es\/ca\/wp-json\/wp\/v2\/users\/1"}],"replies":[{"embeddable":true,"href":"https:\/\/www.mirsa.es\/ca\/wp-json\/wp\/v2\/comments?post=72480"}],"version-history":[{"count":0,"href":"https:\/\/www.mirsa.es\/ca\/wp-json\/wp\/v2\/pages\/72480\/revisions"}],"wp:attachment":[{"href":"https:\/\/www.mirsa.es\/ca\/wp-json\/wp\/v2\/media?parent=72480"}],"curies":[{"name":"wp","href":"https:\/\/api.w.org\/{rel}","templated":true}]}}