{"id":72451,"date":"2023-02-17T08:35:17","date_gmt":"2023-02-17T08:35:17","guid":{"rendered":"https:\/\/www.mirsa.es\/mesa-golden-gate-molteni-c\/"},"modified":"2023-02-17T08:51:31","modified_gmt":"2023-02-17T08:51:31","slug":"mesa-golden-gate-molteni-c","status":"publish","type":"page","link":"https:\/\/www.mirsa.es\/ca\/mesa-golden-gate-molteni-c\/","title":{"rendered":"Taula Golden Gate Molteni &#038; C"},"content":{"rendered":"<div class=\"wpb-content-wrapper\"><p>[vc_row][vc_column][vc_column_text]<br \/>\n<img decoding=\"async\" class=\"wp-image-1077 size-large aligncenter\" title=\"Taula Golden Gate Molteni &#038; C\" alt=\"Taula Golden Gate Molteni &#038; C\" src=\"\/wp-content\/uploads\/2023\/02\/mesa_golden_gate_molteni_c.jpg\" width=\"100%\" height=\"400\"\/><\/p>\n<h2 style=\"font-size: 16px; text-align: left;\"><strong>Golden Gate de la prestigiosa firma italiana Molteni &#038; C \u00e9s una espectacular taula d&#8217;exterior que s&#8217;engloba dins de la col\u00b7lecci\u00f3 Timeout, dissenyada per Vincent Van Duysen.<\/strong><\/h2>\n<p style=\"font-size: 16px; text-align: left;\">Es tracta d&#8217;una taula d&#8217;estil contemporani amb taulell de llistons, que afavoreix el drenatge de l&#8217;aigua. Amb una capacitat per a 6 o 8 persones, Golden Gate \u00e9s un recurs ideal per a gaudir de la vida a l&#8217;aire lliure i compartir bons moments amb amics i familiars.<\/p>\n<p style=\"font-size: 16px; text-align: left;\">Les seves l\u00ednies minimalistes i el seu perfil lleugerament arrodonit i sense cantons la converteixen en una taula elegant i funcional, que a m\u00e9s garanteix la m\u00e0xima resist\u00e8ncia contra les inclem\u00e8ncies meteorol\u00f2giques, gr\u00e0cies a la gran quantitat dels materials amb la que est\u00e0 fabricada.<\/p>\n<p style=\"font-size: 16px; text-align: left;\">El taulell de Golden Gate est\u00e0 disponible en fusta de teca massissa o en l\u00e0mines de pedra de lava. La col\u00b7lecci\u00f3 est\u00e0 disponible en una \u00e0mplia gamma de mides i acabats, adaptant-se amb facilitat a qualsevol mena d&#8217;espai exterior.<\/p>\n<p style=\"font-size: 16px; text-align: left;\">A MIRSA interiorisme &#038; mobiliari som distribu\u00efdors oficials Molteni &#038; C. Per a m\u00e9s informaci\u00f3, visiti el nostre Showroom o contacti amb nosaltres.<\/p>\n<p>[\/vc_column_text][vc_row_inner][vc_column_inner]<style type=\"text\/css\">#bklyn_btn_6a094a13add44 .bklyn-btn { color:#ffffff !important; background-color:black !important; }<\/style><div id=\"bklyn_btn_6a094a13add44\" class=\"bklyn-btn-holder  bklyn-btn-center bklyn-btn-tablet-center bklyn-btn-mobile-center\"><a title=\"Contacto\"   href=\"\/contacto\" target=\"_self\" class=\"bklyn-btn  bklyn-btn-icon-left bklyn-btn-normal\" ><i class=\"fa fa-envelope\"><\/i><span class=\"ut-btn-text\">M\u00e9s informaci\u00f3<\/span><\/a><\/div>[\/vc_column_inner][\/vc_row_inner][vc_row_inner][vc_column_inner width=&#8221;1\/2&#8243;]<div  class=\"wpb_content_element   clearfix\"><style type=\"text\/css\">#ut_am_6a094a13ae019 { opacity: 1; }#ut_am_wrap_6a094a13ae01a { text-align: left; }@media (min-width: 768px) and (max-width: 1024px) { #ut_am_wrap_6a094a13ae01a { text-align: left !important; } }@media (max-width: 767px) { #ut_am_wrap_6a094a13ae01a { text-align: center !important; } }<\/style><div id=\"ut_am_wrap_6a094a13ae01a\" class=\"ut-image-gallery-image \"><div id=\"ut_reveal_6a094a13ae01b\"  data-appear-top-offset=\"auto\" class=\"ut-animated-image-item ut-image-gallery-item ut-animation-done \"><a class=\"ut-deactivated-link\" href=\"#\"><div class=\"ut-animated-image-zoom\">\r\n        <div class=\"ut-element-glitch-wrap\">\r\n\r\n            \r\n        <style type=\"text\/css\">\r\n\r\n                        \r\n        @media (min-width: 1025px) {\r\n\r\n        #ut-element-glitch-6a094a13ae03b064801630-72440 .ut-glitch-single-element {\r\n                                            \r\n                }\r\n        }\r\n\r\n        @media (min-width: 768px) and (max-width: 1024px) {\r\n\r\n        #ut-element-glitch-6a094a13ae03b064801630-72440 .ut-glitch-single-element {\r\n                                                \r\n                    }\r\n        }\r\n\r\n        @media (max-width: 767px) {\r\n\r\n        #ut-element-glitch-6a094a13ae03b064801630-72440 .ut-glitch-single-element {\r\n                                                \r\n                    }\r\n        }\r\n\r\n        \r\n        <\/style>\r\n\r\n        \r\n            <div id=\"ut-element-glitch-6a094a13ae03b064801630-72440\" class=\" ut-element-glitch ut-glitch-none ut-element-glitch-permanent\">\r\n                <div class=\"ut-glitch-single-element ut-lozad skip-lazy\" data-background-image=\"https:\/\/www.mirsa.es\/wp-content\/uploads\/2023\/02\/mesa_golden_gate_molteni_c_01.jpg\"><\/div>\r\n                <div class=\"ut-glitch-single-element ut-lozad skip-lazy\" data-background-image=\"https:\/\/www.mirsa.es\/wp-content\/uploads\/2023\/02\/mesa_golden_gate_molteni_c_01.jpg\"><\/div>\r\n                <div class=\"ut-glitch-single-element ut-lozad skip-lazy\" data-background-image=\"https:\/\/www.mirsa.es\/wp-content\/uploads\/2023\/02\/mesa_golden_gate_molteni_c_01.jpg\"><\/div>\r\n                <div class=\"ut-glitch-single-element ut-lozad skip-lazy\" data-background-image=\"https:\/\/www.mirsa.es\/wp-content\/uploads\/2023\/02\/mesa_golden_gate_molteni_c_01.jpg\"><\/div>\r\n                <div class=\"ut-glitch-single-element ut-lozad skip-lazy\" data-background-image=\"https:\/\/www.mirsa.es\/wp-content\/uploads\/2023\/02\/mesa_golden_gate_molteni_c_01.jpg\"><\/div>\r\n            <\/div>\r\n\r\n        <\/div>\r\n\r\n        <img loading=\"lazy\" decoding=\"async\" class=\"ut-lazy skip-lazy ut-animated-image \"  id=\"ut_am_6a094a13ae019\" src=\"data:image\/svg+xml;charset=utf-8,%3Csvg xmlns%3D'http%3A%2F%2Fwww.w3.org%2F2000%2Fsvg' viewBox%3D'0 0 600 324'%2F%3E\" data-src=\"https:\/\/www.mirsa.es\/wp-content\/uploads\/2023\/02\/mesa_golden_gate_molteni_c_01.jpg\" width=\"600\" height=\"324\" alt=\"\"\/><\/div><\/a><\/div><\/div><\/div>[\/vc_column_inner][vc_column_inner width=&#8221;1\/2&#8243;]<div  class=\"wpb_content_element   clearfix\"><style type=\"text\/css\">#ut_am_6a094a13ae2aa { opacity: 1; }#ut_am_wrap_6a094a13ae2ab { text-align: left; }@media (min-width: 768px) and (max-width: 1024px) { #ut_am_wrap_6a094a13ae2ab { text-align: left !important; } }@media (max-width: 767px) { #ut_am_wrap_6a094a13ae2ab { text-align: center !important; } }<\/style><div id=\"ut_am_wrap_6a094a13ae2ab\" class=\"ut-image-gallery-image \"><div id=\"ut_reveal_6a094a13ae2ac\"  data-appear-top-offset=\"auto\" class=\"ut-animated-image-item ut-image-gallery-item ut-animation-done \"><a class=\"ut-deactivated-link\" href=\"#\"><div class=\"ut-animated-image-zoom\">\r\n        <div class=\"ut-element-glitch-wrap\">\r\n\r\n            \r\n        <style type=\"text\/css\">\r\n\r\n                        \r\n        @media (min-width: 1025px) {\r\n\r\n        #ut-element-glitch-6a094a13ae2c3940332522-72443 .ut-glitch-single-element {\r\n                                            \r\n                }\r\n        }\r\n\r\n        @media (min-width: 768px) and (max-width: 1024px) {\r\n\r\n        #ut-element-glitch-6a094a13ae2c3940332522-72443 .ut-glitch-single-element {\r\n                                                \r\n                    }\r\n        }\r\n\r\n        @media (max-width: 767px) {\r\n\r\n        #ut-element-glitch-6a094a13ae2c3940332522-72443 .ut-glitch-single-element {\r\n                                                \r\n                    }\r\n        }\r\n\r\n        \r\n        <\/style>\r\n\r\n        \r\n            <div id=\"ut-element-glitch-6a094a13ae2c3940332522-72443\" class=\" ut-element-glitch ut-glitch-none ut-element-glitch-permanent\">\r\n                <div class=\"ut-glitch-single-element ut-lozad skip-lazy\" data-background-image=\"https:\/\/www.mirsa.es\/wp-content\/uploads\/2023\/02\/mesa_golden_gate_molteni_c_02.jpg\"><\/div>\r\n                <div class=\"ut-glitch-single-element ut-lozad skip-lazy\" data-background-image=\"https:\/\/www.mirsa.es\/wp-content\/uploads\/2023\/02\/mesa_golden_gate_molteni_c_02.jpg\"><\/div>\r\n                <div class=\"ut-glitch-single-element ut-lozad skip-lazy\" data-background-image=\"https:\/\/www.mirsa.es\/wp-content\/uploads\/2023\/02\/mesa_golden_gate_molteni_c_02.jpg\"><\/div>\r\n                <div class=\"ut-glitch-single-element ut-lozad skip-lazy\" data-background-image=\"https:\/\/www.mirsa.es\/wp-content\/uploads\/2023\/02\/mesa_golden_gate_molteni_c_02.jpg\"><\/div>\r\n                <div class=\"ut-glitch-single-element ut-lozad skip-lazy\" data-background-image=\"https:\/\/www.mirsa.es\/wp-content\/uploads\/2023\/02\/mesa_golden_gate_molteni_c_02.jpg\"><\/div>\r\n            <\/div>\r\n\r\n        <\/div>\r\n\r\n        <img loading=\"lazy\" decoding=\"async\" class=\"ut-lazy skip-lazy ut-animated-image \"  id=\"ut_am_6a094a13ae2aa\" src=\"data:image\/svg+xml;charset=utf-8,%3Csvg xmlns%3D'http%3A%2F%2Fwww.w3.org%2F2000%2Fsvg' viewBox%3D'0 0 600 324'%2F%3E\" data-src=\"https:\/\/www.mirsa.es\/wp-content\/uploads\/2023\/02\/mesa_golden_gate_molteni_c_02.jpg\" width=\"600\" height=\"324\" alt=\"\"\/><\/div><\/a><\/div><\/div><\/div>[\/vc_column_inner][\/vc_row_inner][\/vc_column][\/vc_row]<\/p>\n<\/div>","protected":false},"excerpt":{"rendered":"<p>[vc_row][vc_column][vc_column_text] Golden Gate de la prestigiosa firma italiana Molteni &#038; C \u00e9s una espectacular taula d&#8217;exterior que s&#8217;engloba dins de la col\u00b7lecci\u00f3 Timeout, dissenyada per Vincent Van Duysen. Es tracta d&#8217;una taula d&#8217;estil contemporani amb taulell de llistons, que afavoreix el drenatge de l&#8217;aigua. Amb una capacitat per a 6 o 8 persones, Golden Gate [&hellip;]<\/p>\n","protected":false},"author":1,"featured_media":0,"parent":0,"menu_order":0,"comment_status":"closed","ping_status":"closed","template":"","meta":{"footnotes":""},"class_list":["post-72451","page","type-page","status-publish","hentry"],"aioseo_notices":[],"_links":{"self":[{"href":"https:\/\/www.mirsa.es\/ca\/wp-json\/wp\/v2\/pages\/72451","targetHints":{"allow":["GET"]}}],"collection":[{"href":"https:\/\/www.mirsa.es\/ca\/wp-json\/wp\/v2\/pages"}],"about":[{"href":"https:\/\/www.mirsa.es\/ca\/wp-json\/wp\/v2\/types\/page"}],"author":[{"embeddable":true,"href":"https:\/\/www.mirsa.es\/ca\/wp-json\/wp\/v2\/users\/1"}],"replies":[{"embeddable":true,"href":"https:\/\/www.mirsa.es\/ca\/wp-json\/wp\/v2\/comments?post=72451"}],"version-history":[{"count":0,"href":"https:\/\/www.mirsa.es\/ca\/wp-json\/wp\/v2\/pages\/72451\/revisions"}],"wp:attachment":[{"href":"https:\/\/www.mirsa.es\/ca\/wp-json\/wp\/v2\/media?parent=72451"}],"curies":[{"name":"wp","href":"https:\/\/api.w.org\/{rel}","templated":true}]}}