{"id":72013,"date":"2023-02-03T14:10:52","date_gmt":"2023-02-03T14:10:52","guid":{"rendered":"https:\/\/www.mirsa.es\/?page_id=72013"},"modified":"2023-02-03T14:10:52","modified_gmt":"2023-02-03T14:10:52","slug":"sofa-mass-gandiablasco","status":"publish","type":"page","link":"https:\/\/www.mirsa.es\/ca\/sofa-mass-gandiablasco\/","title":{"rendered":"Sofa Mass Gandiablasco"},"content":{"rendered":"<div class=\"wpb-content-wrapper\"><p>[vc_row][vc_column][vc_column_text]<\/p>\n<p><img decoding=\"async\" class=\"wp-image-1077 size-large aligncenter\" title=\"Sofa Mass Gandiablasco\" src=\"\/wp-content\/uploads\/2023\/02\/sofas_mass_gandiablasco_preview.jpg\" alt=\"Sofa Mass Gandiablasco\" width=\"100%\" height=\"400\"\/><\/p>\n<h2 style=\"font-size: 16px; text-align: left;\"><strong>Mass de la reconeguda firma de mobiliari Gandiablasco \u00e9s un elegant i exclusiu sof\u00e0 d\u2019estil contemporani dissenyat per a la vida exterior.<\/strong><\/h2>\n<p style=\"font-size: 16px; text-align: left;\">Patentat pel reconegut dissenyador americ\u00e0 Todd Bracher, es tracta d\u2019un sistema de seients modular pensat per acollir l\u2019espontaneitat i potenciar la flexibilitat 360\u00ba a terrasses i jardins.<\/p>\n<p style=\"font-size: 16px; text-align: left;\">La col\u00b7lecci\u00f3 s\u2019inspira en els colors i les llums de les platges eivissenques, creant composicions de l\u00ednies subtils i estructures confortables que fomenten la interacci\u00f3n i garanteixen la m\u00e1xima comoditat.<\/p>\n<p style=\"font-size: 16px; text-align: left;\">Gr\u00e0cies a les seves m\u00faltiples opcions de configuraci\u00f3n i personalitzaci\u00f3, el sof\u00e0 MASS, s\u2019adapta amb facilitat a qualsevol mena d\u2019espai outdoor, oferint solucions elegants i funcionals per a la vida a l\u2019exterior.<\/p>\n<p style=\"font-size: 16px; text-align: left;\">A MIRSA interiorisme &#038; mobiliari som distribu\u00efdors oficials Gandiablasco. Per a m\u00e9s informaci\u00f3, visiti el nostre Showroom o contacti amb nosaltres.<\/p>\n<p>[\/vc_column_text][vc_row_inner][vc_column_inner]<style type=\"text\/css\">#bklyn_btn_69d1e96a972f4 .bklyn-btn { color:#ffffff !important; background-color:black !important; }<\/style><div id=\"bklyn_btn_69d1e96a972f4\" class=\"bklyn-btn-holder  bklyn-btn-center bklyn-btn-tablet-center bklyn-btn-mobile-center\"><a title=\"Contacto\"   href=\"\/contacto\" target=\"_self\" class=\"bklyn-btn  bklyn-btn-icon-left bklyn-btn-normal\" ><i class=\"fa fa-envelope\"><\/i><span class=\"ut-btn-text\">M\u00e1s informaci\u00f3n<\/span><\/a><\/div>[\/vc_column_inner][\/vc_row_inner][\/vc_column][\/vc_row]<\/p>\n<\/div>","protected":false},"excerpt":{"rendered":"<p>[vc_row][vc_column][vc_column_text] Mass de la reconeguda firma de mobiliari Gandiablasco \u00e9s un elegant i exclusiu sof\u00e0 d\u2019estil contemporani dissenyat per a la vida exterior. Patentat pel reconegut dissenyador americ\u00e0 Todd Bracher, es tracta d\u2019un sistema de seients modular pensat per acollir l\u2019espontaneitat i potenciar la flexibilitat 360\u00ba a terrasses i jardins. La col\u00b7lecci\u00f3 s\u2019inspira en els [&hellip;]<\/p>\n","protected":false},"author":1,"featured_media":0,"parent":0,"menu_order":0,"comment_status":"closed","ping_status":"closed","template":"","meta":{"footnotes":""},"class_list":["post-72013","page","type-page","status-publish","hentry"],"aioseo_notices":[],"_links":{"self":[{"href":"https:\/\/www.mirsa.es\/ca\/wp-json\/wp\/v2\/pages\/72013","targetHints":{"allow":["GET"]}}],"collection":[{"href":"https:\/\/www.mirsa.es\/ca\/wp-json\/wp\/v2\/pages"}],"about":[{"href":"https:\/\/www.mirsa.es\/ca\/wp-json\/wp\/v2\/types\/page"}],"author":[{"embeddable":true,"href":"https:\/\/www.mirsa.es\/ca\/wp-json\/wp\/v2\/users\/1"}],"replies":[{"embeddable":true,"href":"https:\/\/www.mirsa.es\/ca\/wp-json\/wp\/v2\/comments?post=72013"}],"version-history":[{"count":0,"href":"https:\/\/www.mirsa.es\/ca\/wp-json\/wp\/v2\/pages\/72013\/revisions"}],"wp:attachment":[{"href":"https:\/\/www.mirsa.es\/ca\/wp-json\/wp\/v2\/media?parent=72013"}],"curies":[{"name":"wp","href":"https:\/\/api.w.org\/{rel}","templated":true}]}}