{"id":64668,"date":"2022-06-14T14:36:38","date_gmt":"2022-06-14T14:36:38","guid":{"rendered":"https:\/\/www.mirsa.es\/planck-bb-italia\/"},"modified":"2022-06-14T14:47:06","modified_gmt":"2022-06-14T14:47:06","slug":"planck-bb-italia","status":"publish","type":"page","link":"https:\/\/www.mirsa.es\/ca\/planck-bb-italia\/","title":{"rendered":"Planck B&#038;B Italia"},"content":{"rendered":"<div class=\"wpb-content-wrapper\"><p>[vc_row][vc_column][vc_column_text]<\/p>\n<p><img decoding=\"async\" class=\"wp-image-1077 size-large aligncenter\" title=\"Planck - B&#038;B Italia\" src=\"\/wp-content\/uploads\/2022\/06\/mesa_planck_bb_italia.jpg\" alt=\"Planck - B&#038;B Italia\" width=\"100%\" height=\"400\" \/><\/p>\n<h2 style=\"font-size: 16px; text-align: left;\"><strong>Planck de la prestigiosa firma B&#038;B Italia \u00e9s un conjunt de tres taules arrodonides de diferents formes i materials, dissenyades pel reconegut Piero Lissoni.<\/strong><\/h2>\n<p style=\"font-size: 16px; text-align: left;\">La col\u00b7lecci\u00f3 es caracteritza per la peculiar forma de l&#8217;estructura de les seves taules, que guanya amplada subtilment mentre descendeix fins a la base, creant una elegant i exclusiva forma c\u00f2nica.<\/p>\n<p style=\"font-size: 16px; text-align: left;\">El taulell de les taules Plank es presenta en vidre semitransparent \u00e0cid, mentre que l&#8217;estructura de la base \u00e9s en fusta lacada i est\u00e0 disponible en un ampli ventall de colors setinats.<\/p>\n<p style=\"font-size: 16px; text-align: left;\">Piero Lissoni concep la col\u00b7lecci\u00f3 com un projecte arquitect\u00f2nic on l&#8217;equilibri i l&#8217;harmonia adquireixen un gran protagonisme, disminuint l&#8217;al\u00e7ada a mida que el di\u00e0metre augmenta.<\/p>\n<p style=\"font-size: 16px; text-align: left;\">La col\u00b7lecci\u00f3 Plank es compon de tres taules: una taula de centre Baixa gran, una versi\u00f3 Mitjana i per \u00faltim una taula auxiliar de petites dimensions, en aquest cas retroil\u00b7luminada.<\/p>\n<p style=\"font-size: 16px; text-align: left;\">Gr\u00e0cies a les seves m\u00faltiples opcions de configuraci\u00f3 i personalitzaci\u00f3, es tracta d&#8217;una col\u00b7lecci\u00f3 que s&#8217;adapta amb facilitat a qualsevol espai de la zona de dia, aportant eleg\u00e0ncia i funcionalitat a la llar.<\/p>\n<p style=\"font-size: 16px; text-align: left;\">A MIRSA interiorisme &#038; mobiliari som distribu\u00efdors oficials B&#038;B Italia. Per a m\u00e9s informaci\u00f3, visiti el nostre Showroom o contacti amb nosaltres.<\/p>\n<p>[\/vc_column_text][vc_row_inner][vc_column_inner]<style type=\"text\/css\">#bklyn_btn_69d212d68e1d9 .bklyn-btn { color:#ffffff !important; background-color:black !important; }<\/style><div id=\"bklyn_btn_69d212d68e1d9\" class=\"bklyn-btn-holder  bklyn-btn-center bklyn-btn-tablet-center bklyn-btn-mobile-center\"><a title=\"Contacto\"   href=\"\/contacto\" target=\"_self\" class=\"bklyn-btn  bklyn-btn-icon-left bklyn-btn-normal\" ><i class=\"fa fa-envelope\"><\/i><span class=\"ut-btn-text\">M\u00e9s informaci\u00f3<\/span><\/a><\/div>[\/vc_column_inner][\/vc_row_inner][\/vc_column][\/vc_row]<\/p>\n<\/div>","protected":false},"excerpt":{"rendered":"<p>[vc_row][vc_column][vc_column_text] Planck de la prestigiosa firma B&#038;B Italia \u00e9s un conjunt de tres taules arrodonides de diferents formes i materials, dissenyades pel reconegut Piero Lissoni. La col\u00b7lecci\u00f3 es caracteritza per la peculiar forma de l&#8217;estructura de les seves taules, que guanya amplada subtilment mentre descendeix fins a la base, creant una elegant i exclusiva forma [&hellip;]<\/p>\n","protected":false},"author":1,"featured_media":0,"parent":0,"menu_order":0,"comment_status":"closed","ping_status":"closed","template":"","meta":{"footnotes":""},"class_list":["post-64668","page","type-page","status-publish","hentry"],"aioseo_notices":[],"_links":{"self":[{"href":"https:\/\/www.mirsa.es\/ca\/wp-json\/wp\/v2\/pages\/64668","targetHints":{"allow":["GET"]}}],"collection":[{"href":"https:\/\/www.mirsa.es\/ca\/wp-json\/wp\/v2\/pages"}],"about":[{"href":"https:\/\/www.mirsa.es\/ca\/wp-json\/wp\/v2\/types\/page"}],"author":[{"embeddable":true,"href":"https:\/\/www.mirsa.es\/ca\/wp-json\/wp\/v2\/users\/1"}],"replies":[{"embeddable":true,"href":"https:\/\/www.mirsa.es\/ca\/wp-json\/wp\/v2\/comments?post=64668"}],"version-history":[{"count":0,"href":"https:\/\/www.mirsa.es\/ca\/wp-json\/wp\/v2\/pages\/64668\/revisions"}],"wp:attachment":[{"href":"https:\/\/www.mirsa.es\/ca\/wp-json\/wp\/v2\/media?parent=64668"}],"curies":[{"name":"wp","href":"https:\/\/api.w.org\/{rel}","templated":true}]}}