{"id":64252,"date":"2022-06-01T07:48:52","date_gmt":"2022-06-01T07:48:52","guid":{"rendered":"https:\/\/www.mirsa.es\/?page_id=64252"},"modified":"2022-06-01T07:54:32","modified_gmt":"2022-06-01T07:54:32","slug":"mesa-blevio-molteni-c","status":"publish","type":"page","link":"https:\/\/www.mirsa.es\/ca\/mesa-blevio-molteni-c\/","title":{"rendered":"Taula Blevio Molteni &#038; C"},"content":{"rendered":"<div class=\"wpb-content-wrapper\"><p>[vc_row][vc_column][vc_column_text]<\/p>\n<p><img decoding=\"async\" class=\"wp-image-1077 size-large aligncenter\" title=\"Taula Blevio Molteni &#038; C\" src=\"\/wp-content\/uploads\/2022\/05\/mesa_blevio_molteni_c.jpg\" alt=\"Taula Blevio Molteni &#038; C\" width=\"100%\" height=\"400\"\/><\/p>\n<h2 style=\"font-size: 16px; text-align: left;\"><strong>La taula Blevio de la reconeguda firma italiana Molteni &#038; C forma part de la seva col\u00b7lecci\u00f3 Heritage Collection, una selecci\u00f3 de peces ic\u00f2niques del disseny reinterpretades i adaptades als nous temps.<\/strong><\/h2>\n<p style=\"font-size: 16px; text-align: left;\">Patentada originalment pel prestigi\u00f3s arquitecte itali\u00e0 Ignazio Gardella al 1930, la taula va ser dissenyada com un model exclusiu per a la casa del dissenyador a Villa Usuelli de Blevio, molt a prop del llac de Como.<\/p>\n<p style=\"font-size: 16px; text-align: left;\">Es tracta d&#8217;una pe\u00e7a completament atemporal, que es caracteritza pels seus volums harmoniosos de l\u00ednies pures i simples, que transmeten lleugeresa formal i exclusivitat.<\/p>\n<p style=\"font-size: 16px; text-align: left;\">Ignazi\u00f3 Gardella va concebre la taula Blevio com a resultat d&#8217;un proc\u00e9s d&#8217;eliminaci\u00f3 de tot all\u00f2 sup\u00e8rflua, enfocant-se \u00fanicament en all\u00f2 m\u00e9s essencial i aconseguint un equilibri perfecte entre disseny i funcionalitat.<\/p>\n<p style=\"font-size: 16px; text-align: left;\">Molteni &#038; C incorpora a la seva col\u00b7lecci\u00f3 Heritatge una espectacular pe\u00e7a contempor\u00e0nia que destaca per la seva forma allargada i pel seu taulell de fusta massissa, sostingut per dos espectaculars pilars amb forma semicircular.<\/p>\n<p style=\"font-size: 16px; text-align: left;\">Encara que la pe\u00e7a original estava recoberta de coure, l&#8217;equip d&#8217;investigaci\u00f3 i desenvolupament de Molteni &#038; C ha reempla\u00e7at la l\u00e0mina de coure per un metall de vern\u00eds que aporta un elegant efecte de solidesa i brillantor natural, millorant encara m\u00e9s la resist\u00e8ncia.<\/p>\n<p style=\"font-size: 16px; text-align: left;\">A MIRSA interiorisme &#038; mobiliari som distribu\u00efdors oficials Molteni &#038; C. Per a m\u00e9s informaci\u00f3, visiti el nostre Showroom o contacti amb nosaltres.<\/p>\n<p>[\/vc_column_text][vc_row_inner][vc_column_inner]<style type=\"text\/css\">#bklyn_btn_69d24e4c41daf .bklyn-btn { color:#ffffff !important; background-color:black !important; }<\/style><div id=\"bklyn_btn_69d24e4c41daf\" class=\"bklyn-btn-holder  bklyn-btn-center bklyn-btn-tablet-center bklyn-btn-mobile-center\"><a title=\"Contacto\"   href=\"\/contacto\" target=\"_self\" class=\"bklyn-btn  bklyn-btn-icon-left bklyn-btn-normal\" ><i class=\"fa fa-envelope\"><\/i><span class=\"ut-btn-text\">M\u00e9s informaci\u00f3<\/span><\/a><\/div>[\/vc_column_inner][\/vc_row_inner][vc_row_inner][vc_column_inner width=&#8221;1\/2&#8243;]<div  class=\"wpb_content_element   clearfix\"><style type=\"text\/css\">#ut_am_69d24e4c42211 { opacity: 1; }#ut_am_wrap_69d24e4c42212 { text-align: left; }@media (min-width: 768px) and (max-width: 1024px) { #ut_am_wrap_69d24e4c42212 { text-align: left !important; } }@media (max-width: 767px) { #ut_am_wrap_69d24e4c42212 { text-align: center !important; } }<\/style><div id=\"ut_am_wrap_69d24e4c42212\" class=\"ut-image-gallery-image \"><div id=\"ut_reveal_69d24e4c42213\"  data-appear-top-offset=\"auto\" class=\"ut-animated-image-item ut-image-gallery-item ut-animation-done \"><a class=\"ut-deactivated-link\" href=\"#\"><div class=\"ut-animated-image-zoom\">\r\n        <div class=\"ut-element-glitch-wrap\">\r\n\r\n            \r\n        <style type=\"text\/css\">\r\n\r\n                        \r\n        @media (min-width: 1025px) {\r\n\r\n        #ut-element-glitch-69d24e4c42232230976814-64245 .ut-glitch-single-element {\r\n                                            \r\n                }\r\n        }\r\n\r\n        @media (min-width: 768px) and (max-width: 1024px) {\r\n\r\n        #ut-element-glitch-69d24e4c42232230976814-64245 .ut-glitch-single-element {\r\n                                                \r\n                    }\r\n        }\r\n\r\n        @media (max-width: 767px) {\r\n\r\n        #ut-element-glitch-69d24e4c42232230976814-64245 .ut-glitch-single-element {\r\n                                                \r\n                    }\r\n        }\r\n\r\n        \r\n        <\/style>\r\n\r\n        \r\n            <div id=\"ut-element-glitch-69d24e4c42232230976814-64245\" class=\" ut-element-glitch ut-glitch-none ut-element-glitch-permanent\">\r\n                <div class=\"ut-glitch-single-element ut-lozad skip-lazy\" data-background-image=\"https:\/\/www.mirsa.es\/wp-content\/uploads\/2022\/05\/mesa_blevio_molteni_c_01.jpg\"><\/div>\r\n                <div class=\"ut-glitch-single-element ut-lozad skip-lazy\" data-background-image=\"https:\/\/www.mirsa.es\/wp-content\/uploads\/2022\/05\/mesa_blevio_molteni_c_01.jpg\"><\/div>\r\n                <div class=\"ut-glitch-single-element ut-lozad skip-lazy\" data-background-image=\"https:\/\/www.mirsa.es\/wp-content\/uploads\/2022\/05\/mesa_blevio_molteni_c_01.jpg\"><\/div>\r\n                <div class=\"ut-glitch-single-element ut-lozad skip-lazy\" data-background-image=\"https:\/\/www.mirsa.es\/wp-content\/uploads\/2022\/05\/mesa_blevio_molteni_c_01.jpg\"><\/div>\r\n                <div class=\"ut-glitch-single-element ut-lozad skip-lazy\" data-background-image=\"https:\/\/www.mirsa.es\/wp-content\/uploads\/2022\/05\/mesa_blevio_molteni_c_01.jpg\"><\/div>\r\n            <\/div>\r\n\r\n        <\/div>\r\n\r\n        <img loading=\"lazy\" decoding=\"async\" class=\"ut-lazy skip-lazy ut-animated-image \"  id=\"ut_am_69d24e4c42211\" src=\"data:image\/svg+xml;charset=utf-8,%3Csvg xmlns%3D'http%3A%2F%2Fwww.w3.org%2F2000%2Fsvg' viewBox%3D'0 0 600 324'%2F%3E\" data-src=\"https:\/\/www.mirsa.es\/wp-content\/uploads\/2022\/05\/mesa_blevio_molteni_c_01.jpg\" width=\"600\" height=\"324\" alt=\"\"\/><\/div><\/a><\/div><\/div><\/div>[\/vc_column_inner][vc_column_inner width=&#8221;1\/2&#8243;]<div  class=\"wpb_content_element   clearfix\"><style type=\"text\/css\">#ut_am_69d24e4c425ca { opacity: 1; }#ut_am_wrap_69d24e4c425cb { text-align: left; }@media (min-width: 768px) and (max-width: 1024px) { #ut_am_wrap_69d24e4c425cb { text-align: left !important; } }@media (max-width: 767px) { #ut_am_wrap_69d24e4c425cb { text-align: center !important; } }<\/style><div id=\"ut_am_wrap_69d24e4c425cb\" class=\"ut-image-gallery-image \"><div id=\"ut_reveal_69d24e4c425cc\"  data-appear-top-offset=\"auto\" class=\"ut-animated-image-item ut-image-gallery-item ut-animation-done \"><a class=\"ut-deactivated-link\" href=\"#\"><div class=\"ut-animated-image-zoom\">\r\n        <div class=\"ut-element-glitch-wrap\">\r\n\r\n            \r\n        <style type=\"text\/css\">\r\n\r\n                        \r\n        @media (min-width: 1025px) {\r\n\r\n        #ut-element-glitch-69d24e4c425df218997013-64248 .ut-glitch-single-element {\r\n                                            \r\n                }\r\n        }\r\n\r\n        @media (min-width: 768px) and (max-width: 1024px) {\r\n\r\n        #ut-element-glitch-69d24e4c425df218997013-64248 .ut-glitch-single-element {\r\n                                                \r\n                    }\r\n        }\r\n\r\n        @media (max-width: 767px) {\r\n\r\n        #ut-element-glitch-69d24e4c425df218997013-64248 .ut-glitch-single-element {\r\n                                                \r\n                    }\r\n        }\r\n\r\n        \r\n        <\/style>\r\n\r\n        \r\n            <div id=\"ut-element-glitch-69d24e4c425df218997013-64248\" class=\" ut-element-glitch ut-glitch-none ut-element-glitch-permanent\">\r\n                <div class=\"ut-glitch-single-element ut-lozad skip-lazy\" data-background-image=\"https:\/\/www.mirsa.es\/wp-content\/uploads\/2022\/05\/mesa_blevio_molteni_c_02.jpg\"><\/div>\r\n                <div class=\"ut-glitch-single-element ut-lozad skip-lazy\" data-background-image=\"https:\/\/www.mirsa.es\/wp-content\/uploads\/2022\/05\/mesa_blevio_molteni_c_02.jpg\"><\/div>\r\n                <div class=\"ut-glitch-single-element ut-lozad skip-lazy\" data-background-image=\"https:\/\/www.mirsa.es\/wp-content\/uploads\/2022\/05\/mesa_blevio_molteni_c_02.jpg\"><\/div>\r\n                <div class=\"ut-glitch-single-element ut-lozad skip-lazy\" data-background-image=\"https:\/\/www.mirsa.es\/wp-content\/uploads\/2022\/05\/mesa_blevio_molteni_c_02.jpg\"><\/div>\r\n                <div class=\"ut-glitch-single-element ut-lozad skip-lazy\" data-background-image=\"https:\/\/www.mirsa.es\/wp-content\/uploads\/2022\/05\/mesa_blevio_molteni_c_02.jpg\"><\/div>\r\n            <\/div>\r\n\r\n        <\/div>\r\n\r\n        <img loading=\"lazy\" decoding=\"async\" class=\"ut-lazy skip-lazy ut-animated-image \"  id=\"ut_am_69d24e4c425ca\" src=\"data:image\/svg+xml;charset=utf-8,%3Csvg xmlns%3D'http%3A%2F%2Fwww.w3.org%2F2000%2Fsvg' viewBox%3D'0 0 600 324'%2F%3E\" data-src=\"https:\/\/www.mirsa.es\/wp-content\/uploads\/2022\/05\/mesa_blevio_molteni_c_02.jpg\" width=\"600\" height=\"324\" alt=\"\"\/><\/div><\/a><\/div><\/div><\/div>[\/vc_column_inner][\/vc_row_inner][\/vc_column][\/vc_row]<\/p>\n<\/div>","protected":false},"excerpt":{"rendered":"<p>[vc_row][vc_column][vc_column_text] La taula Blevio de la reconeguda firma italiana Molteni &#038; C forma part de la seva col\u00b7lecci\u00f3 Heritage Collection, una selecci\u00f3 de peces ic\u00f2niques del disseny reinterpretades i adaptades als nous temps. Patentada originalment pel prestigi\u00f3s arquitecte itali\u00e0 Ignazio Gardella al 1930, la taula va ser dissenyada com un model exclusiu per a la [&hellip;]<\/p>\n","protected":false},"author":1,"featured_media":0,"parent":0,"menu_order":0,"comment_status":"closed","ping_status":"closed","template":"","meta":{"footnotes":""},"class_list":["post-64252","page","type-page","status-publish","hentry"],"aioseo_notices":[],"_links":{"self":[{"href":"https:\/\/www.mirsa.es\/ca\/wp-json\/wp\/v2\/pages\/64252","targetHints":{"allow":["GET"]}}],"collection":[{"href":"https:\/\/www.mirsa.es\/ca\/wp-json\/wp\/v2\/pages"}],"about":[{"href":"https:\/\/www.mirsa.es\/ca\/wp-json\/wp\/v2\/types\/page"}],"author":[{"embeddable":true,"href":"https:\/\/www.mirsa.es\/ca\/wp-json\/wp\/v2\/users\/1"}],"replies":[{"embeddable":true,"href":"https:\/\/www.mirsa.es\/ca\/wp-json\/wp\/v2\/comments?post=64252"}],"version-history":[{"count":0,"href":"https:\/\/www.mirsa.es\/ca\/wp-json\/wp\/v2\/pages\/64252\/revisions"}],"wp:attachment":[{"href":"https:\/\/www.mirsa.es\/ca\/wp-json\/wp\/v2\/media?parent=64252"}],"curies":[{"name":"wp","href":"https:\/\/api.w.org\/{rel}","templated":true}]}}