{"id":64049,"date":"2022-05-11T14:14:20","date_gmt":"2022-05-11T14:14:20","guid":{"rendered":"https:\/\/www.mirsa.es\/tienda-de-muebles-en-cunit\/"},"modified":"2022-05-11T14:33:35","modified_gmt":"2022-05-11T14:33:35","slug":"tienda-de-muebles-en-cunit","status":"publish","type":"page","link":"https:\/\/www.mirsa.es\/ca\/tienda-de-muebles-en-cunit\/","title":{"rendered":"Botiga de mobles a Cunit"},"content":{"rendered":"<div class=\"wpb-content-wrapper\"><p>[vc_section][vc_row][vc_column]<div  class=\"wpb_content_element   clearfix\"><style type=\"text\/css\">#ut_am_69d1058176a57 { opacity: 1; }#ut_am_wrap_69d1058176a58 { text-align: center; }@media (min-width: 768px) and (max-width: 1024px) { #ut_am_wrap_69d1058176a58 { text-align: center !important; } }@media (max-width: 767px) { #ut_am_wrap_69d1058176a58 { text-align: center !important; } }<\/style><div id=\"ut_am_wrap_69d1058176a58\" class=\"ut-image-gallery-image \"><div id=\"ut_reveal_69d1058176a59\"  data-appear-top-offset=\"auto\" class=\"ut-animated-image-item ut-image-gallery-item ut-animation-done \"><a class=\"ut-deactivated-link\" href=\"#\"><div class=\"ut-animated-image-zoom\">\r\n        <div class=\"ut-element-glitch-wrap\">\r\n\r\n            \r\n        <style type=\"text\/css\">\r\n\r\n                        \r\n        @media (min-width: 1025px) {\r\n\r\n        #ut-element-glitch-69d1058176aad861510256-59323 .ut-glitch-single-element {\r\n                                            \r\n                }\r\n        }\r\n\r\n        @media (min-width: 768px) and (max-width: 1024px) {\r\n\r\n        #ut-element-glitch-69d1058176aad861510256-59323 .ut-glitch-single-element {\r\n                                                \r\n                    }\r\n        }\r\n\r\n        @media (max-width: 767px) {\r\n\r\n        #ut-element-glitch-69d1058176aad861510256-59323 .ut-glitch-single-element {\r\n                                                \r\n                    }\r\n        }\r\n\r\n        \r\n        <\/style>\r\n\r\n        \r\n            <div id=\"ut-element-glitch-69d1058176aad861510256-59323\" class=\" ut-element-glitch ut-glitch-none ut-element-glitch-permanent\">\r\n                <div class=\"ut-glitch-single-element ut-lozad skip-lazy\" data-background-image=\"https:\/\/www.mirsa.es\/wp-content\/uploads\/2021\/09\/mirsa_showroom.jpg\"><\/div>\r\n                <div class=\"ut-glitch-single-element ut-lozad skip-lazy\" data-background-image=\"https:\/\/www.mirsa.es\/wp-content\/uploads\/2021\/09\/mirsa_showroom.jpg\"><\/div>\r\n                <div class=\"ut-glitch-single-element ut-lozad skip-lazy\" data-background-image=\"https:\/\/www.mirsa.es\/wp-content\/uploads\/2021\/09\/mirsa_showroom.jpg\"><\/div>\r\n                <div class=\"ut-glitch-single-element ut-lozad skip-lazy\" data-background-image=\"https:\/\/www.mirsa.es\/wp-content\/uploads\/2021\/09\/mirsa_showroom.jpg\"><\/div>\r\n                <div class=\"ut-glitch-single-element ut-lozad skip-lazy\" data-background-image=\"https:\/\/www.mirsa.es\/wp-content\/uploads\/2021\/09\/mirsa_showroom.jpg\"><\/div>\r\n            <\/div>\r\n\r\n        <\/div>\r\n\r\n        <img loading=\"lazy\" decoding=\"async\" class=\"ut-lazy skip-lazy ut-animated-image \"  id=\"ut_am_69d1058176a57\" src=\"data:image\/svg+xml;charset=utf-8,%3Csvg xmlns%3D'http%3A%2F%2Fwww.w3.org%2F2000%2Fsvg' viewBox%3D'0 0 1047 600'%2F%3E\" data-src=\"https:\/\/www.mirsa.es\/wp-content\/uploads\/2021\/09\/mirsa_showroom.jpg\" width=\"1047\" height=\"600\" alt=\"\"\/><\/div><\/a><\/div><\/div><\/div>[vc_column_text]<\/p>\n<h2 style=\"font-size: 16px;\"><strong>La nostra botiga de mobles, situada a 10 minuts de Cunit, disposa de m\u00e9s de 3.000m2 d&#8217;exposici\u00f3 distribu\u00efts en 3 plantes.<\/strong><\/h2>\n<p style=\"font-size: 16px; text-align: left;\">Al nostre Showroom hi podr\u00e0 trobar una selecci\u00f3 de les col\u00b7leccions m\u00e9s importants de mobiliari contemporani, aix\u00ed com una representaci\u00f3 de les firmes internacionals m\u00e9s exclusives.<\/p>\n<p style=\"font-size: 16px; text-align: left;\">Som distribu\u00efdors de les firmes de mobiliari contemporani m\u00e9s rellevants, entre les quals destaquen B&#038;B Italia, Molteni &#038; C, Maxalto, Ligne Roset, Porada entre d&#8217;altres.<\/p>\n<p style=\"font-size: 16px; text-align: left;\">El nostre equip d&#8217;interioristes disposa d&#8217;una \u00e0mplia experi\u00e8ncia al sector, i est\u00e0 especialitzat en la realitzaci\u00f3 de Projectes d&#8217;interiorisme a Cunit i a tota Catalunya.<\/p>\n<p style=\"font-size: 16px; text-align: left;\">Des del 1960, a l&#8217;avantguarda de l&#8217;interiorisme per a oferir als nostres clients solucions contempor\u00e0nies i de qualitat per a la llar. Per a m\u00e9s informaci\u00f3, visiti el nostre Showroom o contacti amb nosaltres.<\/p>\n<p>[\/vc_column_text][vc_row_inner][vc_column_inner]<style type=\"text\/css\">#bklyn_btn_69d1058176b65 .bklyn-btn { color:#ffffff !important; border-color:#ffffff !important; border-width:1px !important; background-color:rgba(0, 0, 0, 0.93) !important; }#bklyn_btn_69d1058176b65 a.bklyn-btn { font-weight:600 !important; }#bklyn_btn_69d1058176b65.bklyn-btn-header a.bklyn-btn { font-weight:600 !important; }#bklyn_btn_69d1058176b65.bklyn-btn-header a.bklyn-btn span { font-weight:600 !important; }#bklyn_btn_69d1058176b65 a.bklyn-btn { font-family:inherit !important; }#bklyn_btn_69d1058176b65 a i:before { font-size:12px; }#bklyn_btn_69d1058176b65.bklyn-btn-holder a { margin-top:-px }<\/style><div id=\"bklyn_btn_69d1058176b65\" class=\"bklyn-btn-holder  bklyn-btn-center bklyn-btn-tablet-center bklyn-btn-mobile-center\"><a title=\"C\u00f3mo llegar\"   href=\"https:\/\/g.page\/mirsa-mobles?share\" target=\"_blank\" class=\"bklyn-btn  bklyn-btn-outline bklyn-btn-icon-left bklyn-btn-small\" ><i class=\"fa fa-map-marker\"><\/i><span class=\"ut-btn-text\">C\u00f3mo llegar<\/span><\/a><\/div><style type=\"text\/css\">#bklyn_btn_69d1058176bbe .bklyn-btn { color:#ffffff !important; border-color:#ffffff !important; border-width:1px !important; background-color:rgba(0, 0, 0, 0.93) !important; }#bklyn_btn_69d1058176bbe a.bklyn-btn { font-weight:600 !important; }#bklyn_btn_69d1058176bbe.bklyn-btn-header a.bklyn-btn { font-weight:600 !important; }#bklyn_btn_69d1058176bbe.bklyn-btn-header a.bklyn-btn span { font-weight:600 !important; }#bklyn_btn_69d1058176bbe a.bklyn-btn { font-family:inherit !important; }#bklyn_btn_69d1058176bbe a i:before { font-size:12px; }#bklyn_btn_69d1058176bbe.bklyn-btn-holder a { margin-top:-px }<\/style><div id=\"bklyn_btn_69d1058176bbe\" class=\"bklyn-btn-holder  bklyn-btn-center bklyn-btn-tablet-center bklyn-btn-mobile-center\"><a title=\"Contacto\"   href=\"\/contacte-con-nosotros\/\" target=\"_self\" class=\"bklyn-btn  bklyn-btn-outline bklyn-btn-icon-left bklyn-btn-small\" ><i class=\"fa fa-envelope-o\"><\/i><span class=\"ut-btn-text\">M\u00e1s informaci\u00f3n<\/span><\/a><\/div>[\/vc_column_inner][\/vc_row_inner][\/vc_column][\/vc_row][\/vc_section]<\/p>\n<\/div>","protected":false},"excerpt":{"rendered":"<p>[vc_section][vc_row][vc_column][vc_column_text] La nostra botiga de mobles, situada a 10 minuts de Cunit, disposa de m\u00e9s de 3.000m2 d&#8217;exposici\u00f3 distribu\u00efts en 3 plantes. Al nostre Showroom hi podr\u00e0 trobar una selecci\u00f3 de les col\u00b7leccions m\u00e9s importants de mobiliari contemporani, aix\u00ed com una representaci\u00f3 de les firmes internacionals m\u00e9s exclusives. Som distribu\u00efdors de les firmes de mobiliari [&hellip;]<\/p>\n","protected":false},"author":1,"featured_media":0,"parent":0,"menu_order":0,"comment_status":"closed","ping_status":"closed","template":"","meta":{"footnotes":""},"class_list":["post-64049","page","type-page","status-publish","hentry"],"aioseo_notices":[],"_links":{"self":[{"href":"https:\/\/www.mirsa.es\/ca\/wp-json\/wp\/v2\/pages\/64049","targetHints":{"allow":["GET"]}}],"collection":[{"href":"https:\/\/www.mirsa.es\/ca\/wp-json\/wp\/v2\/pages"}],"about":[{"href":"https:\/\/www.mirsa.es\/ca\/wp-json\/wp\/v2\/types\/page"}],"author":[{"embeddable":true,"href":"https:\/\/www.mirsa.es\/ca\/wp-json\/wp\/v2\/users\/1"}],"replies":[{"embeddable":true,"href":"https:\/\/www.mirsa.es\/ca\/wp-json\/wp\/v2\/comments?post=64049"}],"version-history":[{"count":0,"href":"https:\/\/www.mirsa.es\/ca\/wp-json\/wp\/v2\/pages\/64049\/revisions"}],"wp:attachment":[{"href":"https:\/\/www.mirsa.es\/ca\/wp-json\/wp\/v2\/media?parent=64049"}],"curies":[{"name":"wp","href":"https:\/\/api.w.org\/{rel}","templated":true}]}}