{"id":64002,"date":"2022-05-07T08:52:21","date_gmt":"2022-05-07T08:52:21","guid":{"rendered":"https:\/\/www.mirsa.es\/mesa-slot-bonaldo\/"},"modified":"2022-05-07T09:08:12","modified_gmt":"2022-05-07T09:08:12","slug":"mesa-slot-bonaldo","status":"publish","type":"page","link":"https:\/\/www.mirsa.es\/ca\/mesa-slot-bonaldo\/","title":{"rendered":"Taula Slot Bonaldo"},"content":{"rendered":"<div class=\"wpb-content-wrapper\"><p>[vc_row][vc_column][vc_column_text]<br \/>\n<img decoding=\"async\" class=\"wp-image-1077 size-large aligncenter\" title=\"Taula Slot Bonaldo\" src=\"\/wp-content\/uploads\/2022\/05\/mesa_slot_bonaldo.jpg\" title=\"Taula Slot Bonaldo\" width=\"100%\" height=\"400\"\/><\/p>\n<h2 style=\"font-size: 16px; text-align: left;\"><strong>Slot de la reconeguda firma italiana Bonaldo \u00e9s una exclusiva i elegant taula de disseny contemporani que es caracteritza per les l\u00ednies pures i essencials de la seva estructura.<\/strong><\/h2>\n<p style=\"font-size: 16px; text-align: left;\">Se trata de una pieza vers\u00e1til y polivalente, que se adapta con facilidad a cualquier tipo de espacio gracias a sus m\u00faltiples opciones de configuraci\u00f3n y personalizaci\u00f3n.<\/p>\n<p style=\"font-size: 16px; text-align: left;\">Patentada pel prestigi\u00f3s dissenyador Giusseppe Vigan\u00f2, la taula Slot neix com a resultat de la investigaci\u00f3 i l&#8217;estrat\u00e8gia d&#8217;innovaci\u00f3 tecnol\u00f2gica que sempre ha caracteritzat a Bonaldo.<\/p>\n<p style=\"font-size: 16px; text-align: left;\">Es tracta d&#8217;una pe\u00e7a de disseny equilibrada i de volums essencials, que s&#8217;articulen a l&#8217;espai. El taulell es caracteritza pels seus elegants cantells arrodonits i est\u00e0 disponible en fusta, cer\u00e0mica, marbre o vidre.<\/p>\n<p style=\"font-size: 16px; text-align: left;\">La base es sost\u00e9 sobre una estructura de cavallet amb forma de H, amb les potes en metall. La col\u00b7lecci\u00f3 est\u00e0 disponible en una \u00e0mplia gamma d&#8217;opcions de configuraci\u00f3 i personalitzaci\u00f3, adaptant-se amb facilitat a qualsevol mena d&#8217;espai de la zona de dia.<\/p>\n<p style=\"font-size: 16px; text-align: left;\">A MIRSA interiorisme &#038; mobiliari som distribu\u00efdors oficials Bonaldo. Per a m\u00e9s informaci\u00f3, visiti el nostre Showroom o contacti amb nosaltres.<\/p>\n<p>[\/vc_column_text][vc_row_inner][vc_column_inner]<style type=\"text\/css\">#bklyn_btn_69d1dae6e270d .bklyn-btn { color:#ffffff !important; background-color:black !important; }<\/style><div id=\"bklyn_btn_69d1dae6e270d\" class=\"bklyn-btn-holder  bklyn-btn-center bklyn-btn-tablet-center bklyn-btn-mobile-center\"><a title=\"Contacto\"   href=\"\/contacto\" target=\"_self\" class=\"bklyn-btn  bklyn-btn-icon-left bklyn-btn-normal\" ><i class=\"fa fa-envelope\"><\/i><span class=\"ut-btn-text\">M\u00e9s informaci\u00f3<\/span><\/a><\/div>[\/vc_column_inner][\/vc_row_inner][vc_row_inner][vc_column_inner width=&#8221;1\/2&#8243;]<div  class=\"wpb_content_element   clearfix\"><style type=\"text\/css\">#ut_am_69d1dae6e2a76 { opacity: 1; }#ut_am_wrap_69d1dae6e2a77 { text-align: center; }@media (min-width: 768px) and (max-width: 1024px) { #ut_am_wrap_69d1dae6e2a77 { text-align: center !important; } }@media (max-width: 767px) { #ut_am_wrap_69d1dae6e2a77 { text-align: center !important; } }<\/style><div id=\"ut_am_wrap_69d1dae6e2a77\" class=\"ut-image-gallery-image \"><div id=\"ut_reveal_69d1dae6e2a78\"  data-appear-top-offset=\"auto\" class=\"ut-animated-image-item ut-image-gallery-item ut-animation-done \"><a class=\"ut-deactivated-link\" href=\"#\"><div class=\"ut-animated-image-zoom\">\r\n        <div class=\"ut-element-glitch-wrap\">\r\n\r\n            \r\n        <style type=\"text\/css\">\r\n\r\n                        \r\n        @media (min-width: 1025px) {\r\n\r\n        #ut-element-glitch-69d1dae6e2a97544937263-63994 .ut-glitch-single-element {\r\n                                            \r\n                }\r\n        }\r\n\r\n        @media (min-width: 768px) and (max-width: 1024px) {\r\n\r\n        #ut-element-glitch-69d1dae6e2a97544937263-63994 .ut-glitch-single-element {\r\n                                                \r\n                    }\r\n        }\r\n\r\n        @media (max-width: 767px) {\r\n\r\n        #ut-element-glitch-69d1dae6e2a97544937263-63994 .ut-glitch-single-element {\r\n                                                \r\n                    }\r\n        }\r\n\r\n        \r\n        <\/style>\r\n\r\n        \r\n            <div id=\"ut-element-glitch-69d1dae6e2a97544937263-63994\" class=\" ut-element-glitch ut-glitch-none ut-element-glitch-permanent\">\r\n                <div class=\"ut-glitch-single-element ut-lozad skip-lazy\" data-background-image=\"https:\/\/www.mirsa.es\/wp-content\/uploads\/2022\/05\/mesa_slot_bonaldo_01.jpg\"><\/div>\r\n                <div class=\"ut-glitch-single-element ut-lozad skip-lazy\" data-background-image=\"https:\/\/www.mirsa.es\/wp-content\/uploads\/2022\/05\/mesa_slot_bonaldo_01.jpg\"><\/div>\r\n                <div class=\"ut-glitch-single-element ut-lozad skip-lazy\" data-background-image=\"https:\/\/www.mirsa.es\/wp-content\/uploads\/2022\/05\/mesa_slot_bonaldo_01.jpg\"><\/div>\r\n                <div class=\"ut-glitch-single-element ut-lozad skip-lazy\" data-background-image=\"https:\/\/www.mirsa.es\/wp-content\/uploads\/2022\/05\/mesa_slot_bonaldo_01.jpg\"><\/div>\r\n                <div class=\"ut-glitch-single-element ut-lozad skip-lazy\" data-background-image=\"https:\/\/www.mirsa.es\/wp-content\/uploads\/2022\/05\/mesa_slot_bonaldo_01.jpg\"><\/div>\r\n            <\/div>\r\n\r\n        <\/div>\r\n\r\n        <img loading=\"lazy\" decoding=\"async\" class=\"ut-lazy skip-lazy ut-animated-image \"  id=\"ut_am_69d1dae6e2a76\" src=\"data:image\/svg+xml;charset=utf-8,%3Csvg xmlns%3D'http%3A%2F%2Fwww.w3.org%2F2000%2Fsvg' viewBox%3D'0 0 600 324'%2F%3E\" data-src=\"https:\/\/www.mirsa.es\/wp-content\/uploads\/2022\/05\/mesa_slot_bonaldo_01.jpg\" width=\"600\" height=\"324\" alt=\"\"\/><\/div><\/a><\/div><\/div><\/div>[\/vc_column_inner][vc_column_inner width=&#8221;1\/2&#8243;]<div  class=\"wpb_content_element   clearfix\"><style type=\"text\/css\">#ut_am_69d1dae6e2dd6 { opacity: 1; }#ut_am_wrap_69d1dae6e2dd7 { text-align: center; }@media (min-width: 768px) and (max-width: 1024px) { #ut_am_wrap_69d1dae6e2dd7 { text-align: center !important; } }@media (max-width: 767px) { #ut_am_wrap_69d1dae6e2dd7 { text-align: center !important; } }<\/style><div id=\"ut_am_wrap_69d1dae6e2dd7\" class=\"ut-image-gallery-image \"><div id=\"ut_reveal_69d1dae6e2dd8\"  data-appear-top-offset=\"auto\" class=\"ut-animated-image-item ut-image-gallery-item ut-animation-done \"><a class=\"ut-deactivated-link\" href=\"#\"><div class=\"ut-animated-image-zoom\">\r\n        <div class=\"ut-element-glitch-wrap\">\r\n\r\n            \r\n        <style type=\"text\/css\">\r\n\r\n                        \r\n        @media (min-width: 1025px) {\r\n\r\n        #ut-element-glitch-69d1dae6e2deb546082690-63997 .ut-glitch-single-element {\r\n                                            \r\n                }\r\n        }\r\n\r\n        @media (min-width: 768px) and (max-width: 1024px) {\r\n\r\n        #ut-element-glitch-69d1dae6e2deb546082690-63997 .ut-glitch-single-element {\r\n                                                \r\n                    }\r\n        }\r\n\r\n        @media (max-width: 767px) {\r\n\r\n        #ut-element-glitch-69d1dae6e2deb546082690-63997 .ut-glitch-single-element {\r\n                                                \r\n                    }\r\n        }\r\n\r\n        \r\n        <\/style>\r\n\r\n        \r\n            <div id=\"ut-element-glitch-69d1dae6e2deb546082690-63997\" class=\" ut-element-glitch ut-glitch-none ut-element-glitch-permanent\">\r\n                <div class=\"ut-glitch-single-element ut-lozad skip-lazy\" data-background-image=\"https:\/\/www.mirsa.es\/wp-content\/uploads\/2022\/05\/mesa_slot_bonaldo_02.jpg\"><\/div>\r\n                <div class=\"ut-glitch-single-element ut-lozad skip-lazy\" data-background-image=\"https:\/\/www.mirsa.es\/wp-content\/uploads\/2022\/05\/mesa_slot_bonaldo_02.jpg\"><\/div>\r\n                <div class=\"ut-glitch-single-element ut-lozad skip-lazy\" data-background-image=\"https:\/\/www.mirsa.es\/wp-content\/uploads\/2022\/05\/mesa_slot_bonaldo_02.jpg\"><\/div>\r\n                <div class=\"ut-glitch-single-element ut-lozad skip-lazy\" data-background-image=\"https:\/\/www.mirsa.es\/wp-content\/uploads\/2022\/05\/mesa_slot_bonaldo_02.jpg\"><\/div>\r\n                <div class=\"ut-glitch-single-element ut-lozad skip-lazy\" data-background-image=\"https:\/\/www.mirsa.es\/wp-content\/uploads\/2022\/05\/mesa_slot_bonaldo_02.jpg\"><\/div>\r\n            <\/div>\r\n\r\n        <\/div>\r\n\r\n        <img loading=\"lazy\" decoding=\"async\" class=\"ut-lazy skip-lazy ut-animated-image \"  id=\"ut_am_69d1dae6e2dd6\" src=\"data:image\/svg+xml;charset=utf-8,%3Csvg xmlns%3D'http%3A%2F%2Fwww.w3.org%2F2000%2Fsvg' viewBox%3D'0 0 600 324'%2F%3E\" data-src=\"https:\/\/www.mirsa.es\/wp-content\/uploads\/2022\/05\/mesa_slot_bonaldo_02.jpg\" width=\"600\" height=\"324\" alt=\"\"\/><\/div><\/a><\/div><\/div><\/div>[\/vc_column_inner][\/vc_row_inner][\/vc_column][\/vc_row]<\/p>\n<\/div>","protected":false},"excerpt":{"rendered":"<p>[vc_row][vc_column][vc_column_text] Slot de la reconeguda firma italiana Bonaldo \u00e9s una exclusiva i elegant taula de disseny contemporani que es caracteritza per les l\u00ednies pures i essencials de la seva estructura. Se trata de una pieza vers\u00e1til y polivalente, que se adapta con facilidad a cualquier tipo de espacio gracias a sus m\u00faltiples opciones de configuraci\u00f3n [&hellip;]<\/p>\n","protected":false},"author":1,"featured_media":0,"parent":0,"menu_order":0,"comment_status":"closed","ping_status":"closed","template":"","meta":{"footnotes":""},"class_list":["post-64002","page","type-page","status-publish","hentry"],"aioseo_notices":[],"_links":{"self":[{"href":"https:\/\/www.mirsa.es\/ca\/wp-json\/wp\/v2\/pages\/64002","targetHints":{"allow":["GET"]}}],"collection":[{"href":"https:\/\/www.mirsa.es\/ca\/wp-json\/wp\/v2\/pages"}],"about":[{"href":"https:\/\/www.mirsa.es\/ca\/wp-json\/wp\/v2\/types\/page"}],"author":[{"embeddable":true,"href":"https:\/\/www.mirsa.es\/ca\/wp-json\/wp\/v2\/users\/1"}],"replies":[{"embeddable":true,"href":"https:\/\/www.mirsa.es\/ca\/wp-json\/wp\/v2\/comments?post=64002"}],"version-history":[{"count":0,"href":"https:\/\/www.mirsa.es\/ca\/wp-json\/wp\/v2\/pages\/64002\/revisions"}],"wp:attachment":[{"href":"https:\/\/www.mirsa.es\/ca\/wp-json\/wp\/v2\/media?parent=64002"}],"curies":[{"name":"wp","href":"https:\/\/api.w.org\/{rel}","templated":true}]}}