{"id":63891,"date":"2022-04-29T15:25:12","date_gmt":"2022-04-29T15:25:12","guid":{"rendered":"https:\/\/www.mirsa.es\/?page_id=63891"},"modified":"2022-04-29T15:33:57","modified_gmt":"2022-04-29T15:33:57","slug":"sofa-airliner-casadesus","status":"publish","type":"page","link":"https:\/\/www.mirsa.es\/ca\/sofa-airliner-casadesus\/","title":{"rendered":"Sofa Airliner Casadeus"},"content":{"rendered":"<div class=\"wpb-content-wrapper\"><p>[vc_row][vc_column][vc_column_text]<\/p>\n<p><img decoding=\"async\" class=\"wp-image-1077 size-large aligncenter\" title=\"Sofa Airliner Casadesus\" src=\"\/wp-content\/uploads\/2022\/04\/sofa_airliner_casadesus.jpg\" alt=\"Sofa Airliner Casadesus\" width=\"100%\" height=\"400\" \/><\/p>\n<h2 style=\"font-size: 16px; text-align: left;\"><strong>Airliner de la reconeguda firma Casades\u00fas \u00e9s un elegant i funcional sof\u00e0 d&#8217;estil contemporani que es caracteritza per les seves l\u00ednies pures i equilibrades.<\/strong><\/h2>\n<p style=\"font-size: 16px; text-align: left;\">Es tracta d&#8217;un sof\u00e0 vers\u00e0til i polivalent, que permet m\u00faltiples opcions de configuraci\u00f3 i personalitzaci\u00f3, gr\u00e0cies a la seva innovadora estructura de seients modulars.<\/p>\n<p style=\"font-size: 16px; text-align: left;\">La col\u00b7lecci\u00f3 destaca pel seu v\u00e8rtex lleugerament arrodonit, aix\u00ed com per les seves potes esveltes, que transmeten lleugeresa i equilibri al conjunt.<\/p>\n<p style=\"font-size: 16px; text-align: left;\"El sof\u00e0 Airliner ha estat dissenyat especialment per a garantir la m\u00e0xima comoditat gr\u00e0cies als seus amplis respatllers i seients, adaptables a diverses posicions per aconseguir el m\u00e0xim confort.<\/p>\n<p style=\"font-size: 16px; text-align: left;\">Com la resta de col\u00b7leccions de la firma, Airliner est\u00e0 disponible en una \u00e0mplia gamma de mides i acabats, adaptant-se amb facilitat a qualsevol espai de la zona de dia.<\/p>\n<p style=\"font-size: 16px; text-align: left;\">A MIRSA interiorisme &#038; mobiliari som distribu\u00efdors oficials Casades\u00fas. Per a m\u00e9s informaci\u00f3, visiti el nostre Showroom o contacti amb nosaltres.<\/p>\n<p>[\/vc_column_text][vc_row_inner][vc_column_inner]<style type=\"text\/css\">#bklyn_btn_69d2665c215ee .bklyn-btn { color:#ffffff !important; background-color:black !important; }<\/style><div id=\"bklyn_btn_69d2665c215ee\" class=\"bklyn-btn-holder  bklyn-btn-center bklyn-btn-tablet-center bklyn-btn-mobile-center\"><a title=\"Contacto\"   href=\"\/contacto\" target=\"_self\" class=\"bklyn-btn  bklyn-btn-icon-left bklyn-btn-normal\" ><i class=\"fa fa-envelope\"><\/i><span class=\"ut-btn-text\">M\u00e9s informaci\u00f3<\/span><\/a><\/div>[\/vc_column_inner][\/vc_row_inner][\/vc_column][\/vc_row][vc_section][vc_row][vc_column width=&#8221;1\/2&#8243;]<div  class=\"wpb_content_element   clearfix\"><style type=\"text\/css\">#ut_am_69d2665c2218d { opacity: 1; }#ut_am_wrap_69d2665c2218e { text-align: left; }@media (min-width: 768px) and (max-width: 1024px) { #ut_am_wrap_69d2665c2218e { text-align: left !important; } }@media (max-width: 767px) { #ut_am_wrap_69d2665c2218e { text-align: center !important; } }<\/style><div id=\"ut_am_wrap_69d2665c2218e\" class=\"ut-image-gallery-image \"><div id=\"ut_reveal_69d2665c2218f\"  data-appear-top-offset=\"auto\" class=\"ut-animated-image-item ut-image-gallery-item ut-animation-done \"><a class=\"ut-deactivated-link\" href=\"#\"><div class=\"ut-animated-image-zoom\">\r\n        <div class=\"ut-element-glitch-wrap\">\r\n\r\n            \r\n        <style type=\"text\/css\">\r\n\r\n                        \r\n        @media (min-width: 1025px) {\r\n\r\n        #ut-element-glitch-69d2665c221ae760374776-63887 .ut-glitch-single-element {\r\n                                            \r\n                }\r\n        }\r\n\r\n        @media (min-width: 768px) and (max-width: 1024px) {\r\n\r\n        #ut-element-glitch-69d2665c221ae760374776-63887 .ut-glitch-single-element {\r\n                                                \r\n                    }\r\n        }\r\n\r\n        @media (max-width: 767px) {\r\n\r\n        #ut-element-glitch-69d2665c221ae760374776-63887 .ut-glitch-single-element {\r\n                                                \r\n                    }\r\n        }\r\n\r\n        \r\n        <\/style>\r\n\r\n        \r\n            <div id=\"ut-element-glitch-69d2665c221ae760374776-63887\" class=\" ut-element-glitch ut-glitch-none ut-element-glitch-permanent\">\r\n                <div class=\"ut-glitch-single-element ut-lozad skip-lazy\" data-background-image=\"https:\/\/www.mirsa.es\/wp-content\/uploads\/2022\/04\/sofa_airliner_casadesus_03.jpg\"><\/div>\r\n                <div class=\"ut-glitch-single-element ut-lozad skip-lazy\" data-background-image=\"https:\/\/www.mirsa.es\/wp-content\/uploads\/2022\/04\/sofa_airliner_casadesus_03.jpg\"><\/div>\r\n                <div class=\"ut-glitch-single-element ut-lozad skip-lazy\" data-background-image=\"https:\/\/www.mirsa.es\/wp-content\/uploads\/2022\/04\/sofa_airliner_casadesus_03.jpg\"><\/div>\r\n                <div class=\"ut-glitch-single-element ut-lozad skip-lazy\" data-background-image=\"https:\/\/www.mirsa.es\/wp-content\/uploads\/2022\/04\/sofa_airliner_casadesus_03.jpg\"><\/div>\r\n                <div class=\"ut-glitch-single-element ut-lozad skip-lazy\" data-background-image=\"https:\/\/www.mirsa.es\/wp-content\/uploads\/2022\/04\/sofa_airliner_casadesus_03.jpg\"><\/div>\r\n            <\/div>\r\n\r\n        <\/div>\r\n\r\n        <img loading=\"lazy\" decoding=\"async\" class=\"ut-lazy skip-lazy ut-animated-image \"  id=\"ut_am_69d2665c2218d\" src=\"data:image\/svg+xml;charset=utf-8,%3Csvg xmlns%3D'http%3A%2F%2Fwww.w3.org%2F2000%2Fsvg' viewBox%3D'0 0 600 324'%2F%3E\" data-src=\"https:\/\/www.mirsa.es\/wp-content\/uploads\/2022\/04\/sofa_airliner_casadesus_03.jpg\" width=\"600\" height=\"324\" alt=\"\"\/><\/div><\/a><\/div><\/div><\/div>[\/vc_column][vc_column width=&#8221;1\/2&#8243;]<div  class=\"wpb_content_element   clearfix\"><style type=\"text\/css\">#ut_am_69d2665c227e2 { opacity: 1; }#ut_am_wrap_69d2665c227e3 { text-align: left; }@media (min-width: 768px) and (max-width: 1024px) { #ut_am_wrap_69d2665c227e3 { text-align: left !important; } }@media (max-width: 767px) { #ut_am_wrap_69d2665c227e3 { text-align: center !important; } }<\/style><div id=\"ut_am_wrap_69d2665c227e3\" class=\"ut-image-gallery-image \"><div id=\"ut_reveal_69d2665c227e4\"  data-appear-top-offset=\"auto\" class=\"ut-animated-image-item ut-image-gallery-item ut-animation-done \"><a class=\"ut-deactivated-link\" href=\"#\"><div class=\"ut-animated-image-zoom\">\r\n        <div class=\"ut-element-glitch-wrap\">\r\n\r\n            \r\n        <style type=\"text\/css\">\r\n\r\n                        \r\n        @media (min-width: 1025px) {\r\n\r\n        #ut-element-glitch-69d2665c227f9081795573-63884 .ut-glitch-single-element {\r\n                                            \r\n                }\r\n        }\r\n\r\n        @media (min-width: 768px) and (max-width: 1024px) {\r\n\r\n        #ut-element-glitch-69d2665c227f9081795573-63884 .ut-glitch-single-element {\r\n                                                \r\n                    }\r\n        }\r\n\r\n        @media (max-width: 767px) {\r\n\r\n        #ut-element-glitch-69d2665c227f9081795573-63884 .ut-glitch-single-element {\r\n                                                \r\n                    }\r\n        }\r\n\r\n        \r\n        <\/style>\r\n\r\n        \r\n            <div id=\"ut-element-glitch-69d2665c227f9081795573-63884\" class=\" ut-element-glitch ut-glitch-none ut-element-glitch-permanent\">\r\n                <div class=\"ut-glitch-single-element ut-lozad skip-lazy\" data-background-image=\"https:\/\/www.mirsa.es\/wp-content\/uploads\/2022\/04\/sofa_airliner_casadesus_02.jpg\"><\/div>\r\n                <div class=\"ut-glitch-single-element ut-lozad skip-lazy\" data-background-image=\"https:\/\/www.mirsa.es\/wp-content\/uploads\/2022\/04\/sofa_airliner_casadesus_02.jpg\"><\/div>\r\n                <div class=\"ut-glitch-single-element ut-lozad skip-lazy\" data-background-image=\"https:\/\/www.mirsa.es\/wp-content\/uploads\/2022\/04\/sofa_airliner_casadesus_02.jpg\"><\/div>\r\n                <div class=\"ut-glitch-single-element ut-lozad skip-lazy\" data-background-image=\"https:\/\/www.mirsa.es\/wp-content\/uploads\/2022\/04\/sofa_airliner_casadesus_02.jpg\"><\/div>\r\n                <div class=\"ut-glitch-single-element ut-lozad skip-lazy\" data-background-image=\"https:\/\/www.mirsa.es\/wp-content\/uploads\/2022\/04\/sofa_airliner_casadesus_02.jpg\"><\/div>\r\n            <\/div>\r\n\r\n        <\/div>\r\n\r\n        <img loading=\"lazy\" decoding=\"async\" class=\"ut-lazy skip-lazy ut-animated-image \"  id=\"ut_am_69d2665c227e2\" src=\"data:image\/svg+xml;charset=utf-8,%3Csvg xmlns%3D'http%3A%2F%2Fwww.w3.org%2F2000%2Fsvg' viewBox%3D'0 0 600 324'%2F%3E\" data-src=\"https:\/\/www.mirsa.es\/wp-content\/uploads\/2022\/04\/sofa_airliner_casadesus_02.jpg\" width=\"600\" height=\"324\" alt=\"\"\/><\/div><\/a><\/div><\/div><\/div>[\/vc_column][\/vc_row][\/vc_section]<\/p>\n<\/div>","protected":false},"excerpt":{"rendered":"<p>[vc_row][vc_column][vc_column_text] Airliner de la reconeguda firma Casades\u00fas \u00e9s un elegant i funcional sof\u00e0 d&#8217;estil contemporani que es caracteritza per les seves l\u00ednies pures i equilibrades. Es tracta d&#8217;un sof\u00e0 vers\u00e0til i polivalent, que permet m\u00faltiples opcions de configuraci\u00f3 i personalitzaci\u00f3, gr\u00e0cies a la seva innovadora estructura de seients modulars. La col\u00b7lecci\u00f3 destaca pel seu v\u00e8rtex [&hellip;]<\/p>\n","protected":false},"author":1,"featured_media":0,"parent":0,"menu_order":0,"comment_status":"closed","ping_status":"closed","template":"","meta":{"footnotes":""},"class_list":["post-63891","page","type-page","status-publish","hentry"],"aioseo_notices":[],"_links":{"self":[{"href":"https:\/\/www.mirsa.es\/ca\/wp-json\/wp\/v2\/pages\/63891","targetHints":{"allow":["GET"]}}],"collection":[{"href":"https:\/\/www.mirsa.es\/ca\/wp-json\/wp\/v2\/pages"}],"about":[{"href":"https:\/\/www.mirsa.es\/ca\/wp-json\/wp\/v2\/types\/page"}],"author":[{"embeddable":true,"href":"https:\/\/www.mirsa.es\/ca\/wp-json\/wp\/v2\/users\/1"}],"replies":[{"embeddable":true,"href":"https:\/\/www.mirsa.es\/ca\/wp-json\/wp\/v2\/comments?post=63891"}],"version-history":[{"count":0,"href":"https:\/\/www.mirsa.es\/ca\/wp-json\/wp\/v2\/pages\/63891\/revisions"}],"wp:attachment":[{"href":"https:\/\/www.mirsa.es\/ca\/wp-json\/wp\/v2\/media?parent=63891"}],"curies":[{"name":"wp","href":"https:\/\/api.w.org\/{rel}","templated":true}]}}