{"id":63863,"date":"2022-04-28T08:46:38","date_gmt":"2022-04-28T08:46:38","guid":{"rendered":"https:\/\/www.mirsa.es\/tienda-de-muebles-en-olivella\/"},"modified":"2022-04-28T08:56:55","modified_gmt":"2022-04-28T08:56:55","slug":"tienda-de-muebles-en-olivella","status":"publish","type":"page","link":"https:\/\/www.mirsa.es\/ca\/tienda-de-muebles-en-olivella\/","title":{"rendered":"Botiga de mobles a Olivella"},"content":{"rendered":"<div class=\"wpb-content-wrapper\"><p>[vc_section][vc_row][vc_column][vc_column_text]<\/p>\n<p style=\"text-align: center; font-size: 16px;\"><img decoding=\"async\" src=\"\/wp-content\/uploads\/2021\/09\/mirsa_showroom.jpg\" alt=\"Botiga de mobles a Olivella\" title=\"Botiga de mobles a Olivella\"><\/p>\n<h2 style=\"font-size: 16px;\"><b>A la nostra espectacular botiga de mobles, situada a 20 minuts d&#8217;Olivella, trobar\u00e0 una selecci\u00f3 de les firmes internacionals m\u00e9s prestigioses de mobiliari contemporani.<\/b><\/h2>\n<p style=\"font-size: 16px; text-align: left;\">Disposem d&#8217;una Showroom de 3.000m2, distribu\u00efts en tres grans plantes, on s&#8217;exposa una exclusiva selecci\u00f3 de les col\u00b7leccions m\u00e9s importants al m\u00f3n del disseny i de l&#8217;interiorisme.<\/p>\n<p style=\"font-size: 16px; text-align: left;\">Treballem amb les firmes de mobiliari internacional m\u00e9s prestigioses com B&#038;B Italia, Molteni &#038; C, Maxalto, LAGO, Ligne Roset entre d&#8217;altres.<\/p>\n<p style=\"font-size: 16px; text-align: left;\">Som especialistes en la realitzaci\u00f3 de Projectes d&#8217;interiorisme a mida a Olivella i a tota l&#8217;\u00e0rea metropolitana de Barcelona. El nostre equip d&#8217;interioristes l&#8217;assessorar\u00e0 en la configuraci\u00f3 de l&#8217;espai per aconseguir una llar elegant i confortable.<\/p>\n<p style=\"font-size: 16px; text-align: left;\">M\u00e9s de 62 anys d&#8217;experi\u00e8ncia al sector i 10.000 projectes realitzats a tota Catalunya ens avalen. Per a m\u00e9s informaci\u00f3, consulti el nostre cat\u00e0leg online o visiti el nostre Showroom.<\/p>\n<p>[\/vc_column_text][vc_row_inner][vc_column_inner]<style type=\"text\/css\">#bklyn_btn_69d2699fea152 .bklyn-btn { color:#ffffff !important; border-color:#ffffff !important; border-width:1px !important; background-color:rgba(0, 0, 0, 0.93) !important; }#bklyn_btn_69d2699fea152 a.bklyn-btn { font-weight:600 !important; }#bklyn_btn_69d2699fea152.bklyn-btn-header a.bklyn-btn { font-weight:600 !important; }#bklyn_btn_69d2699fea152.bklyn-btn-header a.bklyn-btn span { font-weight:600 !important; }#bklyn_btn_69d2699fea152 a.bklyn-btn { font-family:inherit !important; }#bklyn_btn_69d2699fea152 a i:before { font-size:12px; }#bklyn_btn_69d2699fea152.bklyn-btn-holder a { margin-top:-px }<\/style><div id=\"bklyn_btn_69d2699fea152\" class=\"bklyn-btn-holder  bklyn-btn-center bklyn-btn-tablet-center bklyn-btn-mobile-center\"><a title=\"C\u00f3mo llegar\"   href=\"https:\/\/g.page\/mirsa-mobles?share\" target=\"_blank\" class=\"bklyn-btn  bklyn-btn-outline bklyn-btn-icon-left bklyn-btn-small\" ><i class=\"fa fa-map-marker\"><\/i><span class=\"ut-btn-text\">Com arribar<\/span><\/a><\/div><style type=\"text\/css\">#bklyn_btn_69d2699fea1e0 .bklyn-btn { color:#ffffff !important; border-color:#ffffff !important; border-width:1px !important; background-color:rgba(0, 0, 0, 0.93) !important; }#bklyn_btn_69d2699fea1e0 a.bklyn-btn { font-weight:600 !important; }#bklyn_btn_69d2699fea1e0.bklyn-btn-header a.bklyn-btn { font-weight:600 !important; }#bklyn_btn_69d2699fea1e0.bklyn-btn-header a.bklyn-btn span { font-weight:600 !important; }#bklyn_btn_69d2699fea1e0 a.bklyn-btn { font-family:inherit !important; }#bklyn_btn_69d2699fea1e0 a i:before { font-size:12px; }#bklyn_btn_69d2699fea1e0.bklyn-btn-holder a { margin-top:-px }<\/style><div id=\"bklyn_btn_69d2699fea1e0\" class=\"bklyn-btn-holder  bklyn-btn-center bklyn-btn-tablet-center bklyn-btn-mobile-center\"><a title=\"Contacto\"   href=\"\/contacte-con-nosotros\/\" target=\"_self\" class=\"bklyn-btn  bklyn-btn-outline bklyn-btn-icon-left bklyn-btn-small\" ><i class=\"fa fa-envelope-o\"><\/i><span class=\"ut-btn-text\">M\u00e9s informaci\u00f3<\/span><\/a><\/div>[\/vc_column_inner][\/vc_row_inner][\/vc_column][\/vc_row][\/vc_section]<\/p>\n<\/div>","protected":false},"excerpt":{"rendered":"<p>[vc_section][vc_row][vc_column][vc_column_text] A la nostra espectacular botiga de mobles, situada a 20 minuts d&#8217;Olivella, trobar\u00e0 una selecci\u00f3 de les firmes internacionals m\u00e9s prestigioses de mobiliari contemporani. Disposem d&#8217;una Showroom de 3.000m2, distribu\u00efts en tres grans plantes, on s&#8217;exposa una exclusiva selecci\u00f3 de les col\u00b7leccions m\u00e9s importants al m\u00f3n del disseny i de l&#8217;interiorisme. Treballem amb les [&hellip;]<\/p>\n","protected":false},"author":1,"featured_media":0,"parent":0,"menu_order":0,"comment_status":"closed","ping_status":"closed","template":"","meta":{"footnotes":""},"class_list":["post-63863","page","type-page","status-publish","hentry"],"aioseo_notices":[],"_links":{"self":[{"href":"https:\/\/www.mirsa.es\/ca\/wp-json\/wp\/v2\/pages\/63863","targetHints":{"allow":["GET"]}}],"collection":[{"href":"https:\/\/www.mirsa.es\/ca\/wp-json\/wp\/v2\/pages"}],"about":[{"href":"https:\/\/www.mirsa.es\/ca\/wp-json\/wp\/v2\/types\/page"}],"author":[{"embeddable":true,"href":"https:\/\/www.mirsa.es\/ca\/wp-json\/wp\/v2\/users\/1"}],"replies":[{"embeddable":true,"href":"https:\/\/www.mirsa.es\/ca\/wp-json\/wp\/v2\/comments?post=63863"}],"version-history":[{"count":0,"href":"https:\/\/www.mirsa.es\/ca\/wp-json\/wp\/v2\/pages\/63863\/revisions"}],"wp:attachment":[{"href":"https:\/\/www.mirsa.es\/ca\/wp-json\/wp\/v2\/media?parent=63863"}],"curies":[{"name":"wp","href":"https:\/\/api.w.org\/{rel}","templated":true}]}}