{"id":63229,"date":"2022-03-30T09:08:00","date_gmt":"2022-03-30T09:08:00","guid":{"rendered":"https:\/\/www.mirsa.es\/mesa-meet-lago\/"},"modified":"2022-03-30T09:43:37","modified_gmt":"2022-03-30T09:43:37","slug":"mesa-meet-lago","status":"publish","type":"page","link":"https:\/\/www.mirsa.es\/ca\/mesa-meet-lago\/","title":{"rendered":"Taula Meet LAGO"},"content":{"rendered":"<div class=\"wpb-content-wrapper\"><p>[vc_row][vc_column][vc_column_text]<\/p>\n<h5><img decoding=\"async\" class=\"wp-image-1077 size-large aligncenter\" title=\"Taula Meet LAGO\" src=\"\/wp-content\/uploads\/2022\/03\/mesa_meet_lago.jpg\" alt=\"Taula Meet\" width=\"100%\" height=\"400\" \/><\/h5>\n<p style=\"font-size: 16px; text-align: left;\"><strong>Meet de la reconeguda firma italiana LAGO \u00e9s una taula moderna i elegant que es caracteritza per les espectaculars formes geom\u00e8triques de la seva base.<\/strong><\/p>\n<p style=\"font-size: 16px; text-align: left;\">Es tracta d&#8217;una taula imponent que juga amb l&#8217;equilibri de les l\u00ednies lleugeres i subtils del taulell i la contund\u00e8ncia de la base.<\/p>\n<p style=\"font-size: 16px; text-align: left;\">Dos elements arquitect\u00f2nics que convergeixen en un mateix punt per a formar una pe\u00e7a de disseny contemporani \u00fanica, que destaca pel seu equilibri formal i per l&#8217;eleg\u00e0ncia de la seva estructura.<\/p>\n<p style=\"font-size: 16px; text-align: left;\">El taulell est\u00e0 disponible en una versi\u00f3 rectangular, perfilada o el\u00b7l\u00edptica i est\u00e0 disponible en una \u00e0mplia gamma d&#8217;acabats: Vidre lacat, Wildwood, X Glass entre d&#8217;altres.<\/p>\n<p style=\"font-size: 16px; text-align: left;\">La taula Meet ha estat dissenyada per Daniele LAGO per a fomentar els moments en fam\u00edlia i amb amics al dia a dia, traient el m\u00e0xim partit del sal\u00f3 o del menjador.<\/p>\n<p style=\"font-size: 16px; text-align: left;\">A MIRSA interiorisme &#038; mobiliari som distribu\u00efdors oficials LAGO. Per a m\u00e9s informaci\u00f3, visiti el nostre Showroom o contacti amb nosaltres.<\/p>\n<p>[\/vc_column_text][vc_row_inner][vc_column_inner]<style type=\"text\/css\">#bklyn_btn_69d36a8115e45 .bklyn-btn { color:#ffffff !important; background-color:black !important; }<\/style><div id=\"bklyn_btn_69d36a8115e45\" class=\"bklyn-btn-holder  bklyn-btn-center bklyn-btn-tablet-center bklyn-btn-mobile-center\"><a title=\"Contacto\"   href=\"\/contacto\" target=\"_self\" class=\"bklyn-btn  bklyn-btn-icon-left bklyn-btn-normal\" ><i class=\"fa fa-envelope\"><\/i><span class=\"ut-btn-text\">M\u00e9s informaci\u00f3<\/span><\/a><\/div>[\/vc_column_inner][\/vc_row_inner][\/vc_column][\/vc_row][vc_section][vc_row][vc_column width=&#8221;1\/2&#8243;]<div  class=\"wpb_content_element   clearfix\"><style type=\"text\/css\">#ut_am_69d36a8116b8c { opacity: 1; }#ut_am_wrap_69d36a8116b8d { text-align: left; }@media (min-width: 768px) and (max-width: 1024px) { #ut_am_wrap_69d36a8116b8d { text-align: left !important; } }@media (max-width: 767px) { #ut_am_wrap_69d36a8116b8d { text-align: center !important; } }<\/style><div id=\"ut_am_wrap_69d36a8116b8d\" class=\"ut-image-gallery-image \"><div id=\"ut_reveal_69d36a8116b8e\"  data-appear-top-offset=\"auto\" class=\"ut-animated-image-item ut-image-gallery-item ut-animation-done \"><a class=\"ut-deactivated-link\" href=\"#\"><div class=\"ut-animated-image-zoom\">\r\n        <div class=\"ut-element-glitch-wrap\">\r\n\r\n            \r\n        <style type=\"text\/css\">\r\n\r\n                        \r\n        @media (min-width: 1025px) {\r\n\r\n        #ut-element-glitch-69d36a8116bb0008181278-63222 .ut-glitch-single-element {\r\n                                            \r\n                }\r\n        }\r\n\r\n        @media (min-width: 768px) and (max-width: 1024px) {\r\n\r\n        #ut-element-glitch-69d36a8116bb0008181278-63222 .ut-glitch-single-element {\r\n                                                \r\n                    }\r\n        }\r\n\r\n        @media (max-width: 767px) {\r\n\r\n        #ut-element-glitch-69d36a8116bb0008181278-63222 .ut-glitch-single-element {\r\n                                                \r\n                    }\r\n        }\r\n\r\n        \r\n        <\/style>\r\n\r\n        \r\n            <div id=\"ut-element-glitch-69d36a8116bb0008181278-63222\" class=\" ut-element-glitch ut-glitch-none ut-element-glitch-permanent\">\r\n                <div class=\"ut-glitch-single-element ut-lozad skip-lazy\" data-background-image=\"https:\/\/www.mirsa.es\/wp-content\/uploads\/2022\/03\/mesa_meet_lago_01.jpg\"><\/div>\r\n                <div class=\"ut-glitch-single-element ut-lozad skip-lazy\" data-background-image=\"https:\/\/www.mirsa.es\/wp-content\/uploads\/2022\/03\/mesa_meet_lago_01.jpg\"><\/div>\r\n                <div class=\"ut-glitch-single-element ut-lozad skip-lazy\" data-background-image=\"https:\/\/www.mirsa.es\/wp-content\/uploads\/2022\/03\/mesa_meet_lago_01.jpg\"><\/div>\r\n                <div class=\"ut-glitch-single-element ut-lozad skip-lazy\" data-background-image=\"https:\/\/www.mirsa.es\/wp-content\/uploads\/2022\/03\/mesa_meet_lago_01.jpg\"><\/div>\r\n                <div class=\"ut-glitch-single-element ut-lozad skip-lazy\" data-background-image=\"https:\/\/www.mirsa.es\/wp-content\/uploads\/2022\/03\/mesa_meet_lago_01.jpg\"><\/div>\r\n            <\/div>\r\n\r\n        <\/div>\r\n\r\n        <img loading=\"lazy\" decoding=\"async\" class=\"ut-lazy skip-lazy ut-animated-image \"  id=\"ut_am_69d36a8116b8c\" src=\"data:image\/svg+xml;charset=utf-8,%3Csvg xmlns%3D'http%3A%2F%2Fwww.w3.org%2F2000%2Fsvg' viewBox%3D'0 0 600 324'%2F%3E\" data-src=\"https:\/\/www.mirsa.es\/wp-content\/uploads\/2022\/03\/mesa_meet_lago_01.jpg\" width=\"600\" height=\"324\" alt=\"\"\/><\/div><\/a><\/div><\/div><\/div>[\/vc_column][vc_column width=&#8221;1\/2&#8243;]<div  class=\"wpb_content_element   clearfix\"><style type=\"text\/css\">#ut_am_69d36a8117276 { opacity: 1; }#ut_am_wrap_69d36a8117277 { text-align: left; }@media (min-width: 768px) and (max-width: 1024px) { #ut_am_wrap_69d36a8117277 { text-align: left !important; } }@media (max-width: 767px) { #ut_am_wrap_69d36a8117277 { text-align: center !important; } }<\/style><div id=\"ut_am_wrap_69d36a8117277\" class=\"ut-image-gallery-image \"><div id=\"ut_reveal_69d36a8117278\"  data-appear-top-offset=\"auto\" class=\"ut-animated-image-item ut-image-gallery-item ut-animation-done \"><a class=\"ut-deactivated-link\" href=\"#\"><div class=\"ut-animated-image-zoom\">\r\n        <div class=\"ut-element-glitch-wrap\">\r\n\r\n            \r\n        <style type=\"text\/css\">\r\n\r\n                        \r\n        @media (min-width: 1025px) {\r\n\r\n        #ut-element-glitch-69d36a811728e140427995-63225 .ut-glitch-single-element {\r\n                                            \r\n                }\r\n        }\r\n\r\n        @media (min-width: 768px) and (max-width: 1024px) {\r\n\r\n        #ut-element-glitch-69d36a811728e140427995-63225 .ut-glitch-single-element {\r\n                                                \r\n                    }\r\n        }\r\n\r\n        @media (max-width: 767px) {\r\n\r\n        #ut-element-glitch-69d36a811728e140427995-63225 .ut-glitch-single-element {\r\n                                                \r\n                    }\r\n        }\r\n\r\n        \r\n        <\/style>\r\n\r\n        \r\n            <div id=\"ut-element-glitch-69d36a811728e140427995-63225\" class=\" ut-element-glitch ut-glitch-none ut-element-glitch-permanent\">\r\n                <div class=\"ut-glitch-single-element ut-lozad skip-lazy\" data-background-image=\"https:\/\/www.mirsa.es\/wp-content\/uploads\/2022\/03\/mesa_meet_lago_02.jpg\"><\/div>\r\n                <div class=\"ut-glitch-single-element ut-lozad skip-lazy\" data-background-image=\"https:\/\/www.mirsa.es\/wp-content\/uploads\/2022\/03\/mesa_meet_lago_02.jpg\"><\/div>\r\n                <div class=\"ut-glitch-single-element ut-lozad skip-lazy\" data-background-image=\"https:\/\/www.mirsa.es\/wp-content\/uploads\/2022\/03\/mesa_meet_lago_02.jpg\"><\/div>\r\n                <div class=\"ut-glitch-single-element ut-lozad skip-lazy\" data-background-image=\"https:\/\/www.mirsa.es\/wp-content\/uploads\/2022\/03\/mesa_meet_lago_02.jpg\"><\/div>\r\n                <div class=\"ut-glitch-single-element ut-lozad skip-lazy\" data-background-image=\"https:\/\/www.mirsa.es\/wp-content\/uploads\/2022\/03\/mesa_meet_lago_02.jpg\"><\/div>\r\n            <\/div>\r\n\r\n        <\/div>\r\n\r\n        <img loading=\"lazy\" decoding=\"async\" class=\"ut-lazy skip-lazy ut-animated-image \"  id=\"ut_am_69d36a8117276\" src=\"data:image\/svg+xml;charset=utf-8,%3Csvg xmlns%3D'http%3A%2F%2Fwww.w3.org%2F2000%2Fsvg' viewBox%3D'0 0 600 324'%2F%3E\" data-src=\"https:\/\/www.mirsa.es\/wp-content\/uploads\/2022\/03\/mesa_meet_lago_02.jpg\" width=\"600\" height=\"324\" alt=\"\"\/><\/div><\/a><\/div><\/div><\/div>[\/vc_column][\/vc_row][\/vc_section]<\/p>\n<\/div>","protected":false},"excerpt":{"rendered":"<p>[vc_row][vc_column][vc_column_text] Meet de la reconeguda firma italiana LAGO \u00e9s una taula moderna i elegant que es caracteritza per les espectaculars formes geom\u00e8triques de la seva base. Es tracta d&#8217;una taula imponent que juga amb l&#8217;equilibri de les l\u00ednies lleugeres i subtils del taulell i la contund\u00e8ncia de la base. Dos elements arquitect\u00f2nics que convergeixen en [&hellip;]<\/p>\n","protected":false},"author":1,"featured_media":0,"parent":0,"menu_order":0,"comment_status":"closed","ping_status":"closed","template":"","meta":{"footnotes":""},"class_list":["post-63229","page","type-page","status-publish","hentry"],"aioseo_notices":[],"_links":{"self":[{"href":"https:\/\/www.mirsa.es\/ca\/wp-json\/wp\/v2\/pages\/63229","targetHints":{"allow":["GET"]}}],"collection":[{"href":"https:\/\/www.mirsa.es\/ca\/wp-json\/wp\/v2\/pages"}],"about":[{"href":"https:\/\/www.mirsa.es\/ca\/wp-json\/wp\/v2\/types\/page"}],"author":[{"embeddable":true,"href":"https:\/\/www.mirsa.es\/ca\/wp-json\/wp\/v2\/users\/1"}],"replies":[{"embeddable":true,"href":"https:\/\/www.mirsa.es\/ca\/wp-json\/wp\/v2\/comments?post=63229"}],"version-history":[{"count":0,"href":"https:\/\/www.mirsa.es\/ca\/wp-json\/wp\/v2\/pages\/63229\/revisions"}],"wp:attachment":[{"href":"https:\/\/www.mirsa.es\/ca\/wp-json\/wp\/v2\/media?parent=63229"}],"curies":[{"name":"wp","href":"https:\/\/api.w.org\/{rel}","templated":true}]}}