{"id":62980,"date":"2022-03-18T08:55:18","date_gmt":"2022-03-18T08:55:18","guid":{"rendered":"https:\/\/www.mirsa.es\/?page_id=62980"},"modified":"2022-03-18T08:55:27","modified_gmt":"2022-03-18T08:55:27","slug":"cadira-cora-pianca","status":"publish","type":"page","link":"https:\/\/www.mirsa.es\/ca\/cadira-cora-pianca\/","title":{"rendered":"Cadira Cora Pianca"},"content":{"rendered":"<div class=\"wpb-content-wrapper\"><p>[vc_row][vc_column][vc_column_text]<\/p>\n<p><img decoding=\"async\" class=\"wp-image-1077 size-large aligncenter\" title=\"Cadira Cora Pianca\" src=\"\/wp-content\/uploads\/2022\/03\/silla_cora_pianca.jpg\" alt=\"Cadira Cora Pianca\" width=\"100%\" height=\"400\"\/><\/p>\n<h2 style=\"font-size: 16px; text-align: left;\"><strong>Cora de la prestigiosa firma italiana es una elegant i exclusiva cadira d\u2019estil contemporani patentada pel reconegut dissenyador Odo Floravanti.<\/strong><\/h2>\n<p style=\"font-size: 16px; text-align: left;\">Es tracta d\u2019una cadira vers\u00e1til i polivalent, que neix producte de la combinaci\u00f3n de diversos materials com la fusta, el metall i la poliamida.<\/p>\n<p style=\"font-size: 16px; text-align: left;\">L\u2019estructura de fusta dona solidesa al seient, mentre que el respatller fabricat amb poliamida aporta elasticitat i confort, adapt\u00e1nt-se amb facilitat a l\u2019esquena i repartint el pes entre tota la seva superficie.<\/p>\n<p style=\"font-size: 16px; text-align: left;\">Per a la fabricaci\u00f3n de la cadira Cora s\u2019utilitzen les t\u00e8cniques de disseny m\u00e9s avan\u00e7ades, respectant sempre l\u2019est\u00e8tica formal minimalista que sempre ha caracteritzat a PIANCA i creant una estructura ergon\u00f3mica que garanteix la m\u00e1xima comoditat.<\/p>\n<p style=\"font-size: 16px; text-align: left;\">El Resultat es una cadira firme i lleugera, que s\u2019adapta a la perfecci\u00f3 a qualsevol mena d\u2019espai gr\u00e0cies a les seves redu\u00efdes dimensions i a les m\u00faltiples opcions de configuraci\u00f3n i personalitzaci\u00f3 que ofereix.<\/p>\n<p style=\"font-size: 16px; text-align: left;\">A MIRSA interiorisme &#038; mobiliari som distribu\u00efdors oficials PIANCA. Per a m\u00e9s informaci\u00f3, visiti el nostre Showroom o contacti amb nosaltres<\/p>\n<p>[\/vc_column_text][vc_row_inner][vc_column_inner]<style type=\"text\/css\">#bklyn_btn_69d29a08a562c .bklyn-btn { color:#ffffff !important; background-color:black !important; }<\/style><div id=\"bklyn_btn_69d29a08a562c\" class=\"bklyn-btn-holder  bklyn-btn-center bklyn-btn-tablet-center bklyn-btn-mobile-center\"><a title=\"Contacto\"   href=\"\/contacto\" target=\"_self\" class=\"bklyn-btn  bklyn-btn-icon-left bklyn-btn-normal\" ><i class=\"fa fa-envelope\"><\/i><span class=\"ut-btn-text\">M\u00e9s informaci\u00f3<\/span><\/a><\/div>[\/vc_column_inner][\/vc_row_inner][vc_row_inner][vc_column_inner width=&#8221;1\/2&#8243;]<div  class=\"wpb_content_element   clearfix\"><style type=\"text\/css\">#ut_am_69d29a08a65cb { opacity: 1; }#ut_am_wrap_69d29a08a65cc { text-align: left; }@media (min-width: 768px) and (max-width: 1024px) { #ut_am_wrap_69d29a08a65cc { text-align: left !important; } }@media (max-width: 767px) { #ut_am_wrap_69d29a08a65cc { text-align: center !important; } }<\/style><div id=\"ut_am_wrap_69d29a08a65cc\" class=\"ut-image-gallery-image \"><div id=\"ut_reveal_69d29a08a65cd\"  data-appear-top-offset=\"auto\" class=\"ut-animated-image-item ut-image-gallery-item ut-animation-done \"><a class=\"ut-deactivated-link\" href=\"#\"><div class=\"ut-animated-image-zoom\">\r\n        <div class=\"ut-element-glitch-wrap\">\r\n\r\n            \r\n        <style type=\"text\/css\">\r\n\r\n                        \r\n        @media (min-width: 1025px) {\r\n\r\n        #ut-element-glitch-69d29a08a65ed232529235-62972 .ut-glitch-single-element {\r\n                                            \r\n                }\r\n        }\r\n\r\n        @media (min-width: 768px) and (max-width: 1024px) {\r\n\r\n        #ut-element-glitch-69d29a08a65ed232529235-62972 .ut-glitch-single-element {\r\n                                                \r\n                    }\r\n        }\r\n\r\n        @media (max-width: 767px) {\r\n\r\n        #ut-element-glitch-69d29a08a65ed232529235-62972 .ut-glitch-single-element {\r\n                                                \r\n                    }\r\n        }\r\n\r\n        \r\n        <\/style>\r\n\r\n        \r\n            <div id=\"ut-element-glitch-69d29a08a65ed232529235-62972\" class=\" ut-element-glitch ut-glitch-none ut-element-glitch-permanent\">\r\n                <div class=\"ut-glitch-single-element ut-lozad skip-lazy\" data-background-image=\"https:\/\/www.mirsa.es\/wp-content\/uploads\/2022\/03\/silla_cora_pianca_01.jpg\"><\/div>\r\n                <div class=\"ut-glitch-single-element ut-lozad skip-lazy\" data-background-image=\"https:\/\/www.mirsa.es\/wp-content\/uploads\/2022\/03\/silla_cora_pianca_01.jpg\"><\/div>\r\n                <div class=\"ut-glitch-single-element ut-lozad skip-lazy\" data-background-image=\"https:\/\/www.mirsa.es\/wp-content\/uploads\/2022\/03\/silla_cora_pianca_01.jpg\"><\/div>\r\n                <div class=\"ut-glitch-single-element ut-lozad skip-lazy\" data-background-image=\"https:\/\/www.mirsa.es\/wp-content\/uploads\/2022\/03\/silla_cora_pianca_01.jpg\"><\/div>\r\n                <div class=\"ut-glitch-single-element ut-lozad skip-lazy\" data-background-image=\"https:\/\/www.mirsa.es\/wp-content\/uploads\/2022\/03\/silla_cora_pianca_01.jpg\"><\/div>\r\n            <\/div>\r\n\r\n        <\/div>\r\n\r\n        <img loading=\"lazy\" decoding=\"async\" class=\"ut-lazy skip-lazy ut-animated-image \"  id=\"ut_am_69d29a08a65cb\" src=\"data:image\/svg+xml;charset=utf-8,%3Csvg xmlns%3D'http%3A%2F%2Fwww.w3.org%2F2000%2Fsvg' viewBox%3D'0 0 600 324'%2F%3E\" data-src=\"https:\/\/www.mirsa.es\/wp-content\/uploads\/2022\/03\/silla_cora_pianca_01.jpg\" width=\"600\" height=\"324\" alt=\"\"\/><\/div><\/a><\/div><\/div><\/div>[\/vc_column_inner][vc_column_inner width=&#8221;1\/2&#8243;]<div  class=\"wpb_content_element   clearfix\"><style type=\"text\/css\">#ut_am_69d29a08a723c { opacity: 1; }#ut_am_wrap_69d29a08a723d { text-align: left; }@media (min-width: 768px) and (max-width: 1024px) { #ut_am_wrap_69d29a08a723d { text-align: left !important; } }@media (max-width: 767px) { #ut_am_wrap_69d29a08a723d { text-align: center !important; } }<\/style><div id=\"ut_am_wrap_69d29a08a723d\" class=\"ut-image-gallery-image \"><div id=\"ut_reveal_69d29a08a723e\"  data-appear-top-offset=\"auto\" class=\"ut-animated-image-item ut-image-gallery-item ut-animation-done \"><a class=\"ut-deactivated-link\" href=\"#\"><div class=\"ut-animated-image-zoom\">\r\n        <div class=\"ut-element-glitch-wrap\">\r\n\r\n            \r\n        <style type=\"text\/css\">\r\n\r\n                        \r\n        @media (min-width: 1025px) {\r\n\r\n        #ut-element-glitch-69d29a08a7253392772436-62975 .ut-glitch-single-element {\r\n                                            \r\n                }\r\n        }\r\n\r\n        @media (min-width: 768px) and (max-width: 1024px) {\r\n\r\n        #ut-element-glitch-69d29a08a7253392772436-62975 .ut-glitch-single-element {\r\n                                                \r\n                    }\r\n        }\r\n\r\n        @media (max-width: 767px) {\r\n\r\n        #ut-element-glitch-69d29a08a7253392772436-62975 .ut-glitch-single-element {\r\n                                                \r\n                    }\r\n        }\r\n\r\n        \r\n        <\/style>\r\n\r\n        \r\n            <div id=\"ut-element-glitch-69d29a08a7253392772436-62975\" class=\" ut-element-glitch ut-glitch-none ut-element-glitch-permanent\">\r\n                <div class=\"ut-glitch-single-element ut-lozad skip-lazy\" data-background-image=\"https:\/\/www.mirsa.es\/wp-content\/uploads\/2022\/03\/silla_cora_pianca_02.jpg\"><\/div>\r\n                <div class=\"ut-glitch-single-element ut-lozad skip-lazy\" data-background-image=\"https:\/\/www.mirsa.es\/wp-content\/uploads\/2022\/03\/silla_cora_pianca_02.jpg\"><\/div>\r\n                <div class=\"ut-glitch-single-element ut-lozad skip-lazy\" data-background-image=\"https:\/\/www.mirsa.es\/wp-content\/uploads\/2022\/03\/silla_cora_pianca_02.jpg\"><\/div>\r\n                <div class=\"ut-glitch-single-element ut-lozad skip-lazy\" data-background-image=\"https:\/\/www.mirsa.es\/wp-content\/uploads\/2022\/03\/silla_cora_pianca_02.jpg\"><\/div>\r\n                <div class=\"ut-glitch-single-element ut-lozad skip-lazy\" data-background-image=\"https:\/\/www.mirsa.es\/wp-content\/uploads\/2022\/03\/silla_cora_pianca_02.jpg\"><\/div>\r\n            <\/div>\r\n\r\n        <\/div>\r\n\r\n        <img loading=\"lazy\" decoding=\"async\" class=\"ut-lazy skip-lazy ut-animated-image \"  id=\"ut_am_69d29a08a723c\" src=\"data:image\/svg+xml;charset=utf-8,%3Csvg xmlns%3D'http%3A%2F%2Fwww.w3.org%2F2000%2Fsvg' viewBox%3D'0 0 600 324'%2F%3E\" data-src=\"https:\/\/www.mirsa.es\/wp-content\/uploads\/2022\/03\/silla_cora_pianca_02.jpg\" width=\"600\" height=\"324\" alt=\"\"\/><\/div><\/a><\/div><\/div><\/div>[\/vc_column_inner][\/vc_row_inner][\/vc_column][\/vc_row]<\/p>\n<\/div>","protected":false},"excerpt":{"rendered":"<p>[vc_row][vc_column][vc_column_text] Cora de la prestigiosa firma italiana es una elegant i exclusiva cadira d\u2019estil contemporani patentada pel reconegut dissenyador Odo Floravanti. Es tracta d\u2019una cadira vers\u00e1til i polivalent, que neix producte de la combinaci\u00f3n de diversos materials com la fusta, el metall i la poliamida. L\u2019estructura de fusta dona solidesa al seient, mentre que el [&hellip;]<\/p>\n","protected":false},"author":1,"featured_media":0,"parent":0,"menu_order":0,"comment_status":"closed","ping_status":"closed","template":"","meta":{"footnotes":""},"class_list":["post-62980","page","type-page","status-publish","hentry"],"aioseo_notices":[],"_links":{"self":[{"href":"https:\/\/www.mirsa.es\/ca\/wp-json\/wp\/v2\/pages\/62980","targetHints":{"allow":["GET"]}}],"collection":[{"href":"https:\/\/www.mirsa.es\/ca\/wp-json\/wp\/v2\/pages"}],"about":[{"href":"https:\/\/www.mirsa.es\/ca\/wp-json\/wp\/v2\/types\/page"}],"author":[{"embeddable":true,"href":"https:\/\/www.mirsa.es\/ca\/wp-json\/wp\/v2\/users\/1"}],"replies":[{"embeddable":true,"href":"https:\/\/www.mirsa.es\/ca\/wp-json\/wp\/v2\/comments?post=62980"}],"version-history":[{"count":0,"href":"https:\/\/www.mirsa.es\/ca\/wp-json\/wp\/v2\/pages\/62980\/revisions"}],"wp:attachment":[{"href":"https:\/\/www.mirsa.es\/ca\/wp-json\/wp\/v2\/media?parent=62980"}],"curies":[{"name":"wp","href":"https:\/\/api.w.org\/{rel}","templated":true}]}}