{"id":62930,"date":"2022-03-16T11:20:40","date_gmt":"2022-03-16T11:20:40","guid":{"rendered":"https:\/\/www.mirsa.es\/aparador-brema-pianca\/"},"modified":"2022-03-16T11:32:13","modified_gmt":"2022-03-16T11:32:13","slug":"aparador-brema-pianca","status":"publish","type":"page","link":"https:\/\/www.mirsa.es\/ca\/aparador-brema-pianca\/","title":{"rendered":"Aparador Brema Pianca"},"content":{"rendered":"<div class=\"wpb-content-wrapper\"><p>[vc_row][vc_column][vc_column_text]<\/p>\n<p><img decoding=\"async\" class=\"wp-image-1077 size-large aligncenter\" title=\"Aparador Brema Pianca\" src=\"\/wp-content\/uploads\/2022\/03\/aparador_brema_pianca.jpg\" alt=\"Aparador Brema Pianca\" width=\"100%\" height=\"400\"\/><\/p>\n<h2 style=\"font-size: 16px; text-align: left;\"><strong>Brema de la reconeguda firma italiana PIANCA \u00e9s un exclusiu i funcional aparador d\u2019estil contemporani que es caracteriza per les seves m\u00faltiples opcions de configuraci\u00f3n i personalitzaci\u00f3.<\/strong><\/h2>\n<p style=\"font-size: 16px; text-align: left;\">Gr\u00e0cies a la seva estructura modular i als seus acabats d\u2019alta qualitat, la col\u00b7lecci\u00f3 mant\u00e9 un equilibri perfecte entre funcionalitat i disseny, adapt\u00e0nt-se a qualsevol mena d\u2019espai sense renunciar a la bellesa est\u00e8tica que sempre ha caracteritzat als productes PIANCA.<\/p>\n<p style=\"font-size: 16px; text-align: left;\">L\u2019exclusivitat i l\u2019atenci\u00f3 als detalls s\u00f3n dues de les caracter\u00edstiques m\u00e9s importants de Brema, com ho demostra els elegants tiradors en cuir o l\u2019innovador sistema d\u2019obertura push-pull.<\/p>\n<p style=\"font-size: 16px; text-align: left;\">La llibertat compositiva que ofereix la col\u00b7lecci\u00f3, juntament amb la funcionalitat de la seva estructura, converteixen a Brema en un aparador \u00fanic.<\/p>\n<p style=\"font-size: 16px; text-align: left;\">A MIRSA interiorisme &#038; mobiliari som distribu\u00efdors oficials PIANCA. Per a m\u00e9s informaci\u00f3, visiti el nostre Showroom o contacti amb nosaltres.  <\/p>\n<p>[\/vc_column_text][vc_row_inner][vc_column_inner]<style type=\"text\/css\">#bklyn_btn_69f48c6d3f924 .bklyn-btn { color:#ffffff !important; background-color:black !important; }<\/style><div id=\"bklyn_btn_69f48c6d3f924\" class=\"bklyn-btn-holder  bklyn-btn-center bklyn-btn-tablet-center bklyn-btn-mobile-center\"><a title=\"Contacto\"   href=\"\/contacto\" target=\"_self\" class=\"bklyn-btn  bklyn-btn-icon-left bklyn-btn-normal\" ><i class=\"fa fa-envelope\"><\/i><span class=\"ut-btn-text\">M\u00e9s informaci\u00f3<\/span><\/a><\/div>[\/vc_column_inner][\/vc_row_inner][vc_row_inner][vc_column_inner width=&#8221;1\/2&#8243;]<div  class=\"wpb_content_element   clearfix\"><style type=\"text\/css\">#ut_am_69f48c6d3fd6e { opacity: 1; }#ut_am_wrap_69f48c6d3fd6f { text-align: left; }@media (min-width: 768px) and (max-width: 1024px) { #ut_am_wrap_69f48c6d3fd6f { text-align: left !important; } }@media (max-width: 767px) { #ut_am_wrap_69f48c6d3fd6f { text-align: center !important; } }<\/style><div id=\"ut_am_wrap_69f48c6d3fd6f\" class=\"ut-image-gallery-image \"><div id=\"ut_reveal_69f48c6d3fd70\"  data-appear-top-offset=\"auto\" class=\"ut-animated-image-item ut-image-gallery-item ut-animation-done \"><a class=\"ut-deactivated-link\" href=\"#\"><div class=\"ut-animated-image-zoom\">\r\n        <div class=\"ut-element-glitch-wrap\">\r\n\r\n            \r\n        <style type=\"text\/css\">\r\n\r\n                        \r\n        @media (min-width: 1025px) {\r\n\r\n        #ut-element-glitch-69f48c6d3fd8f924056239-62921 .ut-glitch-single-element {\r\n                                            \r\n                }\r\n        }\r\n\r\n        @media (min-width: 768px) and (max-width: 1024px) {\r\n\r\n        #ut-element-glitch-69f48c6d3fd8f924056239-62921 .ut-glitch-single-element {\r\n                                                \r\n                    }\r\n        }\r\n\r\n        @media (max-width: 767px) {\r\n\r\n        #ut-element-glitch-69f48c6d3fd8f924056239-62921 .ut-glitch-single-element {\r\n                                                \r\n                    }\r\n        }\r\n\r\n        \r\n        <\/style>\r\n\r\n        \r\n            <div id=\"ut-element-glitch-69f48c6d3fd8f924056239-62921\" class=\" ut-element-glitch ut-glitch-none ut-element-glitch-permanent\">\r\n                <div class=\"ut-glitch-single-element ut-lozad skip-lazy\" data-background-image=\"https:\/\/www.mirsa.es\/wp-content\/uploads\/2022\/03\/aparador_brema_pianca_01.jpg\"><\/div>\r\n                <div class=\"ut-glitch-single-element ut-lozad skip-lazy\" data-background-image=\"https:\/\/www.mirsa.es\/wp-content\/uploads\/2022\/03\/aparador_brema_pianca_01.jpg\"><\/div>\r\n                <div class=\"ut-glitch-single-element ut-lozad skip-lazy\" data-background-image=\"https:\/\/www.mirsa.es\/wp-content\/uploads\/2022\/03\/aparador_brema_pianca_01.jpg\"><\/div>\r\n                <div class=\"ut-glitch-single-element ut-lozad skip-lazy\" data-background-image=\"https:\/\/www.mirsa.es\/wp-content\/uploads\/2022\/03\/aparador_brema_pianca_01.jpg\"><\/div>\r\n                <div class=\"ut-glitch-single-element ut-lozad skip-lazy\" data-background-image=\"https:\/\/www.mirsa.es\/wp-content\/uploads\/2022\/03\/aparador_brema_pianca_01.jpg\"><\/div>\r\n            <\/div>\r\n\r\n        <\/div>\r\n\r\n        <img loading=\"lazy\" decoding=\"async\" class=\"ut-lazy skip-lazy ut-animated-image \"  id=\"ut_am_69f48c6d3fd6e\" src=\"data:image\/svg+xml;charset=utf-8,%3Csvg xmlns%3D'http%3A%2F%2Fwww.w3.org%2F2000%2Fsvg' viewBox%3D'0 0 600 324'%2F%3E\" data-src=\"https:\/\/www.mirsa.es\/wp-content\/uploads\/2022\/03\/aparador_brema_pianca_01.jpg\" width=\"600\" height=\"324\" alt=\"\"\/><\/div><\/a><\/div><\/div><\/div>[\/vc_column_inner][vc_column_inner width=&#8221;1\/2&#8243;]<div  class=\"wpb_content_element   clearfix\"><style type=\"text\/css\">#ut_am_69f48c6d400ea { opacity: 1; }#ut_am_wrap_69f48c6d400eb { text-align: left; }@media (min-width: 768px) and (max-width: 1024px) { #ut_am_wrap_69f48c6d400eb { text-align: left !important; } }@media (max-width: 767px) { #ut_am_wrap_69f48c6d400eb { text-align: center !important; } }<\/style><div id=\"ut_am_wrap_69f48c6d400eb\" class=\"ut-image-gallery-image \"><div id=\"ut_reveal_69f48c6d400ec\"  data-appear-top-offset=\"auto\" class=\"ut-animated-image-item ut-image-gallery-item ut-animation-done \"><a class=\"ut-deactivated-link\" href=\"#\"><div class=\"ut-animated-image-zoom\">\r\n        <div class=\"ut-element-glitch-wrap\">\r\n\r\n            \r\n        <style type=\"text\/css\">\r\n\r\n                        \r\n        @media (min-width: 1025px) {\r\n\r\n        #ut-element-glitch-69f48c6d40100618004814-62924 .ut-glitch-single-element {\r\n                                            \r\n                }\r\n        }\r\n\r\n        @media (min-width: 768px) and (max-width: 1024px) {\r\n\r\n        #ut-element-glitch-69f48c6d40100618004814-62924 .ut-glitch-single-element {\r\n                                                \r\n                    }\r\n        }\r\n\r\n        @media (max-width: 767px) {\r\n\r\n        #ut-element-glitch-69f48c6d40100618004814-62924 .ut-glitch-single-element {\r\n                                                \r\n                    }\r\n        }\r\n\r\n        \r\n        <\/style>\r\n\r\n        \r\n            <div id=\"ut-element-glitch-69f48c6d40100618004814-62924\" class=\" ut-element-glitch ut-glitch-none ut-element-glitch-permanent\">\r\n                <div class=\"ut-glitch-single-element ut-lozad skip-lazy\" data-background-image=\"https:\/\/www.mirsa.es\/wp-content\/uploads\/2022\/03\/aparador_brema_pianca_02.jpg\"><\/div>\r\n                <div class=\"ut-glitch-single-element ut-lozad skip-lazy\" data-background-image=\"https:\/\/www.mirsa.es\/wp-content\/uploads\/2022\/03\/aparador_brema_pianca_02.jpg\"><\/div>\r\n                <div class=\"ut-glitch-single-element ut-lozad skip-lazy\" data-background-image=\"https:\/\/www.mirsa.es\/wp-content\/uploads\/2022\/03\/aparador_brema_pianca_02.jpg\"><\/div>\r\n                <div class=\"ut-glitch-single-element ut-lozad skip-lazy\" data-background-image=\"https:\/\/www.mirsa.es\/wp-content\/uploads\/2022\/03\/aparador_brema_pianca_02.jpg\"><\/div>\r\n                <div class=\"ut-glitch-single-element ut-lozad skip-lazy\" data-background-image=\"https:\/\/www.mirsa.es\/wp-content\/uploads\/2022\/03\/aparador_brema_pianca_02.jpg\"><\/div>\r\n            <\/div>\r\n\r\n        <\/div>\r\n\r\n        <img loading=\"lazy\" decoding=\"async\" class=\"ut-lazy skip-lazy ut-animated-image \"  id=\"ut_am_69f48c6d400ea\" src=\"data:image\/svg+xml;charset=utf-8,%3Csvg xmlns%3D'http%3A%2F%2Fwww.w3.org%2F2000%2Fsvg' viewBox%3D'0 0 600 324'%2F%3E\" data-src=\"https:\/\/www.mirsa.es\/wp-content\/uploads\/2022\/03\/aparador_brema_pianca_02.jpg\" width=\"600\" height=\"324\" alt=\"\"\/><\/div><\/a><\/div><\/div><\/div>[\/vc_column_inner][\/vc_row_inner][\/vc_column][\/vc_row]<\/p>\n<\/div>","protected":false},"excerpt":{"rendered":"<p>[vc_row][vc_column][vc_column_text] Brema de la reconeguda firma italiana PIANCA \u00e9s un exclusiu i funcional aparador d\u2019estil contemporani que es caracteriza per les seves m\u00faltiples opcions de configuraci\u00f3n i personalitzaci\u00f3. Gr\u00e0cies a la seva estructura modular i als seus acabats d\u2019alta qualitat, la col\u00b7lecci\u00f3 mant\u00e9 un equilibri perfecte entre funcionalitat i disseny, adapt\u00e0nt-se a qualsevol mena d\u2019espai [&hellip;]<\/p>\n","protected":false},"author":1,"featured_media":0,"parent":0,"menu_order":0,"comment_status":"closed","ping_status":"closed","template":"","meta":{"footnotes":""},"class_list":["post-62930","page","type-page","status-publish","hentry"],"aioseo_notices":[],"_links":{"self":[{"href":"https:\/\/www.mirsa.es\/ca\/wp-json\/wp\/v2\/pages\/62930","targetHints":{"allow":["GET"]}}],"collection":[{"href":"https:\/\/www.mirsa.es\/ca\/wp-json\/wp\/v2\/pages"}],"about":[{"href":"https:\/\/www.mirsa.es\/ca\/wp-json\/wp\/v2\/types\/page"}],"author":[{"embeddable":true,"href":"https:\/\/www.mirsa.es\/ca\/wp-json\/wp\/v2\/users\/1"}],"replies":[{"embeddable":true,"href":"https:\/\/www.mirsa.es\/ca\/wp-json\/wp\/v2\/comments?post=62930"}],"version-history":[{"count":0,"href":"https:\/\/www.mirsa.es\/ca\/wp-json\/wp\/v2\/pages\/62930\/revisions"}],"wp:attachment":[{"href":"https:\/\/www.mirsa.es\/ca\/wp-json\/wp\/v2\/media?parent=62930"}],"curies":[{"name":"wp","href":"https:\/\/api.w.org\/{rel}","templated":true}]}}