{"id":62914,"date":"2022-03-15T16:25:54","date_gmt":"2022-03-15T16:25:54","guid":{"rendered":"https:\/\/www.mirsa.es\/aparador-people-pianca\/"},"modified":"2022-03-15T17:59:50","modified_gmt":"2022-03-15T17:59:50","slug":"aparador-people-pianca","status":"publish","type":"page","link":"https:\/\/www.mirsa.es\/ca\/aparador-people-pianca\/","title":{"rendered":"Aparador People Pianca"},"content":{"rendered":"<div class=\"wpb-content-wrapper\"><p>[vc_row][vc_column][vc_column_text]<\/p>\n<p><img decoding=\"async\" class=\"wp-image-1077 size-large aligncenter\" title=\"Aparador People Pianca\" src=\"\/wp-content\/uploads\/2022\/03\/aparador_people_pianca.jpg\" alt=\"Aparador People Pianca\" width=\"100%\" height=\"400\"\/><\/p>\n<h2 style=\"font-size: 16px; text-align: left;\"><strong>People de la reconeguda firma italiana PIANCA disposa tamb\u00e9 d&#8217;una exclusiva i elegant col\u00b7lecci\u00f3 d&#8217;aparadors.<\/strong><\/h2>\n<p style=\"font-size: 16px; text-align: left;\">L&#8217;aparador People es caracteritza per la seva funcional estructura en folding, que facilita la continu\u00eftat entre la superf\u00edcie i el sistema de subjecci\u00f3, aportant lleugeresa a les seves l\u00ednies.<\/p>\n<p style=\"font-size: 16px; text-align: left;\">Si per alguna cosa destaquen tots els productes de la col\u00b7lecci\u00f3 People, \u00e9s per la seva gran versatilitat i funcionalitat. Com la resta de productes, l&#8217;aparador est\u00e0 disponible en una \u00e0mplia gamma de mides i acabats.<\/p>\n<p style=\"font-size: 16px; text-align: left;\">Es tracta d&#8217;una col\u00b7lecci\u00f3 que ofereix m\u00faltiples opcions de personalitzaci\u00f3 i configuraci\u00f3, adaptant-se amb facilitat a qualsevol espai de la zona de dia.<\/p>\n<p style=\"font-size: 16px; text-align: left;\">La gran qualitat dels materials de la seva estructura i la utilitzaci\u00f3 de les t\u00e8cniques m\u00e9s avan\u00e7ades per a la seva fabricaci\u00f3, aix\u00ed com el seu disseny minimalista converteixen a People en una col\u00b7lecci\u00f3 atemporal que mant\u00e9 tot el seu atractiu amb el pas dels anys.<\/p>\n<p style=\"font-size: 16px; text-align: left;\">A MIRSA interiorisme &#038; mobiliari som distribu\u00efdors oficials PIANCA. Per a m\u00e9s informaci\u00f3, visiti el nostre Showroom o contacti amb nosaltres.<\/p>\n<p>[\/vc_column_text][vc_row_inner][vc_column_inner]<style type=\"text\/css\">#bklyn_btn_69e0296981aa4 .bklyn-btn { color:#ffffff !important; background-color:black !important; }<\/style><div id=\"bklyn_btn_69e0296981aa4\" class=\"bklyn-btn-holder  bklyn-btn-center bklyn-btn-tablet-center bklyn-btn-mobile-center\"><a title=\"Contacto\"   href=\"\/contacto\" target=\"_self\" class=\"bklyn-btn  bklyn-btn-icon-left bklyn-btn-normal\" ><i class=\"fa fa-envelope\"><\/i><span class=\"ut-btn-text\">M\u00e9s informaci\u00f3<\/span><\/a><\/div>[\/vc_column_inner][\/vc_row_inner][vc_row_inner][vc_column_inner width=&#8221;1\/2&#8243;]<div  class=\"wpb_content_element   clearfix\"><style type=\"text\/css\">#ut_am_69e0296981e71 { opacity: 1; }#ut_am_wrap_69e0296981e72 { text-align: left; }@media (min-width: 768px) and (max-width: 1024px) { #ut_am_wrap_69e0296981e72 { text-align: left !important; } }@media (max-width: 767px) { #ut_am_wrap_69e0296981e72 { text-align: center !important; } }<\/style><div id=\"ut_am_wrap_69e0296981e72\" class=\"ut-image-gallery-image \"><div id=\"ut_reveal_69e0296981e73\"  data-appear-top-offset=\"auto\" class=\"ut-animated-image-item ut-image-gallery-item ut-animation-done \"><a class=\"ut-deactivated-link\" href=\"#\"><div class=\"ut-animated-image-zoom\">\r\n        <div class=\"ut-element-glitch-wrap\">\r\n\r\n            \r\n        <style type=\"text\/css\">\r\n\r\n                        \r\n        @media (min-width: 1025px) {\r\n\r\n        #ut-element-glitch-69e0296981e93540462127-62907 .ut-glitch-single-element {\r\n                                            \r\n                }\r\n        }\r\n\r\n        @media (min-width: 768px) and (max-width: 1024px) {\r\n\r\n        #ut-element-glitch-69e0296981e93540462127-62907 .ut-glitch-single-element {\r\n                                                \r\n                    }\r\n        }\r\n\r\n        @media (max-width: 767px) {\r\n\r\n        #ut-element-glitch-69e0296981e93540462127-62907 .ut-glitch-single-element {\r\n                                                \r\n                    }\r\n        }\r\n\r\n        \r\n        <\/style>\r\n\r\n        \r\n            <div id=\"ut-element-glitch-69e0296981e93540462127-62907\" class=\" ut-element-glitch ut-glitch-none ut-element-glitch-permanent\">\r\n                <div class=\"ut-glitch-single-element ut-lozad skip-lazy\" data-background-image=\"https:\/\/www.mirsa.es\/wp-content\/uploads\/2022\/03\/aparador_people_pianca_01.jpg\"><\/div>\r\n                <div class=\"ut-glitch-single-element ut-lozad skip-lazy\" data-background-image=\"https:\/\/www.mirsa.es\/wp-content\/uploads\/2022\/03\/aparador_people_pianca_01.jpg\"><\/div>\r\n                <div class=\"ut-glitch-single-element ut-lozad skip-lazy\" data-background-image=\"https:\/\/www.mirsa.es\/wp-content\/uploads\/2022\/03\/aparador_people_pianca_01.jpg\"><\/div>\r\n                <div class=\"ut-glitch-single-element ut-lozad skip-lazy\" data-background-image=\"https:\/\/www.mirsa.es\/wp-content\/uploads\/2022\/03\/aparador_people_pianca_01.jpg\"><\/div>\r\n                <div class=\"ut-glitch-single-element ut-lozad skip-lazy\" data-background-image=\"https:\/\/www.mirsa.es\/wp-content\/uploads\/2022\/03\/aparador_people_pianca_01.jpg\"><\/div>\r\n            <\/div>\r\n\r\n        <\/div>\r\n\r\n        <img loading=\"lazy\" decoding=\"async\" class=\"ut-lazy skip-lazy ut-animated-image \"  id=\"ut_am_69e0296981e71\" src=\"data:image\/svg+xml;charset=utf-8,%3Csvg xmlns%3D'http%3A%2F%2Fwww.w3.org%2F2000%2Fsvg' viewBox%3D'0 0 600 324'%2F%3E\" data-src=\"https:\/\/www.mirsa.es\/wp-content\/uploads\/2022\/03\/aparador_people_pianca_01.jpg\" width=\"600\" height=\"324\" alt=\"\"\/><\/div><\/a><\/div><\/div><\/div>[\/vc_column_inner][vc_column_inner width=&#8221;1\/2&#8243;]<div  class=\"wpb_content_element   clearfix\"><style type=\"text\/css\">#ut_am_69e02969821f8 { opacity: 1; }#ut_am_wrap_69e02969821f9 { text-align: left; }@media (min-width: 768px) and (max-width: 1024px) { #ut_am_wrap_69e02969821f9 { text-align: left !important; } }@media (max-width: 767px) { #ut_am_wrap_69e02969821f9 { text-align: center !important; } }<\/style><div id=\"ut_am_wrap_69e02969821f9\" class=\"ut-image-gallery-image \"><div id=\"ut_reveal_69e02969821fa\"  data-appear-top-offset=\"auto\" class=\"ut-animated-image-item ut-image-gallery-item ut-animation-done \"><a class=\"ut-deactivated-link\" href=\"#\"><div class=\"ut-animated-image-zoom\">\r\n        <div class=\"ut-element-glitch-wrap\">\r\n\r\n            \r\n        <style type=\"text\/css\">\r\n\r\n                        \r\n        @media (min-width: 1025px) {\r\n\r\n        #ut-element-glitch-69e029698220f673866832-62910 .ut-glitch-single-element {\r\n                                            \r\n                }\r\n        }\r\n\r\n        @media (min-width: 768px) and (max-width: 1024px) {\r\n\r\n        #ut-element-glitch-69e029698220f673866832-62910 .ut-glitch-single-element {\r\n                                                \r\n                    }\r\n        }\r\n\r\n        @media (max-width: 767px) {\r\n\r\n        #ut-element-glitch-69e029698220f673866832-62910 .ut-glitch-single-element {\r\n                                                \r\n                    }\r\n        }\r\n\r\n        \r\n        <\/style>\r\n\r\n        \r\n            <div id=\"ut-element-glitch-69e029698220f673866832-62910\" class=\" ut-element-glitch ut-glitch-none ut-element-glitch-permanent\">\r\n                <div class=\"ut-glitch-single-element ut-lozad skip-lazy\" data-background-image=\"https:\/\/www.mirsa.es\/wp-content\/uploads\/2022\/03\/aparador_people_pianca_02.jpg\"><\/div>\r\n                <div class=\"ut-glitch-single-element ut-lozad skip-lazy\" data-background-image=\"https:\/\/www.mirsa.es\/wp-content\/uploads\/2022\/03\/aparador_people_pianca_02.jpg\"><\/div>\r\n                <div class=\"ut-glitch-single-element ut-lozad skip-lazy\" data-background-image=\"https:\/\/www.mirsa.es\/wp-content\/uploads\/2022\/03\/aparador_people_pianca_02.jpg\"><\/div>\r\n                <div class=\"ut-glitch-single-element ut-lozad skip-lazy\" data-background-image=\"https:\/\/www.mirsa.es\/wp-content\/uploads\/2022\/03\/aparador_people_pianca_02.jpg\"><\/div>\r\n                <div class=\"ut-glitch-single-element ut-lozad skip-lazy\" data-background-image=\"https:\/\/www.mirsa.es\/wp-content\/uploads\/2022\/03\/aparador_people_pianca_02.jpg\"><\/div>\r\n            <\/div>\r\n\r\n        <\/div>\r\n\r\n        <img loading=\"lazy\" decoding=\"async\" class=\"ut-lazy skip-lazy ut-animated-image \"  id=\"ut_am_69e02969821f8\" src=\"data:image\/svg+xml;charset=utf-8,%3Csvg xmlns%3D'http%3A%2F%2Fwww.w3.org%2F2000%2Fsvg' viewBox%3D'0 0 600 324'%2F%3E\" data-src=\"https:\/\/www.mirsa.es\/wp-content\/uploads\/2022\/03\/aparador_people_pianca_02.jpg\" width=\"600\" height=\"324\" alt=\"\"\/><\/div><\/a><\/div><\/div><\/div>[\/vc_column_inner][\/vc_row_inner][\/vc_column][\/vc_row]<\/p>\n<\/div>","protected":false},"excerpt":{"rendered":"<p>[vc_row][vc_column][vc_column_text] People de la reconeguda firma italiana PIANCA disposa tamb\u00e9 d&#8217;una exclusiva i elegant col\u00b7lecci\u00f3 d&#8217;aparadors. L&#8217;aparador People es caracteritza per la seva funcional estructura en folding, que facilita la continu\u00eftat entre la superf\u00edcie i el sistema de subjecci\u00f3, aportant lleugeresa a les seves l\u00ednies. Si per alguna cosa destaquen tots els productes de la [&hellip;]<\/p>\n","protected":false},"author":1,"featured_media":0,"parent":0,"menu_order":0,"comment_status":"closed","ping_status":"closed","template":"","meta":{"footnotes":""},"class_list":["post-62914","page","type-page","status-publish","hentry"],"aioseo_notices":[],"_links":{"self":[{"href":"https:\/\/www.mirsa.es\/ca\/wp-json\/wp\/v2\/pages\/62914","targetHints":{"allow":["GET"]}}],"collection":[{"href":"https:\/\/www.mirsa.es\/ca\/wp-json\/wp\/v2\/pages"}],"about":[{"href":"https:\/\/www.mirsa.es\/ca\/wp-json\/wp\/v2\/types\/page"}],"author":[{"embeddable":true,"href":"https:\/\/www.mirsa.es\/ca\/wp-json\/wp\/v2\/users\/1"}],"replies":[{"embeddable":true,"href":"https:\/\/www.mirsa.es\/ca\/wp-json\/wp\/v2\/comments?post=62914"}],"version-history":[{"count":0,"href":"https:\/\/www.mirsa.es\/ca\/wp-json\/wp\/v2\/pages\/62914\/revisions"}],"wp:attachment":[{"href":"https:\/\/www.mirsa.es\/ca\/wp-json\/wp\/v2\/media?parent=62914"}],"curies":[{"name":"wp","href":"https:\/\/api.w.org\/{rel}","templated":true}]}}