{"id":62786,"date":"2022-03-08T17:39:53","date_gmt":"2022-03-08T17:39:53","guid":{"rendered":"https:\/\/www.mirsa.es\/sofa-palio-pianca\/"},"modified":"2022-03-08T17:44:38","modified_gmt":"2022-03-08T17:44:38","slug":"sofa-palio-pianca","status":"publish","type":"page","link":"https:\/\/www.mirsa.es\/ca\/sofa-palio-pianca\/","title":{"rendered":"Sofa Palio Pianca"},"content":{"rendered":"<div class=\"wpb-content-wrapper\"><p>[vc_row][vc_column][vc_column_text]<\/p>\n<p><img decoding=\"async\" class=\"wp-image-1077 size-large aligncenter\" title=\"Sofa Palio Pianca\" src=\"\/wp-content\/uploads\/2022\/03\/sofa_palio_pianca.jpg\" alt=\"Sofa Palio Pianca\" width=\"100%\" height=\"400\"\/><\/p>\n<h2 style=\"font-size: 16px; text-align: left;\"><strong>El sof\u00e1 Palio de la firma italiana PIANCA es caracteritza per les seves proporcions equilibrades i pels seus volums generosos, que creen una estructura amb un disseny elegant i confortable.<\/strong><\/h2>\n<p style=\"font-size: 16px; text-align: left;\">La col\u00b7lecci\u00f3 permet dos tipus de respatller, un amb coixins amples i baixos i una altra versi\u00f3 de coixins alts i estrets que incorporen un rul\u00b7lo posterior per a garantir el descans complet de l&#8217;esquena.<\/p>\n<p style=\"font-size: 16px; text-align: left;\">La base del sof\u00e0 Palio es caracteritza per les seves elegants i refinades potes, que pr\u00e0cticament queden ocultes a la part inferior, transmetent lleugeresa i exclusivitat a la composici\u00f3.<\/p>\n<p style=\"font-size: 16px; text-align: left;\">Es tracta d&#8217;un sof\u00e0 vers\u00e0til i polivalent, que gr\u00e0cies al seu sistema modular permet m\u00faltiples opcions de configuraci\u00f3, adaptant-se amb facilitat a qualsevol mena d&#8217;espai.<\/p>\n<p style=\"font-size: 16px; text-align: left;\">Palio est\u00e0 disponible en una \u00e0mplia gamma de colors, teixits i acabats, oferint aix\u00ed solucions elegants i funcionals segons l&#8217;espai on s&#8217;instal\u00b7li.<\/p>\n<p>[\/vc_column_text][vc_row_inner][vc_column_inner]<style type=\"text\/css\">#bklyn_btn_69f1afabb8879 .bklyn-btn { color:#ffffff !important; background-color:black !important; }<\/style><div id=\"bklyn_btn_69f1afabb8879\" class=\"bklyn-btn-holder  bklyn-btn-center bklyn-btn-tablet-center bklyn-btn-mobile-center\"><a title=\"Contacto\"   href=\"\/contacto\" target=\"_self\" class=\"bklyn-btn  bklyn-btn-icon-left bklyn-btn-normal\" ><i class=\"fa fa-envelope\"><\/i><span class=\"ut-btn-text\">M\u00e9s informaci\u00f3<\/span><\/a><\/div>[\/vc_column_inner][\/vc_row_inner][vc_row_inner][vc_column_inner width=&#8221;1\/2&#8243;]<div  class=\"wpb_content_element   clearfix\"><style type=\"text\/css\">#ut_am_69f1afabb8f1e { opacity: 1; }#ut_am_wrap_69f1afabb8f1f { text-align: left; }@media (min-width: 768px) and (max-width: 1024px) { #ut_am_wrap_69f1afabb8f1f { text-align: left !important; } }@media (max-width: 767px) { #ut_am_wrap_69f1afabb8f1f { text-align: center !important; } }<\/style><div id=\"ut_am_wrap_69f1afabb8f1f\" class=\"ut-image-gallery-image \"><div id=\"ut_reveal_69f1afabb8f20\"  data-appear-top-offset=\"auto\" class=\"ut-animated-image-item ut-image-gallery-item ut-animation-done \"><a class=\"ut-deactivated-link\" href=\"#\"><div class=\"ut-animated-image-zoom\">\r\n        <div class=\"ut-element-glitch-wrap\">\r\n\r\n            \r\n        <style type=\"text\/css\">\r\n\r\n                        \r\n        @media (min-width: 1025px) {\r\n\r\n        #ut-element-glitch-69f1afabb8f40724846348-62751 .ut-glitch-single-element {\r\n                                            \r\n                }\r\n        }\r\n\r\n        @media (min-width: 768px) and (max-width: 1024px) {\r\n\r\n        #ut-element-glitch-69f1afabb8f40724846348-62751 .ut-glitch-single-element {\r\n                                                \r\n                    }\r\n        }\r\n\r\n        @media (max-width: 767px) {\r\n\r\n        #ut-element-glitch-69f1afabb8f40724846348-62751 .ut-glitch-single-element {\r\n                                                \r\n                    }\r\n        }\r\n\r\n        \r\n        <\/style>\r\n\r\n        \r\n            <div id=\"ut-element-glitch-69f1afabb8f40724846348-62751\" class=\" ut-element-glitch ut-glitch-none ut-element-glitch-permanent\">\r\n                <div class=\"ut-glitch-single-element ut-lozad skip-lazy\" data-background-image=\"https:\/\/www.mirsa.es\/wp-content\/uploads\/2022\/03\/sofa_otto_pianca_01.jpg\"><\/div>\r\n                <div class=\"ut-glitch-single-element ut-lozad skip-lazy\" data-background-image=\"https:\/\/www.mirsa.es\/wp-content\/uploads\/2022\/03\/sofa_otto_pianca_01.jpg\"><\/div>\r\n                <div class=\"ut-glitch-single-element ut-lozad skip-lazy\" data-background-image=\"https:\/\/www.mirsa.es\/wp-content\/uploads\/2022\/03\/sofa_otto_pianca_01.jpg\"><\/div>\r\n                <div class=\"ut-glitch-single-element ut-lozad skip-lazy\" data-background-image=\"https:\/\/www.mirsa.es\/wp-content\/uploads\/2022\/03\/sofa_otto_pianca_01.jpg\"><\/div>\r\n                <div class=\"ut-glitch-single-element ut-lozad skip-lazy\" data-background-image=\"https:\/\/www.mirsa.es\/wp-content\/uploads\/2022\/03\/sofa_otto_pianca_01.jpg\"><\/div>\r\n            <\/div>\r\n\r\n        <\/div>\r\n\r\n        <img loading=\"lazy\" decoding=\"async\" class=\"ut-lazy skip-lazy ut-animated-image \"  id=\"ut_am_69f1afabb8f1e\" src=\"data:image\/svg+xml;charset=utf-8,%3Csvg xmlns%3D'http%3A%2F%2Fwww.w3.org%2F2000%2Fsvg' viewBox%3D'0 0 600 324'%2F%3E\" data-src=\"https:\/\/www.mirsa.es\/wp-content\/uploads\/2022\/03\/sofa_otto_pianca_01.jpg\" width=\"600\" height=\"324\" alt=\"\"\/><\/div><\/a><\/div><\/div><\/div>[\/vc_column_inner][vc_column_inner width=&#8221;1\/2&#8243;]<div  class=\"wpb_content_element   clearfix\"><style type=\"text\/css\">#ut_am_69f1afabb9275 { opacity: 1; }#ut_am_wrap_69f1afabb9276 { text-align: left; }@media (min-width: 768px) and (max-width: 1024px) { #ut_am_wrap_69f1afabb9276 { text-align: left !important; } }@media (max-width: 767px) { #ut_am_wrap_69f1afabb9276 { text-align: center !important; } }<\/style><div id=\"ut_am_wrap_69f1afabb9276\" class=\"ut-image-gallery-image \"><div id=\"ut_reveal_69f1afabb9277\"  data-appear-top-offset=\"auto\" class=\"ut-animated-image-item ut-image-gallery-item ut-animation-done \"><a class=\"ut-deactivated-link\" href=\"#\"><div class=\"ut-animated-image-zoom\">\r\n        <div class=\"ut-element-glitch-wrap\">\r\n\r\n            \r\n        <style type=\"text\/css\">\r\n\r\n                        \r\n        @media (min-width: 1025px) {\r\n\r\n        #ut-element-glitch-69f1afabb928b037090344-62754 .ut-glitch-single-element {\r\n                                            \r\n                }\r\n        }\r\n\r\n        @media (min-width: 768px) and (max-width: 1024px) {\r\n\r\n        #ut-element-glitch-69f1afabb928b037090344-62754 .ut-glitch-single-element {\r\n                                                \r\n                    }\r\n        }\r\n\r\n        @media (max-width: 767px) {\r\n\r\n        #ut-element-glitch-69f1afabb928b037090344-62754 .ut-glitch-single-element {\r\n                                                \r\n                    }\r\n        }\r\n\r\n        \r\n        <\/style>\r\n\r\n        \r\n            <div id=\"ut-element-glitch-69f1afabb928b037090344-62754\" class=\" ut-element-glitch ut-glitch-none ut-element-glitch-permanent\">\r\n                <div class=\"ut-glitch-single-element ut-lozad skip-lazy\" data-background-image=\"https:\/\/www.mirsa.es\/wp-content\/uploads\/2022\/03\/sofa_otto_pianca_02.jpg\"><\/div>\r\n                <div class=\"ut-glitch-single-element ut-lozad skip-lazy\" data-background-image=\"https:\/\/www.mirsa.es\/wp-content\/uploads\/2022\/03\/sofa_otto_pianca_02.jpg\"><\/div>\r\n                <div class=\"ut-glitch-single-element ut-lozad skip-lazy\" data-background-image=\"https:\/\/www.mirsa.es\/wp-content\/uploads\/2022\/03\/sofa_otto_pianca_02.jpg\"><\/div>\r\n                <div class=\"ut-glitch-single-element ut-lozad skip-lazy\" data-background-image=\"https:\/\/www.mirsa.es\/wp-content\/uploads\/2022\/03\/sofa_otto_pianca_02.jpg\"><\/div>\r\n                <div class=\"ut-glitch-single-element ut-lozad skip-lazy\" data-background-image=\"https:\/\/www.mirsa.es\/wp-content\/uploads\/2022\/03\/sofa_otto_pianca_02.jpg\"><\/div>\r\n            <\/div>\r\n\r\n        <\/div>\r\n\r\n        <img loading=\"lazy\" decoding=\"async\" class=\"ut-lazy skip-lazy ut-animated-image \"  id=\"ut_am_69f1afabb9275\" src=\"data:image\/svg+xml;charset=utf-8,%3Csvg xmlns%3D'http%3A%2F%2Fwww.w3.org%2F2000%2Fsvg' viewBox%3D'0 0 600 324'%2F%3E\" data-src=\"https:\/\/www.mirsa.es\/wp-content\/uploads\/2022\/03\/sofa_otto_pianca_02.jpg\" width=\"600\" height=\"324\" alt=\"\"\/><\/div><\/a><\/div><\/div><\/div>[\/vc_column_inner][\/vc_row_inner][\/vc_column][\/vc_row]<\/p>\n<\/div>","protected":false},"excerpt":{"rendered":"<p>[vc_row][vc_column][vc_column_text] El sof\u00e1 Palio de la firma italiana PIANCA es caracteritza per les seves proporcions equilibrades i pels seus volums generosos, que creen una estructura amb un disseny elegant i confortable. La col\u00b7lecci\u00f3 permet dos tipus de respatller, un amb coixins amples i baixos i una altra versi\u00f3 de coixins alts i estrets que incorporen [&hellip;]<\/p>\n","protected":false},"author":1,"featured_media":0,"parent":0,"menu_order":0,"comment_status":"closed","ping_status":"closed","template":"","meta":{"footnotes":""},"class_list":["post-62786","page","type-page","status-publish","hentry"],"aioseo_notices":[],"_links":{"self":[{"href":"https:\/\/www.mirsa.es\/ca\/wp-json\/wp\/v2\/pages\/62786","targetHints":{"allow":["GET"]}}],"collection":[{"href":"https:\/\/www.mirsa.es\/ca\/wp-json\/wp\/v2\/pages"}],"about":[{"href":"https:\/\/www.mirsa.es\/ca\/wp-json\/wp\/v2\/types\/page"}],"author":[{"embeddable":true,"href":"https:\/\/www.mirsa.es\/ca\/wp-json\/wp\/v2\/users\/1"}],"replies":[{"embeddable":true,"href":"https:\/\/www.mirsa.es\/ca\/wp-json\/wp\/v2\/comments?post=62786"}],"version-history":[{"count":0,"href":"https:\/\/www.mirsa.es\/ca\/wp-json\/wp\/v2\/pages\/62786\/revisions"}],"wp:attachment":[{"href":"https:\/\/www.mirsa.es\/ca\/wp-json\/wp\/v2\/media?parent=62786"}],"curies":[{"name":"wp","href":"https:\/\/api.w.org\/{rel}","templated":true}]}}