{"id":62580,"date":"2022-02-18T17:14:56","date_gmt":"2022-02-18T17:14:56","guid":{"rendered":"https:\/\/www.mirsa.es\/contacto-copy\/"},"modified":"2022-02-26T12:09:05","modified_gmt":"2022-02-26T12:09:05","slug":"contacto-copy","status":"publish","type":"page","link":"https:\/\/www.mirsa.es\/ca\/contacto-copy\/","title":{"rendered":"Contacto Copy"},"content":{"rendered":"<div class=\"wpb-content-wrapper\"><p>[vc_section css=&#8221;.vc_custom_1628152364581{margin-top: -40px !important;}&#8221;][vc_row][vc_column width=&#8221;1\/4&#8243;]<div class=\"wpb_content_element \"><style type=\"text\/css\">#ut_sc_69f3d774467b3 .ut-service-column a.ut-service-column-link { font-size: 12px; }#ut-svg-69f3d774467b4 { display:none; }#ut-svg-69f3d774467b4.ut-svg-loaded { display:block; }#ut-svg-69f3d774467b4 path { stroke:rgba(255, 255, 255, 0.91); }<\/style><div id=\"ut_sc_69f3d774467b3\"  class=\"ut-horizontal-style ut-horizontal-style-align-left  clearfix \" ><figure class=\"ut-service-icon  ut-service-icon-normal ut-service-icon-small\"><i style=\"color: #000000;\" class=\"fa fa fa-clock-o\"><\/i><\/figure><div class=\"ut-service-column ut-service-column-horiz\"><h3 data-responsive-font=\"h3\">Horari<\/h3><p class=\"element-with-custom-line-height\" data-responsive-font=\"p\"><b>Dimarts &#8211; Divendres<\/b><br \/>\n<span style=\"font-family: helvetica;\">9:00 &#8211; 13:30 \/ 15:00 &#8211; 19:00<\/span><br \/>\n<b>Dissabtes<\/b><br \/>\n<span style=\"font-family: helvetica;\">9:00 &#8211; 13-30 \/ Tardes cita pr\u00e8via<\/span><\/p>\n<p><span style=\"font-family: helvetica;\">Recomanem sempre sol\u00b7licitar<\/span><br \/>\n<span style=\"font-family: helvetica;\">solicitar <b>CITA PR\u00c8VIA<\/b><\/span><\/p><\/div><\/div><\/div>[\/vc_column][vc_column width=&#8221;1\/4&#8243;]<div class=\"wpb_content_element \"><style type=\"text\/css\">#ut_sc_69f3d77449bc7 .ut-service-column a.ut-service-column-link { font-size: 12px; }#ut-svg-69f3d77449bc8 { display:none; }#ut-svg-69f3d77449bc8.ut-svg-loaded { display:block; }#ut-svg-69f3d77449bc8 path { stroke:rgba(255, 255, 255, 0.91); }<\/style><div id=\"ut_sc_69f3d77449bc7\"  class=\"ut-horizontal-style ut-horizontal-style-align-left  clearfix \" ><figure class=\"ut-service-icon  ut-service-icon-normal ut-service-icon-small\"><i style=\"color: #000000;\" class=\"fa fa fa-map-o\"><\/i><\/figure><div class=\"ut-service-column ut-service-column-horiz\"><h3 data-responsive-font=\"h3\">Projectes<\/h3><p class=\"element-with-custom-line-height\" data-responsive-font=\"p\">Quan vingui a visitar-nos, no oblidi portar un pl\u00e0nol amb les mides de l&#8217;espai.<\/p><\/div><\/div><\/div>[\/vc_column][vc_column width=&#8221;1\/4&#8243;]<div class=\"wpb_content_element \"><style type=\"text\/css\">#ut_sc_69f3d77449c0d .ut-service-column a.ut-service-column-link { font-size: 12px; }#ut-svg-69f3d77449c0e { display:none; }#ut-svg-69f3d77449c0e.ut-svg-loaded { display:block; }#ut-svg-69f3d77449c0e path { stroke:rgba(255, 255, 255, 0.91); }<\/style><div id=\"ut_sc_69f3d77449c0d\"  class=\"ut-horizontal-style ut-horizontal-style-align-left  clearfix \" ><figure class=\"ut-service-icon  ut-service-icon-normal ut-service-icon-small\"><i style=\"color: #000000;\" class=\"fa fa fa-info\"><\/i><\/figure><div class=\"ut-service-column ut-service-column-horiz\"><h3 data-responsive-font=\"h3\">Direcci\u00f3<\/h3><p class=\"element-with-custom-line-height\" data-responsive-font=\"p\">\n<span style=\"font-family: helvetica;\">41\u00ba12\u00b451\u00b4\u00b4 NORTH . 1\u00ba32\u00b45\u00b4\u00b4 EAST<\/span><br \/>\nAv. Sant Vicen\u00e7, <span style=\"font-family: helvetica;\">51<\/span> El Vendrell<br \/>\n<b><i class=\"fa fa fa-phone\" style=\"color: #000000;\"><\/i><\/b> <a style=\"font-family: helvetica; color: rgba(102,102,102,1);\" href=\"tel:+34977660248\">977 66 02 48<\/a><br \/>\n<b><i class=\"fa fa fa-envelope\" style=\"color: #000000;\"><\/i><\/b><a style=\"color: black;\" href=\"mailto:mobles@mirsa.es\"> mobles@mirsa.es<\/a><\/p><\/div><\/div><\/div>[\/vc_column][vc_column width=&#8221;1\/4&#8243;]<div class=\"wpb_content_element \"><style type=\"text\/css\">#ut_sc_69f3d77449c41 .ut-service-column a.ut-service-column-link { font-size: 12px; }#ut-svg-69f3d77449c42 { display:none; }#ut-svg-69f3d77449c42.ut-svg-loaded { display:block; }#ut-svg-69f3d77449c42 path { stroke:rgba(255, 255, 255, 0.91); }<\/style><div id=\"ut_sc_69f3d77449c41\"  class=\"ut-horizontal-style ut-horizontal-style-align-left  clearfix \" ><figure class=\"ut-service-icon  ut-service-icon-normal ut-service-icon-small\"><i style=\"color: #000000;\" class=\"fa fa fa-bolt\"><\/i><\/figure><div class=\"ut-service-column ut-service-column-horiz\"><h3 data-responsive-font=\"h3\">Punt de c\u00e0rrega gratu\u00eft<\/h3><p class=\"element-with-custom-line-height\" data-responsive-font=\"p\">Per a vehicles el\u00e8ctrics<br \/>\n<img loading=\"lazy\" decoding=\"async\" class=\"size-medium wp-image-58429 aligncenter\" src=\"\/wp-content\/uploads\/2021\/07\/carga_electrica_icono.png\" alt=\"\" width=\"400\" height=\"174\" \/><\/p><\/div><\/div><\/div>[\/vc_column][\/vc_row][vc_row][vc_column width=&#8221;1\/2&#8243;]<style type=\"text\/css\">#ut_custom_heading69f3d77449c87 { text-align:left; }@media (min-width: 768px) and (max-width: 1024px) { #ut_custom_heading69f3d77449c87 { text-align:left; } }@media (max-width: 767px) { #ut_custom_heading69f3d77449c87 { text-align:left; } }<\/style><h3 id=\"ut_custom_heading69f3d77449c87\" data-responsive-font=\"h3\" class=\"ut-custom-heading-module  \" ><span class=\"\" >Sol\u00b7liciti cita pr\u00e8via amb un dels nostres interioristes<\/span><\/h3><div id=\"ut_cf7_colors_69f3d77449ccd\" class=\"wpb_content_element ut-cf7-dark-skin \">\n<div class=\"wpcf7 no-js\" id=\"wpcf7-f45695-o1\" lang=\"ca\" dir=\"ltr\" data-wpcf7-id=\"45695\">\n<div class=\"screen-reader-response\"><p role=\"status\" aria-live=\"polite\" aria-atomic=\"true\"><\/p> <ul><\/ul><\/div>\n<form action=\"\/ca\/wp-json\/wp\/v2\/pages\/62580#wpcf7-f45695-o1\" method=\"post\" class=\"wpcf7-form init\" aria-label=\"Formulari de contacte\" novalidate=\"novalidate\" data-status=\"init\">\n<fieldset class=\"hidden-fields-container\"><input type=\"hidden\" name=\"_wpcf7\" value=\"45695\" \/><input type=\"hidden\" name=\"_wpcf7_version\" value=\"6.1.5\" \/><input type=\"hidden\" name=\"_wpcf7_locale\" value=\"ca\" \/><input type=\"hidden\" name=\"_wpcf7_unit_tag\" value=\"wpcf7-f45695-o1\" \/><input type=\"hidden\" name=\"_wpcf7_container_post\" value=\"0\" \/><input type=\"hidden\" name=\"_wpcf7_posted_data_hash\" value=\"\" \/>\n<\/fieldset>\n<span class=\"wpcf7-form-control-wrap\" data-name=\"nombre\"><input size=\"40\" maxlength=\"400\" class=\"wpcf7-form-control wpcf7-text wpcf7-validates-as-required\" aria-required=\"true\" aria-invalid=\"false\" placeholder=\"Nom*\" value=\"\" type=\"text\" name=\"nombre\" \/><\/span>\n<p syle=\"margin-top:60px\"><span class=\"wpcf7-form-control-wrap\" data-name=\"email-313\"><input size=\"40\" maxlength=\"400\" class=\"wpcf7-form-control wpcf7-email wpcf7-validates-as-required wpcf7-text wpcf7-validates-as-email\" aria-required=\"true\" aria-invalid=\"false\" placeholder=\"Correu electr\u00f2nic*\" value=\"\" type=\"email\" name=\"email-313\" \/><\/span><\/p>\n<p style=\"font-size:15px;\">Quan li agradaria visitar el nostre Showroom?<\/p>\n<div class=\"fecha-wrapper\">\n  <span class=\"fake-placeholder\">dd\/mm\/aaaa<\/span>\n  <span class=\"wpcf7-form-control-wrap\" data-name=\"calendari\"><input size=\"40\" maxlength=\"400\" class=\"wpcf7-form-control wpcf7-text flatpickr\" aria-invalid=\"false\" placeholder=\"\" value=\"\" type=\"text\" name=\"calendari\" \/><\/span>\n<\/div>\n<p syle=\"margin-top:60px\"><span class=\"wpcf7-form-control-wrap\" data-name=\"textarea-738\"><textarea cols=\"40\" rows=\"10\" maxlength=\"2000\" class=\"wpcf7-form-control wpcf7-textarea wpcf7-validates-as-required\" aria-required=\"true\" aria-invalid=\"false\" placeholder=\"Missatge*\" name=\"textarea-738\"><\/textarea><\/span><\/p>\n<span class=\"wpcf7-form-control-wrap\" data-name=\"acceptance-438\"><span class=\"wpcf7-form-control wpcf7-acceptance\"><span class=\"wpcf7-list-item\"><label><input type=\"checkbox\" name=\"acceptance-438\" value=\"1\" aria-invalid=\"false\" \/><span class=\"wpcf7-list-item-label\">Accepto <a style=\"color:black;\" text-decoration=\"underline;\" href=\"\/politica-de-privacidad\/\" target=\"_blank\"> la politica de privacitat <b>*<\/b> <\/a><\/span><\/label><\/span><\/span><\/span><br><br>\n<p style=\"text-align:right;\"><input class=\"wpcf7-form-control wpcf7-submit has-spinner\" type=\"submit\" value=\"Enviar\" \/><\/p><p style=\"display: none !important;\" class=\"akismet-fields-container\" data-prefix=\"_wpcf7_ak_\"><label>&#916;<textarea name=\"_wpcf7_ak_hp_textarea\" cols=\"45\" rows=\"8\" maxlength=\"100\"><\/textarea><\/label><input type=\"hidden\" id=\"ak_js_1\" name=\"_wpcf7_ak_js\" value=\"158\"\/><script type=\"text\/javascript\">\n\/* <![CDATA[ *\/\ndocument.getElementById( \"ak_js_1\" ).setAttribute( \"value\", ( new Date() ).getTime() );\n\/* ]]> *\/\n<\/script>\n<\/p><input type='hidden' class='wpcf7-pum' value='{\"closepopup\":false,\"closedelay\":0,\"openpopup\":false,\"openpopup_id\":0}' \/><div class=\"wpcf7-response-output\" aria-hidden=\"true\"><\/div>\n<\/form>\n<\/div>\n<\/div>[\/vc_column][vc_column width=&#8221;1\/2&#8243;]<style type=\"text\/css\">#ut_custom_heading69f3d7744a6a7 { text-align:left; }@media (min-width: 768px) and (max-width: 1024px) { #ut_custom_heading69f3d7744a6a7 { text-align:left; } }@media (max-width: 767px) { #ut_custom_heading69f3d7744a6a7 { text-align:left; } }<\/style><h3 id=\"ut_custom_heading69f3d7744a6a7\" data-responsive-font=\"h3\" class=\"ut-custom-heading-module  \" ><span class=\"\" >Com arribar<\/span><\/h3>[vc_gmaps link=&#8221;#E-8_JTNDaWZyYW1lJTIwc3JjJTNEJTIyaHR0cHMlM0ElMkYlMkZ3d3cuZ29vZ2xlLmNvbSUyRm1hcHMlMkZlbWJlZCUzRnBiJTNEJTIxMW0xNCUyMTFtOCUyMTFtMyUyMTFkMzgzMzM2LjEzMjEyMTY3MzQ0JTIxMmQxLjYwNjUyMDYyNzIyNzM4NjklMjEzZDQxLjM1NjQwNjU2NjU0MTY4NiUyMTNtMiUyMTFpMTAyNCUyMTJpNzY4JTIxNGYxMy4xJTIxM20zJTIxMW0yJTIxMXMweDAlMjUzQTB4YzU3ZGVlOWRhZjM4YjYwNiUyMTJzTUlSU0ElMjUyMGludGVyaW9yaXNtZSUyNTIwJTI1MjYlMjUyMG1vYmlsaWFyaSUyMTVlMCUyMTNtMiUyMTFzZXMlMjEyc2VzJTIxNHYxNTkwMTQyNjg3OTE1JTIxNW0yJTIxMXNlcyUyMTJzZXMlMjIlMjB3aWR0aCUzRCUyMjYwMCUyMiUyMGhlaWdodCUzRCUyMjQ1MCUyMiUyMGZyYW1lYm9yZGVyJTNEJTIyMCUyMiUyMHN0eWxlJTNEJTIyYm9yZGVyJTNBMCUzQiUyMiUyMGFsbG93ZnVsbHNjcmVlbiUzRCUyMiUyMiUyMGFyaWEtaGlkZGVuJTNEJTIyZmFsc2UlMjIlMjB0YWJpbmRleCUzRCUyMjAlMjIlM0UlM0MlMkZpZnJhbWUlM0U=&#8221; size=&#8221;Standar&#8221;][\/vc_column][\/vc_row][vc_row css=&#8221;.vc_custom_1625840889584{background-image: url(https:\/\/www.mirsa.es\/wp-content\/uploads\/2021\/07\/lines_background_03.jpg?id=57801) !important;background-position: center !important;background-repeat: no-repeat !important;background-size: cover !important;}&#8221;][vc_column width=&#8221;1\/2&#8243; css=&#8221;.vc_custom_1590158298859{margin-top: -25px !important;margin-bottom: -25px !important;}&#8221;]<style type=\"text\/css\">#ut_custom_heading69f3d7744a6e7 { text-align:left; }@media (min-width: 768px) and (max-width: 1024px) { #ut_custom_heading69f3d7744a6e7 { text-align:left; } }@media (max-width: 767px) { #ut_custom_heading69f3d7744a6e7 { text-align:left; } }<\/style><h3 id=\"ut_custom_heading69f3d7744a6e7\" data-responsive-font=\"h3\" class=\"ut-custom-heading-module  \" ><span class=\"\" >Newsletter<\/span><\/h3>[vc_column_text]Subscriguis a la nostra Newsletter per a estar informat de totes les novetats relacionades amb el disseny i l\u2019interiorisme<\/p>\n<p>Per a nosaltres la seva privacitat \u00e9s el m\u00e9s important, aix\u00ed que ens comprometem a enviar-li \u00fanicament continguts del seu inter\u00e8s.[\/vc_column_text][\/vc_column][vc_column width=&#8221;1\/2&#8243; css=&#8221;.vc_custom_1590158315712{margin-top: -25px !important;margin-bottom: -25px !important;}&#8221;]<div id=\"ut_cf7_colors_69f3d7744a712\" class=\"wpb_content_element ut-cf7-dark-skin \">\n<div class=\"wpcf7 no-js\" id=\"wpcf7-f45696-o2\" lang=\"ca\" dir=\"ltr\" data-wpcf7-id=\"45696\">\n<div class=\"screen-reader-response\"><p role=\"status\" aria-live=\"polite\" aria-atomic=\"true\"><\/p> <ul><\/ul><\/div>\n<form action=\"\/ca\/wp-json\/wp\/v2\/pages\/62580#wpcf7-f45696-o2\" method=\"post\" class=\"wpcf7-form init\" aria-label=\"Formulari de contacte\" novalidate=\"novalidate\" data-status=\"init\">\n<fieldset class=\"hidden-fields-container\"><input type=\"hidden\" name=\"_wpcf7\" value=\"45696\" \/><input type=\"hidden\" name=\"_wpcf7_version\" value=\"6.1.5\" \/><input type=\"hidden\" name=\"_wpcf7_locale\" value=\"ca\" \/><input type=\"hidden\" name=\"_wpcf7_unit_tag\" value=\"wpcf7-f45696-o2\" \/><input type=\"hidden\" name=\"_wpcf7_container_post\" value=\"0\" \/><input type=\"hidden\" name=\"_wpcf7_posted_data_hash\" value=\"\" \/>\n<\/fieldset>\n<label>Nom\n    <span class=\"wpcf7-form-control-wrap\" data-name=\"your-name\"><input size=\"40\" maxlength=\"400\" class=\"wpcf7-form-control wpcf7-text wpcf7-validates-as-required\" aria-required=\"true\" aria-invalid=\"false\" value=\"\" type=\"text\" name=\"your-name\" \/><\/span> <\/label>\n\n<label>Correu electr\u00f2nic    \n\n<span class=\"wpcf7-form-control-wrap\" data-name=\"your-email\"><input size=\"40\" maxlength=\"400\" class=\"wpcf7-form-control wpcf7-email wpcf7-validates-as-required wpcf7-text wpcf7-validates-as-email\" aria-required=\"true\" aria-invalid=\"false\" value=\"\" type=\"email\" name=\"your-email\" \/><\/span> <\/label>\n\n<p style=\"text-align:right;\"><input class=\"wpcf7-form-control wpcf7-submit has-spinner\" type=\"submit\" value=\"Subscriure&#039;s\" \/><\/p><p style=\"display: none !important;\" class=\"akismet-fields-container\" data-prefix=\"_wpcf7_ak_\"><label>&#916;<textarea name=\"_wpcf7_ak_hp_textarea\" cols=\"45\" rows=\"8\" maxlength=\"100\"><\/textarea><\/label><input type=\"hidden\" id=\"ak_js_2\" name=\"_wpcf7_ak_js\" value=\"137\"\/><script type=\"text\/javascript\">\n\/* <![CDATA[ *\/\ndocument.getElementById( \"ak_js_2\" ).setAttribute( \"value\", ( new Date() ).getTime() );\n\/* ]]> *\/\n<\/script>\n<\/p><input type='hidden' class='wpcf7-pum' value='{\"closepopup\":false,\"closedelay\":0,\"openpopup\":false,\"openpopup_id\":0}' \/><div class=\"wpcf7-response-output\" aria-hidden=\"true\"><\/div>\n<\/form>\n<\/div>\n<\/div>[\/vc_column][\/vc_row][\/vc_section]<\/p>\n<\/div>","protected":false},"excerpt":{"rendered":"<p>[vc_section css=&#8221;.vc_custom_1628152364581{margin-top: -40px !important;}&#8221;][vc_row][vc_column width=&#8221;1\/4&#8243;][\/vc_column][vc_column width=&#8221;1\/4&#8243;][\/vc_column][vc_column width=&#8221;1\/4&#8243;][\/vc_column][vc_column width=&#8221;1\/4&#8243;][\/vc_column][\/vc_row][vc_row][vc_column width=&#8221;1\/2&#8243;][\/vc_column][vc_column width=&#8221;1\/2&#8243;][vc_gmaps link=&#8221;#E-8_JTNDaWZyYW1lJTIwc3JjJTNEJTIyaHR0cHMlM0ElMkYlMkZ3d3cuZ29vZ2xlLmNvbSUyRm1hcHMlMkZlbWJlZCUzRnBiJTNEJTIxMW0xNCUyMTFtOCUyMTFtMyUyMTFkMzgzMzM2LjEzMjEyMTY3MzQ0JTIxMmQxLjYwNjUyMDYyNzIyNzM4NjklMjEzZDQxLjM1NjQwNjU2NjU0MTY4NiUyMTNtMiUyMTFpMTAyNCUyMTJpNzY4JTIxNGYxMy4xJTIxM20zJTIxMW0yJTIxMXMweDAlMjUzQTB4YzU3ZGVlOWRhZjM4YjYwNiUyMTJzTUlSU0ElMjUyMGludGVyaW9yaXNtZSUyNTIwJTI1MjYlMjUyMG1vYmlsaWFyaSUyMTVlMCUyMTNtMiUyMTFzZXMlMjEyc2VzJTIxNHYxNTkwMTQyNjg3OTE1JTIxNW0yJTIxMXNlcyUyMTJzZXMlMjIlMjB3aWR0aCUzRCUyMjYwMCUyMiUyMGhlaWdodCUzRCUyMjQ1MCUyMiUyMGZyYW1lYm9yZGVyJTNEJTIyMCUyMiUyMHN0eWxlJTNEJTIyYm9yZGVyJTNBMCUzQiUyMiUyMGFsbG93ZnVsbHNjcmVlbiUzRCUyMiUyMiUyMGFyaWEtaGlkZGVuJTNEJTIyZmFsc2UlMjIlMjB0YWJpbmRleCUzRCUyMjAlMjIlM0UlM0MlMkZpZnJhbWUlM0U=&#8221; size=&#8221;Standar&#8221;][\/vc_column][\/vc_row][vc_row css=&#8221;.vc_custom_1625840889584{background-image: url(https:\/\/www.mirsa.es\/wp-content\/uploads\/2021\/07\/lines_background_03.jpg?id=57801) !important;background-position: center !important;background-repeat: no-repeat !important;background-size: cover !important;}&#8221;][vc_column width=&#8221;1\/2&#8243; css=&#8221;.vc_custom_1590158298859{margin-top: -25px !important;margin-bottom: -25px !important;}&#8221;][vc_column_text]Subscriguis a la nostra Newsletter per a estar informat de totes les novetats relacionades amb el disseny i l\u2019interiorisme Per a nosaltres la seva privacitat \u00e9s el m\u00e9s important, [&hellip;]<\/p>\n","protected":false},"author":1,"featured_media":0,"parent":0,"menu_order":0,"comment_status":"closed","ping_status":"open","template":"","meta":{"footnotes":""},"class_list":["post-62580","page","type-page","status-publish","hentry"],"aioseo_notices":[],"_links":{"self":[{"href":"https:\/\/www.mirsa.es\/ca\/wp-json\/wp\/v2\/pages\/62580","targetHints":{"allow":["GET"]}}],"collection":[{"href":"https:\/\/www.mirsa.es\/ca\/wp-json\/wp\/v2\/pages"}],"about":[{"href":"https:\/\/www.mirsa.es\/ca\/wp-json\/wp\/v2\/types\/page"}],"author":[{"embeddable":true,"href":"https:\/\/www.mirsa.es\/ca\/wp-json\/wp\/v2\/users\/1"}],"replies":[{"embeddable":true,"href":"https:\/\/www.mirsa.es\/ca\/wp-json\/wp\/v2\/comments?post=62580"}],"version-history":[{"count":0,"href":"https:\/\/www.mirsa.es\/ca\/wp-json\/wp\/v2\/pages\/62580\/revisions"}],"wp:attachment":[{"href":"https:\/\/www.mirsa.es\/ca\/wp-json\/wp\/v2\/media?parent=62580"}],"curies":[{"name":"wp","href":"https:\/\/api.w.org\/{rel}","templated":true}]}}