{"id":62466,"date":"2022-02-16T10:07:15","date_gmt":"2022-02-16T10:07:15","guid":{"rendered":"https:\/\/www.mirsa.es\/borea-tumbona-bb-italia\/"},"modified":"2022-02-16T10:16:56","modified_gmt":"2022-02-16T10:16:56","slug":"borea-tumbona-bb-italia","status":"publish","type":"page","link":"https:\/\/www.mirsa.es\/ca\/borea-tumbona-bb-italia\/","title":{"rendered":"Borea tumbona B&#038;B Italia"},"content":{"rendered":"<div class=\"wpb-content-wrapper\"><p>[vc_row][vc_column][vc_column_text]<\/p>\n<h5><img decoding=\"async\" class=\"wp-image-1077 size-large aligncenter\" title=\"Borea tumbona B&#038;B Italia\" src=\"\/wp-content\/uploads\/2022\/02\/borea_tumbonas_bb_italia.jpg\" alt=\"Borea tumbona B&#038;B Italia\" width=\"100%\" height=\"400\"\/><\/h5>\n<p style=\"font-size: 16px; text-align: left;\"><strong>Les tumbones Borea de la firma B&#038;B Italia es caracteritza per la seva espectacular estructura aereodin\u00e1mica que sembla estar en suspensi\u00f3 arran de terra, i que fomenta el descans i la relaxaci\u00f3.<\/strong><\/p>\n<p style=\"font-size: 16px; text-align: left;\">Com la resta d&#8217;elements de la col\u00b7lecci\u00f3, les gandules Borea han estat dissenyades en exclusiva pel prestigi\u00f3s dissenyador itali\u00e0 Piero Lissoni, un veritable referent al m\u00f3n del disseny contemporani.<\/p>\n<p style=\"font-size: 16px; text-align: left;\">Gr\u00e0cies a la seva versatilitat i polival\u00e8ncia, les tumbones poden convertir-se tamb\u00e9 en sof\u00e0s o chaise longue, adaptant-se amb facilitat a l&#8217;espai o a les necessitats del moment.<\/p>\n<p style=\"font-size: 16px; text-align: left;\">L&#8217;estructura de la tumbona es caracteritza per la seva innovadora estructura en tubs d&#8217;alumini corbat, que creen una peculiar forma que aporta lleugeresa i distinci\u00f3 a la col\u00b7lecci\u00f3.<\/p>\n<p style=\"font-size: 16px; text-align: left;\">Amb l&#8217;objectiu de mantenir l&#8217;equilibri i l&#8217;harmonia amb altres peces de la col\u00b7lecci\u00f3, el marc pot pontar-se en color t\u00f3rtora o blanc, que al mateix temps s\u00f3n els mateixos tons que la malla de suport.<\/p>\n<p style=\"font-size: 16px; text-align: left;\">El respatller inclinable permet adoptar la posici\u00f3 id\u00f2nia per a garantir la m\u00e0xima comoditat, mentre que les rodes posteriors faciliten el transport i la instal\u00b7laci\u00f3 de la tumbona.<\/p>\n<p style=\"font-size: 16px; text-align: left;\">Com la resta de col\u00b7leccions de la firma, Borea est\u00e0 disponible en un ampli ventall d&#8217;opcions de configuraci\u00f3 i personalitzaci\u00f3.<\/p>\n<p style=\"font-size: 16px; text-align: left;\">A MIRSA interiorisme &#038; mobiliari som distribu\u00efdors oficials B&#038;B Italia. Per a m\u00e9s informaci\u00f3, visiti el nostre Showroom o contacti amb nosaltres.<\/p>\n<p>[\/vc_column_text][vc_row_inner][vc_column_inner]<style type=\"text\/css\">#bklyn_btn_69f4adb029b17 .bklyn-btn { color:#ffffff !important; background-color:black !important; }<\/style><div id=\"bklyn_btn_69f4adb029b17\" class=\"bklyn-btn-holder  bklyn-btn-center bklyn-btn-tablet-center bklyn-btn-mobile-center\"><a title=\"Contacto\"   href=\"\/contacto\" target=\"_self\" class=\"bklyn-btn  bklyn-btn-icon-left bklyn-btn-normal\" ><i class=\"fa fa-envelope\"><\/i><span class=\"ut-btn-text\">M\u00e9s informaci\u00f3<\/span><\/a><\/div>[\/vc_column_inner][\/vc_row_inner][\/vc_column][\/vc_row][vc_section][vc_row][vc_column width=&#8221;1\/2&#8243;]<div  class=\"wpb_content_element   clearfix\"><style type=\"text\/css\">#ut_am_69f4adb02ac3e { opacity: 1; }#ut_am_wrap_69f4adb02ac3f { text-align: left; }@media (min-width: 768px) and (max-width: 1024px) { #ut_am_wrap_69f4adb02ac3f { text-align: left !important; } }@media (max-width: 767px) { #ut_am_wrap_69f4adb02ac3f { text-align: center !important; } }<\/style><div id=\"ut_am_wrap_69f4adb02ac3f\" class=\"ut-image-gallery-image \"><div id=\"ut_reveal_69f4adb02ac40\"  data-appear-top-offset=\"auto\" class=\"ut-animated-image-item ut-image-gallery-item ut-animation-done \"><a class=\"ut-deactivated-link\" href=\"#\"><div class=\"ut-animated-image-zoom\">\r\n        <div class=\"ut-element-glitch-wrap\">\r\n\r\n            \r\n        <style type=\"text\/css\">\r\n\r\n                        \r\n        @media (min-width: 1025px) {\r\n\r\n        #ut-element-glitch-69f4adb02ac5e679271732-62459 .ut-glitch-single-element {\r\n                                            \r\n                }\r\n        }\r\n\r\n        @media (min-width: 768px) and (max-width: 1024px) {\r\n\r\n        #ut-element-glitch-69f4adb02ac5e679271732-62459 .ut-glitch-single-element {\r\n                                                \r\n                    }\r\n        }\r\n\r\n        @media (max-width: 767px) {\r\n\r\n        #ut-element-glitch-69f4adb02ac5e679271732-62459 .ut-glitch-single-element {\r\n                                                \r\n                    }\r\n        }\r\n\r\n        \r\n        <\/style>\r\n\r\n        \r\n            <div id=\"ut-element-glitch-69f4adb02ac5e679271732-62459\" class=\" ut-element-glitch ut-glitch-none ut-element-glitch-permanent\">\r\n                <div class=\"ut-glitch-single-element ut-lozad skip-lazy\" data-background-image=\"https:\/\/www.mirsa.es\/wp-content\/uploads\/2022\/02\/borea_tumbonas_bb_italia_01.jpg\"><\/div>\r\n                <div class=\"ut-glitch-single-element ut-lozad skip-lazy\" data-background-image=\"https:\/\/www.mirsa.es\/wp-content\/uploads\/2022\/02\/borea_tumbonas_bb_italia_01.jpg\"><\/div>\r\n                <div class=\"ut-glitch-single-element ut-lozad skip-lazy\" data-background-image=\"https:\/\/www.mirsa.es\/wp-content\/uploads\/2022\/02\/borea_tumbonas_bb_italia_01.jpg\"><\/div>\r\n                <div class=\"ut-glitch-single-element ut-lozad skip-lazy\" data-background-image=\"https:\/\/www.mirsa.es\/wp-content\/uploads\/2022\/02\/borea_tumbonas_bb_italia_01.jpg\"><\/div>\r\n                <div class=\"ut-glitch-single-element ut-lozad skip-lazy\" data-background-image=\"https:\/\/www.mirsa.es\/wp-content\/uploads\/2022\/02\/borea_tumbonas_bb_italia_01.jpg\"><\/div>\r\n            <\/div>\r\n\r\n        <\/div>\r\n\r\n        <img loading=\"lazy\" decoding=\"async\" class=\"ut-lazy skip-lazy ut-animated-image \"  id=\"ut_am_69f4adb02ac3e\" src=\"data:image\/svg+xml;charset=utf-8,%3Csvg xmlns%3D'http%3A%2F%2Fwww.w3.org%2F2000%2Fsvg' viewBox%3D'0 0 600 324'%2F%3E\" data-src=\"https:\/\/www.mirsa.es\/wp-content\/uploads\/2022\/02\/borea_tumbonas_bb_italia_01.jpg\" width=\"600\" height=\"324\" alt=\"\"\/><\/div><\/a><\/div><\/div><\/div>[\/vc_column][vc_column width=&#8221;1\/2&#8243;]<div  class=\"wpb_content_element   clearfix\"><style type=\"text\/css\">#ut_am_69f4adb02b2dd { opacity: 1; }#ut_am_wrap_69f4adb02b2de { text-align: left; }@media (min-width: 768px) and (max-width: 1024px) { #ut_am_wrap_69f4adb02b2de { text-align: left !important; } }@media (max-width: 767px) { #ut_am_wrap_69f4adb02b2de { text-align: center !important; } }<\/style><div id=\"ut_am_wrap_69f4adb02b2de\" class=\"ut-image-gallery-image \"><div id=\"ut_reveal_69f4adb02b2df\"  data-appear-top-offset=\"auto\" class=\"ut-animated-image-item ut-image-gallery-item ut-animation-done \"><a class=\"ut-deactivated-link\" href=\"#\"><div class=\"ut-animated-image-zoom\">\r\n        <div class=\"ut-element-glitch-wrap\">\r\n\r\n            \r\n        <style type=\"text\/css\">\r\n\r\n                        \r\n        @media (min-width: 1025px) {\r\n\r\n        #ut-element-glitch-69f4adb02b2f4475981217-62462 .ut-glitch-single-element {\r\n                                            \r\n                }\r\n        }\r\n\r\n        @media (min-width: 768px) and (max-width: 1024px) {\r\n\r\n        #ut-element-glitch-69f4adb02b2f4475981217-62462 .ut-glitch-single-element {\r\n                                                \r\n                    }\r\n        }\r\n\r\n        @media (max-width: 767px) {\r\n\r\n        #ut-element-glitch-69f4adb02b2f4475981217-62462 .ut-glitch-single-element {\r\n                                                \r\n                    }\r\n        }\r\n\r\n        \r\n        <\/style>\r\n\r\n        \r\n            <div id=\"ut-element-glitch-69f4adb02b2f4475981217-62462\" class=\" ut-element-glitch ut-glitch-none ut-element-glitch-permanent\">\r\n                <div class=\"ut-glitch-single-element ut-lozad skip-lazy\" data-background-image=\"https:\/\/www.mirsa.es\/wp-content\/uploads\/2022\/02\/borea_tumbonas_bb_italia_02.jpg\"><\/div>\r\n                <div class=\"ut-glitch-single-element ut-lozad skip-lazy\" data-background-image=\"https:\/\/www.mirsa.es\/wp-content\/uploads\/2022\/02\/borea_tumbonas_bb_italia_02.jpg\"><\/div>\r\n                <div class=\"ut-glitch-single-element ut-lozad skip-lazy\" data-background-image=\"https:\/\/www.mirsa.es\/wp-content\/uploads\/2022\/02\/borea_tumbonas_bb_italia_02.jpg\"><\/div>\r\n                <div class=\"ut-glitch-single-element ut-lozad skip-lazy\" data-background-image=\"https:\/\/www.mirsa.es\/wp-content\/uploads\/2022\/02\/borea_tumbonas_bb_italia_02.jpg\"><\/div>\r\n                <div class=\"ut-glitch-single-element ut-lozad skip-lazy\" data-background-image=\"https:\/\/www.mirsa.es\/wp-content\/uploads\/2022\/02\/borea_tumbonas_bb_italia_02.jpg\"><\/div>\r\n            <\/div>\r\n\r\n        <\/div>\r\n\r\n        <img loading=\"lazy\" decoding=\"async\" class=\"ut-lazy skip-lazy ut-animated-image \"  id=\"ut_am_69f4adb02b2dd\" src=\"data:image\/svg+xml;charset=utf-8,%3Csvg xmlns%3D'http%3A%2F%2Fwww.w3.org%2F2000%2Fsvg' viewBox%3D'0 0 600 324'%2F%3E\" data-src=\"https:\/\/www.mirsa.es\/wp-content\/uploads\/2022\/02\/borea_tumbonas_bb_italia_02.jpg\" width=\"600\" height=\"324\" alt=\"\"\/><\/div><\/a><\/div><\/div><\/div>[\/vc_column][\/vc_row][\/vc_section]<\/p>\n<\/div>","protected":false},"excerpt":{"rendered":"<p>[vc_row][vc_column][vc_column_text] Les tumbones Borea de la firma B&#038;B Italia es caracteritza per la seva espectacular estructura aereodin\u00e1mica que sembla estar en suspensi\u00f3 arran de terra, i que fomenta el descans i la relaxaci\u00f3. Com la resta d&#8217;elements de la col\u00b7lecci\u00f3, les gandules Borea han estat dissenyades en exclusiva pel prestigi\u00f3s dissenyador itali\u00e0 Piero Lissoni, un [&hellip;]<\/p>\n","protected":false},"author":1,"featured_media":0,"parent":0,"menu_order":0,"comment_status":"closed","ping_status":"closed","template":"","meta":{"footnotes":""},"class_list":["post-62466","page","type-page","status-publish","hentry"],"aioseo_notices":[],"_links":{"self":[{"href":"https:\/\/www.mirsa.es\/ca\/wp-json\/wp\/v2\/pages\/62466","targetHints":{"allow":["GET"]}}],"collection":[{"href":"https:\/\/www.mirsa.es\/ca\/wp-json\/wp\/v2\/pages"}],"about":[{"href":"https:\/\/www.mirsa.es\/ca\/wp-json\/wp\/v2\/types\/page"}],"author":[{"embeddable":true,"href":"https:\/\/www.mirsa.es\/ca\/wp-json\/wp\/v2\/users\/1"}],"replies":[{"embeddable":true,"href":"https:\/\/www.mirsa.es\/ca\/wp-json\/wp\/v2\/comments?post=62466"}],"version-history":[{"count":0,"href":"https:\/\/www.mirsa.es\/ca\/wp-json\/wp\/v2\/pages\/62466\/revisions"}],"wp:attachment":[{"href":"https:\/\/www.mirsa.es\/ca\/wp-json\/wp\/v2\/media?parent=62466"}],"curies":[{"name":"wp","href":"https:\/\/api.w.org\/{rel}","templated":true}]}}