{"id":62449,"date":"2022-02-15T12:19:36","date_gmt":"2022-02-15T12:19:36","guid":{"rendered":"https:\/\/www.mirsa.es\/pablo-outdoor-vincent-van-duysen\/"},"modified":"2022-02-15T12:29:21","modified_gmt":"2022-02-15T12:29:21","slug":"pablo-outdoor-bb-italia","status":"publish","type":"page","link":"https:\/\/www.mirsa.es\/ca\/pablo-outdoor-bb-italia\/","title":{"rendered":"Pablo Outdoor B&#038;B Italia"},"content":{"rendered":"<div class=\"wpb-content-wrapper\"><p>[vc_row][vc_column][vc_column_text]<\/p>\n<h5><img decoding=\"async\" class=\"wp-image-1077 size-large aligncenter\" title=\"Pablo Outdoor Vincent Van Duysen\" src=\"\/wp-content\/uploads\/2022\/02\/pablo_outdoor.jpg\" alt=\"Pablo Outdoor Vincent Van Duysen\" width=\"100%\" height=\"400\"\/><\/h5>\n<p style=\"font-size: 16px; text-align: left;\"><strong>Pablo Outdoor \u00e9s la primera col\u00b7lecci\u00f3 de mobiliari exterior patentada pel reconegut dissenyador belga Vincent Van Duysen per a la prestigiosa firma B&#038;B Italia.<\/strong><\/p>\n<p style=\"font-size: 16px; text-align: left;\">Es tracta d&#8217;una col\u00b7lecci\u00f3 elegant i sofisticada que combina a la perfecci\u00f3 l\u00ednies rectes i corbes, aconseguint un sistema equilibrat i confortable, que destaca pel seu marcat disseny contemporani.<\/p>\n<p style=\"font-size: 16px; text-align: left;\">La col\u00b7lecci\u00f3 Pablo Outdoor es compon de butaca reposapeus, tauletes i sof\u00e0s. L&#8217;estructura principal est\u00e0 fabricada \u00edntegrament en fusta de teca, un dels millors materials per a mobiliari exterior ja que resisteix a la perfecci\u00f3 el vent i la pluja.<\/p>\n<p style=\"font-size: 16px; text-align: left;\">Vincent Van Duysen ens presenta en aquesta ocasi\u00f3 una col\u00b7lecci\u00f3 de superf\u00edcies cont\u00ednues i l\u00ednies pures que aporten solucions t\u00e8cniques destinades a facilitar la cura de la fusta i els teixits i a simplificar el seu manteniment.<\/p>\n<p style=\"font-size: 16px; text-align: left;\">El seient i el respatller de la butaca destaca per la seva profunditat, i inclou dos grans coixins que permeten una gran llibertat compositiva, garantint sempre la m\u00e0xima comoditat.<\/p>\n<p style=\"font-size: 16px; text-align: left;\">Com la resta de col\u00b7leccions de la firma, Pablo Outdoor s&#8217;adapta a la perfecci\u00f3 a qualsevol espai exterior, gr\u00e0cies a les seves m\u00faltiples opcions de configuraci\u00f3 i personalitzaci\u00f3.<\/p>\n<p style=\"font-size: 16px; text-align: left;\">A MIRSA interiorisme &#038; mobiliari som distribu\u00efdors oficials B&#038;B Italia. Per a m\u00e9s informaci\u00f3, visiti el nostre Showroom o contacti amb nosaltres. <\/p>\n<p>[\/vc_column_text][vc_row_inner][vc_column_inner]<style type=\"text\/css\">#bklyn_btn_69d18d3de059b .bklyn-btn { color:#ffffff !important; background-color:black !important; }<\/style><div id=\"bklyn_btn_69d18d3de059b\" class=\"bklyn-btn-holder  bklyn-btn-center bklyn-btn-tablet-center bklyn-btn-mobile-center\"><a title=\"Contacto\"   href=\"\/contacto\" target=\"_self\" class=\"bklyn-btn  bklyn-btn-icon-left bklyn-btn-normal\" ><i class=\"fa fa-envelope\"><\/i><span class=\"ut-btn-text\">M\u00e9s informaci\u00f3<\/span><\/a><\/div>[\/vc_column_inner][\/vc_row_inner][\/vc_column][\/vc_row][vc_section][vc_row][vc_column width=&#8221;1\/2&#8243;]<div  class=\"wpb_content_element   clearfix\"><style type=\"text\/css\">#ut_am_69d18d3de1b58 { opacity: 1; }#ut_am_wrap_69d18d3de1b59 { text-align: left; }@media (min-width: 768px) and (max-width: 1024px) { #ut_am_wrap_69d18d3de1b59 { text-align: left !important; } }@media (max-width: 767px) { #ut_am_wrap_69d18d3de1b59 { text-align: center !important; } }<\/style><div id=\"ut_am_wrap_69d18d3de1b59\" class=\"ut-image-gallery-image \"><div id=\"ut_reveal_69d18d3de1b5a\"  data-appear-top-offset=\"auto\" class=\"ut-animated-image-item ut-image-gallery-item ut-animation-done \"><a class=\"ut-deactivated-link\" href=\"#\"><div class=\"ut-animated-image-zoom\">\r\n        <div class=\"ut-element-glitch-wrap\">\r\n\r\n            \r\n        <style type=\"text\/css\">\r\n\r\n                        \r\n        @media (min-width: 1025px) {\r\n\r\n        #ut-element-glitch-69d18d3de1b7b997055619-62442 .ut-glitch-single-element {\r\n                                            \r\n                }\r\n        }\r\n\r\n        @media (min-width: 768px) and (max-width: 1024px) {\r\n\r\n        #ut-element-glitch-69d18d3de1b7b997055619-62442 .ut-glitch-single-element {\r\n                                                \r\n                    }\r\n        }\r\n\r\n        @media (max-width: 767px) {\r\n\r\n        #ut-element-glitch-69d18d3de1b7b997055619-62442 .ut-glitch-single-element {\r\n                                                \r\n                    }\r\n        }\r\n\r\n        \r\n        <\/style>\r\n\r\n        \r\n            <div id=\"ut-element-glitch-69d18d3de1b7b997055619-62442\" class=\" ut-element-glitch ut-glitch-none ut-element-glitch-permanent\">\r\n                <div class=\"ut-glitch-single-element ut-lozad skip-lazy\" data-background-image=\"https:\/\/www.mirsa.es\/wp-content\/uploads\/2022\/02\/pablo_outdoor_01.jpg\"><\/div>\r\n                <div class=\"ut-glitch-single-element ut-lozad skip-lazy\" data-background-image=\"https:\/\/www.mirsa.es\/wp-content\/uploads\/2022\/02\/pablo_outdoor_01.jpg\"><\/div>\r\n                <div class=\"ut-glitch-single-element ut-lozad skip-lazy\" data-background-image=\"https:\/\/www.mirsa.es\/wp-content\/uploads\/2022\/02\/pablo_outdoor_01.jpg\"><\/div>\r\n                <div class=\"ut-glitch-single-element ut-lozad skip-lazy\" data-background-image=\"https:\/\/www.mirsa.es\/wp-content\/uploads\/2022\/02\/pablo_outdoor_01.jpg\"><\/div>\r\n                <div class=\"ut-glitch-single-element ut-lozad skip-lazy\" data-background-image=\"https:\/\/www.mirsa.es\/wp-content\/uploads\/2022\/02\/pablo_outdoor_01.jpg\"><\/div>\r\n            <\/div>\r\n\r\n        <\/div>\r\n\r\n        <img loading=\"lazy\" decoding=\"async\" class=\"ut-lazy skip-lazy ut-animated-image \"  id=\"ut_am_69d18d3de1b58\" src=\"data:image\/svg+xml;charset=utf-8,%3Csvg xmlns%3D'http%3A%2F%2Fwww.w3.org%2F2000%2Fsvg' viewBox%3D'0 0 600 324'%2F%3E\" data-src=\"https:\/\/www.mirsa.es\/wp-content\/uploads\/2022\/02\/pablo_outdoor_01.jpg\" width=\"600\" height=\"324\" alt=\"\"\/><\/div><\/a><\/div><\/div><\/div>[\/vc_column][vc_column width=&#8221;1\/2&#8243;]<div  class=\"wpb_content_element   clearfix\"><style type=\"text\/css\">#ut_am_69d18d3de241d { opacity: 1; }#ut_am_wrap_69d18d3de241e { text-align: left; }@media (min-width: 768px) and (max-width: 1024px) { #ut_am_wrap_69d18d3de241e { text-align: left !important; } }@media (max-width: 767px) { #ut_am_wrap_69d18d3de241e { text-align: center !important; } }<\/style><div id=\"ut_am_wrap_69d18d3de241e\" class=\"ut-image-gallery-image \"><div id=\"ut_reveal_69d18d3de241f\"  data-appear-top-offset=\"auto\" class=\"ut-animated-image-item ut-image-gallery-item ut-animation-done \"><a class=\"ut-deactivated-link\" href=\"#\"><div class=\"ut-animated-image-zoom\">\r\n        <div class=\"ut-element-glitch-wrap\">\r\n\r\n            \r\n        <style type=\"text\/css\">\r\n\r\n                        \r\n        @media (min-width: 1025px) {\r\n\r\n        #ut-element-glitch-69d18d3de2435819282159-62445 .ut-glitch-single-element {\r\n                                            \r\n                }\r\n        }\r\n\r\n        @media (min-width: 768px) and (max-width: 1024px) {\r\n\r\n        #ut-element-glitch-69d18d3de2435819282159-62445 .ut-glitch-single-element {\r\n                                                \r\n                    }\r\n        }\r\n\r\n        @media (max-width: 767px) {\r\n\r\n        #ut-element-glitch-69d18d3de2435819282159-62445 .ut-glitch-single-element {\r\n                                                \r\n                    }\r\n        }\r\n\r\n        \r\n        <\/style>\r\n\r\n        \r\n            <div id=\"ut-element-glitch-69d18d3de2435819282159-62445\" class=\" ut-element-glitch ut-glitch-none ut-element-glitch-permanent\">\r\n                <div class=\"ut-glitch-single-element ut-lozad skip-lazy\" data-background-image=\"https:\/\/www.mirsa.es\/wp-content\/uploads\/2022\/02\/pablo_outdoor_02.jpg\"><\/div>\r\n                <div class=\"ut-glitch-single-element ut-lozad skip-lazy\" data-background-image=\"https:\/\/www.mirsa.es\/wp-content\/uploads\/2022\/02\/pablo_outdoor_02.jpg\"><\/div>\r\n                <div class=\"ut-glitch-single-element ut-lozad skip-lazy\" data-background-image=\"https:\/\/www.mirsa.es\/wp-content\/uploads\/2022\/02\/pablo_outdoor_02.jpg\"><\/div>\r\n                <div class=\"ut-glitch-single-element ut-lozad skip-lazy\" data-background-image=\"https:\/\/www.mirsa.es\/wp-content\/uploads\/2022\/02\/pablo_outdoor_02.jpg\"><\/div>\r\n                <div class=\"ut-glitch-single-element ut-lozad skip-lazy\" data-background-image=\"https:\/\/www.mirsa.es\/wp-content\/uploads\/2022\/02\/pablo_outdoor_02.jpg\"><\/div>\r\n            <\/div>\r\n\r\n        <\/div>\r\n\r\n        <img loading=\"lazy\" decoding=\"async\" class=\"ut-lazy skip-lazy ut-animated-image \"  id=\"ut_am_69d18d3de241d\" src=\"data:image\/svg+xml;charset=utf-8,%3Csvg xmlns%3D'http%3A%2F%2Fwww.w3.org%2F2000%2Fsvg' viewBox%3D'0 0 600 324'%2F%3E\" data-src=\"https:\/\/www.mirsa.es\/wp-content\/uploads\/2022\/02\/pablo_outdoor_02.jpg\" width=\"600\" height=\"324\" alt=\"\"\/><\/div><\/a><\/div><\/div><\/div>[\/vc_column][\/vc_row][\/vc_section]<\/p>\n<\/div>","protected":false},"excerpt":{"rendered":"<p>[vc_row][vc_column][vc_column_text] Pablo Outdoor \u00e9s la primera col\u00b7lecci\u00f3 de mobiliari exterior patentada pel reconegut dissenyador belga Vincent Van Duysen per a la prestigiosa firma B&#038;B Italia. Es tracta d&#8217;una col\u00b7lecci\u00f3 elegant i sofisticada que combina a la perfecci\u00f3 l\u00ednies rectes i corbes, aconseguint un sistema equilibrat i confortable, que destaca pel seu marcat disseny contemporani. La [&hellip;]<\/p>\n","protected":false},"author":1,"featured_media":0,"parent":0,"menu_order":0,"comment_status":"closed","ping_status":"closed","template":"","meta":{"footnotes":""},"class_list":["post-62449","page","type-page","status-publish","hentry"],"aioseo_notices":[],"_links":{"self":[{"href":"https:\/\/www.mirsa.es\/ca\/wp-json\/wp\/v2\/pages\/62449","targetHints":{"allow":["GET"]}}],"collection":[{"href":"https:\/\/www.mirsa.es\/ca\/wp-json\/wp\/v2\/pages"}],"about":[{"href":"https:\/\/www.mirsa.es\/ca\/wp-json\/wp\/v2\/types\/page"}],"author":[{"embeddable":true,"href":"https:\/\/www.mirsa.es\/ca\/wp-json\/wp\/v2\/users\/1"}],"replies":[{"embeddable":true,"href":"https:\/\/www.mirsa.es\/ca\/wp-json\/wp\/v2\/comments?post=62449"}],"version-history":[{"count":0,"href":"https:\/\/www.mirsa.es\/ca\/wp-json\/wp\/v2\/pages\/62449\/revisions"}],"wp:attachment":[{"href":"https:\/\/www.mirsa.es\/ca\/wp-json\/wp\/v2\/media?parent=62449"}],"curies":[{"name":"wp","href":"https:\/\/api.w.org\/{rel}","templated":true}]}}