{"id":62292,"date":"2022-02-01T15:35:11","date_gmt":"2022-02-01T15:35:11","guid":{"rendered":"https:\/\/www.mirsa.es\/cama-vintage-pianca\/"},"modified":"2022-02-01T16:58:08","modified_gmt":"2022-02-01T16:58:08","slug":"cama-vintage-pianca","status":"publish","type":"page","link":"https:\/\/www.mirsa.es\/ca\/cama-vintage-pianca\/","title":{"rendered":"Llit Vintage Pianca"},"content":{"rendered":"<div class=\"wpb-content-wrapper\"><p>[vc_row][vc_column][vc_column_text]<\/p>\n<p><img decoding=\"async\" class=\"wp-image-1077 size-large aligncenter\" title=\"Llit Vintage Pianca\" src=\"\/wp-content\/uploads\/2022\/02\/cama_vintage_pianca.jpg\" alt=\"Llit Vintage Pianca\" width=\"100%\" height=\"400\"\/><\/p>\n<h2 style=\"font-size: 16px; text-align: left;\"><strong>El llit Vintage de la reconeguda firma italiana Pianca destaca per les seves l\u00ednies suaus i subtils, aix\u00ed com per les seves proporcions pures i equilibrades.<\/strong><\/h2>\n<p style=\"font-size: 16px; text-align: left;\">L&#8217;estructura del llit es caracteritza per la seva exquisida combinaci\u00f3 de volums lleugers i equilibrats dins d&#8217;un context d&#8217;est\u00e8tica essencial. La col\u00b7lecci\u00f3 s&#8217;inspira en els cl\u00e0ssics dormitoris del segle XX, reinterpretant-los i adequant-los als nous temps.<\/p>\n<p style=\"font-size: 16px; text-align: left;\">Vintage incorpora una espectacular cap\u00e7alera doble que es compon per dos confortables coixins reclinables de grans dimensions.<\/p>\n<p style=\"font-size: 16px; text-align: left;\">La base es presenta tamb\u00e9 en dues versions diferenciades: amb potes visibles o sense somier. En ambdues possibilitats l&#8217;estructura pot ser entapissada en tela o en cuir natural o sint\u00e8tic.<\/p>\n<p style=\"font-size: 16px; text-align: left;\">Es tracta d&#8217;una col\u00b7lecci\u00f3 vers\u00e0til i polivalent, que s&#8217;adapta a la perfecci\u00f3 a la zona de nit gr\u00e0cies a les seves m\u00faltiples opcions de configuraci\u00f3 i personalitzaci\u00f3.<\/p>\n<p style=\"font-size: 16px; text-align: left;\">A MIRSA interiorisme &#038; mobiliari som distribu\u00efdors oficials Pianca. Per a m\u00e9s informaci\u00f3, visiti el nostre Showroom o contacti amb nosaltres. <\/p>\n<p>[\/vc_column_text][vc_row_inner][vc_column_inner]<style type=\"text\/css\">#bklyn_btn_69f2bcef88374 .bklyn-btn { color:#ffffff !important; background-color:black !important; }<\/style><div id=\"bklyn_btn_69f2bcef88374\" class=\"bklyn-btn-holder  bklyn-btn-center bklyn-btn-tablet-center bklyn-btn-mobile-center\"><a title=\"Contacto\"   href=\"\/contacto\" target=\"_self\" class=\"bklyn-btn  bklyn-btn-icon-left bklyn-btn-normal\" ><i class=\"fa fa-envelope\"><\/i><span class=\"ut-btn-text\">M\u00e9s informaci\u00f3<\/span><\/a><\/div>[\/vc_column_inner][\/vc_row_inner][vc_row_inner][vc_column_inner width=&#8221;1\/2&#8243;]<div  class=\"wpb_content_element   clearfix\"><style type=\"text\/css\">#ut_am_69f2bcef886f4 { opacity: 1; }#ut_am_wrap_69f2bcef886f5 { text-align: left; }@media (min-width: 768px) and (max-width: 1024px) { #ut_am_wrap_69f2bcef886f5 { text-align: left !important; } }@media (max-width: 767px) { #ut_am_wrap_69f2bcef886f5 { text-align: center !important; } }<\/style><div id=\"ut_am_wrap_69f2bcef886f5\" class=\"ut-image-gallery-image \"><div id=\"ut_reveal_69f2bcef886f6\"  data-appear-top-offset=\"auto\" class=\"ut-animated-image-item ut-image-gallery-item ut-animation-done \"><a class=\"ut-deactivated-link\" href=\"#\"><div class=\"ut-animated-image-zoom\">\r\n        <div class=\"ut-element-glitch-wrap\">\r\n\r\n            \r\n        <style type=\"text\/css\">\r\n\r\n                        \r\n        @media (min-width: 1025px) {\r\n\r\n        #ut-element-glitch-69f2bcef8871a602089412-62285 .ut-glitch-single-element {\r\n                                            \r\n                }\r\n        }\r\n\r\n        @media (min-width: 768px) and (max-width: 1024px) {\r\n\r\n        #ut-element-glitch-69f2bcef8871a602089412-62285 .ut-glitch-single-element {\r\n                                                \r\n                    }\r\n        }\r\n\r\n        @media (max-width: 767px) {\r\n\r\n        #ut-element-glitch-69f2bcef8871a602089412-62285 .ut-glitch-single-element {\r\n                                                \r\n                    }\r\n        }\r\n\r\n        \r\n        <\/style>\r\n\r\n        \r\n            <div id=\"ut-element-glitch-69f2bcef8871a602089412-62285\" class=\" ut-element-glitch ut-glitch-none ut-element-glitch-permanent\">\r\n                <div class=\"ut-glitch-single-element ut-lozad skip-lazy\" data-background-image=\"https:\/\/www.mirsa.es\/wp-content\/uploads\/2022\/02\/cama_vintage_pianca_01.jpg\"><\/div>\r\n                <div class=\"ut-glitch-single-element ut-lozad skip-lazy\" data-background-image=\"https:\/\/www.mirsa.es\/wp-content\/uploads\/2022\/02\/cama_vintage_pianca_01.jpg\"><\/div>\r\n                <div class=\"ut-glitch-single-element ut-lozad skip-lazy\" data-background-image=\"https:\/\/www.mirsa.es\/wp-content\/uploads\/2022\/02\/cama_vintage_pianca_01.jpg\"><\/div>\r\n                <div class=\"ut-glitch-single-element ut-lozad skip-lazy\" data-background-image=\"https:\/\/www.mirsa.es\/wp-content\/uploads\/2022\/02\/cama_vintage_pianca_01.jpg\"><\/div>\r\n                <div class=\"ut-glitch-single-element ut-lozad skip-lazy\" data-background-image=\"https:\/\/www.mirsa.es\/wp-content\/uploads\/2022\/02\/cama_vintage_pianca_01.jpg\"><\/div>\r\n            <\/div>\r\n\r\n        <\/div>\r\n\r\n        <img loading=\"lazy\" decoding=\"async\" class=\"ut-lazy skip-lazy ut-animated-image \"  id=\"ut_am_69f2bcef886f4\" src=\"data:image\/svg+xml;charset=utf-8,%3Csvg xmlns%3D'http%3A%2F%2Fwww.w3.org%2F2000%2Fsvg' viewBox%3D'0 0 600 324'%2F%3E\" data-src=\"https:\/\/www.mirsa.es\/wp-content\/uploads\/2022\/02\/cama_vintage_pianca_01.jpg\" width=\"600\" height=\"324\" alt=\"\"\/><\/div><\/a><\/div><\/div><\/div>[\/vc_column_inner][vc_column_inner width=&#8221;1\/2&#8243;]<div  class=\"wpb_content_element   clearfix\"><style type=\"text\/css\">#ut_am_69f2bcef88a33 { opacity: 1; }#ut_am_wrap_69f2bcef88a34 { text-align: left; }@media (min-width: 768px) and (max-width: 1024px) { #ut_am_wrap_69f2bcef88a34 { text-align: left !important; } }@media (max-width: 767px) { #ut_am_wrap_69f2bcef88a34 { text-align: center !important; } }<\/style><div id=\"ut_am_wrap_69f2bcef88a34\" class=\"ut-image-gallery-image \"><div id=\"ut_reveal_69f2bcef88a35\"  data-appear-top-offset=\"auto\" class=\"ut-animated-image-item ut-image-gallery-item ut-animation-done \"><a class=\"ut-deactivated-link\" href=\"#\"><div class=\"ut-animated-image-zoom\">\r\n        <div class=\"ut-element-glitch-wrap\">\r\n\r\n            \r\n        <style type=\"text\/css\">\r\n\r\n                        \r\n        @media (min-width: 1025px) {\r\n\r\n        #ut-element-glitch-69f2bcef88a4a291958994-62288 .ut-glitch-single-element {\r\n                                            \r\n                }\r\n        }\r\n\r\n        @media (min-width: 768px) and (max-width: 1024px) {\r\n\r\n        #ut-element-glitch-69f2bcef88a4a291958994-62288 .ut-glitch-single-element {\r\n                                                \r\n                    }\r\n        }\r\n\r\n        @media (max-width: 767px) {\r\n\r\n        #ut-element-glitch-69f2bcef88a4a291958994-62288 .ut-glitch-single-element {\r\n                                                \r\n                    }\r\n        }\r\n\r\n        \r\n        <\/style>\r\n\r\n        \r\n            <div id=\"ut-element-glitch-69f2bcef88a4a291958994-62288\" class=\" ut-element-glitch ut-glitch-none ut-element-glitch-permanent\">\r\n                <div class=\"ut-glitch-single-element ut-lozad skip-lazy\" data-background-image=\"https:\/\/www.mirsa.es\/wp-content\/uploads\/2022\/02\/cama_vintage_pianca_02.jpg\"><\/div>\r\n                <div class=\"ut-glitch-single-element ut-lozad skip-lazy\" data-background-image=\"https:\/\/www.mirsa.es\/wp-content\/uploads\/2022\/02\/cama_vintage_pianca_02.jpg\"><\/div>\r\n                <div class=\"ut-glitch-single-element ut-lozad skip-lazy\" data-background-image=\"https:\/\/www.mirsa.es\/wp-content\/uploads\/2022\/02\/cama_vintage_pianca_02.jpg\"><\/div>\r\n                <div class=\"ut-glitch-single-element ut-lozad skip-lazy\" data-background-image=\"https:\/\/www.mirsa.es\/wp-content\/uploads\/2022\/02\/cama_vintage_pianca_02.jpg\"><\/div>\r\n                <div class=\"ut-glitch-single-element ut-lozad skip-lazy\" data-background-image=\"https:\/\/www.mirsa.es\/wp-content\/uploads\/2022\/02\/cama_vintage_pianca_02.jpg\"><\/div>\r\n            <\/div>\r\n\r\n        <\/div>\r\n\r\n        <img loading=\"lazy\" decoding=\"async\" class=\"ut-lazy skip-lazy ut-animated-image \"  id=\"ut_am_69f2bcef88a33\" src=\"data:image\/svg+xml;charset=utf-8,%3Csvg xmlns%3D'http%3A%2F%2Fwww.w3.org%2F2000%2Fsvg' viewBox%3D'0 0 600 324'%2F%3E\" data-src=\"https:\/\/www.mirsa.es\/wp-content\/uploads\/2022\/02\/cama_vintage_pianca_02.jpg\" width=\"600\" height=\"324\" alt=\"\"\/><\/div><\/a><\/div><\/div><\/div>[\/vc_column_inner][\/vc_row_inner][\/vc_column][\/vc_row]<\/p>\n<\/div>","protected":false},"excerpt":{"rendered":"<p>[vc_row][vc_column][vc_column_text] El llit Vintage de la reconeguda firma italiana Pianca destaca per les seves l\u00ednies suaus i subtils, aix\u00ed com per les seves proporcions pures i equilibrades. L&#8217;estructura del llit es caracteritza per la seva exquisida combinaci\u00f3 de volums lleugers i equilibrats dins d&#8217;un context d&#8217;est\u00e8tica essencial. La col\u00b7lecci\u00f3 s&#8217;inspira en els cl\u00e0ssics dormitoris del [&hellip;]<\/p>\n","protected":false},"author":1,"featured_media":0,"parent":0,"menu_order":0,"comment_status":"closed","ping_status":"closed","template":"","meta":{"footnotes":""},"class_list":["post-62292","page","type-page","status-publish","hentry"],"aioseo_notices":[],"_links":{"self":[{"href":"https:\/\/www.mirsa.es\/ca\/wp-json\/wp\/v2\/pages\/62292","targetHints":{"allow":["GET"]}}],"collection":[{"href":"https:\/\/www.mirsa.es\/ca\/wp-json\/wp\/v2\/pages"}],"about":[{"href":"https:\/\/www.mirsa.es\/ca\/wp-json\/wp\/v2\/types\/page"}],"author":[{"embeddable":true,"href":"https:\/\/www.mirsa.es\/ca\/wp-json\/wp\/v2\/users\/1"}],"replies":[{"embeddable":true,"href":"https:\/\/www.mirsa.es\/ca\/wp-json\/wp\/v2\/comments?post=62292"}],"version-history":[{"count":0,"href":"https:\/\/www.mirsa.es\/ca\/wp-json\/wp\/v2\/pages\/62292\/revisions"}],"wp:attachment":[{"href":"https:\/\/www.mirsa.es\/ca\/wp-json\/wp\/v2\/media?parent=62292"}],"curies":[{"name":"wp","href":"https:\/\/api.w.org\/{rel}","templated":true}]}}