{"id":62243,"date":"2022-01-29T10:43:40","date_gmt":"2022-01-29T10:43:40","guid":{"rendered":"https:\/\/www.mirsa.es\/trama-intreccio-pianca\/"},"modified":"2022-01-29T11:08:49","modified_gmt":"2022-01-29T11:08:49","slug":"trama-intreccio-pianca","status":"publish","type":"page","link":"https:\/\/www.mirsa.es\/ca\/trama-intreccio-pianca\/","title":{"rendered":"Trama Intreccio Pianca"},"content":{"rendered":"<div class=\"wpb-content-wrapper\"><p>[vc_row][vc_column][vc_column_text]<\/p>\n<p><img decoding=\"async\" class=\"wp-image-1077 size-large aligncenter\" title=\"Trama Intreccio Pianca\" src=\"\/wp-content\/uploads\/2022\/01\/cama_trama_intreccio_pianca.jpg\" alt=\"Trama Intreccio Pianca\" width=\"100%\" height=\"400\"\/><\/p>\n<h2 style=\"font-size: 16px; text-align: left;\"><strong>Trama Intreccio de la prestigiosa firma italiana PIANCA \u00e9s un espectacular llit de disseny contemporani que transmet eleg\u00e0ncia i sofisticaci\u00f3.<\/strong><\/h2>\n<p style=\"font-size: 16px; text-align: left;\">La col\u00b7lecci\u00f3 es concep com una combinaci\u00f3 perfecta entre tradici\u00f3 i avantguarda, un llit que conserva l&#8217;ess\u00e8ncia de les col\u00b7leccions cl\u00e0ssiques incorporant nous elements per adaptar-se als temps actuals.<\/p>\n<p style=\"font-size: 16px; text-align: left;\">L&#8217;estructura de Trama Intreccio ha estat dissenyada especialment per a garantir el m\u00e0xim confrot gr\u00e0cies a la destresa dels experts artesans que treballen per a la firma, creant una atmosfera.<\/p>\n<p style=\"font-size: 16px; text-align: left;\">La cap\u00e7alera es caracteritza per la seva estructura de cuir entrella\u00e7at a m\u00e0, que crea una elegant continu\u00eftat real\u00e7ant i potenciant les propietats del cuir.<\/p>\n<p style=\"font-size: 16px; text-align: left;\">El llit est\u00e0 disponible en una \u00e0mplia gamma de mides i acabats, oferint aix\u00ed una gran quantitat d&#8217;opcions de configuraci\u00f3 i personalitzaci\u00f3.<\/p>\n<p style=\"font-size: 16px; text-align: left;\">A MIRSA interiorisme &#038; mobiliari som distribu\u00efdors oficials PIANCA. Per a m\u00e9s informaci\u00f3, visiti el nostre Showroom o contacti amb nosaltres.<\/p>\n<p>[\/vc_column_text][vc_row_inner][vc_column_inner]<style type=\"text\/css\">#bklyn_btn_69d1aa5e4251e .bklyn-btn { color:#ffffff !important; background-color:black !important; }<\/style><div id=\"bklyn_btn_69d1aa5e4251e\" class=\"bklyn-btn-holder  bklyn-btn-center bklyn-btn-tablet-center bklyn-btn-mobile-center\"><a title=\"Contacto\"   href=\"\/contacto\" target=\"_self\" class=\"bklyn-btn  bklyn-btn-icon-left bklyn-btn-normal\" ><i class=\"fa fa-envelope\"><\/i><span class=\"ut-btn-text\">M\u00e9s informaci\u00f3<\/span><\/a><\/div>[\/vc_column_inner][\/vc_row_inner][\/vc_column][\/vc_row]<\/p>\n<\/div>","protected":false},"excerpt":{"rendered":"<p>[vc_row][vc_column][vc_column_text] Trama Intreccio de la prestigiosa firma italiana PIANCA \u00e9s un espectacular llit de disseny contemporani que transmet eleg\u00e0ncia i sofisticaci\u00f3. La col\u00b7lecci\u00f3 es concep com una combinaci\u00f3 perfecta entre tradici\u00f3 i avantguarda, un llit que conserva l&#8217;ess\u00e8ncia de les col\u00b7leccions cl\u00e0ssiques incorporant nous elements per adaptar-se als temps actuals. L&#8217;estructura de Trama Intreccio ha [&hellip;]<\/p>\n","protected":false},"author":1,"featured_media":0,"parent":0,"menu_order":0,"comment_status":"closed","ping_status":"closed","template":"","meta":{"footnotes":""},"class_list":["post-62243","page","type-page","status-publish","hentry"],"aioseo_notices":[],"_links":{"self":[{"href":"https:\/\/www.mirsa.es\/ca\/wp-json\/wp\/v2\/pages\/62243","targetHints":{"allow":["GET"]}}],"collection":[{"href":"https:\/\/www.mirsa.es\/ca\/wp-json\/wp\/v2\/pages"}],"about":[{"href":"https:\/\/www.mirsa.es\/ca\/wp-json\/wp\/v2\/types\/page"}],"author":[{"embeddable":true,"href":"https:\/\/www.mirsa.es\/ca\/wp-json\/wp\/v2\/users\/1"}],"replies":[{"embeddable":true,"href":"https:\/\/www.mirsa.es\/ca\/wp-json\/wp\/v2\/comments?post=62243"}],"version-history":[{"count":0,"href":"https:\/\/www.mirsa.es\/ca\/wp-json\/wp\/v2\/pages\/62243\/revisions"}],"wp:attachment":[{"href":"https:\/\/www.mirsa.es\/ca\/wp-json\/wp\/v2\/media?parent=62243"}],"curies":[{"name":"wp","href":"https:\/\/api.w.org\/{rel}","templated":true}]}}