{"id":62062,"date":"2022-01-21T10:44:26","date_gmt":"2022-01-21T10:44:26","guid":{"rendered":"https:\/\/www.mirsa.es\/sofa-andy-ligne-roset\/"},"modified":"2022-01-21T10:54:21","modified_gmt":"2022-01-21T10:54:21","slug":"sofa-andy-ligne-roset","status":"publish","type":"page","link":"https:\/\/www.mirsa.es\/ca\/sofa-andy-ligne-roset\/","title":{"rendered":"Andy Ligne Roset"},"content":{"rendered":"<div class=\"wpb-content-wrapper\"><p>[vc_row][vc_column][vc_column_text]<\/p>\n<h5><img decoding=\"async\" class=\"wp-image-1077 size-large aligncenter\" title=\"Sof\u00e1 Andy Ligne Roset\" src=\"\/wp-content\/uploads\/2022\/01\/sofa_andy_ligne_roset.jpg\" alt=\"Sof\u00e1 Andy Ligne Roset\" width=\"100%\" height=\"400\"\/><\/h5>\n<p style=\"font-size: 16px; text-align: left;\"><strong>Andy de la prestigiosa firma francesa Ligne Roset \u00e9s un exclusiu sof\u00e0 d&#8217;estil contemporani, que neix com una reinterpretaci\u00f3 de l&#8217;ic\u00f2nic sof\u00e0 Florence Knoll de l&#8217;any 1954.<\/strong><\/p>\n<p style=\"font-size: 16px; text-align: left;\">Patentat pel prestigi\u00f3s dissenyador Pierre Paulin, aquesta espectacular col\u00b7lecci\u00f3 es diferencia de l&#8217;original pels seus contorns, que en aquesta ocasi\u00f3 es presenten m\u00e9s suavitzats.<\/p>\n<p style=\"font-size: 16px; text-align: left;\">L&#8217;antiga base de metall es substitueix en aquesta ocasi\u00f3 per 4 potes, aportant eleg\u00e0ncia i lleugeresa al sof\u00e0 i modernitzant per complet la seva est\u00e8tica.<\/p>\n<p style=\"font-size: 16px; text-align: left;\">Les potes en acer cromat arriben fins als bra\u00e7os, conferint a la col\u00b7lecci\u00f3 una imatge d&#8217;eleg\u00e0ncia i sofisticaci\u00f3 que el diferencia de la resta de sof\u00e0s.<\/p>\n<p style=\"font-size: 16px; text-align: left;\">Pierre Paulin ens presenta un sof\u00e0 vers\u00e0til i refinat, que gr\u00e0cies als seus m\u00faltiples opcions de configuraci\u00f3 i personalitzaci\u00f3, s&#8217;adapta amb facilitat a qualsevol mena d&#8217;espai de la zona de dia.<\/p>\n<p style=\"font-size: 16px; text-align: left;\">A MIRSA interiorisme &#038; mobiliari som distribu\u00efdors oficials Ligne Roset. Per a m\u00e9s informaci\u00f3, visiti el nostre Showroom o contacti amb nosaltres.<\/p>\n<p>[\/vc_column_text][vc_row_inner][vc_column_inner]<style type=\"text\/css\">#bklyn_btn_69f3beb4cdf8c .bklyn-btn { color:#ffffff !important; background-color:black !important; }<\/style><div id=\"bklyn_btn_69f3beb4cdf8c\" class=\"bklyn-btn-holder  bklyn-btn-center bklyn-btn-tablet-center bklyn-btn-mobile-center\"><a title=\"Contacto\"   href=\"\/contacto\" target=\"_self\" class=\"bklyn-btn  bklyn-btn-icon-left bklyn-btn-normal\" ><i class=\"fa fa-envelope\"><\/i><span class=\"ut-btn-text\">M\u00e9s informaci\u00f3<\/span><\/a><\/div>[\/vc_column_inner][\/vc_row_inner][\/vc_column][\/vc_row][vc_section][vc_row][vc_column width=&#8221;1\/2&#8243;]<div  class=\"wpb_content_element   clearfix\"><style type=\"text\/css\">#ut_am_69f3beb4ce39b { opacity: 1; }#ut_am_wrap_69f3beb4ce39c { text-align: left; }@media (min-width: 768px) and (max-width: 1024px) { #ut_am_wrap_69f3beb4ce39c { text-align: left !important; } }@media (max-width: 767px) { #ut_am_wrap_69f3beb4ce39c { text-align: center !important; } }<\/style><div id=\"ut_am_wrap_69f3beb4ce39c\" class=\"ut-image-gallery-image \"><div id=\"ut_reveal_69f3beb4ce39d\"  data-appear-top-offset=\"auto\" class=\"ut-animated-image-item ut-image-gallery-item ut-animation-done \"><a class=\"ut-deactivated-link\" href=\"#\"><div class=\"ut-animated-image-zoom\">\r\n        <div class=\"ut-element-glitch-wrap\">\r\n\r\n            \r\n        <style type=\"text\/css\">\r\n\r\n                        \r\n        @media (min-width: 1025px) {\r\n\r\n        #ut-element-glitch-69f3beb4ce3c0811846371-62054 .ut-glitch-single-element {\r\n                                            \r\n                }\r\n        }\r\n\r\n        @media (min-width: 768px) and (max-width: 1024px) {\r\n\r\n        #ut-element-glitch-69f3beb4ce3c0811846371-62054 .ut-glitch-single-element {\r\n                                                \r\n                    }\r\n        }\r\n\r\n        @media (max-width: 767px) {\r\n\r\n        #ut-element-glitch-69f3beb4ce3c0811846371-62054 .ut-glitch-single-element {\r\n                                                \r\n                    }\r\n        }\r\n\r\n        \r\n        <\/style>\r\n\r\n        \r\n            <div id=\"ut-element-glitch-69f3beb4ce3c0811846371-62054\" class=\" ut-element-glitch ut-glitch-none ut-element-glitch-permanent\">\r\n                <div class=\"ut-glitch-single-element ut-lozad skip-lazy\" data-background-image=\"https:\/\/www.mirsa.es\/wp-content\/uploads\/2022\/01\/sofa_andy_ligne_roset_01.jpg\"><\/div>\r\n                <div class=\"ut-glitch-single-element ut-lozad skip-lazy\" data-background-image=\"https:\/\/www.mirsa.es\/wp-content\/uploads\/2022\/01\/sofa_andy_ligne_roset_01.jpg\"><\/div>\r\n                <div class=\"ut-glitch-single-element ut-lozad skip-lazy\" data-background-image=\"https:\/\/www.mirsa.es\/wp-content\/uploads\/2022\/01\/sofa_andy_ligne_roset_01.jpg\"><\/div>\r\n                <div class=\"ut-glitch-single-element ut-lozad skip-lazy\" data-background-image=\"https:\/\/www.mirsa.es\/wp-content\/uploads\/2022\/01\/sofa_andy_ligne_roset_01.jpg\"><\/div>\r\n                <div class=\"ut-glitch-single-element ut-lozad skip-lazy\" data-background-image=\"https:\/\/www.mirsa.es\/wp-content\/uploads\/2022\/01\/sofa_andy_ligne_roset_01.jpg\"><\/div>\r\n            <\/div>\r\n\r\n        <\/div>\r\n\r\n        <img loading=\"lazy\" decoding=\"async\" class=\"ut-lazy skip-lazy ut-animated-image \"  id=\"ut_am_69f3beb4ce39b\" src=\"data:image\/svg+xml;charset=utf-8,%3Csvg xmlns%3D'http%3A%2F%2Fwww.w3.org%2F2000%2Fsvg' viewBox%3D'0 0 600 600'%2F%3E\" data-src=\"https:\/\/www.mirsa.es\/wp-content\/uploads\/2022\/01\/sofa_andy_ligne_roset_01.jpg\" width=\"600\" height=\"600\" alt=\"\"\/><\/div><\/a><\/div><\/div><\/div>[\/vc_column][vc_column width=&#8221;1\/2&#8243;]<div  class=\"wpb_content_element   clearfix\"><style type=\"text\/css\">#ut_am_69f3beb4ce76d { opacity: 1; }#ut_am_wrap_69f3beb4ce76e { text-align: left; }@media (min-width: 768px) and (max-width: 1024px) { #ut_am_wrap_69f3beb4ce76e { text-align: left !important; } }@media (max-width: 767px) { #ut_am_wrap_69f3beb4ce76e { text-align: center !important; } }<\/style><div id=\"ut_am_wrap_69f3beb4ce76e\" class=\"ut-image-gallery-image \"><div id=\"ut_reveal_69f3beb4ce76f\"  data-appear-top-offset=\"auto\" class=\"ut-animated-image-item ut-image-gallery-item ut-animation-done \"><a class=\"ut-deactivated-link\" href=\"#\"><div class=\"ut-animated-image-zoom\">\r\n        <div class=\"ut-element-glitch-wrap\">\r\n\r\n            \r\n        <style type=\"text\/css\">\r\n\r\n                        \r\n        @media (min-width: 1025px) {\r\n\r\n        #ut-element-glitch-69f3beb4ce78a691129623-62057 .ut-glitch-single-element {\r\n                                            \r\n                }\r\n        }\r\n\r\n        @media (min-width: 768px) and (max-width: 1024px) {\r\n\r\n        #ut-element-glitch-69f3beb4ce78a691129623-62057 .ut-glitch-single-element {\r\n                                                \r\n                    }\r\n        }\r\n\r\n        @media (max-width: 767px) {\r\n\r\n        #ut-element-glitch-69f3beb4ce78a691129623-62057 .ut-glitch-single-element {\r\n                                                \r\n                    }\r\n        }\r\n\r\n        \r\n        <\/style>\r\n\r\n        \r\n            <div id=\"ut-element-glitch-69f3beb4ce78a691129623-62057\" class=\" ut-element-glitch ut-glitch-none ut-element-glitch-permanent\">\r\n                <div class=\"ut-glitch-single-element ut-lozad skip-lazy\" data-background-image=\"https:\/\/www.mirsa.es\/wp-content\/uploads\/2022\/01\/sofa_andy_ligne_roset_02.jpg\"><\/div>\r\n                <div class=\"ut-glitch-single-element ut-lozad skip-lazy\" data-background-image=\"https:\/\/www.mirsa.es\/wp-content\/uploads\/2022\/01\/sofa_andy_ligne_roset_02.jpg\"><\/div>\r\n                <div class=\"ut-glitch-single-element ut-lozad skip-lazy\" data-background-image=\"https:\/\/www.mirsa.es\/wp-content\/uploads\/2022\/01\/sofa_andy_ligne_roset_02.jpg\"><\/div>\r\n                <div class=\"ut-glitch-single-element ut-lozad skip-lazy\" data-background-image=\"https:\/\/www.mirsa.es\/wp-content\/uploads\/2022\/01\/sofa_andy_ligne_roset_02.jpg\"><\/div>\r\n                <div class=\"ut-glitch-single-element ut-lozad skip-lazy\" data-background-image=\"https:\/\/www.mirsa.es\/wp-content\/uploads\/2022\/01\/sofa_andy_ligne_roset_02.jpg\"><\/div>\r\n            <\/div>\r\n\r\n        <\/div>\r\n\r\n        <img loading=\"lazy\" decoding=\"async\" class=\"ut-lazy skip-lazy ut-animated-image \"  id=\"ut_am_69f3beb4ce76d\" src=\"data:image\/svg+xml;charset=utf-8,%3Csvg xmlns%3D'http%3A%2F%2Fwww.w3.org%2F2000%2Fsvg' viewBox%3D'0 0 600 600'%2F%3E\" data-src=\"https:\/\/www.mirsa.es\/wp-content\/uploads\/2022\/01\/sofa_andy_ligne_roset_02.jpg\" width=\"600\" height=\"600\" alt=\"\"\/><\/div><\/a><\/div><\/div><\/div>[\/vc_column][\/vc_row][\/vc_section]<\/p>\n<\/div>","protected":false},"excerpt":{"rendered":"<p>[vc_row][vc_column][vc_column_text] Andy de la prestigiosa firma francesa Ligne Roset \u00e9s un exclusiu sof\u00e0 d&#8217;estil contemporani, que neix com una reinterpretaci\u00f3 de l&#8217;ic\u00f2nic sof\u00e0 Florence Knoll de l&#8217;any 1954. Patentat pel prestigi\u00f3s dissenyador Pierre Paulin, aquesta espectacular col\u00b7lecci\u00f3 es diferencia de l&#8217;original pels seus contorns, que en aquesta ocasi\u00f3 es presenten m\u00e9s suavitzats. L&#8217;antiga base de [&hellip;]<\/p>\n","protected":false},"author":1,"featured_media":0,"parent":0,"menu_order":0,"comment_status":"closed","ping_status":"closed","template":"","meta":{"footnotes":""},"class_list":["post-62062","page","type-page","status-publish","hentry"],"aioseo_notices":[],"_links":{"self":[{"href":"https:\/\/www.mirsa.es\/ca\/wp-json\/wp\/v2\/pages\/62062","targetHints":{"allow":["GET"]}}],"collection":[{"href":"https:\/\/www.mirsa.es\/ca\/wp-json\/wp\/v2\/pages"}],"about":[{"href":"https:\/\/www.mirsa.es\/ca\/wp-json\/wp\/v2\/types\/page"}],"author":[{"embeddable":true,"href":"https:\/\/www.mirsa.es\/ca\/wp-json\/wp\/v2\/users\/1"}],"replies":[{"embeddable":true,"href":"https:\/\/www.mirsa.es\/ca\/wp-json\/wp\/v2\/comments?post=62062"}],"version-history":[{"count":0,"href":"https:\/\/www.mirsa.es\/ca\/wp-json\/wp\/v2\/pages\/62062\/revisions"}],"wp:attachment":[{"href":"https:\/\/www.mirsa.es\/ca\/wp-json\/wp\/v2\/media?parent=62062"}],"curies":[{"name":"wp","href":"https:\/\/api.w.org\/{rel}","templated":true}]}}