{"id":61910,"date":"2022-01-15T10:51:48","date_gmt":"2022-01-15T10:51:48","guid":{"rendered":"https:\/\/www.mirsa.es\/birex-muebles-zapateros\/"},"modified":"2024-05-15T07:19:41","modified_gmt":"2024-05-15T07:19:41","slug":"birex-muebles-zapateros","status":"publish","type":"page","link":"https:\/\/www.mirsa.es\/ca\/birex-muebles-zapateros\/","title":{"rendered":"Birex Mobles Sabaters"},"content":{"rendered":"<div class=\"wpb-content-wrapper\"><p>[vc_row css=&#8221;.vc_custom_1583596731269{margin-left: -50px !important;}&#8221;][vc_column][vc_column_text]<a style=\"color:black;\" href=\"javascript:history.go(-1)\" onmouseover=\"self.status=document.referrer;return true\">Enrere<\/a>[\/vc_column_text][\/vc_column][\/vc_row][vc_row][vc_column][vc_column_text]<\/p>\n<h5><img decoding=\"async\" class=\"wp-image-1077 size-large aligncenter\" title=\"Birex Muebles Zapateros\" src=\"\/wp-content\/uploads\/2022\/01\/muebles_birex_00.jpg\" alt=\"Birex Muebles Zapateros\" width=\"100%\" height=\"400\" \/><\/h5>\n<p style=\"font-size: 16px; text-align: left;\"><strong>Birex \u00e9s una reconeguda firma italiana dedicada a la fabricaci\u00f3 i distribuci\u00f3 de mobiliari contemporani, que es caracteritza per la funcionalitat i l\u2019est\u00e8tica minimalista de totes les seves col\u00b7leccions.<\/strong><\/p>\n<p style=\"font-size: 16px; text-align: left;\">La firma italiana est\u00e0 especialitzada en la fabricaci\u00f3 de sabaters i mobles de bany, i s\u2019ha convertit en un veritable referent per a dissenyadors i interioristes d\u2019arreu del m\u00f3n.<\/p>\n<p style=\"font-size: 16px; text-align: left;\">Gr\u00e0cies al seu ampli cat\u00e0leg de productes i a la versatilitat de les seves col\u00b7leccions, Birex ofereix una \u00e0mplia gamma d\u2019opcions de personalitzaci\u00f3 i configuraci\u00f3 en tot el seu mobiliari, garantint sempre la millor soluci\u00f3 per a qualsevol mena d\u2019espai.<\/p>\n<p style=\"font-size: 16px; text-align: left;\">Birex ofereix solucions modernes i atemporals per a la llar, mantenint un perfecte equilibri entre eleg\u00e0ncia i funcionalitat.<\/p>\n<p style=\"font-size: 16px; text-align: left;\">La firma disposa d\u2019un gran equip d\u2019enginyers i artesans, que mitjan\u00e7ant sofisticats i innovadors processos de producci\u00f3, garanteixen la m\u00e0xima qualitat.<\/p>\n<p style=\"font-size: 16px; text-align: left;\">A MIRSA interiorisme &#038; mobiliari som distribu\u00efdors oficials Birex. Per a m\u00e9s informaci\u00f3, visiti el nostre Showroom o contacti amb nosaltres.<\/p>\n<p>[\/vc_column_text][\/vc_column][\/vc_row][vc_section][vc_row full_width=&#8221;stretch_row_content_no_spaces&#8221;][vc_column][vc_column_text]<iframe id=\"embedded-ads-iframe-website\" width=\"100%\" height=\"600\" data-originsrc=\"https:\/\/mirsa.daloom.com\/es\/productos\/mobiliario\/brand_birex\"><\/iframe><br \/>\n<script defer src=\"https:\/\/mirsa.daloom.com\/js\/parent-embedded-script.min.js\"><\/script>[\/vc_column_text][\/vc_column][\/vc_row][\/vc_section]<\/p>\n<\/div>","protected":false},"excerpt":{"rendered":"<p>[vc_row css=&#8221;.vc_custom_1583596731269{margin-left: -50px !important;}&#8221;][vc_column][vc_column_text]Enrere[\/vc_column_text][\/vc_column][\/vc_row][vc_row][vc_column][vc_column_text] Birex \u00e9s una reconeguda firma italiana dedicada a la fabricaci\u00f3 i distribuci\u00f3 de mobiliari contemporani, que es caracteritza per la funcionalitat i l\u2019est\u00e8tica minimalista de totes les seves col\u00b7leccions. La firma italiana est\u00e0 especialitzada en la fabricaci\u00f3 de sabaters i mobles de bany, i s\u2019ha convertit en un veritable referent per [&hellip;]<\/p>\n","protected":false},"author":1,"featured_media":0,"parent":0,"menu_order":0,"comment_status":"closed","ping_status":"closed","template":"","meta":{"footnotes":""},"class_list":["post-61910","page","type-page","status-publish","hentry"],"aioseo_notices":[],"_links":{"self":[{"href":"https:\/\/www.mirsa.es\/ca\/wp-json\/wp\/v2\/pages\/61910","targetHints":{"allow":["GET"]}}],"collection":[{"href":"https:\/\/www.mirsa.es\/ca\/wp-json\/wp\/v2\/pages"}],"about":[{"href":"https:\/\/www.mirsa.es\/ca\/wp-json\/wp\/v2\/types\/page"}],"author":[{"embeddable":true,"href":"https:\/\/www.mirsa.es\/ca\/wp-json\/wp\/v2\/users\/1"}],"replies":[{"embeddable":true,"href":"https:\/\/www.mirsa.es\/ca\/wp-json\/wp\/v2\/comments?post=61910"}],"version-history":[{"count":0,"href":"https:\/\/www.mirsa.es\/ca\/wp-json\/wp\/v2\/pages\/61910\/revisions"}],"wp:attachment":[{"href":"https:\/\/www.mirsa.es\/ca\/wp-json\/wp\/v2\/media?parent=61910"}],"curies":[{"name":"wp","href":"https:\/\/api.w.org\/{rel}","templated":true}]}}