{"id":61859,"date":"2022-01-14T10:36:25","date_gmt":"2022-01-14T10:36:25","guid":{"rendered":"https:\/\/www.mirsa.es\/?page_id=61859"},"modified":"2022-01-14T10:57:16","modified_gmt":"2022-01-14T10:57:16","slug":"mesa-loto-maxalto","status":"publish","type":"page","link":"https:\/\/www.mirsa.es\/ca\/mesa-loto-maxalto\/","title":{"rendered":"Taula Loto Maxalto"},"content":{"rendered":"<div class=\"wpb-content-wrapper\"><p>[vc_row][vc_column][vc_column_text]<\/p>\n<h5><img decoding=\"async\" class=\"wp-image-1077 size-large aligncenter\" title=\"Taula Loto Maxalto\" src=\"\/wp-content\/uploads\/2022\/01\/mesa_loto_maxalto.jpg\" alt=\"Taula Loto Maxalto\" width=\"100%\" height=\"400\" \/><\/h5>\n<p style=\"font-size: 16px; text-align: left;\"><strong>Loto de la firma Maxalto \u00e9s una elegant i exclusiva taula de centre d&#8217;inspiraci\u00f3 oriental patentada pel prestigi\u00f3s dissenyador itali\u00e0 Citterio.<\/strong><\/p>\n<p style=\"font-size: 16px; text-align: left;\">La col\u00b7lecci\u00f3 est\u00e0 disponible en diferents mides i acabats, i es caracteritza pel volum circular de la seva estructura que incorpora unes refinades l\u00e0mines en fusta massissa.<\/p>\n<p style=\"font-size: 16px; text-align: left;\">Es tracta d&#8217;una col\u00b7lecci\u00f3 vers\u00e0til i polivalent, que s&#8217;adapta amb facilitat a qualsevol mena d&#8217;espai gr\u00e0cies a la seva lleugeresa. Citterio concep la taula Loto com una combinaci\u00f3 perfecta entre disseny i funcionalitat<\/p>\n<p style=\"font-size: 16px; text-align: left;\">Des de 1997, Antonio Citterio \u00e9s l&#8217;encarregat de coordinar \u00edntegrament les col\u00b7leccions de la firma Maxalto. Encara que inicialment Maxalto va n\u00e9ixer com a col\u00b7lecci\u00f3 exclusiva B&#038;B Italia, amb el pas del temps i gr\u00e0cies als seus m\u00faltiples \u00e8xits, ha acabat sent una firma aut\u00f2noma i amb identitat pr\u00f2pia.<\/p>\n<p style=\"font-size: 16px; text-align: left;\">A MIRSA interiorisme &#038; mobiliari som distribu\u00efdors oficials Maxalto. Per a m\u00e9s informaci\u00f3, visiti el nostre Showroom o contacti amb nosaltres.<\/p>\n<p>[\/vc_column_text][vc_row_inner][vc_column_inner]<style type=\"text\/css\">#bklyn_btn_69f3752edaa8d .bklyn-btn { color:#ffffff !important; background-color:black !important; }<\/style><div id=\"bklyn_btn_69f3752edaa8d\" class=\"bklyn-btn-holder  bklyn-btn-center bklyn-btn-tablet-center bklyn-btn-mobile-center\"><a title=\"Contacto\"   href=\"\/contacto\" target=\"_self\" class=\"bklyn-btn  bklyn-btn-icon-left bklyn-btn-normal\" ><i class=\"fa fa-envelope\"><\/i><span class=\"ut-btn-text\">M\u00e9s informaci\u00f3<\/span><\/a><\/div>[\/vc_column_inner][\/vc_row_inner][\/vc_column][\/vc_row]<\/p>\n<\/div>","protected":false},"excerpt":{"rendered":"<p>[vc_row][vc_column][vc_column_text] Loto de la firma Maxalto \u00e9s una elegant i exclusiva taula de centre d&#8217;inspiraci\u00f3 oriental patentada pel prestigi\u00f3s dissenyador itali\u00e0 Citterio. La col\u00b7lecci\u00f3 est\u00e0 disponible en diferents mides i acabats, i es caracteritza pel volum circular de la seva estructura que incorpora unes refinades l\u00e0mines en fusta massissa. Es tracta d&#8217;una col\u00b7lecci\u00f3 vers\u00e0til i [&hellip;]<\/p>\n","protected":false},"author":1,"featured_media":0,"parent":0,"menu_order":0,"comment_status":"closed","ping_status":"closed","template":"","meta":{"footnotes":""},"class_list":["post-61859","page","type-page","status-publish","hentry"],"aioseo_notices":[],"_links":{"self":[{"href":"https:\/\/www.mirsa.es\/ca\/wp-json\/wp\/v2\/pages\/61859","targetHints":{"allow":["GET"]}}],"collection":[{"href":"https:\/\/www.mirsa.es\/ca\/wp-json\/wp\/v2\/pages"}],"about":[{"href":"https:\/\/www.mirsa.es\/ca\/wp-json\/wp\/v2\/types\/page"}],"author":[{"embeddable":true,"href":"https:\/\/www.mirsa.es\/ca\/wp-json\/wp\/v2\/users\/1"}],"replies":[{"embeddable":true,"href":"https:\/\/www.mirsa.es\/ca\/wp-json\/wp\/v2\/comments?post=61859"}],"version-history":[{"count":0,"href":"https:\/\/www.mirsa.es\/ca\/wp-json\/wp\/v2\/pages\/61859\/revisions"}],"wp:attachment":[{"href":"https:\/\/www.mirsa.es\/ca\/wp-json\/wp\/v2\/media?parent=61859"}],"curies":[{"name":"wp","href":"https:\/\/api.w.org\/{rel}","templated":true}]}}