{"id":61844,"date":"2022-01-13T17:33:51","date_gmt":"2022-01-13T17:33:51","guid":{"rendered":"https:\/\/www.mirsa.es\/mesa-lithos-maxalto\/"},"modified":"2022-01-13T17:41:37","modified_gmt":"2022-01-13T17:41:37","slug":"mesa-lithos-maxalto","status":"publish","type":"page","link":"https:\/\/www.mirsa.es\/ca\/mesa-lithos-maxalto\/","title":{"rendered":"Taula Lithos Maxalto"},"content":{"rendered":"<div class=\"wpb-content-wrapper\"><p>[vc_row][vc_column][vc_column_text]<\/p>\n<h5><img decoding=\"async\" class=\"wp-image-1077 size-large aligncenter\" title=\"Taula Lithos Maxalto\" src=\"\/wp-content\/uploads\/2022\/01\/mesa_lithos_maxalto.jpg\" alt=\"Taula Lithos Maxalto\" width=\"100%\" height=\"400\" \/><\/h5>\n<p style=\"font-size: 16px; text-align: left;\"><strong>Lithos de la prestigiosa firma italiana Maxalto, es una exclusiva y sofisticada mesa de centro patentada por el prestigioso dise\u00f1ador Antonio Citterio.<\/strong><\/p>\n<p style=\"font-size: 16px; text-align: left;\">Es tracta d&#8217;una taula dissenyada especialment per allotjar i exhibir objectes preciosos d&#8217;una manera elegant i refinada. La col\u00b7lecci\u00f3 s&#8217;adapta a la perfecci\u00f3 a qualsevol espai tant de la llar com de boutiques o de comer\u00e7os exclusius.<\/p>\n<p style=\"font-size: 16px; text-align: left;\">Citterio concep la taula lithos com un recurs ideal per a mostrar objectes interiors, ja que permet extreure i guardar el seu contingut amb facilitat.<\/p>\n<p style=\"font-size: 16px; text-align: left;\">Les taules estan disponibles en dues mides diferents i es caracteritzen per la seva espectacular tapa de vidre transparent, que combina a la perfecci\u00f3 amb una elegant estructura de metall pintada en tons neutres.<\/p>\n<p style=\"font-size: 16px; text-align: left;\">Tant les safates extra\u00efbles de la taula com la part superior estan disponibles en una \u00e0mplia gamma d&#8217;acabats, oferint aix\u00ed m\u00faltiples opcions de configuraci\u00f3 i personalitzaci\u00f3.<\/p>\n<p style=\"font-size: 16px; text-align: left;\">A MIRSA interiorisme &#038; mobiliari som distribu\u00efdors oficials Maxalto. Per a m\u00e9s informaci\u00f3, visiti el nostre Showroom o contacti amb nosaltres.<\/p>\n<p>[\/vc_column_text][vc_row_inner][vc_column_inner]<style type=\"text\/css\">#bklyn_btn_69d1f57133700 .bklyn-btn { color:#ffffff !important; background-color:black !important; }<\/style><div id=\"bklyn_btn_69d1f57133700\" class=\"bklyn-btn-holder  bklyn-btn-center bklyn-btn-tablet-center bklyn-btn-mobile-center\"><a title=\"Contacto\"   href=\"\/contacto\" target=\"_self\" class=\"bklyn-btn  bklyn-btn-icon-left bklyn-btn-normal\" ><i class=\"fa fa-envelope\"><\/i><span class=\"ut-btn-text\">M\u00e9s informaci\u00f3<\/span><\/a><\/div>[\/vc_column_inner][\/vc_row_inner][\/vc_column][\/vc_row][vc_section][vc_row][vc_column width=&#8221;1\/2&#8243;]<div  class=\"wpb_content_element   clearfix\"><style type=\"text\/css\">#ut_am_69d1f571348d4 { opacity: 1; }#ut_am_wrap_69d1f571348d5 { text-align: left; }@media (min-width: 768px) and (max-width: 1024px) { #ut_am_wrap_69d1f571348d5 { text-align: left !important; } }@media (max-width: 767px) { #ut_am_wrap_69d1f571348d5 { text-align: center !important; } }<\/style><div id=\"ut_am_wrap_69d1f571348d5\" class=\"ut-image-gallery-image \"><div id=\"ut_reveal_69d1f571348d6\"  data-appear-top-offset=\"auto\" class=\"ut-animated-image-item ut-image-gallery-item ut-animation-done \"><a class=\"ut-deactivated-link\" href=\"#\"><div class=\"ut-animated-image-zoom\">\r\n        <div class=\"ut-element-glitch-wrap\">\r\n\r\n            \r\n        <style type=\"text\/css\">\r\n\r\n                        \r\n        @media (min-width: 1025px) {\r\n\r\n        #ut-element-glitch-69d1f571348f6029267635-61837 .ut-glitch-single-element {\r\n                                            \r\n                }\r\n        }\r\n\r\n        @media (min-width: 768px) and (max-width: 1024px) {\r\n\r\n        #ut-element-glitch-69d1f571348f6029267635-61837 .ut-glitch-single-element {\r\n                                                \r\n                    }\r\n        }\r\n\r\n        @media (max-width: 767px) {\r\n\r\n        #ut-element-glitch-69d1f571348f6029267635-61837 .ut-glitch-single-element {\r\n                                                \r\n                    }\r\n        }\r\n\r\n        \r\n        <\/style>\r\n\r\n        \r\n            <div id=\"ut-element-glitch-69d1f571348f6029267635-61837\" class=\" ut-element-glitch ut-glitch-none ut-element-glitch-permanent\">\r\n                <div class=\"ut-glitch-single-element ut-lozad skip-lazy\" data-background-image=\"https:\/\/www.mirsa.es\/wp-content\/uploads\/2022\/01\/mesa_lithos_maxalto_01.jpg\"><\/div>\r\n                <div class=\"ut-glitch-single-element ut-lozad skip-lazy\" data-background-image=\"https:\/\/www.mirsa.es\/wp-content\/uploads\/2022\/01\/mesa_lithos_maxalto_01.jpg\"><\/div>\r\n                <div class=\"ut-glitch-single-element ut-lozad skip-lazy\" data-background-image=\"https:\/\/www.mirsa.es\/wp-content\/uploads\/2022\/01\/mesa_lithos_maxalto_01.jpg\"><\/div>\r\n                <div class=\"ut-glitch-single-element ut-lozad skip-lazy\" data-background-image=\"https:\/\/www.mirsa.es\/wp-content\/uploads\/2022\/01\/mesa_lithos_maxalto_01.jpg\"><\/div>\r\n                <div class=\"ut-glitch-single-element ut-lozad skip-lazy\" data-background-image=\"https:\/\/www.mirsa.es\/wp-content\/uploads\/2022\/01\/mesa_lithos_maxalto_01.jpg\"><\/div>\r\n            <\/div>\r\n\r\n        <\/div>\r\n\r\n        <img loading=\"lazy\" decoding=\"async\" class=\"ut-lazy skip-lazy ut-animated-image \"  id=\"ut_am_69d1f571348d4\" src=\"data:image\/svg+xml;charset=utf-8,%3Csvg xmlns%3D'http%3A%2F%2Fwww.w3.org%2F2000%2Fsvg' viewBox%3D'0 0 600 324'%2F%3E\" data-src=\"https:\/\/www.mirsa.es\/wp-content\/uploads\/2022\/01\/mesa_lithos_maxalto_01.jpg\" width=\"600\" height=\"324\" alt=\"\"\/><\/div><\/a><\/div><\/div><\/div>[\/vc_column][vc_column width=&#8221;1\/2&#8243;]<div  class=\"wpb_content_element   clearfix\"><style type=\"text\/css\">#ut_am_69d1f57134f19 { opacity: 1; }#ut_am_wrap_69d1f57134f1a { text-align: left; }@media (min-width: 768px) and (max-width: 1024px) { #ut_am_wrap_69d1f57134f1a { text-align: left !important; } }@media (max-width: 767px) { #ut_am_wrap_69d1f57134f1a { text-align: center !important; } }<\/style><div id=\"ut_am_wrap_69d1f57134f1a\" class=\"ut-image-gallery-image \"><div id=\"ut_reveal_69d1f57134f1b\"  data-appear-top-offset=\"auto\" class=\"ut-animated-image-item ut-image-gallery-item ut-animation-done \"><a class=\"ut-deactivated-link\" href=\"#\"><div class=\"ut-animated-image-zoom\">\r\n        <div class=\"ut-element-glitch-wrap\">\r\n\r\n            \r\n        <style type=\"text\/css\">\r\n\r\n                        \r\n        @media (min-width: 1025px) {\r\n\r\n        #ut-element-glitch-69d1f57134f2e439430424-61840 .ut-glitch-single-element {\r\n                                            \r\n                }\r\n        }\r\n\r\n        @media (min-width: 768px) and (max-width: 1024px) {\r\n\r\n        #ut-element-glitch-69d1f57134f2e439430424-61840 .ut-glitch-single-element {\r\n                                                \r\n                    }\r\n        }\r\n\r\n        @media (max-width: 767px) {\r\n\r\n        #ut-element-glitch-69d1f57134f2e439430424-61840 .ut-glitch-single-element {\r\n                                                \r\n                    }\r\n        }\r\n\r\n        \r\n        <\/style>\r\n\r\n        \r\n            <div id=\"ut-element-glitch-69d1f57134f2e439430424-61840\" class=\" ut-element-glitch ut-glitch-none ut-element-glitch-permanent\">\r\n                <div class=\"ut-glitch-single-element ut-lozad skip-lazy\" data-background-image=\"https:\/\/www.mirsa.es\/wp-content\/uploads\/2022\/01\/mesa_lithos_maxalto_02.jpg\"><\/div>\r\n                <div class=\"ut-glitch-single-element ut-lozad skip-lazy\" data-background-image=\"https:\/\/www.mirsa.es\/wp-content\/uploads\/2022\/01\/mesa_lithos_maxalto_02.jpg\"><\/div>\r\n                <div class=\"ut-glitch-single-element ut-lozad skip-lazy\" data-background-image=\"https:\/\/www.mirsa.es\/wp-content\/uploads\/2022\/01\/mesa_lithos_maxalto_02.jpg\"><\/div>\r\n                <div class=\"ut-glitch-single-element ut-lozad skip-lazy\" data-background-image=\"https:\/\/www.mirsa.es\/wp-content\/uploads\/2022\/01\/mesa_lithos_maxalto_02.jpg\"><\/div>\r\n                <div class=\"ut-glitch-single-element ut-lozad skip-lazy\" data-background-image=\"https:\/\/www.mirsa.es\/wp-content\/uploads\/2022\/01\/mesa_lithos_maxalto_02.jpg\"><\/div>\r\n            <\/div>\r\n\r\n        <\/div>\r\n\r\n        <img loading=\"lazy\" decoding=\"async\" class=\"ut-lazy skip-lazy ut-animated-image \"  id=\"ut_am_69d1f57134f19\" src=\"data:image\/svg+xml;charset=utf-8,%3Csvg xmlns%3D'http%3A%2F%2Fwww.w3.org%2F2000%2Fsvg' viewBox%3D'0 0 600 324'%2F%3E\" data-src=\"https:\/\/www.mirsa.es\/wp-content\/uploads\/2022\/01\/mesa_lithos_maxalto_02.jpg\" width=\"600\" height=\"324\" alt=\"\"\/><\/div><\/a><\/div><\/div><\/div>[\/vc_column][\/vc_row][\/vc_section]<\/p>\n<\/div>","protected":false},"excerpt":{"rendered":"<p>[vc_row][vc_column][vc_column_text] Lithos de la prestigiosa firma italiana Maxalto, es una exclusiva y sofisticada mesa de centro patentada por el prestigioso dise\u00f1ador Antonio Citterio. Es tracta d&#8217;una taula dissenyada especialment per allotjar i exhibir objectes preciosos d&#8217;una manera elegant i refinada. La col\u00b7lecci\u00f3 s&#8217;adapta a la perfecci\u00f3 a qualsevol espai tant de la llar com de [&hellip;]<\/p>\n","protected":false},"author":1,"featured_media":0,"parent":0,"menu_order":0,"comment_status":"closed","ping_status":"closed","template":"","meta":{"footnotes":""},"class_list":["post-61844","page","type-page","status-publish","hentry"],"aioseo_notices":[],"_links":{"self":[{"href":"https:\/\/www.mirsa.es\/ca\/wp-json\/wp\/v2\/pages\/61844","targetHints":{"allow":["GET"]}}],"collection":[{"href":"https:\/\/www.mirsa.es\/ca\/wp-json\/wp\/v2\/pages"}],"about":[{"href":"https:\/\/www.mirsa.es\/ca\/wp-json\/wp\/v2\/types\/page"}],"author":[{"embeddable":true,"href":"https:\/\/www.mirsa.es\/ca\/wp-json\/wp\/v2\/users\/1"}],"replies":[{"embeddable":true,"href":"https:\/\/www.mirsa.es\/ca\/wp-json\/wp\/v2\/comments?post=61844"}],"version-history":[{"count":0,"href":"https:\/\/www.mirsa.es\/ca\/wp-json\/wp\/v2\/pages\/61844\/revisions"}],"wp:attachment":[{"href":"https:\/\/www.mirsa.es\/ca\/wp-json\/wp\/v2\/media?parent=61844"}],"curies":[{"name":"wp","href":"https:\/\/api.w.org\/{rel}","templated":true}]}}